{"id":25596,"date":"2025-02-21T20:14:05","date_gmt":"2025-02-21T20:14:05","guid":{"rendered":"https:\/\/cogop.org\/politica-de-privacidade\/"},"modified":"2025-07-01T16:59:08","modified_gmt":"2025-07-01T16:59:08","slug":"politica-de-privacidade","status":"publish","type":"page","link":"https:\/\/cogop.org\/pt\/politica-de-privacidade\/","title":{"rendered":"Pol\u00edtica de privacidade"},"content":{"rendered":"\t\t<div data-elementor-type=\"wp-page\" data-elementor-id=\"25596\" class=\"elementor elementor-25596 elementor-5467\" data-elementor-post-type=\"page\">\n\t\t\t\t<div class=\"elementor-element elementor-element-15317831 e-flex e-con-boxed e-con e-parent\" data-id=\"15317831\" data-element_type=\"container\" data-e-type=\"container\" data-settings=\"{&quot;background_background&quot;:&quot;classic&quot;}\">\n\t\t\t\t\t<div class=\"e-con-inner\">\n\t\t<div class=\"elementor-element elementor-element-1a9ce9d0 e-flex e-con-boxed e-con e-child\" data-id=\"1a9ce9d0\" data-element_type=\"container\" data-e-type=\"container\" data-settings=\"{&quot;background_background&quot;:&quot;classic&quot;}\">\n\t\t\t\t\t<div class=\"e-con-inner\">\n\t\t\t\t<div class=\"elementor-element elementor-element-5bf2e8f8 elementor-widget-mobile__width-initial elementor-widget elementor-widget-heading\" data-id=\"5bf2e8f8\" data-element_type=\"widget\" data-e-type=\"widget\" data-widget_type=\"heading.default\">\n\t\t\t\t<div class=\"elementor-widget-container\">\n\t\t\t\t\t<h2 class=\"elementor-heading-title elementor-size-default\">Pol\u00edtica de privacidade<\/h2>\t\t\t\t<\/div>\n\t\t\t\t<\/div>\n\t\t\t\t\t<\/div>\n\t\t\t\t<\/div>\n\t\t\t\t\t<\/div>\n\t\t\t\t<\/div>\n\t\t<div class=\"elementor-element elementor-element-1981f01 e-flex e-con-boxed e-con e-parent\" data-id=\"1981f01\" data-element_type=\"container\" data-e-type=\"container\">\n\t\t\t\t\t<div class=\"e-con-inner\">\n\t\t<div class=\"elementor-element elementor-element-b67a505 e-con-full e-flex e-con e-child\" data-id=\"b67a505\" data-element_type=\"container\" data-e-type=\"container\">\n\t\t\t\t<div class=\"elementor-element elementor-element-24ef111 elementor-widget elementor-widget-text-editor\" data-id=\"24ef111\" data-element_type=\"widget\" data-e-type=\"widget\" data-widget_type=\"text-editor.default\">\n\t\t\t\t<div class=\"elementor-widget-container\">\n\t\t\t\t\t\t\t\t\t<h4><span style=\"color: #333399;\">Nosso compromisso com a privacidade<\/span><\/h4>\nSua privacidade \u00e9 importante para n\u00f3s. Para proteger melhor sua privacidade, fornecemos esta notifica\u00e7\u00e3o explicando nossas pr\u00e1ticas de informa\u00e7\u00e3o on-line e as escolhas que voc\u00ea pode fazer sobre a forma como suas informa\u00e7\u00f5es s\u00e3o coletadas e usadas. Para facilitar a localiza\u00e7\u00e3o dessa notifica\u00e7\u00e3o, n\u00f3s a disponibilizamos em nossa p\u00e1gina inicial e em todos os pontos em que informa\u00e7\u00f5es pessoalmente identific\u00e1veis possam ser solicitadas.  \n<h4><span style=\"color: #333399;\">As informa\u00e7\u00f5es que coletamos<\/span><\/h4>\nEsta notifica\u00e7\u00e3o se aplica a todas as informa\u00e7\u00f5es coletadas ou submetidas no site da Igreja de Deus da Profecia. Em algumas p\u00e1ginas, \u00e9 poss\u00edvel encomendar produtos, fazer pedidos e registrar-se para receber materiais. Os tipos de informa\u00e7\u00f5es pessoais coletadas nessas p\u00e1ginas s\u00e3o:  \n<p style=\"padding-left: 30px;\">Nome\nEndere\u00e7o\nE-mail\nN\u00famero de telefone\nInforma\u00e7\u00e3o do cart\u00e3o de cr\u00e9dito\/d\u00e9bito<\/p>\nEm algumas p\u00e1ginas, voc\u00ea pode enviar informa\u00e7\u00f5es sobre outras pessoas. Por exemplo, se voc\u00ea encomendar um presente on-line e quer envi\u00e1-lo diretamente ao destinat\u00e1rio, voc\u00ea dever\u00e1 enviar o endere\u00e7o do destinat\u00e1rio. Neste caso, os tipos de informa\u00e7\u00f5es pessoais coletadas s\u00e3o:  \n<p style=\"padding-left: 30px;\">Nome\nEndere\u00e7o\nN\u00famero de telefone<\/p>\n\n<h4><span style=\"color: #333399;\">Nosso compromisso com a seguran\u00e7a de dados<\/span><\/h4>\nPara evitar o acesso n\u00e3o autorizado, manter a precis\u00e3o dos dados e garantir o uso correto das informa\u00e7\u00f5es, implementamos procedimentos f\u00edsicos, eletr\u00f4nicos e operacionais adequados para proteger as informa\u00e7\u00f5es que coletamos on-line.\n<h4><span style=\"color: #333399;\">Como usamos as informa\u00e7\u00f5es<\/span><\/h4>\n<ol style=\"margin-left: 40px;\">\n \t<li>Usamos as informa\u00e7\u00f5es que voc\u00ea fornece ao fazer um pedido somente para process\u00e1-lo.<\/li>\n \t<li>Usamos as informa\u00e7\u00f5es que voc\u00ea fornece sobre outra pessoa ao fazer um pedido para enviar o produto e confirmar a entrega.<\/li>\n \t<li>N\u00e3o compartilhamos essas informa\u00e7\u00f5es com terceiros, exceto quando necess\u00e1rio para completar o pedido.<\/li>\n \t<li>Usamos endere\u00e7os de e-mail de retorno para responder aos e-mails que recebemos. Eles n\u00e3o s\u00e3o usados para outros fins nem compartilhados. <\/li>\n \t<li>Voc\u00ea pode se registrar em nosso site se quiser receber nossos boletins informativos, bem como atualiza\u00e7\u00f5es sobre novos produtos e servi\u00e7os. As informa\u00e7\u00f5es que voc\u00ea enviar em nosso site n\u00e3o ser\u00e3o usadas para esse fim, a menos que voc\u00ea preencha o formul\u00e1rio de registro. <\/li>\n \t<li>Usamos informa\u00e7\u00f5es n\u00e3o identific\u00e1veis e agregadas para melhorar o design de nosso site e para compartilhar com anunciantes. Por exemplo, podemos informar a um anunciante que um n\u00famero X de indiv\u00edduos visitou uma determinada \u00e1rea de nosso site ou que um n\u00famero Y de homens e um n\u00famero Z de mulheres preencheram nosso formul\u00e1rio de registro. N\u00e3o divulgaremos nada que possa ser usado para identificar esses indiv\u00edduos.  <\/li>\n \t<li>Por fim, nunca usamos ou compartilhamos as informa\u00e7\u00f5es de identifica\u00e7\u00e3o pessoal que nos s\u00e3o fornecidas on-line de maneiras n\u00e3o relacionadas \u00e0s descritas acima sem tamb\u00e9m oferecer a voc\u00ea a oportunidade de optar por n\u00e3o participar ou de proibir tais usos n\u00e3o relacionados.<\/li>\n<\/ol>\n<h4><span style=\"color: #333399;\">Como acessar ou corrigir suas informa\u00e7\u00f5es<\/span><\/h4>\nVoc\u00ea pode acessar todas as informa\u00e7\u00f5es de identifica\u00e7\u00e3o pessoal que coletamos on-line e mantemos ligando e verificando sua identidade pelo telefone 423.559.5100. Usamos esse procedimento para proteger melhor suas informa\u00e7\u00f5es. Voc\u00ea pode corrigir erros factuais em suas informa\u00e7\u00f5es de identifica\u00e7\u00e3o pessoal enviando-nos uma solicita\u00e7\u00e3o que demonstre o erro de forma confi\u00e1vel. Para proteger sua privacidade e seguran\u00e7a, tamb\u00e9m tomaremos medidas razo\u00e1veis para verificar sua identidade antes de conceder acesso ou fazer corre\u00e7\u00f5es.   \n<p style=\"text-align: center;\">Se voc\u00ea tiver outras d\u00favidas ou perguntas sobre essas pol\u00edticas de privacidade, entre em contato conosco pelo telefone 423.559.5100 ou envie-nos um e-mail para <a href=\"mailto:info@cogop.org\">info@cogop.org<\/a>.<\/p>\t\t\t\t\t\t\t\t<\/div>\n\t\t\t\t<\/div>\n\t\t\t\t<\/div>\n\t\t\t\t\t<\/div>\n\t\t\t\t<\/div>\n\t\t\t\t<\/div>\n\t\t","protected":false},"excerpt":{"rendered":"<p>Pol\u00edtica de privacidade Nosso compromisso com a privacidade Sua privacidade \u00e9 importante para n\u00f3s. Para proteger melhor sua privacidade, fornecemos esta notifica\u00e7\u00e3o explicando nossas pr\u00e1ticas de informa\u00e7\u00e3o on-line e as escolhas que voc\u00ea pode fazer sobre a forma como suas informa\u00e7\u00f5es s\u00e3o coletadas e usadas. Para facilitar a localiza\u00e7\u00e3o dessa notifica\u00e7\u00e3o, n\u00f3s a disponibilizamos em [&hellip;]<\/p>\n","protected":false},"author":1,"featured_media":0,"parent":0,"menu_order":0,"comment_status":"closed","ping_status":"closed","template":"","meta":{"_acf_changed":false,"_monsterinsights_skip_tracking":false,"_monsterinsights_sitenote_active":false,"_monsterinsights_sitenote_note":"","_monsterinsights_sitenote_category":0,"_uf_show_specific_survey":0,"_uf_disable_surveys":false,"footnotes":""},"class_list":["post-25596","page","type-page","status-publish","hentry"],"acf":[],"yoast_head":"<!-- This site is optimized with the Yoast SEO plugin v27.4 - https:\/\/yoast.com\/product\/yoast-seo-wordpress\/ -->\n<title>Pol\u00edtica de privacidade | COGOP<\/title>\n<meta name=\"robots\" content=\"index, follow, max-snippet:-1, max-image-preview:large, max-video-preview:-1\" \/>\n<link rel=\"canonical\" href=\"https:\/\/cogop.org\/pt\/politica-de-privacidade\/\" \/>\n<meta property=\"og:locale\" content=\"pt_PT\" \/>\n<meta property=\"og:type\" content=\"article\" \/>\n<meta property=\"og:title\" content=\"Pol\u00edtica de privacidade | COGOP\" \/>\n<meta property=\"og:description\" content=\"Pol\u00edtica de privacidade Nosso compromisso com a privacidade Sua privacidade \u00e9 importante para n\u00f3s. Para proteger melhor sua privacidade, fornecemos esta notifica\u00e7\u00e3o explicando nossas pr\u00e1ticas de informa\u00e7\u00e3o on-line e as escolhas que voc\u00ea pode fazer sobre a forma como suas informa\u00e7\u00f5es s\u00e3o coletadas e usadas. Para facilitar a localiza\u00e7\u00e3o dessa notifica\u00e7\u00e3o, n\u00f3s a disponibilizamos em [&hellip;]\" \/>\n<meta property=\"og:url\" content=\"https:\/\/cogop.org\/pt\/politica-de-privacidade\/\" \/>\n<meta property=\"og:site_name\" content=\"COGOP\" \/>\n<meta property=\"article:publisher\" content=\"https:\/\/www.facebook.com\/cogop\" \/>\n<meta property=\"article:modified_time\" content=\"2025-07-01T16:59:08+00:00\" \/>\n<meta property=\"og:image\" content=\"https:\/\/cogop.org\/wp-content\/uploads\/2025\/03\/Open-graph.jpeg\" \/>\n\t<meta property=\"og:image:width\" content=\"1200\" \/>\n\t<meta property=\"og:image:height\" content=\"628\" \/>\n\t<meta property=\"og:image:type\" content=\"image\/jpeg\" \/>\n<meta name=\"twitter:card\" content=\"summary_large_image\" \/>\n<meta name=\"twitter:site\" content=\"@cogop\" \/>\n<meta name=\"twitter:label1\" content=\"Est. reading time\" \/>\n\t<meta name=\"twitter:data1\" content=\"3 minutos\" \/>\n<script type=\"application\/ld+json\" class=\"yoast-schema-graph\">{\"@context\":\"https:\\\/\\\/schema.org\",\"@graph\":[{\"@type\":\"WebPage\",\"@id\":\"https:\\\/\\\/cogop.org\\\/pt\\\/politica-de-privacidade\\\/\",\"url\":\"https:\\\/\\\/cogop.org\\\/pt\\\/politica-de-privacidade\\\/\",\"name\":\"Pol\u00edtica de privacidade | COGOP\",\"isPartOf\":{\"@id\":\"https:\\\/\\\/cogop.org\\\/#website\"},\"datePublished\":\"2025-02-21T20:14:05+00:00\",\"dateModified\":\"2025-07-01T16:59:08+00:00\",\"inLanguage\":\"pt-AO\",\"potentialAction\":[{\"@type\":\"ReadAction\",\"target\":[\"https:\\\/\\\/cogop.org\\\/pt\\\/politica-de-privacidade\\\/\"]}]},{\"@type\":\"BreadcrumbList\",\"@id\":\"https:\\\/\\\/cogop.org\\\/pt\\\/politica-de-privacidade\\\/#breadcrumb\",\"itemListElement\":[{\"@type\":\"ListItem\",\"position\":1,\"name\":\"Home\",\"item\":\"https:\\\/\\\/cogop.org\\\/\"},{\"@type\":\"ListItem\",\"position\":2,\"name\":\"Pol\u00edtica de privacidade\"}]},{\"@type\":\"WebSite\",\"@id\":\"https:\\\/\\\/cogop.org\\\/#website\",\"url\":\"https:\\\/\\\/cogop.org\\\/\",\"name\":\"Church of God of Prophecy\",\"description\":\"Reconciling the World to Christ\",\"publisher\":{\"@id\":\"https:\\\/\\\/cogop.org\\\/#organization\"},\"alternateName\":\"COGOP\",\"potentialAction\":[{\"@type\":\"SearchAction\",\"target\":{\"@type\":\"EntryPoint\",\"urlTemplate\":\"https:\\\/\\\/cogop.org\\\/?s={search_term_string}\"},\"query-input\":{\"@type\":\"PropertyValueSpecification\",\"valueRequired\":true,\"valueName\":\"search_term_string\"}}],\"inLanguage\":\"pt-AO\"},{\"@type\":\"Organization\",\"@id\":\"https:\\\/\\\/cogop.org\\\/#organization\",\"name\":\"Church of God of Prophecy\",\"alternateName\":\"COGOP\",\"url\":\"https:\\\/\\\/cogop.org\\\/\",\"logo\":{\"@type\":\"ImageObject\",\"inLanguage\":\"pt-AO\",\"@id\":\"https:\\\/\\\/cogop.org\\\/#\\\/schema\\\/logo\\\/image\\\/\",\"url\":\"https:\\\/\\\/cogop.org\\\/wp-content\\\/uploads\\\/2025\\\/01\\\/logo-cogop.webp\",\"contentUrl\":\"https:\\\/\\\/cogop.org\\\/wp-content\\\/uploads\\\/2025\\\/01\\\/logo-cogop.webp\",\"width\":500,\"height\":118,\"caption\":\"Church of God of Prophecy\"},\"image\":{\"@id\":\"https:\\\/\\\/cogop.org\\\/#\\\/schema\\\/logo\\\/image\\\/\"},\"sameAs\":[\"https:\\\/\\\/www.facebook.com\\\/cogop\",\"https:\\\/\\\/x.com\\\/cogop\",\"https:\\\/\\\/www.instagram.com\\\/cogoppics\\\/\",\"https:\\\/\\\/www.youtube.com\\\/@COGOPMedia\",\"https:\\\/\\\/open.spotify.com\\\/user\\\/g1d13yyaprw0wrr2woer8edyp?si=a32b364b555f4d4d\"]}]}<\/script>\n<!-- \/ Yoast SEO plugin. -->","yoast_head_json":{"title":"Pol\u00edtica de privacidade | COGOP","robots":{"index":"index","follow":"follow","max-snippet":"max-snippet:-1","max-image-preview":"max-image-preview:large","max-video-preview":"max-video-preview:-1"},"canonical":"https:\/\/cogop.org\/pt\/politica-de-privacidade\/","og_locale":"pt_PT","og_type":"article","og_title":"Pol\u00edtica de privacidade | COGOP","og_description":"Pol\u00edtica de privacidade Nosso compromisso com a privacidade Sua privacidade \u00e9 importante para n\u00f3s. Para proteger melhor sua privacidade, fornecemos esta notifica\u00e7\u00e3o explicando nossas pr\u00e1ticas de informa\u00e7\u00e3o on-line e as escolhas que voc\u00ea pode fazer sobre a forma como suas informa\u00e7\u00f5es s\u00e3o coletadas e usadas. Para facilitar a localiza\u00e7\u00e3o dessa notifica\u00e7\u00e3o, n\u00f3s a disponibilizamos em [&hellip;]","og_url":"https:\/\/cogop.org\/pt\/politica-de-privacidade\/","og_site_name":"COGOP","article_publisher":"https:\/\/www.facebook.com\/cogop","article_modified_time":"2025-07-01T16:59:08+00:00","og_image":[{"width":1200,"height":628,"url":"https:\/\/cogop.org\/wp-content\/uploads\/2025\/03\/Open-graph.jpeg","type":"image\/jpeg"}],"twitter_card":"summary_large_image","twitter_site":"@cogop","twitter_misc":{"Est. reading time":"3 minutos"},"schema":{"@context":"https:\/\/schema.org","@graph":[{"@type":"WebPage","@id":"https:\/\/cogop.org\/pt\/politica-de-privacidade\/","url":"https:\/\/cogop.org\/pt\/politica-de-privacidade\/","name":"Pol\u00edtica de privacidade | COGOP","isPartOf":{"@id":"https:\/\/cogop.org\/#website"},"datePublished":"2025-02-21T20:14:05+00:00","dateModified":"2025-07-01T16:59:08+00:00","inLanguage":"pt-AO","potentialAction":[{"@type":"ReadAction","target":["https:\/\/cogop.org\/pt\/politica-de-privacidade\/"]}]},{"@type":"BreadcrumbList","@id":"https:\/\/cogop.org\/pt\/politica-de-privacidade\/#breadcrumb","itemListElement":[{"@type":"ListItem","position":1,"name":"Home","item":"https:\/\/cogop.org\/"},{"@type":"ListItem","position":2,"name":"Pol\u00edtica de privacidade"}]},{"@type":"WebSite","@id":"https:\/\/cogop.org\/#website","url":"https:\/\/cogop.org\/","name":"Church of God of Prophecy","description":"Reconciling the World to Christ","publisher":{"@id":"https:\/\/cogop.org\/#organization"},"alternateName":"COGOP","potentialAction":[{"@type":"SearchAction","target":{"@type":"EntryPoint","urlTemplate":"https:\/\/cogop.org\/?s={search_term_string}"},"query-input":{"@type":"PropertyValueSpecification","valueRequired":true,"valueName":"search_term_string"}}],"inLanguage":"pt-AO"},{"@type":"Organization","@id":"https:\/\/cogop.org\/#organization","name":"Church of God of Prophecy","alternateName":"COGOP","url":"https:\/\/cogop.org\/","logo":{"@type":"ImageObject","inLanguage":"pt-AO","@id":"https:\/\/cogop.org\/#\/schema\/logo\/image\/","url":"https:\/\/cogop.org\/wp-content\/uploads\/2025\/01\/logo-cogop.webp","contentUrl":"https:\/\/cogop.org\/wp-content\/uploads\/2025\/01\/logo-cogop.webp","width":500,"height":118,"caption":"Church of God of Prophecy"},"image":{"@id":"https:\/\/cogop.org\/#\/schema\/logo\/image\/"},"sameAs":["https:\/\/www.facebook.com\/cogop","https:\/\/x.com\/cogop","https:\/\/www.instagram.com\/cogoppics\/","https:\/\/www.youtube.com\/@COGOPMedia","https:\/\/open.spotify.com\/user\/g1d13yyaprw0wrr2woer8edyp?si=a32b364b555f4d4d"]}]}},"_links":{"self":[{"href":"https:\/\/cogop.org\/pt\/wp-json\/wp\/v2\/pages\/25596","targetHints":{"allow":["GET"]}}],"collection":[{"href":"https:\/\/cogop.org\/pt\/wp-json\/wp\/v2\/pages"}],"about":[{"href":"https:\/\/cogop.org\/pt\/wp-json\/wp\/v2\/types\/page"}],"author":[{"embeddable":true,"href":"https:\/\/cogop.org\/pt\/wp-json\/wp\/v2\/users\/1"}],"replies":[{"embeddable":true,"href":"https:\/\/cogop.org\/pt\/wp-json\/wp\/v2\/comments?post=25596"}],"version-history":[{"count":1,"href":"https:\/\/cogop.org\/pt\/wp-json\/wp\/v2\/pages\/25596\/revisions"}],"predecessor-version":[{"id":25650,"href":"https:\/\/cogop.org\/pt\/wp-json\/wp\/v2\/pages\/25596\/revisions\/25650"}],"wp:attachment":[{"href":"https:\/\/cogop.org\/pt\/wp-json\/wp\/v2\/media?parent=25596"}],"curies":[{"name":"wp","href":"https:\/\/api.w.org\/{rel}","templated":true}]}}