{"id":25501,"date":"2025-03-26T14:55:16","date_gmt":"2025-03-26T14:55:16","guid":{"rendered":"https:\/\/cogop.org\/escitrorio-do-bispo-presidente\/"},"modified":"2025-12-11T13:12:58","modified_gmt":"2025-12-11T13:12:58","slug":"escitrorio-do-bispo-presidente","status":"publish","type":"page","link":"https:\/\/cogop.org\/pt\/escitrorio-do-bispo-presidente\/","title":{"rendered":"Escitr\u00f3rio do Bispo Presidente"},"content":{"rendered":"\t\t<div data-elementor-type=\"wp-page\" data-elementor-id=\"25501\" class=\"elementor elementor-25501 elementor-18124\" data-elementor-post-type=\"page\">\n\t\t\t\t<div class=\"elementor-element elementor-element-1a55ddc e-con-full e-flex e-con e-parent\" data-id=\"1a55ddc\" data-element_type=\"container\" data-e-type=\"container\" data-settings=\"{&quot;background_background&quot;:&quot;classic&quot;}\">\n\t\t<div class=\"elementor-element elementor-element-8e49dee e-con-full e-flex e-con e-child\" data-id=\"8e49dee\" data-element_type=\"container\" data-e-type=\"container\">\n\t\t\t\t<div class=\"elementor-element elementor-element-e71d2db elementor-widget-mobile__width-initial elementor-widget elementor-widget-heading\" data-id=\"e71d2db\" data-element_type=\"widget\" data-e-type=\"widget\" data-widget_type=\"heading.default\">\n\t\t\t\t<div class=\"elementor-widget-container\">\n\t\t\t\t\t<h2 class=\"elementor-heading-title elementor-size-default\"><b>Escrit\u00f3rio do Bispo Presidente<\/b><\/h2>\t\t\t\t<\/div>\n\t\t\t\t<\/div>\n\t\t\t\t<\/div>\n\t\t\t\t<\/div>\n\t\t<div class=\"elementor-element elementor-element-910d21e e-flex e-con-boxed e-con e-parent\" data-id=\"910d21e\" data-element_type=\"container\" data-e-type=\"container\" data-settings=\"{&quot;background_background&quot;:&quot;classic&quot;}\">\n\t\t\t\t\t<div class=\"e-con-inner\">\n\t\t<div class=\"elementor-element elementor-element-1ee0077 e-con-full elementor-hidden-mobile e-flex e-con e-child\" data-id=\"1ee0077\" data-element_type=\"container\" data-e-type=\"container\">\n\t\t\t\t<div class=\"elementor-element elementor-element-d8069db elementor-widget-mobile__width-inherit elementor-widget elementor-widget-image\" data-id=\"d8069db\" data-element_type=\"widget\" data-e-type=\"widget\" data-widget_type=\"image.default\">\n\t\t\t\t<div class=\"elementor-widget-container\">\n\t\t\t\t\t\t\t\t\t\t\t\t\t\t\t<img fetchpriority=\"high\" decoding=\"async\" width=\"8256\" height=\"5504\" src=\"https:\/\/cogop.org\/wp-content\/uploads\/2025\/03\/IZ9_6963-2.webp\" class=\"attachment-full size-full wp-image-25527\" alt=\"\" srcset=\"https:\/\/cogop.org\/wp-content\/uploads\/2025\/03\/IZ9_6963-2.webp 8256w, https:\/\/cogop.org\/wp-content\/uploads\/2025\/03\/IZ9_6963-2-300x200.webp 300w, https:\/\/cogop.org\/wp-content\/uploads\/2025\/03\/IZ9_6963-2-1024x683.webp 1024w, https:\/\/cogop.org\/wp-content\/uploads\/2025\/03\/IZ9_6963-2-768x512.webp 768w, https:\/\/cogop.org\/wp-content\/uploads\/2025\/03\/IZ9_6963-2-1536x1024.webp 1536w\" sizes=\"(max-width: 8256px) 100vw, 8256px\" \/>\t\t\t\t\t\t\t\t\t\t\t\t\t\t\t<\/div>\n\t\t\t\t<\/div>\n\t\t\t\t<\/div>\n\t\t<div class=\"elementor-element elementor-element-be34f3d e-con-full e-flex e-con e-child\" data-id=\"be34f3d\" data-element_type=\"container\" data-e-type=\"container\">\n\t\t\t\t<div class=\"elementor-element elementor-element-4c1d9d6 elementor-widget elementor-widget-heading\" data-id=\"4c1d9d6\" data-element_type=\"widget\" data-e-type=\"widget\" data-widget_type=\"heading.default\">\n\t\t\t\t<div class=\"elementor-widget-container\">\n\t\t\t\t\t<h2 class=\"elementor-heading-title elementor-size-default\">Conhe\u00e7a-nos<\/h2>\t\t\t\t<\/div>\n\t\t\t\t<\/div>\n\t\t\t\t<div class=\"elementor-element elementor-element-7b348cd elementor-widget elementor-widget-text-editor\" data-id=\"7b348cd\" data-element_type=\"widget\" data-e-type=\"widget\" data-widget_type=\"text-editor.default\">\n\t\t\t\t<div class=\"elementor-widget-container\">\n\t\t\t\t\t\t\t\t\t<p>A Igreja de Deus da Profecia (IDP) \u00e9 uma denomina\u00e7\u00e3o crist\u00e3 pentecostal de santidade com sede em Cleveland, Tennessee. Estabelecida em 1903, expandiu seus minist\u00e9rios para 135 na\u00e7\u00f5es, abrangendo mais de 12.000 igrejas e mais de 13.000 pontos de prega\u00e7\u00e3o. O n\u00famero global de membros da igreja ultrapassa um milh\u00e3o, com quase 90% residindo fora da Am\u00e9rica do Norte.  <\/p><p>O escrit\u00f3rio do Bispo Presidente desempenha um papel central na supervis\u00e3o espiritual e administrativa desse movimento mundial, oferecendo vis\u00e3o, lideran\u00e7a e coordena\u00e7\u00e3o para garantir a unidade e a efic\u00e1cia da miss\u00e3o da igreja em diversos contextos culturais e nacionais.<\/p>\t\t\t\t\t\t\t\t<\/div>\n\t\t\t\t<\/div>\n\t\t<div class=\"elementor-element elementor-element-7a3a68b e-con-full e-flex e-con e-child\" data-id=\"7a3a68b\" data-element_type=\"container\" data-e-type=\"container\" data-settings=\"{&quot;background_background&quot;:&quot;classic&quot;}\">\n\t\t<div class=\"elementor-element elementor-element-51701b8 e-con-full e-flex e-con e-child\" data-id=\"51701b8\" data-element_type=\"container\" data-e-type=\"container\">\n\t\t\t\t<div class=\"elementor-element elementor-element-fd34d68 elementor-widget elementor-widget-image\" data-id=\"fd34d68\" data-element_type=\"widget\" data-e-type=\"widget\" data-widget_type=\"image.default\">\n\t\t\t\t<div class=\"elementor-widget-container\">\n\t\t\t\t\t\t\t\t\t\t\t\t\t\t\t<img decoding=\"async\" width=\"330\" height=\"327\" src=\"https:\/\/cogop.org\/wp-content\/uploads\/2025\/03\/Coalter-2-1.png\" class=\"attachment-large size-large wp-image-25771\" alt=\"\" srcset=\"https:\/\/cogop.org\/wp-content\/uploads\/2025\/03\/Coalter-2-1.png 330w, https:\/\/cogop.org\/wp-content\/uploads\/2025\/03\/Coalter-2-1-300x297.png 300w, https:\/\/cogop.org\/wp-content\/uploads\/2025\/03\/Coalter-2-1-150x150.png 150w\" sizes=\"(max-width: 330px) 100vw, 330px\" \/>\t\t\t\t\t\t\t\t\t\t\t\t\t\t\t<\/div>\n\t\t\t\t<\/div>\n\t\t\t\t<\/div>\n\t\t<div class=\"elementor-element elementor-element-49176fb e-con-full e-flex e-con e-child\" data-id=\"49176fb\" data-element_type=\"container\" data-e-type=\"container\">\n\t\t\t\t<div class=\"elementor-element elementor-element-792fc93 elementor-widget elementor-widget-heading\" data-id=\"792fc93\" data-element_type=\"widget\" data-e-type=\"widget\" data-widget_type=\"heading.default\">\n\t\t\t\t<div class=\"elementor-widget-container\">\n\t\t\t\t\t<h2 class=\"elementor-heading-title elementor-size-default\">Tim Coalter<\/h2>\t\t\t\t<\/div>\n\t\t\t\t<\/div>\n\t\t\t\t<div class=\"elementor-element elementor-element-8b34285 elementor-widget elementor-widget-heading\" data-id=\"8b34285\" data-element_type=\"widget\" data-e-type=\"widget\" data-widget_type=\"heading.default\">\n\t\t\t\t<div class=\"elementor-widget-container\">\n\t\t\t\t\t<h5 class=\"elementor-heading-title elementor-size-default\">Bispo Presidente<\/h5>\t\t\t\t<\/div>\n\t\t\t\t<\/div>\n\t\t\t\t<\/div>\n\t\t<div class=\"elementor-element elementor-element-04689f3 e-con-full e-flex e-con e-child\" data-id=\"04689f3\" data-element_type=\"container\" data-e-type=\"container\">\n\t\t\t\t<div class=\"elementor-element elementor-element-b168b75 elementor-widget elementor-widget-button\" data-id=\"b168b75\" data-element_type=\"widget\" data-e-type=\"widget\" data-widget_type=\"button.default\">\n\t\t\t\t<div class=\"elementor-widget-container\">\n\t\t\t\t\t\t\t\t\t<div class=\"elementor-button-wrapper\">\n\t\t\t\t\t<a class=\"elementor-button elementor-button-link elementor-size-sm\" href=\"#elementor-action%3Aaction%3Dpopup%3Aopen%26settings%3DeyJpZCI6MjU3NDIsInRvZ2dsZSI6ZmFsc2V9\">\n\t\t\t\t\t\t<span class=\"elementor-button-content-wrapper\">\n\t\t\t\t\t\t\t\t\t<span class=\"elementor-button-text\">Ver biografia<\/span>\n\t\t\t\t\t<\/span>\n\t\t\t\t\t<\/a>\n\t\t\t\t<\/div>\n\t\t\t\t\t\t\t\t<\/div>\n\t\t\t\t<\/div>\n\t\t\t\t<\/div>\n\t\t\t\t<\/div>\n\t\t\t\t<\/div>\n\t\t\t\t\t<\/div>\n\t\t\t\t<\/div>\n\t\t<div class=\"elementor-element elementor-element-64a4e60 e-flex e-con-boxed e-con e-parent\" data-id=\"64a4e60\" data-element_type=\"container\" data-e-type=\"container\" data-settings=\"{&quot;background_background&quot;:&quot;classic&quot;}\">\n\t\t\t\t\t<div class=\"e-con-inner\">\n\t\t<div class=\"elementor-element elementor-element-48a9a83 e-con-full e-flex e-con e-child\" data-id=\"48a9a83\" data-element_type=\"container\" data-e-type=\"container\">\n\t\t\t\t<div class=\"elementor-element elementor-element-90028d3 elementor-widget elementor-widget-image\" data-id=\"90028d3\" data-element_type=\"widget\" data-e-type=\"widget\" data-widget_type=\"image.default\">\n\t\t\t\t<div class=\"elementor-widget-container\">\n\t\t\t\t\t\t\t\t\t\t\t\t\t\t\t<img decoding=\"async\" width=\"800\" height=\"600\" src=\"https:\/\/cogop.org\/wp-content\/uploads\/2025\/03\/IMG_1249-1024x768.webp\" class=\"attachment-large size-large wp-image-25526\" alt=\"\" srcset=\"https:\/\/cogop.org\/wp-content\/uploads\/2025\/03\/IMG_1249-1024x768.webp 1024w, https:\/\/cogop.org\/wp-content\/uploads\/2025\/03\/IMG_1249-300x225.webp 300w, https:\/\/cogop.org\/wp-content\/uploads\/2025\/03\/IMG_1249-768x576.webp 768w, https:\/\/cogop.org\/wp-content\/uploads\/2025\/03\/IMG_1249-1536x1152.webp 1536w, https:\/\/cogop.org\/wp-content\/uploads\/2025\/03\/IMG_1249-2048x1536.webp 2048w\" sizes=\"(max-width: 800px) 100vw, 800px\" \/>\t\t\t\t\t\t\t\t\t\t\t\t\t\t\t<\/div>\n\t\t\t\t<\/div>\n\t\t\t\t<\/div>\n\t\t<div class=\"elementor-element elementor-element-1fff919 e-con-full e-flex e-con e-child\" data-id=\"1fff919\" data-element_type=\"container\" data-e-type=\"container\">\n\t\t<div class=\"elementor-element elementor-element-0ebc8c1 e-con-full e-flex e-con e-child\" data-id=\"0ebc8c1\" data-element_type=\"container\" data-e-type=\"container\">\n\t\t\t\t<div class=\"elementor-element elementor-element-13076dd elementor-view-default elementor-widget elementor-widget-icon\" data-id=\"13076dd\" data-element_type=\"widget\" data-e-type=\"widget\" data-widget_type=\"icon.default\">\n\t\t\t\t<div class=\"elementor-widget-container\">\n\t\t\t\t\t\t\t<div class=\"elementor-icon-wrapper\">\n\t\t\t<div class=\"elementor-icon\">\n\t\t\t<svg aria-hidden=\"true\" class=\"e-font-icon-svg e-fas-quote-left\" viewBox=\"0 0 512 512\" xmlns=\"http:\/\/www.w3.org\/2000\/svg\"><path d=\"M464 256h-80v-64c0-35.3 28.7-64 64-64h8c13.3 0 24-10.7 24-24V56c0-13.3-10.7-24-24-24h-8c-88.4 0-160 71.6-160 160v240c0 26.5 21.5 48 48 48h128c26.5 0 48-21.5 48-48V304c0-26.5-21.5-48-48-48zm-288 0H96v-64c0-35.3 28.7-64 64-64h8c13.3 0 24-10.7 24-24V56c0-13.3-10.7-24-24-24h-8C71.6 32 0 103.6 0 192v240c0 26.5 21.5 48 48 48h128c26.5 0 48-21.5 48-48V304c0-26.5-21.5-48-48-48z\"><\/path><\/svg>\t\t\t<\/div>\n\t\t<\/div>\n\t\t\t\t\t\t<\/div>\n\t\t\t\t<\/div>\n\t\t\t\t<div class=\"elementor-element elementor-element-4549078 elementor-widget elementor-widget-heading\" data-id=\"4549078\" data-element_type=\"widget\" data-e-type=\"widget\" data-widget_type=\"heading.default\">\n\t\t\t\t<div class=\"elementor-widget-container\">\n\t\t\t\t\t<h2 class=\"elementor-heading-title elementor-size-default\">Reconciliar o mundo com Cristo atrav\u00e9s do poder do Esp\u00edrito Santo.<\/h2>\t\t\t\t<\/div>\n\t\t\t\t<\/div>\n\t\t\t\t<div class=\"elementor-element elementor-element-b8789f0 elementor-widget elementor-widget-button\" data-id=\"b8789f0\" data-element_type=\"widget\" data-e-type=\"widget\" data-widget_type=\"button.default\">\n\t\t\t\t<div class=\"elementor-widget-container\">\n\t\t\t\t\t\t\t\t\t<div class=\"elementor-button-wrapper\">\n\t\t\t\t\t<a class=\"elementor-button elementor-button-link elementor-size-sm\" href=\"https:\/\/cogop.org\/pt-br\/noticias\/\">\n\t\t\t\t\t\t<span class=\"elementor-button-content-wrapper\">\n\t\t\t\t\t\t\t\t\t<span class=\"elementor-button-text\">Ver todas as atualiza\u00e7\u00f5es<\/span>\n\t\t\t\t\t<\/span>\n\t\t\t\t\t<\/a>\n\t\t\t\t<\/div>\n\t\t\t\t\t\t\t\t<\/div>\n\t\t\t\t<\/div>\n\t\t\t\t<\/div>\n\t\t\t\t<\/div>\n\t\t\t\t\t<\/div>\n\t\t\t\t<\/div>\n\t\t<div class=\"elementor-element elementor-element-fa34690 e-flex e-con-boxed e-con e-parent\" data-id=\"fa34690\" data-element_type=\"container\" data-e-type=\"container\" data-settings=\"{&quot;background_background&quot;:&quot;classic&quot;}\">\n\t\t\t\t\t<div class=\"e-con-inner\">\n\t\t<div class=\"elementor-element elementor-element-0342be1 e-con-full e-flex e-con e-child\" data-id=\"0342be1\" data-element_type=\"container\" data-e-type=\"container\">\n\t\t\t\t<div class=\"elementor-element elementor-element-7d812b0 elementor-widget-mobile__width-initial elementor-widget elementor-widget-heading\" data-id=\"7d812b0\" data-element_type=\"widget\" data-e-type=\"widget\" data-widget_type=\"heading.default\">\n\t\t\t\t<div class=\"elementor-widget-container\">\n\t\t\t\t\t<h3 class=\"elementor-heading-title elementor-size-default\">Conhe\u00e7a-nos melhor<\/h3>\t\t\t\t<\/div>\n\t\t\t\t<\/div>\n\t\t\t\t<div class=\"elementor-element elementor-element-48aece6 elementor-widget-mobile__width-initial elementor-widget elementor-widget-text-editor\" data-id=\"48aece6\" data-element_type=\"widget\" data-e-type=\"widget\" data-widget_type=\"text-editor.default\">\n\t\t\t\t<div class=\"elementor-widget-container\">\n\t\t\t\t\t\t\t\t\tConhe\u00e7a nossa hist\u00f3ria, nossos valores e nossa paix\u00e3o &#8211; Conecte-se conosco hoje mesmo!\t\t\t\t\t\t\t\t<\/div>\n\t\t\t\t<\/div>\n\t\t\t\t<\/div>\n\t\t<div class=\"elementor-element elementor-element-aef1e49 e-con-full e-flex e-con e-child\" data-id=\"aef1e49\" data-element_type=\"container\" data-e-type=\"container\">\n\t\t\t\t<div class=\"elementor-element elementor-element-a928d41 elementor-widget elementor-widget-button\" data-id=\"a928d41\" data-element_type=\"widget\" data-e-type=\"widget\" data-widget_type=\"button.default\">\n\t\t\t\t<div class=\"elementor-widget-container\">\n\t\t\t\t\t\t\t\t\t<div class=\"elementor-button-wrapper\">\n\t\t\t\t\t<a class=\"elementor-button elementor-button-link elementor-size-sm\" href=\"https:\/\/www.facebook.com\/cogop\/\" target=\"_blank\">\n\t\t\t\t\t\t<span class=\"elementor-button-content-wrapper\">\n\t\t\t\t\t\t\t\t\t<span class=\"elementor-button-text\">Visite o Facebook<\/span>\n\t\t\t\t\t<\/span>\n\t\t\t\t\t<\/a>\n\t\t\t\t<\/div>\n\t\t\t\t\t\t\t\t<\/div>\n\t\t\t\t<\/div>\n\t\t\t\t<\/div>\n\t\t\t\t\t<\/div>\n\t\t\t\t<\/div>\n\t\t\t\t<\/div>\n\t\t","protected":false},"excerpt":{"rendered":"<p>Escrit\u00f3rio do Bispo Presidente Conhe\u00e7a-nos A Igreja de Deus da Profecia (IDP) \u00e9 uma denomina\u00e7\u00e3o crist\u00e3 pentecostal de santidade com sede em Cleveland, Tennessee. Estabelecida em 1903, expandiu seus minist\u00e9rios para 135 na\u00e7\u00f5es, abrangendo mais de 12.000 igrejas e mais de 13.000 pontos de prega\u00e7\u00e3o. O n\u00famero global de membros da igreja ultrapassa um milh\u00e3o, [&hellip;]<\/p>\n","protected":false},"author":4,"featured_media":0,"parent":0,"menu_order":0,"comment_status":"closed","ping_status":"closed","template":"","meta":{"_acf_changed":false,"_monsterinsights_skip_tracking":false,"_monsterinsights_sitenote_active":false,"_monsterinsights_sitenote_note":"","_monsterinsights_sitenote_category":0,"_uf_show_specific_survey":0,"_uf_disable_surveys":false,"footnotes":""},"class_list":["post-25501","page","type-page","status-publish","hentry"],"acf":[],"yoast_head":"<!-- This site is optimized with the Yoast SEO plugin v27.4 - https:\/\/yoast.com\/product\/yoast-seo-wordpress\/ -->\n<title>Escitr\u00f3rio do Bispo Presidente | COGOP<\/title>\n<meta name=\"robots\" content=\"index, follow, max-snippet:-1, max-image-preview:large, max-video-preview:-1\" \/>\n<link rel=\"canonical\" href=\"https:\/\/cogop.org\/pt\/escitrorio-do-bispo-presidente\/\" \/>\n<meta property=\"og:locale\" content=\"pt_PT\" \/>\n<meta property=\"og:type\" content=\"article\" \/>\n<meta property=\"og:title\" content=\"Escitr\u00f3rio do Bispo Presidente | COGOP\" \/>\n<meta property=\"og:description\" content=\"Escrit\u00f3rio do Bispo Presidente Conhe\u00e7a-nos A Igreja de Deus da Profecia (IDP) \u00e9 uma denomina\u00e7\u00e3o crist\u00e3 pentecostal de santidade com sede em Cleveland, Tennessee. Estabelecida em 1903, expandiu seus minist\u00e9rios para 135 na\u00e7\u00f5es, abrangendo mais de 12.000 igrejas e mais de 13.000 pontos de prega\u00e7\u00e3o. O n\u00famero global de membros da igreja ultrapassa um milh\u00e3o, [&hellip;]\" \/>\n<meta property=\"og:url\" content=\"https:\/\/cogop.org\/pt\/escitrorio-do-bispo-presidente\/\" \/>\n<meta property=\"og:site_name\" content=\"COGOP\" \/>\n<meta property=\"article:publisher\" content=\"https:\/\/www.facebook.com\/cogop\" \/>\n<meta property=\"article:modified_time\" content=\"2025-12-11T13:12:58+00:00\" \/>\n<meta property=\"og:image\" content=\"https:\/\/cogop.org\/wp-content\/uploads\/2025\/03\/IZ9_6963-2-1024x683.webp\" \/>\n\t<meta property=\"og:image:width\" content=\"1024\" \/>\n\t<meta property=\"og:image:height\" content=\"683\" \/>\n\t<meta property=\"og:image:type\" content=\"image\/webp\" \/>\n<meta name=\"twitter:card\" content=\"summary_large_image\" \/>\n<meta name=\"twitter:site\" content=\"@cogop\" \/>\n<meta name=\"twitter:label1\" content=\"Est. reading time\" \/>\n\t<meta name=\"twitter:data1\" content=\"1 minuto\" \/>\n<script type=\"application\/ld+json\" class=\"yoast-schema-graph\">{\"@context\":\"https:\\\/\\\/schema.org\",\"@graph\":[{\"@type\":\"WebPage\",\"@id\":\"https:\\\/\\\/cogop.org\\\/pt\\\/escitrorio-do-bispo-presidente\\\/\",\"url\":\"https:\\\/\\\/cogop.org\\\/pt\\\/escitrorio-do-bispo-presidente\\\/\",\"name\":\"Escitr\u00f3rio do Bispo Presidente | COGOP\",\"isPartOf\":{\"@id\":\"https:\\\/\\\/cogop.org\\\/#website\"},\"primaryImageOfPage\":{\"@id\":\"https:\\\/\\\/cogop.org\\\/pt\\\/escitrorio-do-bispo-presidente\\\/#primaryimage\"},\"image\":{\"@id\":\"https:\\\/\\\/cogop.org\\\/pt\\\/escitrorio-do-bispo-presidente\\\/#primaryimage\"},\"thumbnailUrl\":\"https:\\\/\\\/cogop.org\\\/wp-content\\\/uploads\\\/2025\\\/03\\\/IZ9_6963-2.webp\",\"datePublished\":\"2025-03-26T14:55:16+00:00\",\"dateModified\":\"2025-12-11T13:12:58+00:00\",\"inLanguage\":\"pt-AO\",\"potentialAction\":[{\"@type\":\"ReadAction\",\"target\":[\"https:\\\/\\\/cogop.org\\\/pt\\\/escitrorio-do-bispo-presidente\\\/\"]}]},{\"@type\":\"ImageObject\",\"inLanguage\":\"pt-AO\",\"@id\":\"https:\\\/\\\/cogop.org\\\/pt\\\/escitrorio-do-bispo-presidente\\\/#primaryimage\",\"url\":\"https:\\\/\\\/cogop.org\\\/wp-content\\\/uploads\\\/2025\\\/03\\\/IZ9_6963-2.webp\",\"contentUrl\":\"https:\\\/\\\/cogop.org\\\/wp-content\\\/uploads\\\/2025\\\/03\\\/IZ9_6963-2.webp\"},{\"@type\":\"BreadcrumbList\",\"@id\":\"https:\\\/\\\/cogop.org\\\/pt\\\/escitrorio-do-bispo-presidente\\\/#breadcrumb\",\"itemListElement\":[{\"@type\":\"ListItem\",\"position\":1,\"name\":\"Home\",\"item\":\"https:\\\/\\\/cogop.org\\\/\"},{\"@type\":\"ListItem\",\"position\":2,\"name\":\"Escitr\u00f3rio do Bispo Presidente\"}]},{\"@type\":\"WebSite\",\"@id\":\"https:\\\/\\\/cogop.org\\\/#website\",\"url\":\"https:\\\/\\\/cogop.org\\\/\",\"name\":\"Church of God of Prophecy\",\"description\":\"Reconciling the World to Christ\",\"publisher\":{\"@id\":\"https:\\\/\\\/cogop.org\\\/#organization\"},\"alternateName\":\"COGOP\",\"potentialAction\":[{\"@type\":\"SearchAction\",\"target\":{\"@type\":\"EntryPoint\",\"urlTemplate\":\"https:\\\/\\\/cogop.org\\\/?s={search_term_string}\"},\"query-input\":{\"@type\":\"PropertyValueSpecification\",\"valueRequired\":true,\"valueName\":\"search_term_string\"}}],\"inLanguage\":\"pt-AO\"},{\"@type\":\"Organization\",\"@id\":\"https:\\\/\\\/cogop.org\\\/#organization\",\"name\":\"Church of God of Prophecy\",\"alternateName\":\"COGOP\",\"url\":\"https:\\\/\\\/cogop.org\\\/\",\"logo\":{\"@type\":\"ImageObject\",\"inLanguage\":\"pt-AO\",\"@id\":\"https:\\\/\\\/cogop.org\\\/#\\\/schema\\\/logo\\\/image\\\/\",\"url\":\"https:\\\/\\\/cogop.org\\\/wp-content\\\/uploads\\\/2025\\\/01\\\/logo-cogop.webp\",\"contentUrl\":\"https:\\\/\\\/cogop.org\\\/wp-content\\\/uploads\\\/2025\\\/01\\\/logo-cogop.webp\",\"width\":500,\"height\":118,\"caption\":\"Church of God of Prophecy\"},\"image\":{\"@id\":\"https:\\\/\\\/cogop.org\\\/#\\\/schema\\\/logo\\\/image\\\/\"},\"sameAs\":[\"https:\\\/\\\/www.facebook.com\\\/cogop\",\"https:\\\/\\\/x.com\\\/cogop\",\"https:\\\/\\\/www.instagram.com\\\/cogoppics\\\/\",\"https:\\\/\\\/www.youtube.com\\\/@COGOPMedia\",\"https:\\\/\\\/open.spotify.com\\\/user\\\/g1d13yyaprw0wrr2woer8edyp?si=a32b364b555f4d4d\"]}]}<\/script>\n<!-- \/ Yoast SEO plugin. -->","yoast_head_json":{"title":"Escitr\u00f3rio do Bispo Presidente | COGOP","robots":{"index":"index","follow":"follow","max-snippet":"max-snippet:-1","max-image-preview":"max-image-preview:large","max-video-preview":"max-video-preview:-1"},"canonical":"https:\/\/cogop.org\/pt\/escitrorio-do-bispo-presidente\/","og_locale":"pt_PT","og_type":"article","og_title":"Escitr\u00f3rio do Bispo Presidente | COGOP","og_description":"Escrit\u00f3rio do Bispo Presidente Conhe\u00e7a-nos A Igreja de Deus da Profecia (IDP) \u00e9 uma denomina\u00e7\u00e3o crist\u00e3 pentecostal de santidade com sede em Cleveland, Tennessee. Estabelecida em 1903, expandiu seus minist\u00e9rios para 135 na\u00e7\u00f5es, abrangendo mais de 12.000 igrejas e mais de 13.000 pontos de prega\u00e7\u00e3o. O n\u00famero global de membros da igreja ultrapassa um milh\u00e3o, [&hellip;]","og_url":"https:\/\/cogop.org\/pt\/escitrorio-do-bispo-presidente\/","og_site_name":"COGOP","article_publisher":"https:\/\/www.facebook.com\/cogop","article_modified_time":"2025-12-11T13:12:58+00:00","og_image":[{"width":1024,"height":683,"url":"https:\/\/cogop.org\/wp-content\/uploads\/2025\/03\/IZ9_6963-2-1024x683.webp","type":"image\/webp"}],"twitter_card":"summary_large_image","twitter_site":"@cogop","twitter_misc":{"Est. reading time":"1 minuto"},"schema":{"@context":"https:\/\/schema.org","@graph":[{"@type":"WebPage","@id":"https:\/\/cogop.org\/pt\/escitrorio-do-bispo-presidente\/","url":"https:\/\/cogop.org\/pt\/escitrorio-do-bispo-presidente\/","name":"Escitr\u00f3rio do Bispo Presidente | COGOP","isPartOf":{"@id":"https:\/\/cogop.org\/#website"},"primaryImageOfPage":{"@id":"https:\/\/cogop.org\/pt\/escitrorio-do-bispo-presidente\/#primaryimage"},"image":{"@id":"https:\/\/cogop.org\/pt\/escitrorio-do-bispo-presidente\/#primaryimage"},"thumbnailUrl":"https:\/\/cogop.org\/wp-content\/uploads\/2025\/03\/IZ9_6963-2.webp","datePublished":"2025-03-26T14:55:16+00:00","dateModified":"2025-12-11T13:12:58+00:00","inLanguage":"pt-AO","potentialAction":[{"@type":"ReadAction","target":["https:\/\/cogop.org\/pt\/escitrorio-do-bispo-presidente\/"]}]},{"@type":"ImageObject","inLanguage":"pt-AO","@id":"https:\/\/cogop.org\/pt\/escitrorio-do-bispo-presidente\/#primaryimage","url":"https:\/\/cogop.org\/wp-content\/uploads\/2025\/03\/IZ9_6963-2.webp","contentUrl":"https:\/\/cogop.org\/wp-content\/uploads\/2025\/03\/IZ9_6963-2.webp"},{"@type":"BreadcrumbList","@id":"https:\/\/cogop.org\/pt\/escitrorio-do-bispo-presidente\/#breadcrumb","itemListElement":[{"@type":"ListItem","position":1,"name":"Home","item":"https:\/\/cogop.org\/"},{"@type":"ListItem","position":2,"name":"Escitr\u00f3rio do Bispo Presidente"}]},{"@type":"WebSite","@id":"https:\/\/cogop.org\/#website","url":"https:\/\/cogop.org\/","name":"Church of God of Prophecy","description":"Reconciling the World to Christ","publisher":{"@id":"https:\/\/cogop.org\/#organization"},"alternateName":"COGOP","potentialAction":[{"@type":"SearchAction","target":{"@type":"EntryPoint","urlTemplate":"https:\/\/cogop.org\/?s={search_term_string}"},"query-input":{"@type":"PropertyValueSpecification","valueRequired":true,"valueName":"search_term_string"}}],"inLanguage":"pt-AO"},{"@type":"Organization","@id":"https:\/\/cogop.org\/#organization","name":"Church of God of Prophecy","alternateName":"COGOP","url":"https:\/\/cogop.org\/","logo":{"@type":"ImageObject","inLanguage":"pt-AO","@id":"https:\/\/cogop.org\/#\/schema\/logo\/image\/","url":"https:\/\/cogop.org\/wp-content\/uploads\/2025\/01\/logo-cogop.webp","contentUrl":"https:\/\/cogop.org\/wp-content\/uploads\/2025\/01\/logo-cogop.webp","width":500,"height":118,"caption":"Church of God of Prophecy"},"image":{"@id":"https:\/\/cogop.org\/#\/schema\/logo\/image\/"},"sameAs":["https:\/\/www.facebook.com\/cogop","https:\/\/x.com\/cogop","https:\/\/www.instagram.com\/cogoppics\/","https:\/\/www.youtube.com\/@COGOPMedia","https:\/\/open.spotify.com\/user\/g1d13yyaprw0wrr2woer8edyp?si=a32b364b555f4d4d"]}]}},"_links":{"self":[{"href":"https:\/\/cogop.org\/pt\/wp-json\/wp\/v2\/pages\/25501","targetHints":{"allow":["GET"]}}],"collection":[{"href":"https:\/\/cogop.org\/pt\/wp-json\/wp\/v2\/pages"}],"about":[{"href":"https:\/\/cogop.org\/pt\/wp-json\/wp\/v2\/types\/page"}],"author":[{"embeddable":true,"href":"https:\/\/cogop.org\/pt\/wp-json\/wp\/v2\/users\/4"}],"replies":[{"embeddable":true,"href":"https:\/\/cogop.org\/pt\/wp-json\/wp\/v2\/comments?post=25501"}],"version-history":[{"count":2,"href":"https:\/\/cogop.org\/pt\/wp-json\/wp\/v2\/pages\/25501\/revisions"}],"predecessor-version":[{"id":31369,"href":"https:\/\/cogop.org\/pt\/wp-json\/wp\/v2\/pages\/25501\/revisions\/31369"}],"wp:attachment":[{"href":"https:\/\/cogop.org\/pt\/wp-json\/wp\/v2\/media?parent=25501"}],"curies":[{"name":"wp","href":"https:\/\/api.w.org\/{rel}","templated":true}]}}