{"id":25497,"date":"2025-03-31T05:06:17","date_gmt":"2025-03-31T05:06:17","guid":{"rendered":"https:\/\/cogop.org\/logotipos-de-igrejas\/"},"modified":"2025-07-01T16:58:37","modified_gmt":"2025-07-01T16:58:37","slug":"logotipos-de-igrejas","status":"publish","type":"page","link":"https:\/\/cogop.org\/pt\/logotipos-de-igrejas\/","title":{"rendered":"Logotipos de igrejas"},"content":{"rendered":"\t\t<div data-elementor-type=\"wp-page\" data-elementor-id=\"25497\" class=\"elementor elementor-25497 elementor-19418\" data-elementor-post-type=\"page\">\n\t\t\t\t<div class=\"elementor-element elementor-element-0c77be3 panel e-flex e-con-boxed e-con e-parent\" data-id=\"0c77be3\" data-element_type=\"container\" data-e-type=\"container\" data-settings=\"{&quot;background_background&quot;:&quot;classic&quot;}\">\n\t\t\t\t\t<div class=\"e-con-inner\">\n\t\t<div class=\"elementor-element elementor-element-285e108 e-flex e-con-boxed e-con e-child\" data-id=\"285e108\" data-element_type=\"container\" data-e-type=\"container\">\n\t\t\t\t\t<div class=\"e-con-inner\">\n\t\t\t\t<div class=\"elementor-element elementor-element-b8527b3 elementor-widget elementor-widget-heading\" data-id=\"b8527b3\" data-element_type=\"widget\" data-e-type=\"widget\" data-widget_type=\"heading.default\">\n\t\t\t\t<div class=\"elementor-widget-container\">\n\t\t\t\t\t<h1 class=\"elementor-heading-title elementor-size-default\">Logotipos de igrejas<\/h1>\t\t\t\t<\/div>\n\t\t\t\t<\/div>\n\t\t\t\t<div class=\"elementor-element elementor-element-c2ede4a elementor-widget-mobile__width-initial elementor-widget__width-initial elementor-widget elementor-widget-text-editor\" data-id=\"c2ede4a\" data-element_type=\"widget\" data-e-type=\"widget\" data-widget_type=\"text-editor.default\">\n\t\t\t\t<div class=\"elementor-widget-container\">\n\t\t\t\t\t\t\t\t\t<p>Acesse e fa\u00e7a o download dos logotipos oficiais e dos recursos visuais aprovados para uso em comunica\u00e7\u00f5es da igreja, materiais impressos e m\u00eddia digital.<\/p>\t\t\t\t\t\t\t\t<\/div>\n\t\t\t\t<\/div>\n\t\t\t\t\t<\/div>\n\t\t\t\t<\/div>\n\t\t\t\t\t<\/div>\n\t\t\t\t<\/div>\n\t\t<div class=\"elementor-element elementor-element-e9a0b4f panel e-flex e-con-boxed e-con e-parent\" data-id=\"e9a0b4f\" data-element_type=\"container\" data-e-type=\"container\" data-settings=\"{&quot;background_background&quot;:&quot;classic&quot;}\">\n\t\t\t\t\t<div class=\"e-con-inner\">\n\t\t<div class=\"elementor-element elementor-element-edb25c9 e-con-full e-flex e-con e-child\" data-id=\"edb25c9\" data-element_type=\"container\" data-e-type=\"container\" data-settings=\"{&quot;background_background&quot;:&quot;classic&quot;}\">\n\t\t<div class=\"elementor-element elementor-element-dc79b13 e-grid e-con-full e-con e-child\" data-id=\"dc79b13\" data-element_type=\"container\" data-e-type=\"container\" data-settings=\"{&quot;background_background&quot;:&quot;classic&quot;}\">\n\t\t<div class=\"elementor-element elementor-element-859404b e-con-full e-flex e-con e-child\" data-id=\"859404b\" data-element_type=\"container\" data-e-type=\"container\">\n\t\t\t\t<div class=\"elementor-element elementor-element-0aef8f5 elementor-widget elementor-widget-image\" data-id=\"0aef8f5\" data-element_type=\"widget\" data-e-type=\"widget\" data-widget_type=\"image.default\">\n\t\t\t\t<div class=\"elementor-widget-container\">\n\t\t\t\t\t\t\t\t\t\t\t\t\t\t\t<img fetchpriority=\"high\" decoding=\"async\" width=\"670\" height=\"1024\" src=\"https:\/\/cogop.org\/wp-content\/uploads\/2025\/03\/logo-cogop-official-670x1024.webp\" class=\"attachment-large size-large wp-image-25498\" alt=\"\" srcset=\"https:\/\/cogop.org\/wp-content\/uploads\/2025\/03\/logo-cogop-official-670x1024.webp 670w, https:\/\/cogop.org\/wp-content\/uploads\/2025\/03\/logo-cogop-official-196x300.webp 196w, https:\/\/cogop.org\/wp-content\/uploads\/2025\/03\/logo-cogop-official-768x1174.webp 768w, https:\/\/cogop.org\/wp-content\/uploads\/2025\/03\/logo-cogop-official.webp 890w\" sizes=\"(max-width: 670px) 100vw, 670px\" \/>\t\t\t\t\t\t\t\t\t\t\t\t\t\t\t<\/div>\n\t\t\t\t<\/div>\n\t\t\t\t<\/div>\n\t\t<div class=\"elementor-element elementor-element-0c7f5fb e-con-full e-flex e-con e-child\" data-id=\"0c7f5fb\" data-element_type=\"container\" data-e-type=\"container\">\n\t\t\t\t<div class=\"elementor-element elementor-element-7f6f99e elementor-widget__width-inherit elementor-widget elementor-widget-heading\" data-id=\"7f6f99e\" data-element_type=\"widget\" data-e-type=\"widget\" data-widget_type=\"heading.default\">\n\t\t\t\t<div class=\"elementor-widget-container\">\n\t\t\t\t\t<h2 class=\"elementor-heading-title elementor-size-default\">Logotipo oficial<\/h2>\t\t\t\t<\/div>\n\t\t\t\t<\/div>\n\t\t\t\t<\/div>\n\t\t<div class=\"elementor-element elementor-element-4f2f3ed e-con-full e-flex e-con e-child\" data-id=\"4f2f3ed\" data-element_type=\"container\" data-e-type=\"container\">\n\t\t\t\t<div class=\"elementor-element elementor-element-ed9dfbe elementor-widget elementor-widget-heading\" data-id=\"ed9dfbe\" data-element_type=\"widget\" data-e-type=\"widget\" data-widget_type=\"heading.default\">\n\t\t\t\t<div class=\"elementor-widget-container\">\n\t\t\t\t\t<h4 class=\"elementor-heading-title elementor-size-default\"><a href=\"https:\/\/cogop.org\/wp-content\/uploads\/2025\/03\/official-logo.zip\" target=\"_blank\">Fa\u00e7a o download dos arquivos<\/a><\/h4>\t\t\t\t<\/div>\n\t\t\t\t<\/div>\n\t\t\t\t<\/div>\n\t\t\t\t<\/div>\n\t\t<div class=\"elementor-element elementor-element-3ade2df e-grid e-con-full e-con e-child\" data-id=\"3ade2df\" data-element_type=\"container\" data-e-type=\"container\" data-settings=\"{&quot;background_background&quot;:&quot;classic&quot;}\">\n\t\t<div class=\"elementor-element elementor-element-232d2e2 e-con-full e-flex e-con e-child\" data-id=\"232d2e2\" data-element_type=\"container\" data-e-type=\"container\">\n\t\t\t\t<div class=\"elementor-element elementor-element-9073ed1 elementor-widget elementor-widget-image\" data-id=\"9073ed1\" data-element_type=\"widget\" data-e-type=\"widget\" data-widget_type=\"image.default\">\n\t\t\t\t<div class=\"elementor-widget-container\">\n\t\t\t\t\t\t\t\t\t\t\t\t\t\t\t<img decoding=\"async\" width=\"800\" height=\"192\" src=\"https:\/\/cogop.org\/wp-content\/uploads\/2025\/03\/Black-Logo-1024x246.png\" class=\"attachment-large size-large wp-image-25521\" alt=\"\" srcset=\"https:\/\/cogop.org\/wp-content\/uploads\/2025\/03\/Black-Logo-1024x246.png 1024w, https:\/\/cogop.org\/wp-content\/uploads\/2025\/03\/Black-Logo-300x72.png 300w, https:\/\/cogop.org\/wp-content\/uploads\/2025\/03\/Black-Logo-768x184.png 768w, https:\/\/cogop.org\/wp-content\/uploads\/2025\/03\/Black-Logo-1536x369.png 1536w, https:\/\/cogop.org\/wp-content\/uploads\/2025\/03\/Black-Logo-2048x492.png 2048w\" sizes=\"(max-width: 800px) 100vw, 800px\" \/>\t\t\t\t\t\t\t\t\t\t\t\t\t\t\t<\/div>\n\t\t\t\t<\/div>\n\t\t\t\t<\/div>\n\t\t<div class=\"elementor-element elementor-element-07034d6 e-con-full e-flex e-con e-child\" data-id=\"07034d6\" data-element_type=\"container\" data-e-type=\"container\">\n\t\t\t\t<div class=\"elementor-element elementor-element-15a1870 elementor-widget__width-inherit elementor-widget elementor-widget-heading\" data-id=\"15a1870\" data-element_type=\"widget\" data-e-type=\"widget\" data-widget_type=\"heading.default\">\n\t\t\t\t<div class=\"elementor-widget-container\">\n\t\t\t\t\t<h2 class=\"elementor-heading-title elementor-size-default\">Emblemas<\/h2>\t\t\t\t<\/div>\n\t\t\t\t<\/div>\n\t\t\t\t<\/div>\n\t\t<div class=\"elementor-element elementor-element-55c7068 e-con-full e-flex e-con e-child\" data-id=\"55c7068\" data-element_type=\"container\" data-e-type=\"container\">\n\t\t\t\t<div class=\"elementor-element elementor-element-ef1dc35 elementor-widget elementor-widget-heading\" data-id=\"ef1dc35\" data-element_type=\"widget\" data-e-type=\"widget\" data-widget_type=\"heading.default\">\n\t\t\t\t<div class=\"elementor-widget-container\">\n\t\t\t\t\t<h4 class=\"elementor-heading-title elementor-size-default\"><a href=\"https:\/\/cogop.org\/wp-content\/uploads\/2025\/03\/Emblems.zip\" target=\"_blank\">Fa\u00e7a o download dos arquivos<\/a><\/h4>\t\t\t\t<\/div>\n\t\t\t\t<\/div>\n\t\t\t\t<\/div>\n\t\t\t\t<\/div>\n\t\t<div class=\"elementor-element elementor-element-59484f3 e-grid e-con-full e-con e-child\" data-id=\"59484f3\" data-element_type=\"container\" data-e-type=\"container\" data-settings=\"{&quot;background_background&quot;:&quot;classic&quot;}\">\n\t\t<div class=\"elementor-element elementor-element-0b0fa63 e-con-full e-flex e-con e-child\" data-id=\"0b0fa63\" data-element_type=\"container\" data-e-type=\"container\">\n\t\t\t\t<div class=\"elementor-element elementor-element-d4560d0 elementor-widget elementor-widget-image\" data-id=\"d4560d0\" data-element_type=\"widget\" data-e-type=\"widget\" data-widget_type=\"image.default\">\n\t\t\t\t<div class=\"elementor-widget-container\">\n\t\t\t\t\t\t\t\t\t\t\t\t\t\t\t<img decoding=\"async\" width=\"400\" height=\"267\" src=\"https:\/\/cogop.org\/wp-content\/uploads\/2025\/03\/cogop-flag.png\" class=\"attachment-large size-large wp-image-25522\" alt=\"\" srcset=\"https:\/\/cogop.org\/wp-content\/uploads\/2025\/03\/cogop-flag.png 400w, https:\/\/cogop.org\/wp-content\/uploads\/2025\/03\/cogop-flag-300x200.png 300w\" sizes=\"(max-width: 400px) 100vw, 400px\" \/>\t\t\t\t\t\t\t\t\t\t\t\t\t\t\t<\/div>\n\t\t\t\t<\/div>\n\t\t\t\t<\/div>\n\t\t<div class=\"elementor-element elementor-element-7a1e634 e-con-full e-flex e-con e-child\" data-id=\"7a1e634\" data-element_type=\"container\" data-e-type=\"container\">\n\t\t\t\t<div class=\"elementor-element elementor-element-c64280d elementor-widget__width-inherit elementor-widget elementor-widget-heading\" data-id=\"c64280d\" data-element_type=\"widget\" data-e-type=\"widget\" data-widget_type=\"heading.default\">\n\t\t\t\t<div class=\"elementor-widget-container\">\n\t\t\t\t\t<h2 class=\"elementor-heading-title elementor-size-default\">Bandeiras<\/h2>\t\t\t\t<\/div>\n\t\t\t\t<\/div>\n\t\t\t\t<\/div>\n\t\t<div class=\"elementor-element elementor-element-ff6e528 e-con-full e-flex e-con e-child\" data-id=\"ff6e528\" data-element_type=\"container\" data-e-type=\"container\">\n\t\t\t\t<div class=\"elementor-element elementor-element-c0adedf elementor-widget elementor-widget-heading\" data-id=\"c0adedf\" data-element_type=\"widget\" data-e-type=\"widget\" data-widget_type=\"heading.default\">\n\t\t\t\t<div class=\"elementor-widget-container\">\n\t\t\t\t\t<h4 class=\"elementor-heading-title elementor-size-default\"><a href=\"https:\/\/cogop.org\/wp-content\/uploads\/2025\/03\/COGOP-Flag.zip\" target=\"_blank\">Fa\u00e7a o download dos arquivos<\/a><\/h4>\t\t\t\t<\/div>\n\t\t\t\t<\/div>\n\t\t\t\t<\/div>\n\t\t\t\t<\/div>\n\t\t\t\t<\/div>\n\t\t\t\t\t<\/div>\n\t\t\t\t<\/div>\n\t\t\t\t<\/div>\n\t\t","protected":false},"excerpt":{"rendered":"<p>Logotipos de igrejas Acesse e fa\u00e7a o download dos logotipos oficiais e dos recursos visuais aprovados para uso em comunica\u00e7\u00f5es da igreja, materiais impressos e m\u00eddia digital. Logotipo oficial Fa\u00e7a o download dos arquivos Emblemas Fa\u00e7a o download dos arquivos Bandeiras Fa\u00e7a o download dos arquivos<\/p>\n","protected":false},"author":1,"featured_media":0,"parent":0,"menu_order":0,"comment_status":"closed","ping_status":"closed","template":"","meta":{"_acf_changed":false,"_monsterinsights_skip_tracking":false,"_monsterinsights_sitenote_active":false,"_monsterinsights_sitenote_note":"","_monsterinsights_sitenote_category":0,"_uf_show_specific_survey":0,"_uf_disable_surveys":false,"footnotes":""},"class_list":["post-25497","page","type-page","status-publish","hentry"],"acf":[],"yoast_head":"<!-- This site is optimized with the Yoast SEO plugin v27.4 - https:\/\/yoast.com\/product\/yoast-seo-wordpress\/ -->\n<title>Logotipos de igrejas | COGOP<\/title>\n<meta name=\"robots\" content=\"index, follow, max-snippet:-1, max-image-preview:large, max-video-preview:-1\" \/>\n<link rel=\"canonical\" href=\"https:\/\/cogop.org\/pt\/logotipos-de-igrejas\/\" \/>\n<meta property=\"og:locale\" content=\"pt_PT\" \/>\n<meta property=\"og:type\" content=\"article\" \/>\n<meta property=\"og:title\" content=\"Logotipos de igrejas | COGOP\" \/>\n<meta property=\"og:description\" content=\"Logotipos de igrejas Acesse e fa\u00e7a o download dos logotipos oficiais e dos recursos visuais aprovados para uso em comunica\u00e7\u00f5es da igreja, materiais impressos e m\u00eddia digital. Logotipo oficial Fa\u00e7a o download dos arquivos Emblemas Fa\u00e7a o download dos arquivos Bandeiras Fa\u00e7a o download dos arquivos\" \/>\n<meta property=\"og:url\" content=\"https:\/\/cogop.org\/pt\/logotipos-de-igrejas\/\" \/>\n<meta property=\"og:site_name\" content=\"COGOP\" \/>\n<meta property=\"article:publisher\" content=\"https:\/\/www.facebook.com\/cogop\" \/>\n<meta property=\"article:modified_time\" content=\"2025-07-01T16:58:37+00:00\" \/>\n<meta property=\"og:image\" content=\"https:\/\/cogop.org\/wp-content\/uploads\/2025\/03\/logo-cogop-official.webp\" \/>\n\t<meta property=\"og:image:width\" content=\"890\" \/>\n\t<meta property=\"og:image:height\" content=\"1360\" \/>\n\t<meta property=\"og:image:type\" content=\"image\/webp\" \/>\n<meta name=\"twitter:card\" content=\"summary_large_image\" \/>\n<meta name=\"twitter:site\" content=\"@cogop\" \/>\n<script type=\"application\/ld+json\" class=\"yoast-schema-graph\">{\"@context\":\"https:\\\/\\\/schema.org\",\"@graph\":[{\"@type\":\"WebPage\",\"@id\":\"https:\\\/\\\/cogop.org\\\/pt\\\/logotipos-de-igrejas\\\/\",\"url\":\"https:\\\/\\\/cogop.org\\\/pt\\\/logotipos-de-igrejas\\\/\",\"name\":\"Logotipos de igrejas | COGOP\",\"isPartOf\":{\"@id\":\"https:\\\/\\\/cogop.org\\\/#website\"},\"primaryImageOfPage\":{\"@id\":\"https:\\\/\\\/cogop.org\\\/pt\\\/logotipos-de-igrejas\\\/#primaryimage\"},\"image\":{\"@id\":\"https:\\\/\\\/cogop.org\\\/pt\\\/logotipos-de-igrejas\\\/#primaryimage\"},\"thumbnailUrl\":\"https:\\\/\\\/cogop.org\\\/wp-content\\\/uploads\\\/2025\\\/03\\\/logo-cogop-official-670x1024.webp\",\"datePublished\":\"2025-03-31T05:06:17+00:00\",\"dateModified\":\"2025-07-01T16:58:37+00:00\",\"inLanguage\":\"pt-AO\",\"potentialAction\":[{\"@type\":\"ReadAction\",\"target\":[\"https:\\\/\\\/cogop.org\\\/pt\\\/logotipos-de-igrejas\\\/\"]}]},{\"@type\":\"ImageObject\",\"inLanguage\":\"pt-AO\",\"@id\":\"https:\\\/\\\/cogop.org\\\/pt\\\/logotipos-de-igrejas\\\/#primaryimage\",\"url\":\"https:\\\/\\\/cogop.org\\\/wp-content\\\/uploads\\\/2025\\\/03\\\/logo-cogop-official-670x1024.webp\",\"contentUrl\":\"https:\\\/\\\/cogop.org\\\/wp-content\\\/uploads\\\/2025\\\/03\\\/logo-cogop-official-670x1024.webp\"},{\"@type\":\"BreadcrumbList\",\"@id\":\"https:\\\/\\\/cogop.org\\\/pt\\\/logotipos-de-igrejas\\\/#breadcrumb\",\"itemListElement\":[{\"@type\":\"ListItem\",\"position\":1,\"name\":\"Home\",\"item\":\"https:\\\/\\\/cogop.org\\\/\"},{\"@type\":\"ListItem\",\"position\":2,\"name\":\"Logotipos de igrejas\"}]},{\"@type\":\"WebSite\",\"@id\":\"https:\\\/\\\/cogop.org\\\/#website\",\"url\":\"https:\\\/\\\/cogop.org\\\/\",\"name\":\"Church of God of Prophecy\",\"description\":\"Reconciling the World to Christ\",\"publisher\":{\"@id\":\"https:\\\/\\\/cogop.org\\\/#organization\"},\"alternateName\":\"COGOP\",\"potentialAction\":[{\"@type\":\"SearchAction\",\"target\":{\"@type\":\"EntryPoint\",\"urlTemplate\":\"https:\\\/\\\/cogop.org\\\/?s={search_term_string}\"},\"query-input\":{\"@type\":\"PropertyValueSpecification\",\"valueRequired\":true,\"valueName\":\"search_term_string\"}}],\"inLanguage\":\"pt-AO\"},{\"@type\":\"Organization\",\"@id\":\"https:\\\/\\\/cogop.org\\\/#organization\",\"name\":\"Church of God of Prophecy\",\"alternateName\":\"COGOP\",\"url\":\"https:\\\/\\\/cogop.org\\\/\",\"logo\":{\"@type\":\"ImageObject\",\"inLanguage\":\"pt-AO\",\"@id\":\"https:\\\/\\\/cogop.org\\\/#\\\/schema\\\/logo\\\/image\\\/\",\"url\":\"https:\\\/\\\/cogop.org\\\/wp-content\\\/uploads\\\/2025\\\/01\\\/logo-cogop.webp\",\"contentUrl\":\"https:\\\/\\\/cogop.org\\\/wp-content\\\/uploads\\\/2025\\\/01\\\/logo-cogop.webp\",\"width\":500,\"height\":118,\"caption\":\"Church of God of Prophecy\"},\"image\":{\"@id\":\"https:\\\/\\\/cogop.org\\\/#\\\/schema\\\/logo\\\/image\\\/\"},\"sameAs\":[\"https:\\\/\\\/www.facebook.com\\\/cogop\",\"https:\\\/\\\/x.com\\\/cogop\",\"https:\\\/\\\/www.instagram.com\\\/cogoppics\\\/\",\"https:\\\/\\\/www.youtube.com\\\/@COGOPMedia\",\"https:\\\/\\\/open.spotify.com\\\/user\\\/g1d13yyaprw0wrr2woer8edyp?si=a32b364b555f4d4d\"]}]}<\/script>\n<!-- \/ Yoast SEO plugin. -->","yoast_head_json":{"title":"Logotipos de igrejas | COGOP","robots":{"index":"index","follow":"follow","max-snippet":"max-snippet:-1","max-image-preview":"max-image-preview:large","max-video-preview":"max-video-preview:-1"},"canonical":"https:\/\/cogop.org\/pt\/logotipos-de-igrejas\/","og_locale":"pt_PT","og_type":"article","og_title":"Logotipos de igrejas | COGOP","og_description":"Logotipos de igrejas Acesse e fa\u00e7a o download dos logotipos oficiais e dos recursos visuais aprovados para uso em comunica\u00e7\u00f5es da igreja, materiais impressos e m\u00eddia digital. Logotipo oficial Fa\u00e7a o download dos arquivos Emblemas Fa\u00e7a o download dos arquivos Bandeiras Fa\u00e7a o download dos arquivos","og_url":"https:\/\/cogop.org\/pt\/logotipos-de-igrejas\/","og_site_name":"COGOP","article_publisher":"https:\/\/www.facebook.com\/cogop","article_modified_time":"2025-07-01T16:58:37+00:00","og_image":[{"width":890,"height":1360,"url":"https:\/\/cogop.org\/wp-content\/uploads\/2025\/03\/logo-cogop-official.webp","type":"image\/webp"}],"twitter_card":"summary_large_image","twitter_site":"@cogop","schema":{"@context":"https:\/\/schema.org","@graph":[{"@type":"WebPage","@id":"https:\/\/cogop.org\/pt\/logotipos-de-igrejas\/","url":"https:\/\/cogop.org\/pt\/logotipos-de-igrejas\/","name":"Logotipos de igrejas | COGOP","isPartOf":{"@id":"https:\/\/cogop.org\/#website"},"primaryImageOfPage":{"@id":"https:\/\/cogop.org\/pt\/logotipos-de-igrejas\/#primaryimage"},"image":{"@id":"https:\/\/cogop.org\/pt\/logotipos-de-igrejas\/#primaryimage"},"thumbnailUrl":"https:\/\/cogop.org\/wp-content\/uploads\/2025\/03\/logo-cogop-official-670x1024.webp","datePublished":"2025-03-31T05:06:17+00:00","dateModified":"2025-07-01T16:58:37+00:00","inLanguage":"pt-AO","potentialAction":[{"@type":"ReadAction","target":["https:\/\/cogop.org\/pt\/logotipos-de-igrejas\/"]}]},{"@type":"ImageObject","inLanguage":"pt-AO","@id":"https:\/\/cogop.org\/pt\/logotipos-de-igrejas\/#primaryimage","url":"https:\/\/cogop.org\/wp-content\/uploads\/2025\/03\/logo-cogop-official-670x1024.webp","contentUrl":"https:\/\/cogop.org\/wp-content\/uploads\/2025\/03\/logo-cogop-official-670x1024.webp"},{"@type":"BreadcrumbList","@id":"https:\/\/cogop.org\/pt\/logotipos-de-igrejas\/#breadcrumb","itemListElement":[{"@type":"ListItem","position":1,"name":"Home","item":"https:\/\/cogop.org\/"},{"@type":"ListItem","position":2,"name":"Logotipos de igrejas"}]},{"@type":"WebSite","@id":"https:\/\/cogop.org\/#website","url":"https:\/\/cogop.org\/","name":"Church of God of Prophecy","description":"Reconciling the World to Christ","publisher":{"@id":"https:\/\/cogop.org\/#organization"},"alternateName":"COGOP","potentialAction":[{"@type":"SearchAction","target":{"@type":"EntryPoint","urlTemplate":"https:\/\/cogop.org\/?s={search_term_string}"},"query-input":{"@type":"PropertyValueSpecification","valueRequired":true,"valueName":"search_term_string"}}],"inLanguage":"pt-AO"},{"@type":"Organization","@id":"https:\/\/cogop.org\/#organization","name":"Church of God of Prophecy","alternateName":"COGOP","url":"https:\/\/cogop.org\/","logo":{"@type":"ImageObject","inLanguage":"pt-AO","@id":"https:\/\/cogop.org\/#\/schema\/logo\/image\/","url":"https:\/\/cogop.org\/wp-content\/uploads\/2025\/01\/logo-cogop.webp","contentUrl":"https:\/\/cogop.org\/wp-content\/uploads\/2025\/01\/logo-cogop.webp","width":500,"height":118,"caption":"Church of God of Prophecy"},"image":{"@id":"https:\/\/cogop.org\/#\/schema\/logo\/image\/"},"sameAs":["https:\/\/www.facebook.com\/cogop","https:\/\/x.com\/cogop","https:\/\/www.instagram.com\/cogoppics\/","https:\/\/www.youtube.com\/@COGOPMedia","https:\/\/open.spotify.com\/user\/g1d13yyaprw0wrr2woer8edyp?si=a32b364b555f4d4d"]}]}},"_links":{"self":[{"href":"https:\/\/cogop.org\/pt\/wp-json\/wp\/v2\/pages\/25497","targetHints":{"allow":["GET"]}}],"collection":[{"href":"https:\/\/cogop.org\/pt\/wp-json\/wp\/v2\/pages"}],"about":[{"href":"https:\/\/cogop.org\/pt\/wp-json\/wp\/v2\/types\/page"}],"author":[{"embeddable":true,"href":"https:\/\/cogop.org\/pt\/wp-json\/wp\/v2\/users\/1"}],"replies":[{"embeddable":true,"href":"https:\/\/cogop.org\/pt\/wp-json\/wp\/v2\/comments?post=25497"}],"version-history":[{"count":1,"href":"https:\/\/cogop.org\/pt\/wp-json\/wp\/v2\/pages\/25497\/revisions"}],"predecessor-version":[{"id":25524,"href":"https:\/\/cogop.org\/pt\/wp-json\/wp\/v2\/pages\/25497\/revisions\/25524"}],"wp:attachment":[{"href":"https:\/\/cogop.org\/pt\/wp-json\/wp\/v2\/media?parent=25497"}],"curies":[{"name":"wp","href":"https:\/\/api.w.org\/{rel}","templated":true}]}}