{"id":25493,"date":"2025-04-02T17:31:51","date_gmt":"2025-04-02T17:31:51","guid":{"rendered":"https:\/\/cogop.org\/nossa-historia-2\/"},"modified":"2025-04-02T17:31:51","modified_gmt":"2025-04-02T17:31:51","slug":"nossa-historia-2","status":"publish","type":"page","link":"https:\/\/cogop.org\/pt\/nossa-historia-2\/","title":{"rendered":"Nossa hist\u00f3ria"},"content":{"rendered":"\t\t<div data-elementor-type=\"wp-page\" data-elementor-id=\"25493\" class=\"elementor elementor-25493 elementor-20775\" data-elementor-post-type=\"page\">\n\t\t\t\t<div class=\"elementor-element elementor-element-b9202a2 panel e-flex e-con-boxed e-con e-parent\" data-id=\"b9202a2\" data-element_type=\"container\" data-e-type=\"container\" data-settings=\"{&quot;background_background&quot;:&quot;classic&quot;}\">\n\t\t\t\t\t<div class=\"e-con-inner\">\n\t\t<div class=\"elementor-element elementor-element-09fc765 e-flex e-con-boxed e-con e-child\" data-id=\"09fc765\" data-element_type=\"container\" data-e-type=\"container\">\n\t\t\t\t\t<div class=\"e-con-inner\">\n\t\t\t\t<div class=\"elementor-element elementor-element-902e83e elementor-widget elementor-widget-text-editor\" data-id=\"902e83e\" data-element_type=\"widget\" data-e-type=\"widget\" data-widget_type=\"text-editor.default\">\n\t\t\t\t<div class=\"elementor-widget-container\">\n\t\t\t\t\t\t\t\t\t<p>Igreja de Deus da Profecia<br>e Campos do Bosque<\/p>\t\t\t\t\t\t\t\t<\/div>\n\t\t\t\t<\/div>\n\t\t\t\t\t<\/div>\n\t\t\t\t<\/div>\n\t\t\t\t\t<\/div>\n\t\t\t\t<\/div>\n\t\t<div class=\"elementor-element elementor-element-1eb43a9 panel e-flex e-con-boxed e-con e-parent\" data-id=\"1eb43a9\" data-element_type=\"container\" data-e-type=\"container\" data-settings=\"{&quot;background_background&quot;:&quot;classic&quot;}\">\n\t\t\t\t\t<div class=\"e-con-inner\">\n\t\t<div class=\"elementor-element elementor-element-afedb03 e-con-full e-flex e-con e-child\" data-id=\"afedb03\" data-element_type=\"container\" data-e-type=\"container\">\n\t\t\t\t<div class=\"elementor-element elementor-element-3236653 elementor-widget-mobile__width-initial animated-slow elementor-widget__width-initial elementor-invisible elementor-widget elementor-widget-heading\" data-id=\"3236653\" data-element_type=\"widget\" data-e-type=\"widget\" data-settings=\"{&quot;_animation&quot;:&quot;fadeIn&quot;}\" data-widget_type=\"heading.default\">\n\t\t\t\t<div class=\"elementor-widget-container\">\n\t\t\t\t\t<h2 class=\"elementor-heading-title elementor-size-default\">Nossa hist\u00f3ria<\/h2>\t\t\t\t<\/div>\n\t\t\t\t<\/div>\n\t\t\t\t<div class=\"elementor-element elementor-element-33b8200 elementor-widget elementor-widget-text-editor\" data-id=\"33b8200\" data-element_type=\"widget\" data-e-type=\"widget\" data-widget_type=\"text-editor.default\">\n\t\t\t\t<div class=\"elementor-widget-container\">\n\t\t\t\t\t\t\t\t\t<p>O Antigo Testamento cont\u00e9m muitas refer\u00eancias a altares edificados em locais onde Deus se encontrava com o homem, tais como No\u00e9 em G\u00e9nesis 8:20, Abra\u00e3o em G\u00e9nesis 27:9 e Mois\u00e9s em \u00caxodo 17:15.<\/p><figure id=\"attachment_20778\" aria-describedby=\"caption-attachment-20778\" style=\"width: 300px\" class=\"wp-caption alignleft\"><img fetchpriority=\"high\" decoding=\"async\" class=\"size-full wp-image-20778\" src=\"https:\/\/cogop.org\/wp-content\/uploads\/2025\/04\/Altar-300x227-1.png\" alt=\"\" width=\"300\" height=\"227\"><figcaption id=\"caption-attachment-20778\" class=\"wp-caption-text\">Altar no Monte da Ora\u00e7\u00e3o<\/figcaption><\/figure><p>Outras vezes, os homens edificavam altares em um local onde tinham um encontro poderoso e importante com Deus.<\/p><p>\u00c9 neste contexto que o altar no topo da montanha foi constru\u00eddo em Campos do Bosque. A. J. Tomlinson, o primeiro Supervisor Geral da Igreja de Deus\/Igreja de Deus da Profecia, veio a este local em 13 de junho de 1903 para orar. Foi aqui que ele se encontrou com Deus sobre o seu futuro e o futuro da Igreja de Deus.  <\/p><p>Um grande avivamento ocorreu na Schearer Schoolhouse, no condado de Cherokee, Carolina do Norte, em 1896, o que causou uma grande reviravolta na ordem religiosa da \u00e9poca.<\/p><figure id=\"attachment_20786\" aria-describedby=\"caption-attachment-20786\" style=\"width: 300px\" class=\"wp-caption alignright\"><img decoding=\"async\" class=\"size-medium wp-image-20786\" src=\"https:\/\/cogop.org\/wp-content\/uploads\/2025\/04\/Shearer-Schoolhouse-300x231.jpg\" alt=\"\" width=\"300\" height=\"231\" srcset=\"https:\/\/cogop.org\/wp-content\/uploads\/2025\/04\/Shearer-Schoolhouse-300x231.jpg 300w, https:\/\/cogop.org\/wp-content\/uploads\/2025\/04\/Shearer-Schoolhouse-768x592.jpg 768w, https:\/\/cogop.org\/wp-content\/uploads\/2025\/04\/Shearer-Schoolhouse.jpg 963w\" sizes=\"(max-width: 300px) 100vw, 300px\" \/><figcaption id=\"caption-attachment-20786\" class=\"wp-caption-text\">Schearer Schoolhouse, Condado de Cherokee, Carolina do Norte, 1896<\/figcaption><\/figure><p>As tradi\u00e7\u00f5es e os costumes foram desafiados quando homens como William Martin, Joe M. Tipton e Milton McNabb pregaram com un\u00e7\u00e3o as verdades da Palavra de Deus. As pessoas vinham de todos os lugares em busca de maior conhecimento de Deus. O Esp\u00edrito Santo come\u00e7ou a cair sobre essas pessoas humildes e sinceras. O entusiasmo e a influ\u00eancia desse reavivamento se espalharam de boca em boca por toda a regi\u00e3o, levando as pessoas a virem de quil\u00f4metros de dist\u00e2ncia para ouvir esses crist\u00e3os falarem em outras l\u00ednguas, \u00e0 medida que o Esp\u00edrito lhes concedia que falassem. \u00c0 medida que o fogo do avivamento se espalhava pelas montanhas, os c\u00e9ticos ficavam t\u00e3o agitados que cem perseguidores, incluindo ministros, di\u00e1conos, administradores, um juiz de paz, um xerife e muitos outros, destru\u00edram e queimaram a escola onde eles estavam se reunindo.    <\/p><p>A obra de reforma e restaura\u00e7\u00e3o continuou com um fervor ainda maior sob essa persegui\u00e7\u00e3o. Esses primeiros pioneiros da f\u00e9 persistiram em sua busca pela Palavra de Deus. Foi nessa \u00e9poca que um dos primeiros l\u00edderes do movimento, Richard Spurling, convocou uma reuni\u00e3o com esses homens e mulheres. Ele apresentou uma mensagem ousada que pedia uma reforma total. Os presentes foram tocados por sua mensagem cheia do Esp\u00edrito e endossaram totalmente suas recomenda\u00e7\u00f5es.    <\/p><p>\u201cTodos os crist\u00e3os presentes que desejem libertar-se de quaisquer credos e tradi\u00e7\u00f5es criados pelo homem, e que estejam dispostos a tomar o Novo Testamento, ou a lei de Cristo, como sua \u00fanica regra de f\u00e9 e pr\u00e1tica; dando uns aos outros direitos e privil\u00e9gios iguais para lerem e interpretarem por si mesmos como a sua consci\u00eancia determinar, e que estejam dispostos a se reunir como a Igreja de Deus para tratar de assuntos da mesma, venham \u00e0 frente&#8221;.<\/p><p>Oito pessoas responderam e formaram a organiza\u00e7\u00e3o chamada &#8220;Uni\u00e3o Crist\u00e3&#8221;. Esse grupo nunca obteve grande sucesso, mas, historicamente, foi o in\u00edcio de um movimento que hoje se estende por todo o mundo. <\/p><p>Com a morte de Richard Spurling, seu filho, Richard G. Spurling, tornou-se o l\u00edder da organiza\u00e7\u00e3o. Em 1902, ap\u00f3s muitas lutas, a organiza\u00e7\u00e3o adotou um plano de governo da igreja e deu in\u00edcio a uma nova igreja chamada \u201cIgreja de Santidade de Camp Creek\u201d. A cr\u00edtica e a descren\u00e7a impediram o crescimento da igreja, e parecia ser quase uma luta mortal para manter a organiza\u00e7\u00e3o unida. N\u00e3o houve aumento de membros naquele primeiro ano.   <\/p><p>Naquele mesmo ano, dois pregadores, Ambrose Jessup (A. J.) Tomlinson e J. B. Mitchell, foram ao oeste da Carolina do Norte distribuir B\u00edblias para a Sociedade B\u00edblica Americana. Eles pregavam e estudavam a Palavra com as pessoas que viviam nas montanhas da regi\u00e3o. Esses homens trabalharam em condi\u00e7\u00f5es extremamente dif\u00edceis para levar a Palavra \u00e0s pessoas que viviam na regi\u00e3o.  <\/p><figure id=\"attachment_20782\" aria-describedby=\"caption-attachment-20782\" style=\"width: 252px\" class=\"wp-caption alignright\"><img decoding=\"async\" class=\"wp-image-20782 size-full\" src=\"https:\/\/cogop.org\/wp-content\/uploads\/2025\/04\/bryant_home.jpeg\" alt=\"\" width=\"252\" height=\"200\"><figcaption id=\"caption-attachment-20782\" class=\"wp-caption-text\">Casa de W. F. Bryant, 1903<\/figcaption><\/figure><p>Quando A. J. Tomlinson conheceu a Igreja de Santidade de Camp Creek, encontrou um grupo de crist\u00e3os adorando conscientemente, com o Esp\u00edrito de Deus movendo-se livremente entre eles. Imediatamente, ele detectou uma forte ades\u00e3o aos ensinamentos da Palavra. Ele se viu voltando v\u00e1rias vezes para adorar e estudar a Palavra de Deus com esse pessoal das montanhas. Esse grupo tinha um forte sentimento de que deveria ser reservado um tempo para o estudo das Escrituras, em um esfor\u00e7o para obter maior entendimento b\u00edblico. Um tempo para o estudo foi convocado para 13 de junho de 1903, na casa de W. F. Bryant.    <\/p><p>A. J. Tomlinson passou a noite de 12 de junho na casa dos Bryant. Ele acordou cedo na manh\u00e3 seguinte e subiu at\u00e9 o topo da montanha atr\u00e1s da casa deles para orar. O local onde ele orou \u00e9 onde hoje se encontra o marco do Local de Ora\u00e7\u00e3o. Depois de orar, ele foi movido pelo Esp\u00edrito a fazer alguma coisa. Ele voltou \u00e0 casa dos Bryant para a reuni\u00e3o.    <\/p><p>Refletindo sobre a reuni\u00e3o de 13 de junho de 1903, Tomlinson declarou: \u201cAprendi mais sobre a organiza\u00e7\u00e3o nessa \u00e9poca e, quando compreendi plenamente que eles pretendiam defender toda a B\u00edblia corretamente dividida e tomar o Novo Testamento como sua \u00fanica regra de f\u00e9 e pr\u00e1tica, isso me atraiu e fiquei imediatamente muito interessado. Fiz as perguntas e foram dadas respostas b\u00edblicas que satisfizeram perfeitamente todas as minhas indaga\u00e7\u00f5es. Ent\u00e3o eu disse: &#8216;Isso significa que essa \u00e9 a Igreja de Deus&#8217;. Eles concordaram com isso. Ent\u00e3o me aventurei a perguntar se eles estariam dispostos a me receber na igreja com o entendimento de que ela \u00e9 a Igreja de Deus da B\u00edblia. Eles estavam dispostos e logo prosseguiram na ordem normal. Assumi a obriga\u00e7\u00e3o com profunda sinceridade e extrema santidade para nunca mais ser esquecida.\u201d<\/p><p>Naquela reuni\u00e3o de 13 de junho, foi feito um estudo cuidadoso da ordem de governo do Novo Testamento. A. J. Tomlinson se tornou um dos l\u00edderes mais formid\u00e1veis da igreja, come\u00e7ando aqui como pastor. Em 1906, Tomlinson se tornou o Moderador Geral da Igreja, e o nome \u201cIgreja de Deus\u201d foi oficialmente adotado no ano seguinte.  <\/p>\t\t\t\t\t\t\t\t<\/div>\n\t\t\t\t<\/div>\n\t\t\t\t<\/div>\n\t\t\t\t\t<\/div>\n\t\t\t\t<\/div>\n\t\t<div class=\"elementor-element elementor-element-6cf28f5 panel e-flex e-con-boxed e-con e-parent\" data-id=\"6cf28f5\" data-element_type=\"container\" data-e-type=\"container\" data-settings=\"{&quot;background_background&quot;:&quot;classic&quot;}\">\n\t\t\t\t\t<div class=\"e-con-inner\">\n\t\t<div class=\"elementor-element elementor-element-0e52d34 e-con-full e-flex e-con e-child\" data-id=\"0e52d34\" data-element_type=\"container\" data-e-type=\"container\">\n\t\t\t\t<div class=\"elementor-element elementor-element-d720436 elementor-widget-mobile__width-initial animated-slow elementor-widget__width-initial elementor-invisible elementor-widget elementor-widget-heading\" data-id=\"d720436\" data-element_type=\"widget\" data-e-type=\"widget\" data-settings=\"{&quot;_animation&quot;:&quot;fadeIn&quot;}\" data-widget_type=\"heading.default\">\n\t\t\t\t<div class=\"elementor-widget-container\">\n\t\t\t\t\t<h2 class=\"elementor-heading-title elementor-size-default\">Nossa hist\u00f3ria<\/h2>\t\t\t\t<\/div>\n\t\t\t\t<\/div>\n\t\t\t\t<div class=\"elementor-element elementor-element-5d31d70 elementor-widget elementor-widget-text-editor\" data-id=\"5d31d70\" data-element_type=\"widget\" data-e-type=\"widget\" data-widget_type=\"text-editor.default\">\n\t\t\t\t<div class=\"elementor-widget-container\">\n\t\t\t\t\t\t\t\t\t<p>O Campos do Bosque \u00e9 administrado pelo Minist\u00e9rio do Patrim\u00f4nio, um departamento da Igreja de Deus da Profecia. Esse belo e b\u00edblico parque ao ar livre est\u00e1 localizado em mais de duzentos acres de terra nas encostas das Great Smoky Mountains. <\/p><figure id=\"attachment_20822\" aria-describedby=\"caption-attachment-20822\" style=\"width: 185px\" class=\"wp-caption alignleft\"><img loading=\"lazy\" decoding=\"async\" class=\"size-full wp-image-20822\" src=\"https:\/\/cogop.org\/wp-content\/uploads\/2025\/04\/praying_AJT.jpeg\" alt=\"\" width=\"185\" height=\"256\"><figcaption id=\"caption-attachment-20822\" class=\"wp-caption-text\">A. J. Tomlinson<\/figcaption><\/figure><p>O primeiro marco tempor\u00e1rio foi erguido em 15 de novembro de 1940, no local da estrutura de m\u00e1rmore e concreto, agora permanente, conhecida como marco Arise Shine. Esse foi o in\u00edcio de um projeto incr\u00edvel. Tr\u00eas outros marcos tempor\u00e1rios foram colocados antes da constru\u00e7\u00e3o permanente atual, que come\u00e7ou em 1943.  <\/p><p>A hist\u00f3ria de Campos do Bosque e a biografia de A. J. Tomlinson est\u00e3o inextricavelmente entrela\u00e7adas. \u00c9 imposs\u00edvel falar de um sem mencionar o outro. Desde o marco Arise Shine, localizado no local da casa de Bryant, onde Tomlinson se juntou \u00e0 organiza\u00e7\u00e3o que veio a ser conhecida como a Igreja de Deus da Profecia, at\u00e9 a Cruz de Todas as Na\u00e7\u00f5es, a influ\u00eancia de Tomlinson est\u00e1 presente em todo o parque.  <\/p><p>A. J. Tomlinson, Supervisor Geral da Igreja de Deus da Profecia at\u00e9 sua morte em 1943, dirigiu pessoalmente grande parte da constru\u00e7\u00e3o inicial. M. A. Tomlinson, filho de A. J. Tomlinson, e outros l\u00edderes da igreja deram continuidade a esse grande projeto ap\u00f3s a morte de A. J. Tomlinson. Muitos dos marcos que voc\u00ea v\u00ea hoje foram projetados por L. S. Rhodes. Seu maior projeto s\u00e3o os marcos dos Dez Mandamentos e do Novo Testamento.   <\/p>\t\t\t\t\t\t\t\t<\/div>\n\t\t\t\t<\/div>\n\t\t\t\t<\/div>\n\t\t\t\t\t<\/div>\n\t\t\t\t<\/div>\n\t\t\t\t<\/div>\n\t\t","protected":false},"excerpt":{"rendered":"<p>Igreja de Deus da Profeciae Campos do Bosque Nossa hist\u00f3ria O Antigo Testamento cont\u00e9m muitas refer\u00eancias a altares edificados em locais onde Deus se encontrava com o homem, tais como No\u00e9 em G\u00e9nesis 8:20, Abra\u00e3o em G\u00e9nesis 27:9 e Mois\u00e9s em \u00caxodo 17:15. Outras vezes, os homens edificavam altares em um local onde tinham um [&hellip;]<\/p>\n","protected":false},"author":3,"featured_media":0,"parent":0,"menu_order":0,"comment_status":"closed","ping_status":"closed","template":"","meta":{"_acf_changed":false,"_monsterinsights_skip_tracking":false,"_monsterinsights_sitenote_active":false,"_monsterinsights_sitenote_note":"","_monsterinsights_sitenote_category":0,"_uf_show_specific_survey":0,"_uf_disable_surveys":false,"footnotes":""},"class_list":["post-25493","page","type-page","status-publish","hentry"],"acf":[],"yoast_head":"<!-- This site is optimized with the Yoast SEO plugin v27.4 - https:\/\/yoast.com\/product\/yoast-seo-wordpress\/ -->\n<title>Nossa hist\u00f3ria | COGOP<\/title>\n<meta name=\"robots\" content=\"index, follow, max-snippet:-1, max-image-preview:large, max-video-preview:-1\" \/>\n<link rel=\"canonical\" href=\"https:\/\/cogop.org\/pt\/nossa-historia-2\/\" \/>\n<meta property=\"og:locale\" content=\"pt_PT\" \/>\n<meta property=\"og:type\" content=\"article\" \/>\n<meta property=\"og:title\" content=\"Nossa hist\u00f3ria | COGOP\" \/>\n<meta property=\"og:description\" content=\"Igreja de Deus da Profeciae Campos do Bosque Nossa hist\u00f3ria O Antigo Testamento cont\u00e9m muitas refer\u00eancias a altares edificados em locais onde Deus se encontrava com o homem, tais como No\u00e9 em G\u00e9nesis 8:20, Abra\u00e3o em G\u00e9nesis 27:9 e Mois\u00e9s em \u00caxodo 17:15. Outras vezes, os homens edificavam altares em um local onde tinham um [&hellip;]\" \/>\n<meta property=\"og:url\" content=\"https:\/\/cogop.org\/pt\/nossa-historia-2\/\" \/>\n<meta property=\"og:site_name\" content=\"COGOP\" \/>\n<meta property=\"article:publisher\" content=\"https:\/\/www.facebook.com\/cogop\" \/>\n<meta property=\"og:image\" content=\"https:\/\/cogop.org\/wp-content\/uploads\/2025\/04\/Altar-300x227-1.png\" \/>\n<meta name=\"twitter:card\" content=\"summary_large_image\" \/>\n<meta name=\"twitter:site\" content=\"@cogop\" \/>\n<meta name=\"twitter:label1\" content=\"Est. reading time\" \/>\n\t<meta name=\"twitter:data1\" content=\"7 minutos\" \/>\n<script type=\"application\/ld+json\" class=\"yoast-schema-graph\">{\"@context\":\"https:\\\/\\\/schema.org\",\"@graph\":[{\"@type\":\"WebPage\",\"@id\":\"https:\\\/\\\/cogop.org\\\/pt\\\/nossa-historia-2\\\/\",\"url\":\"https:\\\/\\\/cogop.org\\\/pt\\\/nossa-historia-2\\\/\",\"name\":\"Nossa hist\u00f3ria | COGOP\",\"isPartOf\":{\"@id\":\"https:\\\/\\\/cogop.org\\\/#website\"},\"primaryImageOfPage\":{\"@id\":\"https:\\\/\\\/cogop.org\\\/pt\\\/nossa-historia-2\\\/#primaryimage\"},\"image\":{\"@id\":\"https:\\\/\\\/cogop.org\\\/pt\\\/nossa-historia-2\\\/#primaryimage\"},\"thumbnailUrl\":\"https:\\\/\\\/cogop.org\\\/wp-content\\\/uploads\\\/2025\\\/04\\\/Altar-300x227-1.png\",\"datePublished\":\"2025-04-02T17:31:51+00:00\",\"inLanguage\":\"pt-AO\",\"potentialAction\":[{\"@type\":\"ReadAction\",\"target\":[\"https:\\\/\\\/cogop.org\\\/pt\\\/nossa-historia-2\\\/\"]}]},{\"@type\":\"ImageObject\",\"inLanguage\":\"pt-AO\",\"@id\":\"https:\\\/\\\/cogop.org\\\/pt\\\/nossa-historia-2\\\/#primaryimage\",\"url\":\"https:\\\/\\\/cogop.org\\\/wp-content\\\/uploads\\\/2025\\\/04\\\/Altar-300x227-1.png\",\"contentUrl\":\"https:\\\/\\\/cogop.org\\\/wp-content\\\/uploads\\\/2025\\\/04\\\/Altar-300x227-1.png\"},{\"@type\":\"BreadcrumbList\",\"@id\":\"https:\\\/\\\/cogop.org\\\/pt\\\/nossa-historia-2\\\/#breadcrumb\",\"itemListElement\":[{\"@type\":\"ListItem\",\"position\":1,\"name\":\"Home\",\"item\":\"https:\\\/\\\/cogop.org\\\/fr\\\/\"},{\"@type\":\"ListItem\",\"position\":2,\"name\":\"Nossa hist\u00f3ria\"}]},{\"@type\":\"WebSite\",\"@id\":\"https:\\\/\\\/cogop.org\\\/#website\",\"url\":\"https:\\\/\\\/cogop.org\\\/\",\"name\":\"Church of God of Prophecy\",\"description\":\"Reconciling the World to Christ\",\"publisher\":{\"@id\":\"https:\\\/\\\/cogop.org\\\/#organization\"},\"alternateName\":\"COGOP\",\"potentialAction\":[{\"@type\":\"SearchAction\",\"target\":{\"@type\":\"EntryPoint\",\"urlTemplate\":\"https:\\\/\\\/cogop.org\\\/?s={search_term_string}\"},\"query-input\":{\"@type\":\"PropertyValueSpecification\",\"valueRequired\":true,\"valueName\":\"search_term_string\"}}],\"inLanguage\":\"pt-AO\"},{\"@type\":\"Organization\",\"@id\":\"https:\\\/\\\/cogop.org\\\/#organization\",\"name\":\"Church of God of Prophecy\",\"alternateName\":\"COGOP\",\"url\":\"https:\\\/\\\/cogop.org\\\/\",\"logo\":{\"@type\":\"ImageObject\",\"inLanguage\":\"pt-AO\",\"@id\":\"https:\\\/\\\/cogop.org\\\/#\\\/schema\\\/logo\\\/image\\\/\",\"url\":\"https:\\\/\\\/cogop.org\\\/wp-content\\\/uploads\\\/2025\\\/01\\\/logo-cogop.webp\",\"contentUrl\":\"https:\\\/\\\/cogop.org\\\/wp-content\\\/uploads\\\/2025\\\/01\\\/logo-cogop.webp\",\"width\":500,\"height\":118,\"caption\":\"Church of God of Prophecy\"},\"image\":{\"@id\":\"https:\\\/\\\/cogop.org\\\/#\\\/schema\\\/logo\\\/image\\\/\"},\"sameAs\":[\"https:\\\/\\\/www.facebook.com\\\/cogop\",\"https:\\\/\\\/x.com\\\/cogop\",\"https:\\\/\\\/www.instagram.com\\\/cogoppics\\\/\",\"https:\\\/\\\/www.youtube.com\\\/@COGOPMedia\",\"https:\\\/\\\/open.spotify.com\\\/user\\\/g1d13yyaprw0wrr2woer8edyp?si=a32b364b555f4d4d\"]}]}<\/script>\n<!-- \/ Yoast SEO plugin. -->","yoast_head_json":{"title":"Nossa hist\u00f3ria | COGOP","robots":{"index":"index","follow":"follow","max-snippet":"max-snippet:-1","max-image-preview":"max-image-preview:large","max-video-preview":"max-video-preview:-1"},"canonical":"https:\/\/cogop.org\/pt\/nossa-historia-2\/","og_locale":"pt_PT","og_type":"article","og_title":"Nossa hist\u00f3ria | COGOP","og_description":"Igreja de Deus da Profeciae Campos do Bosque Nossa hist\u00f3ria O Antigo Testamento cont\u00e9m muitas refer\u00eancias a altares edificados em locais onde Deus se encontrava com o homem, tais como No\u00e9 em G\u00e9nesis 8:20, Abra\u00e3o em G\u00e9nesis 27:9 e Mois\u00e9s em \u00caxodo 17:15. Outras vezes, os homens edificavam altares em um local onde tinham um [&hellip;]","og_url":"https:\/\/cogop.org\/pt\/nossa-historia-2\/","og_site_name":"COGOP","article_publisher":"https:\/\/www.facebook.com\/cogop","og_image":[{"url":"https:\/\/cogop.org\/wp-content\/uploads\/2025\/04\/Altar-300x227-1.png","type":"","width":"","height":""}],"twitter_card":"summary_large_image","twitter_site":"@cogop","twitter_misc":{"Est. reading time":"7 minutos"},"schema":{"@context":"https:\/\/schema.org","@graph":[{"@type":"WebPage","@id":"https:\/\/cogop.org\/pt\/nossa-historia-2\/","url":"https:\/\/cogop.org\/pt\/nossa-historia-2\/","name":"Nossa hist\u00f3ria | COGOP","isPartOf":{"@id":"https:\/\/cogop.org\/#website"},"primaryImageOfPage":{"@id":"https:\/\/cogop.org\/pt\/nossa-historia-2\/#primaryimage"},"image":{"@id":"https:\/\/cogop.org\/pt\/nossa-historia-2\/#primaryimage"},"thumbnailUrl":"https:\/\/cogop.org\/wp-content\/uploads\/2025\/04\/Altar-300x227-1.png","datePublished":"2025-04-02T17:31:51+00:00","inLanguage":"pt-AO","potentialAction":[{"@type":"ReadAction","target":["https:\/\/cogop.org\/pt\/nossa-historia-2\/"]}]},{"@type":"ImageObject","inLanguage":"pt-AO","@id":"https:\/\/cogop.org\/pt\/nossa-historia-2\/#primaryimage","url":"https:\/\/cogop.org\/wp-content\/uploads\/2025\/04\/Altar-300x227-1.png","contentUrl":"https:\/\/cogop.org\/wp-content\/uploads\/2025\/04\/Altar-300x227-1.png"},{"@type":"BreadcrumbList","@id":"https:\/\/cogop.org\/pt\/nossa-historia-2\/#breadcrumb","itemListElement":[{"@type":"ListItem","position":1,"name":"Home","item":"https:\/\/cogop.org\/fr\/"},{"@type":"ListItem","position":2,"name":"Nossa hist\u00f3ria"}]},{"@type":"WebSite","@id":"https:\/\/cogop.org\/#website","url":"https:\/\/cogop.org\/","name":"Church of God of Prophecy","description":"Reconciling the World to Christ","publisher":{"@id":"https:\/\/cogop.org\/#organization"},"alternateName":"COGOP","potentialAction":[{"@type":"SearchAction","target":{"@type":"EntryPoint","urlTemplate":"https:\/\/cogop.org\/?s={search_term_string}"},"query-input":{"@type":"PropertyValueSpecification","valueRequired":true,"valueName":"search_term_string"}}],"inLanguage":"pt-AO"},{"@type":"Organization","@id":"https:\/\/cogop.org\/#organization","name":"Church of God of Prophecy","alternateName":"COGOP","url":"https:\/\/cogop.org\/","logo":{"@type":"ImageObject","inLanguage":"pt-AO","@id":"https:\/\/cogop.org\/#\/schema\/logo\/image\/","url":"https:\/\/cogop.org\/wp-content\/uploads\/2025\/01\/logo-cogop.webp","contentUrl":"https:\/\/cogop.org\/wp-content\/uploads\/2025\/01\/logo-cogop.webp","width":500,"height":118,"caption":"Church of God of Prophecy"},"image":{"@id":"https:\/\/cogop.org\/#\/schema\/logo\/image\/"},"sameAs":["https:\/\/www.facebook.com\/cogop","https:\/\/x.com\/cogop","https:\/\/www.instagram.com\/cogoppics\/","https:\/\/www.youtube.com\/@COGOPMedia","https:\/\/open.spotify.com\/user\/g1d13yyaprw0wrr2woer8edyp?si=a32b364b555f4d4d"]}]}},"_links":{"self":[{"href":"https:\/\/cogop.org\/pt\/wp-json\/wp\/v2\/pages\/25493","targetHints":{"allow":["GET"]}}],"collection":[{"href":"https:\/\/cogop.org\/pt\/wp-json\/wp\/v2\/pages"}],"about":[{"href":"https:\/\/cogop.org\/pt\/wp-json\/wp\/v2\/types\/page"}],"author":[{"embeddable":true,"href":"https:\/\/cogop.org\/pt\/wp-json\/wp\/v2\/users\/3"}],"replies":[{"embeddable":true,"href":"https:\/\/cogop.org\/pt\/wp-json\/wp\/v2\/comments?post=25493"}],"version-history":[{"count":0,"href":"https:\/\/cogop.org\/pt\/wp-json\/wp\/v2\/pages\/25493\/revisions"}],"wp:attachment":[{"href":"https:\/\/cogop.org\/pt\/wp-json\/wp\/v2\/media?parent=25493"}],"curies":[{"name":"wp","href":"https:\/\/api.w.org\/{rel}","templated":true}]}}