{"id":24675,"date":"2025-05-27T15:09:33","date_gmt":"2025-05-27T15:09:33","guid":{"rendered":"https:\/\/cogop.org\/wwm-archive\/"},"modified":"2026-04-23T20:08:38","modified_gmt":"2026-04-23T20:08:38","slug":"wwm-archive","status":"publish","type":"page","link":"https:\/\/cogop.org\/fr\/wwm-archive\/","title":{"rendered":"WWM Archive"},"content":{"rendered":"\t\t<div data-elementor-type=\"wp-page\" data-elementor-id=\"24675\" class=\"elementor elementor-24675 elementor-23770\" data-elementor-post-type=\"page\">\n\t\t\t\t<div class=\"elementor-element elementor-element-77e69f0 e-flex e-con-boxed e-con e-child\" data-id=\"77e69f0\" data-element_type=\"container\" data-e-type=\"container\" data-settings=\"{&quot;background_background&quot;:&quot;classic&quot;}\">\n\t\t\t\t\t<div class=\"e-con-inner\">\n\t\t\t\t<div class=\"elementor-element elementor-element-6905d53 elementor-widget__width-initial elementor-widget-mobile__width-inherit elementor-widget elementor-widget-heading\" data-id=\"6905d53\" data-element_type=\"widget\" data-e-type=\"widget\" data-widget_type=\"heading.default\">\n\t\t\t\t<div class=\"elementor-widget-container\">\n\t\t\t\t\t<h2 class=\"elementor-heading-title elementor-size-default\">White Wing Messenger<\/h2>\t\t\t\t<\/div>\n\t\t\t\t<\/div>\n\t\t\t\t<div class=\"elementor-element elementor-element-f15aadf elementor-widget__width-inherit elementor-widget-mobile__width-initial elementor-widget elementor-widget-heading\" data-id=\"f15aadf\" data-element_type=\"widget\" data-e-type=\"widget\" data-widget_type=\"heading.default\">\n\t\t\t\t<div class=\"elementor-widget-container\">\n\t\t\t\t\t<div class=\"elementor-heading-title elementor-size-default\">These are the articles of the edition of avril\nof 2026<\/div>\t\t\t\t<\/div>\n\t\t\t\t<\/div>\n\t\t\t\t\t<\/div>\n\t\t\t\t<\/div>\n\t\t<div class=\"elementor-element elementor-element-48d46c5 panel e-flex e-con-boxed e-con e-parent\" data-id=\"48d46c5\" data-element_type=\"container\" data-e-type=\"container\" data-settings=\"{&quot;background_background&quot;:&quot;classic&quot;}\">\n\t\t\t\t\t<div class=\"e-con-inner\">\n\t\t\t\t<div class=\"elementor-element elementor-element-94b3edb elementor-grid-3 elementor-grid-tablet-2 elementor-grid-mobile-1 elementor-posts--thumbnail-top elementor-card-shadow-yes elementor-posts__hover-gradient elementor-widget elementor-widget-posts\" data-id=\"94b3edb\" data-element_type=\"widget\" data-e-type=\"widget\" data-settings=\"{&quot;pagination_type&quot;:&quot;numbers&quot;,&quot;cards_columns&quot;:&quot;3&quot;,&quot;cards_columns_tablet&quot;:&quot;2&quot;,&quot;cards_columns_mobile&quot;:&quot;1&quot;,&quot;cards_row_gap&quot;:{&quot;unit&quot;:&quot;px&quot;,&quot;size&quot;:35,&quot;sizes&quot;:[]},&quot;cards_row_gap_tablet&quot;:{&quot;unit&quot;:&quot;px&quot;,&quot;size&quot;:&quot;&quot;,&quot;sizes&quot;:[]},&quot;cards_row_gap_mobile&quot;:{&quot;unit&quot;:&quot;px&quot;,&quot;size&quot;:&quot;&quot;,&quot;sizes&quot;:[]}}\" data-widget_type=\"posts.cards\">\n\t\t\t\t<div class=\"elementor-widget-container\">\n\t\t\t\t\t\t\t<div class=\"elementor-posts-container elementor-posts elementor-posts--skin-cards elementor-grid\" role=\"list\">\n\t\t\t\t<article class=\"elementor-post elementor-grid-item post-33888 post type-post status-publish format-standard has-post-thumbnail hentry category-cest-mon-histoire tag-le-messager-a-laile-blanche\" role=\"listitem\">\n\t\t\t<div class=\"elementor-post__card\">\n\t\t\t\t<a class=\"elementor-post__thumbnail__link\" href=\"https:\/\/cogop.org\/fr\/une-lecon-de-mon-chien-pourri-gate\/\" tabindex=\"-1\" ><div class=\"elementor-post__thumbnail\"><img fetchpriority=\"high\" decoding=\"async\" width=\"230\" height=\"300\" src=\"https:\/\/cogop.org\/wp-content\/uploads\/2026\/03\/TIMS.DeeHusbandDogs-230x300.jpeg\" class=\"attachment-medium size-medium wp-image-33887\" alt=\"\" srcset=\"https:\/\/cogop.org\/wp-content\/uploads\/2026\/03\/TIMS.DeeHusbandDogs-230x300.jpeg 230w, https:\/\/cogop.org\/wp-content\/uploads\/2026\/03\/TIMS.DeeHusbandDogs-785x1024.jpeg 785w, https:\/\/cogop.org\/wp-content\/uploads\/2026\/03\/TIMS.DeeHusbandDogs-768x1002.jpeg 768w, https:\/\/cogop.org\/wp-content\/uploads\/2026\/03\/TIMS.DeeHusbandDogs-1177x1536.jpeg 1177w, https:\/\/cogop.org\/wp-content\/uploads\/2026\/03\/TIMS.DeeHusbandDogs.jpeg 1284w\" sizes=\"(max-width: 230px) 100vw, 230px\" \/><\/div><\/a>\n\t\t\t\t<div class=\"elementor-post__badge\">C&#039;est mon histoire<\/div>\n\t\t\t\t<div class=\"elementor-post__text\">\n\t\t\t\t<h3 class=\"elementor-post__title\">\n\t\t\t<a href=\"https:\/\/cogop.org\/fr\/une-lecon-de-mon-chien-pourri-gate\/\" >\n\t\t\t\tUne le\u00e7on de mon chien pourri g\u00e2t\u00e9\t\t\t<\/a>\n\t\t<\/h3>\n\t\t\t\t<div class=\"elementor-post__excerpt\">\n\t\t\t<p>C\u2019\u00e9tait un dimanche apr\u00e8s-midi paresseux. Je sautai sur le lit et me blottissais avec mon caniche noir de 15 kilogrammes, Mayflower. Alors qu\u2019elle \u00e9tait allong\u00e9e<\/p>\n\t\t<\/div>\n\t\t\t\t<\/div>\n\t\t\t\t<div class=\"elementor-post__meta-data\">\n\t\t\t\t\t<span class=\"elementor-post-date\">\n\t\t\t14 avril 2026\t\t<\/span>\n\t\t\t\t<\/div>\n\t\t\t\t\t<\/div>\n\t\t<\/article>\n\t\t\t\t<article class=\"elementor-post elementor-grid-item post-33886 post type-post status-publish format-standard has-post-thumbnail hentry category-a-la-table-du-pasteur tag-le-messager-a-laile-blanche\" role=\"listitem\">\n\t\t\t<div class=\"elementor-post__card\">\n\t\t\t\t<a class=\"elementor-post__thumbnail__link\" href=\"https:\/\/cogop.org\/fr\/sensibilisation-numerique-simplifiee-pour-les-petites-eglises\/\" tabindex=\"-1\" ><div class=\"elementor-post__thumbnail\"><img decoding=\"async\" width=\"300\" height=\"300\" src=\"https:\/\/cogop.org\/wp-content\/uploads\/2026\/03\/an-indispensable-device-in-modern-times-2026-01-09-11-14-39-utc-300x300.jpg\" class=\"attachment-medium size-medium wp-image-33885\" alt=\"\" srcset=\"https:\/\/cogop.org\/wp-content\/uploads\/2026\/03\/an-indispensable-device-in-modern-times-2026-01-09-11-14-39-utc-300x300.jpg 300w, https:\/\/cogop.org\/wp-content\/uploads\/2026\/03\/an-indispensable-device-in-modern-times-2026-01-09-11-14-39-utc-1024x1024.jpg 1024w, https:\/\/cogop.org\/wp-content\/uploads\/2026\/03\/an-indispensable-device-in-modern-times-2026-01-09-11-14-39-utc-150x150.jpg 150w, https:\/\/cogop.org\/wp-content\/uploads\/2026\/03\/an-indispensable-device-in-modern-times-2026-01-09-11-14-39-utc-768x768.jpg 768w, https:\/\/cogop.org\/wp-content\/uploads\/2026\/03\/an-indispensable-device-in-modern-times-2026-01-09-11-14-39-utc-1536x1536.jpg 1536w, https:\/\/cogop.org\/wp-content\/uploads\/2026\/03\/an-indispensable-device-in-modern-times-2026-01-09-11-14-39-utc-2048x2048.jpg 2048w\" sizes=\"(max-width: 300px) 100vw, 300px\" \/><\/div><\/a>\n\t\t\t\t<div class=\"elementor-post__badge\">\u00c0 la table du pasteur<\/div>\n\t\t\t\t<div class=\"elementor-post__text\">\n\t\t\t\t<h3 class=\"elementor-post__title\">\n\t\t\t<a href=\"https:\/\/cogop.org\/fr\/sensibilisation-numerique-simplifiee-pour-les-petites-eglises\/\" >\n\t\t\t\tSensibilisation num\u00e9rique simplifi\u00e9e pour les petites \u00e9glises\t\t\t<\/a>\n\t\t<\/h3>\n\t\t\t\t<div class=\"elementor-post__excerpt\">\n\t\t\t<p>L\u2019objectif des chr\u00e9tiens est toujours le m\u00eame : nous travaillons avec passion \u00e0 faire grandir le royaume de Dieu en partageant la bonne nouvelle. Les<\/p>\n\t\t<\/div>\n\t\t\t\t<\/div>\n\t\t\t\t<div class=\"elementor-post__meta-data\">\n\t\t\t\t\t<span class=\"elementor-post-date\">\n\t\t\t13 avril 2026\t\t<\/span>\n\t\t\t\t<\/div>\n\t\t\t\t\t<\/div>\n\t\t<\/article>\n\t\t\t\t<article class=\"elementor-post elementor-grid-item post-33862 post type-post status-publish format-standard has-post-thumbnail hentry category-connections tag-le-messager-a-laile-blanche\" role=\"listitem\">\n\t\t\t<div class=\"elementor-post__card\">\n\t\t\t\t<a class=\"elementor-post__thumbnail__link\" href=\"https:\/\/cogop.org\/fr\/temoignages-de-leurasie-et-moyen-orient\/\" tabindex=\"-1\" ><div class=\"elementor-post__thumbnail\"><img decoding=\"async\" width=\"300\" height=\"200\" src=\"https:\/\/cogop.org\/wp-content\/uploads\/2026\/04\/DSC09473-300x200.jpg\" class=\"attachment-medium size-medium wp-image-33861\" alt=\"\" srcset=\"https:\/\/cogop.org\/wp-content\/uploads\/2026\/04\/DSC09473-300x200.jpg 300w, https:\/\/cogop.org\/wp-content\/uploads\/2026\/04\/DSC09473-1024x683.jpg 1024w, https:\/\/cogop.org\/wp-content\/uploads\/2026\/04\/DSC09473-768x512.jpg 768w, https:\/\/cogop.org\/wp-content\/uploads\/2026\/04\/DSC09473-1536x1024.jpg 1536w, https:\/\/cogop.org\/wp-content\/uploads\/2026\/04\/DSC09473.jpg 2048w\" sizes=\"(max-width: 300px) 100vw, 300px\" \/><\/div><\/a>\n\t\t\t\t<div class=\"elementor-post__badge\">Connections<\/div>\n\t\t\t\t<div class=\"elementor-post__text\">\n\t\t\t\t<h3 class=\"elementor-post__title\">\n\t\t\t<a href=\"https:\/\/cogop.org\/fr\/temoignages-de-leurasie-et-moyen-orient\/\" >\n\t\t\t\tT\u00e9moignages de l&rsquo;Eurasie et Moyen-Orient\t\t\t<\/a>\n\t\t<\/h3>\n\t\t\t\t<div class=\"elementor-post__excerpt\">\n\t\t\t<p>Tandis que nous cherchons \u00e0 r\u00e9concilier le monde avec Christ par la puissance du SaintEsprit, Dieu est en mouvement dans la r\u00e9gion de l&rsquo;Eurasie et<\/p>\n\t\t<\/div>\n\t\t\t\t<\/div>\n\t\t\t\t<div class=\"elementor-post__meta-data\">\n\t\t\t\t\t<span class=\"elementor-post-date\">\n\t\t\t10 avril 2026\t\t<\/span>\n\t\t\t\t<\/div>\n\t\t\t\t\t<\/div>\n\t\t<\/article>\n\t\t\t\t<article class=\"elementor-post elementor-grid-item post-33866 post type-post status-publish format-standard has-post-thumbnail hentry category-article tag-le-messager-a-laile-blanche\" role=\"listitem\">\n\t\t\t<div class=\"elementor-post__card\">\n\t\t\t\t<a class=\"elementor-post__thumbnail__link\" href=\"https:\/\/cogop.org\/fr\/le-baiser-divin-la-ou-le-ciel-et-la-terre-sembrassent\/\" tabindex=\"-1\" ><div class=\"elementor-post__thumbnail\"><img loading=\"lazy\" decoding=\"async\" width=\"300\" height=\"201\" src=\"https:\/\/cogop.org\/wp-content\/uploads\/2026\/03\/kaushik-panchal-0juC5JIhPks-unsplash-300x201.jpg\" class=\"attachment-medium size-medium wp-image-33865\" alt=\"\" srcset=\"https:\/\/cogop.org\/wp-content\/uploads\/2026\/03\/kaushik-panchal-0juC5JIhPks-unsplash-300x201.jpg 300w, https:\/\/cogop.org\/wp-content\/uploads\/2026\/03\/kaushik-panchal-0juC5JIhPks-unsplash-1024x686.jpg 1024w, https:\/\/cogop.org\/wp-content\/uploads\/2026\/03\/kaushik-panchal-0juC5JIhPks-unsplash-768x514.jpg 768w, https:\/\/cogop.org\/wp-content\/uploads\/2026\/03\/kaushik-panchal-0juC5JIhPks-unsplash-1536x1028.jpg 1536w, https:\/\/cogop.org\/wp-content\/uploads\/2026\/03\/kaushik-panchal-0juC5JIhPks-unsplash-2048x1371.jpg 2048w\" sizes=\"(max-width: 300px) 100vw, 300px\" \/><\/div><\/a>\n\t\t\t\t<div class=\"elementor-post__badge\">Article<\/div>\n\t\t\t\t<div class=\"elementor-post__text\">\n\t\t\t\t<h3 class=\"elementor-post__title\">\n\t\t\t<a href=\"https:\/\/cogop.org\/fr\/le-baiser-divin-la-ou-le-ciel-et-la-terre-sembrassent\/\" >\n\t\t\t\tLe baiser divin : \u00ab L\u00e0 o\u00f9 le ciel et la terre s&#8217;embrassent \u00bb\t\t\t<\/a>\n\t\t<\/h3>\n\t\t\t\t<div class=\"elementor-post__excerpt\">\n\t\t\t<p>Tu as \u00e9t\u00e9 favorable \u00e0 ton pays, \u00f4 \u00c9ternel ! Tu as ramen\u00e9 les captifs de Jacob ; Tu as pardonn\u00e9 l\u2019iniquit\u00e9 de ton peuple,<\/p>\n\t\t<\/div>\n\t\t\t\t<\/div>\n\t\t\t\t<div class=\"elementor-post__meta-data\">\n\t\t\t\t\t<span class=\"elementor-post-date\">\n\t\t\t9 avril 2026\t\t<\/span>\n\t\t\t\t<\/div>\n\t\t\t\t\t<\/div>\n\t\t<\/article>\n\t\t\t\t<article class=\"elementor-post elementor-grid-item post-33882 post type-post status-publish format-standard has-post-thumbnail hentry category-article tag-le-messager-a-laile-blanche\" role=\"listitem\">\n\t\t\t<div class=\"elementor-post__card\">\n\t\t\t\t<a class=\"elementor-post__thumbnail__link\" href=\"https:\/\/cogop.org\/fr\/la-grace-qui-devient-une-table\/\" tabindex=\"-1\" ><div class=\"elementor-post__thumbnail\"><img loading=\"lazy\" decoding=\"async\" width=\"300\" height=\"200\" src=\"https:\/\/cogop.org\/wp-content\/uploads\/2026\/04\/modern-dining-table-and-chairs-in-furniture-showro-2026-03-05-11-37-24-utc-300x200.jpg\" class=\"attachment-medium size-medium wp-image-33881\" alt=\"\" srcset=\"https:\/\/cogop.org\/wp-content\/uploads\/2026\/04\/modern-dining-table-and-chairs-in-furniture-showro-2026-03-05-11-37-24-utc-300x200.jpg 300w, https:\/\/cogop.org\/wp-content\/uploads\/2026\/04\/modern-dining-table-and-chairs-in-furniture-showro-2026-03-05-11-37-24-utc-1024x681.jpg 1024w, https:\/\/cogop.org\/wp-content\/uploads\/2026\/04\/modern-dining-table-and-chairs-in-furniture-showro-2026-03-05-11-37-24-utc-768x511.jpg 768w, https:\/\/cogop.org\/wp-content\/uploads\/2026\/04\/modern-dining-table-and-chairs-in-furniture-showro-2026-03-05-11-37-24-utc-1536x1022.jpg 1536w, https:\/\/cogop.org\/wp-content\/uploads\/2026\/04\/modern-dining-table-and-chairs-in-furniture-showro-2026-03-05-11-37-24-utc-2048x1363.jpg 2048w\" sizes=\"(max-width: 300px) 100vw, 300px\" \/><\/div><\/a>\n\t\t\t\t<div class=\"elementor-post__badge\">Article<\/div>\n\t\t\t\t<div class=\"elementor-post__text\">\n\t\t\t\t<h3 class=\"elementor-post__title\">\n\t\t\t<a href=\"https:\/\/cogop.org\/fr\/la-grace-qui-devient-une-table\/\" >\n\t\t\t\tLa gr\u00e2ce qui devient une table\t\t\t<\/a>\n\t\t<\/h3>\n\t\t\t\t<div class=\"elementor-post__excerpt\">\n\t\t\t<p>Il y a des besoins qui ne font pas de bruit jusqu\u2019\u00e0 ce qu\u2019ils deviennent urgents. Parfois, ils arrivent comme un r\u00e9frig\u00e9rateur vide apr\u00e8s un<\/p>\n\t\t<\/div>\n\t\t\t\t<\/div>\n\t\t\t\t<div class=\"elementor-post__meta-data\">\n\t\t\t\t\t<span class=\"elementor-post-date\">\n\t\t\t8 avril 2026\t\t<\/span>\n\t\t\t\t<\/div>\n\t\t\t\t\t<\/div>\n\t\t<\/article>\n\t\t\t\t<article class=\"elementor-post elementor-grid-item post-33884 post type-post status-publish format-standard has-post-thumbnail hentry category-article tag-le-messager-a-laile-blanche\" role=\"listitem\">\n\t\t\t<div class=\"elementor-post__card\">\n\t\t\t\t<a class=\"elementor-post__thumbnail__link\" href=\"https:\/\/cogop.org\/fr\/de-la-tombe-a-la-gloire\/\" tabindex=\"-1\" ><div class=\"elementor-post__thumbnail\"><img loading=\"lazy\" decoding=\"async\" width=\"300\" height=\"205\" src=\"https:\/\/cogop.org\/wp-content\/uploads\/2026\/03\/jeremy-thomas-E0AHdsENmDg-unsplash-300x205.jpg\" class=\"attachment-medium size-medium wp-image-33883\" alt=\"\" srcset=\"https:\/\/cogop.org\/wp-content\/uploads\/2026\/03\/jeremy-thomas-E0AHdsENmDg-unsplash-300x205.jpg 300w, https:\/\/cogop.org\/wp-content\/uploads\/2026\/03\/jeremy-thomas-E0AHdsENmDg-unsplash-1024x699.jpg 1024w, https:\/\/cogop.org\/wp-content\/uploads\/2026\/03\/jeremy-thomas-E0AHdsENmDg-unsplash-768x524.jpg 768w, https:\/\/cogop.org\/wp-content\/uploads\/2026\/03\/jeremy-thomas-E0AHdsENmDg-unsplash-1536x1049.jpg 1536w, https:\/\/cogop.org\/wp-content\/uploads\/2026\/03\/jeremy-thomas-E0AHdsENmDg-unsplash-2048x1398.jpg 2048w\" sizes=\"(max-width: 300px) 100vw, 300px\" \/><\/div><\/a>\n\t\t\t\t<div class=\"elementor-post__badge\">Article<\/div>\n\t\t\t\t<div class=\"elementor-post__text\">\n\t\t\t\t<h3 class=\"elementor-post__title\">\n\t\t\t<a href=\"https:\/\/cogop.org\/fr\/de-la-tombe-a-la-gloire\/\" >\n\t\t\t\tDe la tombe \u00e0 la gloire\t\t\t<\/a>\n\t\t<\/h3>\n\t\t\t\t<div class=\"elementor-post__excerpt\">\n\t\t\t<p>Ce que le monde appelle un mythe, Dieu l\u2019appelle un retour \u00e0 la maison. Dans \u00c9sa\u00efe 40, Dieu invite son peuple \u00e0 \u00eatre r\u00e9confort\u00e9 :<\/p>\n\t\t<\/div>\n\t\t\t\t<\/div>\n\t\t\t\t<div class=\"elementor-post__meta-data\">\n\t\t\t\t\t<span class=\"elementor-post-date\">\n\t\t\t7 avril 2026\t\t<\/span>\n\t\t\t\t<\/div>\n\t\t\t\t\t<\/div>\n\t\t<\/article>\n\t\t\t\t<\/div>\n\t\t\n\t\t\t\t<div class=\"e-load-more-anchor\" data-page=\"1\" data-max-page=\"2\" data-next-page=\"https:\/\/cogop.org\/fr\/wp-json\/wp\/v2\/pages\/24675\/page\/2\/\"><\/div>\n\t\t\t\t<nav class=\"elementor-pagination\" aria-label=\"Pagination\">\n\t\t\t<span aria-current=\"page\" class=\"page-numbers current\"><span class=\"elementor-screen-only\">Page<\/span>1<\/span>\n<a class=\"page-numbers\" href=\"https:\/\/cogop.org\/fr\/wp-json\/wp\/v2\/pages\/24675\/page\/2\/\"><span class=\"elementor-screen-only\">Page<\/span>2<\/a>\t\t<\/nav>\n\t\t\t\t\t\t<\/div>\n\t\t\t\t<\/div>\n\t\t\t\t\t<\/div>\n\t\t\t\t<\/div>\n\t\t\t\t<\/div>\n\t\t","protected":false},"excerpt":{"rendered":"<p>White Wing Messenger<\/p>\n","protected":false},"author":1,"featured_media":0,"parent":0,"menu_order":0,"comment_status":"closed","ping_status":"closed","template":"","meta":{"_acf_changed":false,"_monsterinsights_skip_tracking":false,"_monsterinsights_sitenote_active":false,"_monsterinsights_sitenote_note":"","_monsterinsights_sitenote_category":0,"_uf_show_specific_survey":0,"_uf_disable_surveys":false,"footnotes":""},"class_list":["post-24675","page","type-page","status-publish","hentry"],"acf":[],"yoast_head":"<!-- This site is optimized with the Yoast SEO plugin v27.4 - https:\/\/yoast.com\/product\/yoast-seo-wordpress\/ -->\n<title>WWM Archive | COGOP<\/title>\n<meta name=\"robots\" content=\"noindex, nofollow\" \/>\n<meta property=\"og:locale\" content=\"fr_FR\" \/>\n<meta property=\"og:type\" content=\"article\" \/>\n<meta property=\"og:title\" content=\"WWM Archive | COGOP\" \/>\n<meta property=\"og:description\" content=\"White Wing Messenger\" \/>\n<meta property=\"og:url\" content=\"https:\/\/cogop.org\/fr\/wwm-archive\/\" \/>\n<meta property=\"og:site_name\" content=\"COGOP\" \/>\n<meta property=\"article:publisher\" content=\"https:\/\/www.facebook.com\/cogop\" \/>\n<meta property=\"article:modified_time\" content=\"2026-04-23T20:08:38+00:00\" \/>\n<meta property=\"og:image\" content=\"https:\/\/cogop.org\/wp-content\/uploads\/2025\/03\/Open-graph.jpeg\" \/>\n\t<meta property=\"og:image:width\" content=\"1200\" \/>\n\t<meta property=\"og:image:height\" content=\"628\" \/>\n\t<meta property=\"og:image:type\" content=\"image\/jpeg\" \/>\n<meta name=\"twitter:card\" content=\"summary_large_image\" \/>\n<meta name=\"twitter:site\" content=\"@cogop\" \/>\n<meta name=\"twitter:label1\" content=\"Dur\u00e9e de lecture estim\u00e9e\" \/>\n\t<meta name=\"twitter:data1\" content=\"2 minutes\" \/>\n<script type=\"application\/ld+json\" class=\"yoast-schema-graph\">{\"@context\":\"https:\\\/\\\/schema.org\",\"@graph\":[{\"@type\":\"WebPage\",\"@id\":\"https:\\\/\\\/cogop.org\\\/fr\\\/wwm-archive\\\/\",\"url\":\"https:\\\/\\\/cogop.org\\\/fr\\\/wwm-archive\\\/\",\"name\":\"WWM Archive | COGOP\",\"isPartOf\":{\"@id\":\"https:\\\/\\\/cogop.org\\\/#website\"},\"datePublished\":\"2025-05-27T15:09:33+00:00\",\"dateModified\":\"2026-04-23T20:08:38+00:00\",\"inLanguage\":\"fr-FR\",\"potentialAction\":[{\"@type\":\"ReadAction\",\"target\":[\"https:\\\/\\\/cogop.org\\\/fr\\\/wwm-archive\\\/\"]}]},{\"@type\":\"BreadcrumbList\",\"@id\":\"https:\\\/\\\/cogop.org\\\/fr\\\/wwm-archive\\\/#breadcrumb\",\"itemListElement\":[{\"@type\":\"ListItem\",\"position\":1,\"name\":\"Home\",\"item\":\"https:\\\/\\\/cogop.org\\\/\"},{\"@type\":\"ListItem\",\"position\":2,\"name\":\"WWM Archive\"}]},{\"@type\":\"WebSite\",\"@id\":\"https:\\\/\\\/cogop.org\\\/#website\",\"url\":\"https:\\\/\\\/cogop.org\\\/\",\"name\":\"Church of God of Prophecy\",\"description\":\"Reconciling the World to Christ\",\"publisher\":{\"@id\":\"https:\\\/\\\/cogop.org\\\/#organization\"},\"alternateName\":\"COGOP\",\"potentialAction\":[{\"@type\":\"SearchAction\",\"target\":{\"@type\":\"EntryPoint\",\"urlTemplate\":\"https:\\\/\\\/cogop.org\\\/?s={search_term_string}\"},\"query-input\":{\"@type\":\"PropertyValueSpecification\",\"valueRequired\":true,\"valueName\":\"search_term_string\"}}],\"inLanguage\":\"fr-FR\"},{\"@type\":\"Organization\",\"@id\":\"https:\\\/\\\/cogop.org\\\/#organization\",\"name\":\"Church of God of Prophecy\",\"alternateName\":\"COGOP\",\"url\":\"https:\\\/\\\/cogop.org\\\/\",\"logo\":{\"@type\":\"ImageObject\",\"inLanguage\":\"fr-FR\",\"@id\":\"https:\\\/\\\/cogop.org\\\/#\\\/schema\\\/logo\\\/image\\\/\",\"url\":\"https:\\\/\\\/cogop.org\\\/wp-content\\\/uploads\\\/2025\\\/01\\\/logo-cogop.webp\",\"contentUrl\":\"https:\\\/\\\/cogop.org\\\/wp-content\\\/uploads\\\/2025\\\/01\\\/logo-cogop.webp\",\"width\":500,\"height\":118,\"caption\":\"Church of God of Prophecy\"},\"image\":{\"@id\":\"https:\\\/\\\/cogop.org\\\/#\\\/schema\\\/logo\\\/image\\\/\"},\"sameAs\":[\"https:\\\/\\\/www.facebook.com\\\/cogop\",\"https:\\\/\\\/x.com\\\/cogop\",\"https:\\\/\\\/www.instagram.com\\\/cogoppics\\\/\",\"https:\\\/\\\/www.youtube.com\\\/@COGOPMedia\",\"https:\\\/\\\/open.spotify.com\\\/user\\\/g1d13yyaprw0wrr2woer8edyp?si=a32b364b555f4d4d\"]}]}<\/script>\n<!-- \/ Yoast SEO plugin. -->","yoast_head_json":{"title":"WWM Archive | COGOP","robots":{"index":"noindex","follow":"nofollow"},"og_locale":"fr_FR","og_type":"article","og_title":"WWM Archive | COGOP","og_description":"White Wing Messenger","og_url":"https:\/\/cogop.org\/fr\/wwm-archive\/","og_site_name":"COGOP","article_publisher":"https:\/\/www.facebook.com\/cogop","article_modified_time":"2026-04-23T20:08:38+00:00","og_image":[{"width":1200,"height":628,"url":"https:\/\/cogop.org\/wp-content\/uploads\/2025\/03\/Open-graph.jpeg","type":"image\/jpeg"}],"twitter_card":"summary_large_image","twitter_site":"@cogop","twitter_misc":{"Dur\u00e9e de lecture estim\u00e9e":"2 minutes"},"schema":{"@context":"https:\/\/schema.org","@graph":[{"@type":"WebPage","@id":"https:\/\/cogop.org\/fr\/wwm-archive\/","url":"https:\/\/cogop.org\/fr\/wwm-archive\/","name":"WWM Archive | COGOP","isPartOf":{"@id":"https:\/\/cogop.org\/#website"},"datePublished":"2025-05-27T15:09:33+00:00","dateModified":"2026-04-23T20:08:38+00:00","inLanguage":"fr-FR","potentialAction":[{"@type":"ReadAction","target":["https:\/\/cogop.org\/fr\/wwm-archive\/"]}]},{"@type":"BreadcrumbList","@id":"https:\/\/cogop.org\/fr\/wwm-archive\/#breadcrumb","itemListElement":[{"@type":"ListItem","position":1,"name":"Home","item":"https:\/\/cogop.org\/"},{"@type":"ListItem","position":2,"name":"WWM Archive"}]},{"@type":"WebSite","@id":"https:\/\/cogop.org\/#website","url":"https:\/\/cogop.org\/","name":"Church of God of Prophecy","description":"Reconciling the World to Christ","publisher":{"@id":"https:\/\/cogop.org\/#organization"},"alternateName":"COGOP","potentialAction":[{"@type":"SearchAction","target":{"@type":"EntryPoint","urlTemplate":"https:\/\/cogop.org\/?s={search_term_string}"},"query-input":{"@type":"PropertyValueSpecification","valueRequired":true,"valueName":"search_term_string"}}],"inLanguage":"fr-FR"},{"@type":"Organization","@id":"https:\/\/cogop.org\/#organization","name":"Church of God of Prophecy","alternateName":"COGOP","url":"https:\/\/cogop.org\/","logo":{"@type":"ImageObject","inLanguage":"fr-FR","@id":"https:\/\/cogop.org\/#\/schema\/logo\/image\/","url":"https:\/\/cogop.org\/wp-content\/uploads\/2025\/01\/logo-cogop.webp","contentUrl":"https:\/\/cogop.org\/wp-content\/uploads\/2025\/01\/logo-cogop.webp","width":500,"height":118,"caption":"Church of God of Prophecy"},"image":{"@id":"https:\/\/cogop.org\/#\/schema\/logo\/image\/"},"sameAs":["https:\/\/www.facebook.com\/cogop","https:\/\/x.com\/cogop","https:\/\/www.instagram.com\/cogoppics\/","https:\/\/www.youtube.com\/@COGOPMedia","https:\/\/open.spotify.com\/user\/g1d13yyaprw0wrr2woer8edyp?si=a32b364b555f4d4d"]}]}},"_links":{"self":[{"href":"https:\/\/cogop.org\/fr\/wp-json\/wp\/v2\/pages\/24675","targetHints":{"allow":["GET"]}}],"collection":[{"href":"https:\/\/cogop.org\/fr\/wp-json\/wp\/v2\/pages"}],"about":[{"href":"https:\/\/cogop.org\/fr\/wp-json\/wp\/v2\/types\/page"}],"author":[{"embeddable":true,"href":"https:\/\/cogop.org\/fr\/wp-json\/wp\/v2\/users\/1"}],"replies":[{"embeddable":true,"href":"https:\/\/cogop.org\/fr\/wp-json\/wp\/v2\/comments?post=24675"}],"version-history":[{"count":6,"href":"https:\/\/cogop.org\/fr\/wp-json\/wp\/v2\/pages\/24675\/revisions"}],"predecessor-version":[{"id":34118,"href":"https:\/\/cogop.org\/fr\/wp-json\/wp\/v2\/pages\/24675\/revisions\/34118"}],"wp:attachment":[{"href":"https:\/\/cogop.org\/fr\/wp-json\/wp\/v2\/media?parent=24675"}],"curies":[{"name":"wp","href":"https:\/\/api.w.org\/{rel}","templated":true}]}}