{"id":20901,"date":"2025-04-02T17:31:51","date_gmt":"2025-04-02T17:31:51","guid":{"rendered":"https:\/\/cogop.org\/les-tous-debuts-de-notre-histoire\/"},"modified":"2025-07-01T16:58:36","modified_gmt":"2025-07-01T16:58:36","slug":"les-tous-debuts-de-notre-histoire","status":"publish","type":"page","link":"https:\/\/cogop.org\/fr\/les-tous-debuts-de-notre-histoire\/","title":{"rendered":"Les tous d\u00e9buts de notre histoire"},"content":{"rendered":"\t\t<div data-elementor-type=\"wp-page\" data-elementor-id=\"20901\" class=\"elementor elementor-20901 elementor-20775\" data-elementor-post-type=\"page\">\n\t\t\t\t<div class=\"elementor-element elementor-element-b9202a2 panel e-flex e-con-boxed e-con e-parent\" data-id=\"b9202a2\" data-element_type=\"container\" data-e-type=\"container\" data-settings=\"{&quot;background_background&quot;:&quot;classic&quot;}\">\n\t\t\t\t\t<div class=\"e-con-inner\">\n\t\t<div class=\"elementor-element elementor-element-09fc765 e-flex e-con-boxed e-con e-child\" data-id=\"09fc765\" data-element_type=\"container\" data-e-type=\"container\">\n\t\t\t\t\t<div class=\"e-con-inner\">\n\t\t\t\t<div class=\"elementor-element elementor-element-902e83e elementor-widget elementor-widget-text-editor\" data-id=\"902e83e\" data-element_type=\"widget\" data-e-type=\"widget\" data-widget_type=\"text-editor.default\">\n\t\t\t\t<div class=\"elementor-widget-container\">\n\t\t\t\t\t\t\t\t\t<p>L&rsquo;\u00c9glise de Dieu de la Proph\u00e9tie<br>et les Champs de Jaar<\/p>\t\t\t\t\t\t\t\t<\/div>\n\t\t\t\t<\/div>\n\t\t\t\t\t<\/div>\n\t\t\t\t<\/div>\n\t\t\t\t\t<\/div>\n\t\t\t\t<\/div>\n\t\t<div class=\"elementor-element elementor-element-1eb43a9 panel e-flex e-con-boxed e-con e-parent\" data-id=\"1eb43a9\" data-element_type=\"container\" data-e-type=\"container\" data-settings=\"{&quot;background_background&quot;:&quot;classic&quot;}\">\n\t\t\t\t\t<div class=\"e-con-inner\">\n\t\t<div class=\"elementor-element elementor-element-afedb03 e-con-full e-flex e-con e-child\" data-id=\"afedb03\" data-element_type=\"container\" data-e-type=\"container\">\n\t\t\t\t<div class=\"elementor-element elementor-element-3236653 elementor-widget-mobile__width-initial animated-slow elementor-widget__width-initial elementor-invisible elementor-widget elementor-widget-heading\" data-id=\"3236653\" data-element_type=\"widget\" data-e-type=\"widget\" data-settings=\"{&quot;_animation&quot;:&quot;fadeIn&quot;}\" data-widget_type=\"heading.default\">\n\t\t\t\t<div class=\"elementor-widget-container\">\n\t\t\t\t\t<h2 class=\"elementor-heading-title elementor-size-default\">Les tous d\u00e9buts de notre histoire<\/h2>\t\t\t\t<\/div>\n\t\t\t\t<\/div>\n\t\t\t\t<div class=\"elementor-element elementor-element-33b8200 elementor-widget elementor-widget-text-editor\" data-id=\"33b8200\" data-element_type=\"widget\" data-e-type=\"widget\" data-widget_type=\"text-editor.default\">\n\t\t\t\t<div class=\"elementor-widget-container\">\n\t\t\t\t\t\t\t\t\t<p>L\u2019Ancien Testament contient de nombreuses r\u00e9f\u00e9rences \u00e0 des autels \u00e9rig\u00e9s sur les lieux o\u00f9 Dieu a rencontr\u00e9 l\u2019homme, comme No\u00e9 dans Gen\u00e8se 8:20, Abraham dans Gen\u00e8se 27:9 et Mo\u00efse dans Exode 17:15.<\/p><figure id=\"attachment_20778\" aria-describedby=\"caption-attachment-20778\" style=\"width: 300px\" class=\"wp-caption alignleft\"><img fetchpriority=\"high\" decoding=\"async\" class=\"size-full wp-image-20778\" src=\"https:\/\/cogop.org\/wp-content\/uploads\/2025\/04\/Altar-300x227-1.png\" alt=\"\" width=\"300\" height=\"227\"><figcaption id=\"caption-attachment-20778\" class=\"wp-caption-text\">Autel \u00e0 la Montagne de pri\u00e8re<\/figcaption><\/figure><p>\u00c0 d\u2019autres moments, les hommes \u00e9rigeaient des autels dans un lieu o\u00f9 ils avaient une rencontre puissante et importante avec Dieu.<\/p><p>C\u2019est dans ce contexte que l\u2019autel du sommet de la montagne a \u00e9t\u00e9 construit aux Champs de Jaar. A.J. Tomlinson, premier superviseur g\u00e9n\u00e9ral de l\u2019\u00c9glise de Dieu\/\u00c9glise de Dieu de la Proph\u00e9tie, est venu \u00e0 cet endroit le 13 juin 1903 pour prier. C\u2019est ici qu\u2019il a rencontr\u00e9 Dieu au sujet de son avenir et de l\u2019avenir de l\u2019\u00c9glise de Dieu.  <\/p><p>Un grand r\u00e9veil a eu lieu \u00e0 l\u2019\u00e9cole Schearer dans le comt\u00e9 de Cherokee, en Caroline du Nord, en 1896, ce qui a provoqu\u00e9 un bouleversement majeur de l\u2019ordre religieux de l\u2019\u00e9poque.<\/p><figure id=\"attachment_20786\" aria-describedby=\"caption-attachment-20786\" style=\"width: 300px\" class=\"wp-caption alignright\"><img decoding=\"async\" class=\"size-medium wp-image-20786\" src=\"https:\/\/cogop.org\/wp-content\/uploads\/2025\/04\/Shearer-Schoolhouse-300x231.jpg\" alt=\"\" width=\"300\" height=\"231\" srcset=\"https:\/\/cogop.org\/wp-content\/uploads\/2025\/04\/Shearer-Schoolhouse-300x231.jpg 300w, https:\/\/cogop.org\/wp-content\/uploads\/2025\/04\/Shearer-Schoolhouse-768x592.jpg 768w, https:\/\/cogop.org\/wp-content\/uploads\/2025\/04\/Shearer-Schoolhouse.jpg 963w\" sizes=\"(max-width: 300px) 100vw, 300px\" \/><figcaption id=\"caption-attachment-20786\" class=\"wp-caption-text\">\u00c9cole Schearer, comt\u00e9 de Cherokee, en Caroline du Nord, 1896<\/figcaption><\/figure><p>Les traditions et les coutumes ont \u00e9t\u00e9 remises en question quand des hommes comme William Martin, Joe M. Tipton et Milton McNabb ont pr\u00each\u00e9 avec l\u2019onction les v\u00e9rit\u00e9s de la Parole de Dieu. Les gens sont venus de pr\u00e8s et de loin \u00e0 la recherche d\u2019une plus grande connaissance de Dieu. Le Saint-Esprit a commenc\u00e9 \u00e0 tomber sur ces humbles, sinc\u00e8res chercheurs. L\u2019excitation et l\u2019influence de ce r\u00e9veil se sont r\u00e9pandues par le bouche \u00e0 oreille dans toute la r\u00e9gion, poussant les gens \u00e0 venir de loin pour entendre ces chr\u00e9tiens parler en d\u2019autres langues que l\u2019Esprit a donn\u00e9. Alors que le feu de r\u00e9veil se r\u00e9pandait dans les montagnes, les sceptiques \u00e9taient si agit\u00e9s que cent pers\u00e9cuteurs, y compris des ministres, des diacres, des intendants, un juge de paix, un sh\u00e9rif et beaucoup d\u2019autres ont d\u00e9moli et br\u00fbl\u00e9 l\u2019\u00e9cole o\u00f9 ils se r\u00e9unissaient.    <\/p><p>L\u2019\u0153uvre de r\u00e9forme et de restauration se poursuivait avec une ferveur encore plus grande sous cette pers\u00e9cution. Ces premiers pionniers de la foi ont persist\u00e9 dans leur poursuite de la Parole de Dieu. C\u2019est \u00e0 cette \u00e9poque que l\u2019un des premiers leaders du mouvement, Richard Spurling, a convoqu\u00e9 une r\u00e9union de ces hommes et femmes. Il a pr\u00e9sent\u00e9 un message audacieux qui appelait \u00e0 une r\u00e9forme totale. Les personnes pr\u00e9sentes ont \u00e9t\u00e9 \u00e9mues par son message rempli de l\u2019Esprit et ont enti\u00e8rement approuv\u00e9 ses recommandations.    <\/p><p>\u00ab Il y a autant de chr\u00e9tiens que possible, d\u00e9sireux d\u2019\u00eatre libres de toute croyance et de toute tradition faites par l\u2019homme, qui sont pr\u00eats \u00e0 prendre le Nouveau Testament ou la loi du Christ comme seule r\u00e8gle de foi et de pratique ; se donner les m\u00eames droits et privil\u00e8ges de lecture et d\u2019interpr\u00e9tation, comme le veut notre conscience, qui sont pr\u00eats \u00e0 s\u2019asseoir ensemble en tant qu\u2019\u00c9glise de Dieu pour traiter des affaires en tant que telle. \u00bb<\/p><p>Huit personnes ont r\u00e9pondu et form\u00e9 l\u2019organisation appel\u00e9e \u00ab Union chr\u00e9tienne \u00bb. Ce groupe n\u2019a jamais connu de grand succ\u00e8s, mais historiquement, il a \u00e9t\u00e9 le d\u00e9but d\u2019un mouvement qui s\u2019\u00e9tend maintenant sur le globe. <\/p><p>\u00c0 la mort de Richard Spurling, son fils, Richard G. Spurling, est devenu le chef de l\u2019organisation. En 1902, apr\u00e8s de nombreuses luttes, l\u2019organisation a adopt\u00e9 un plan de gouvernement de l\u2019\u00e9glise et a commenc\u00e9 une nouvelle \u00e9glise appel\u00e9e \u00ab L&rsquo;\u00e9glise de la Saintet\u00e9 \u00e0 Camp Creek \u00bb. La critique et l\u2019incr\u00e9dulit\u00e9 ont ralenti la croissance de l\u2019\u00e9glise, et il semblait que c\u2019\u00e9tait presque une lutte \u00e0 mort pour maintenir l\u2019organisation ensemble. Aucune augmentation de l\u2019effectif n\u2019a \u00e9t\u00e9 constat\u00e9e au cours de la premi\u00e8re ann\u00e9e.   <\/p><p>Cette m\u00eame ann\u00e9e, deux pr\u00e9dicateurs, Ambrose Jessup (A.J.) Tomlinson et J.B. Mitchell, sont venus dans l\u2019ouest de la Caroline du Nord distribuer des Bibles pour l\u2019American Bible Society. Ils ont pr\u00each\u00e9 et \u00e9tudi\u00e9 la Parole avec les gens vivant dans les montagnes de la r\u00e9gion. Ces hommes travaillaient dans des conditions extr\u00eamement difficiles pour livrer la Parole aux gens vivant dans toute la r\u00e9gion.  <\/p><figure id=\"attachment_20782\" aria-describedby=\"caption-attachment-20782\" style=\"width: 252px\" class=\"wp-caption alignright\"><img decoding=\"async\" class=\"wp-image-20782 size-full\" src=\"https:\/\/cogop.org\/wp-content\/uploads\/2025\/04\/bryant_home.jpeg\" alt=\"\" width=\"252\" height=\"200\"><figcaption id=\"caption-attachment-20782\" class=\"wp-caption-text\">Maison de W.F. Bryant, 1903<\/figcaption><\/figure><p>Quand A.J. Tomlinson a fait connaissance avec l\u2019\u00e9glise de la Saintet\u00e9 \u00e0 Camp Creek, il a trouv\u00e9 un groupe de chr\u00e9tiens qui adoraient consciencieusement avec l\u2019Esprit de Dieu se d\u00e9pla\u00e7ant librement parmi eux. Il a imm\u00e9diatement d\u00e9tect\u00e9 une adh\u00e9sion \u00e9troite aux enseignements de la Parole. Il se retrouva \u00e0 revenir encore et encore pour adorer et \u00e9tudier la Parole de Dieu avec ces gens des montagnes. Il y avait un fort sentiment de ce groupe que du temps devrait \u00eatre mis de c\u00f4t\u00e9 pour l\u2019\u00e9tude des \u00c9critures dans un effort d\u2019obtenir une plus grande compr\u00e9hension biblique. Un temps pour l\u2019\u00e9tude a \u00e9t\u00e9 appel\u00e9 pour le 13 juin 1903, dans la maison de W.F. Bryant.    <\/p><p>A.J. Tomlinson a pass\u00e9 la nuit du 12 juin \u00e0 la maison des Bryant. Il s\u2019est r\u00e9veill\u00e9 t\u00f4t le lendemain matin et a grimp\u00e9 au sommet de la montagne derri\u00e8re leur maison pour prier. L\u2019endroit o\u00f9 il a pri\u00e9 est celui o\u00f9 se trouve maintenant le rep\u00e8re du Lieu de la Pri\u00e8re. En sortant de la pri\u00e8re, il a \u00e9t\u00e9 pouss\u00e9 par l\u2019Esprit \u00e0 agir. Il est retourn\u00e9 \u00e0 la maison des Bryant pour la r\u00e9union.    <\/p><p>En r\u00e9fl\u00e9chissant \u00e0 cette r\u00e9union du 13 juin 1903, Tomlinson a d\u00e9clar\u00e9 : \u00ab J\u2019en ai appris plus sur l\u2019organisation \u00e0 cette \u00e9poque, et quand j\u2019ai bien compris qu\u2019ils voulaient d\u00e9fendre toute la Bible correctement divis\u00e9e et prendre le Nouveau Testament comme leur seule r\u00e8gle de foi et de pratique, cela m\u2019a plu, et je me suis imm\u00e9diatement int\u00e9ress\u00e9. J\u2019ai laiss\u00e9 affluer les questions et des r\u00e9ponses bibliques ont \u00e9t\u00e9 donn\u00e9es qui ont parfaitement satisfait toutes mes demandes. J\u2019ai alors dit : \u00ab Cela veut dire que c\u2019est l\u2019\u00c9glise de Dieu. \u00bb Ils ont donn\u00e9 leur accord. Puis j\u2019ai os\u00e9 demander s\u2019ils seraient pr\u00eats \u00e0 me recevoir dans l\u2019\u00e9glise avec la compr\u00e9hension que c\u2019est l\u2019\u00c9glise de Dieu de la Bible. Ils \u00e9taient dispos\u00e9s et ont rapidement proc\u00e9d\u00e9 dans l\u2019ordre r\u00e9gulier. J\u2019ai pris mon engagement avec une sinc\u00e9rit\u00e9 profonde et une sacralit\u00e9 extr\u00eame jamais oubli\u00e9es.\u00bb<\/p><p>Lors de cette r\u00e9union du 13 juin, on a fait une \u00e9tude minutieuse de l\u2019ordre de gouvernement du Nouveau Testament. A.J. Tomlinson est devenu l\u2019un des leaders les plus formidables de l\u2019\u00e9glise, en commen\u00e7ant ici comme pasteur. En 1906, Tomlinson devient le mod\u00e9rateur g\u00e9n\u00e9ral de l\u2019\u00c9glise et le nom \u00ab \u00c9glise de Dieu \u00bb est officiellement adopt\u00e9 l\u2019ann\u00e9e suivante.  <\/p>\t\t\t\t\t\t\t\t<\/div>\n\t\t\t\t<\/div>\n\t\t\t\t<\/div>\n\t\t\t\t\t<\/div>\n\t\t\t\t<\/div>\n\t\t<div class=\"elementor-element elementor-element-6cf28f5 panel e-flex e-con-boxed e-con e-parent\" data-id=\"6cf28f5\" data-element_type=\"container\" data-e-type=\"container\" data-settings=\"{&quot;background_background&quot;:&quot;classic&quot;}\">\n\t\t\t\t\t<div class=\"e-con-inner\">\n\t\t<div class=\"elementor-element elementor-element-0e52d34 e-con-full e-flex e-con e-child\" data-id=\"0e52d34\" data-element_type=\"container\" data-e-type=\"container\">\n\t\t\t\t<div class=\"elementor-element elementor-element-d720436 elementor-widget-mobile__width-initial animated-slow elementor-widget__width-initial elementor-invisible elementor-widget elementor-widget-heading\" data-id=\"d720436\" data-element_type=\"widget\" data-e-type=\"widget\" data-settings=\"{&quot;_animation&quot;:&quot;fadeIn&quot;}\" data-widget_type=\"heading.default\">\n\t\t\t\t<div class=\"elementor-widget-container\">\n\t\t\t\t\t<h2 class=\"elementor-heading-title elementor-size-default\">Notre histoire<\/h2>\t\t\t\t<\/div>\n\t\t\t\t<\/div>\n\t\t\t\t<div class=\"elementor-element elementor-element-5d31d70 elementor-widget elementor-widget-text-editor\" data-id=\"5d31d70\" data-element_type=\"widget\" data-e-type=\"widget\" data-widget_type=\"text-editor.default\">\n\t\t\t\t<div class=\"elementor-widget-container\">\n\t\t\t\t\t\t\t\t\t<p>Les Champs de Jaar sont g\u00e9r\u00e9s par les Minist\u00e8res de notre patrimoine, un d\u00e9partement de l\u2019\u00c9glise de Dieu de la Proph\u00e9tie. Ce magnifique parc \u00e0 th\u00e8me biblique en plein air est situ\u00e9 sur plus de quatre-vingt hectares de terrain au pied des Great Smoky Mountains. <\/p><figure id=\"attachment_20822\" aria-describedby=\"caption-attachment-20822\" style=\"width: 185px\" class=\"wp-caption alignleft\"><img loading=\"lazy\" decoding=\"async\" class=\"size-full wp-image-20822\" src=\"https:\/\/cogop.org\/wp-content\/uploads\/2025\/04\/praying_AJT.jpeg\" alt=\"\" width=\"185\" height=\"256\"><figcaption id=\"caption-attachment-20822\" class=\"wp-caption-text\">AJ Tomlinson<\/figcaption><\/figure><p>Le premier marqueur temporaire a \u00e9t\u00e9 \u00e9rig\u00e9 le 15 novembre 1940, \u00e0 l\u2019emplacement de la structure en marbre et en b\u00e9ton maintenant permanente connue sous le nom de marqueur Arise Shine. C\u2019\u00e9tait le d\u00e9but d\u2019un projet incroyable. Trois autres balises temporaires ont \u00e9t\u00e9 plac\u00e9es avant la construction permanente qui a commenc\u00e9 en 1943.  <\/p><p>L\u2019histoire des Champs de Jaar et la biographie d\u2019A.J. Tomlinson sont inextricablement li\u00e9es. Du rep\u00e8re Arise Shine, situ\u00e9 sur le site de la maison des Bryant o\u00f9 Tomlinson a rejoint l\u2019organisation qui est devenue connue sous le nom d\u2019\u00c9glise de Dieu de la Proph\u00e9tie, \u00e0 la croix de toutes les nations, les empreintes digitales de Tomlinson couvrent tout le parc.  <\/p><p>A.J. Tomlinson, superviseur g\u00e9n\u00e9ral de l\u2019\u00c9glise de Dieu de la Proph\u00e9tie jusqu\u2019\u00e0 sa mort en 1943, a personnellement dirig\u00e9 une grande partie de la construction initiale. M.A. Tomlinson, fils d&rsquo;A.J. Tomlinson, et d\u2019autres dirigeants de l\u2019\u00e9glise ont continu\u00e9 ce projet massif apr\u00e8s la mort d&rsquo;A.J. Tomlinson. Bon nombre des rep\u00e8res que vous voyez aujourd\u2019hui ont \u00e9t\u00e9 con\u00e7us par L.S. Rhodes. Ses plus grands mod\u00e8les sont les dix commandements et les rep\u00e8res du nouveau testament.   <\/p>\t\t\t\t\t\t\t\t<\/div>\n\t\t\t\t<\/div>\n\t\t\t\t<\/div>\n\t\t\t\t\t<\/div>\n\t\t\t\t<\/div>\n\t\t\t\t<\/div>\n\t\t","protected":false},"excerpt":{"rendered":"<p>L&rsquo;\u00c9glise de Dieu de la Proph\u00e9tieet les Champs de Jaar Les tous d\u00e9buts de notre histoire L\u2019Ancien Testament contient de nombreuses r\u00e9f\u00e9rences \u00e0 des autels \u00e9rig\u00e9s sur les lieux o\u00f9 Dieu a rencontr\u00e9 l\u2019homme, comme No\u00e9 dans Gen\u00e8se 8:20, Abraham dans Gen\u00e8se 27:9 et Mo\u00efse dans Exode 17:15. \u00c0 d\u2019autres moments, les hommes \u00e9rigeaient des [&hellip;]<\/p>\n","protected":false},"author":3,"featured_media":0,"parent":0,"menu_order":0,"comment_status":"closed","ping_status":"closed","template":"","meta":{"_acf_changed":false,"_monsterinsights_skip_tracking":false,"_monsterinsights_sitenote_active":false,"_monsterinsights_sitenote_note":"","_monsterinsights_sitenote_category":0,"_uf_show_specific_survey":0,"_uf_disable_surveys":false,"footnotes":""},"class_list":["post-20901","page","type-page","status-publish","hentry"],"acf":[],"yoast_head":"<!-- This site is optimized with the Yoast SEO plugin v27.4 - https:\/\/yoast.com\/product\/yoast-seo-wordpress\/ -->\n<title>Les tous d\u00e9buts de notre histoire | COGOP<\/title>\n<meta name=\"robots\" content=\"index, follow, max-snippet:-1, max-image-preview:large, max-video-preview:-1\" \/>\n<link rel=\"canonical\" href=\"https:\/\/cogop.org\/fowhistory\/\" \/>\n<meta property=\"og:locale\" content=\"fr_FR\" \/>\n<meta property=\"og:type\" content=\"article\" \/>\n<meta property=\"og:title\" content=\"Les tous d\u00e9buts de notre histoire | COGOP\" \/>\n<meta property=\"og:description\" content=\"L&rsquo;\u00c9glise de Dieu de la Proph\u00e9tieet les Champs de Jaar Les tous d\u00e9buts de notre histoire L\u2019Ancien Testament contient de nombreuses r\u00e9f\u00e9rences \u00e0 des autels \u00e9rig\u00e9s sur les lieux o\u00f9 Dieu a rencontr\u00e9 l\u2019homme, comme No\u00e9 dans Gen\u00e8se 8:20, Abraham dans Gen\u00e8se 27:9 et Mo\u00efse dans Exode 17:15. \u00c0 d\u2019autres moments, les hommes \u00e9rigeaient des [&hellip;]\" \/>\n<meta property=\"og:url\" content=\"https:\/\/cogop.org\/fowhistory\/\" \/>\n<meta property=\"og:site_name\" content=\"COGOP\" \/>\n<meta property=\"article:publisher\" content=\"https:\/\/www.facebook.com\/cogop\" \/>\n<meta property=\"article:modified_time\" content=\"2025-07-01T16:58:36+00:00\" \/>\n<meta property=\"og:image\" content=\"https:\/\/cogop.org\/wp-content\/uploads\/2025\/04\/Altar-300x227-1.png\" \/>\n\t<meta property=\"og:image:width\" content=\"300\" \/>\n\t<meta property=\"og:image:height\" content=\"227\" \/>\n\t<meta property=\"og:image:type\" content=\"image\/png\" \/>\n<meta name=\"twitter:card\" content=\"summary_large_image\" \/>\n<meta name=\"twitter:site\" content=\"@cogop\" \/>\n<meta name=\"twitter:label1\" content=\"Dur\u00e9e de lecture estim\u00e9e\" \/>\n\t<meta name=\"twitter:data1\" content=\"7 minutes\" \/>\n<script type=\"application\/ld+json\" class=\"yoast-schema-graph\">{\"@context\":\"https:\\\/\\\/schema.org\",\"@graph\":[{\"@type\":\"WebPage\",\"@id\":\"https:\\\/\\\/cogop.org\\\/fowhistory\\\/\",\"url\":\"https:\\\/\\\/cogop.org\\\/fowhistory\\\/\",\"name\":\"Les tous d\u00e9buts de notre histoire | COGOP\",\"isPartOf\":{\"@id\":\"https:\\\/\\\/cogop.org\\\/#website\"},\"primaryImageOfPage\":{\"@id\":\"https:\\\/\\\/cogop.org\\\/fowhistory\\\/#primaryimage\"},\"image\":{\"@id\":\"https:\\\/\\\/cogop.org\\\/fowhistory\\\/#primaryimage\"},\"thumbnailUrl\":\"https:\\\/\\\/cogop.org\\\/wp-content\\\/uploads\\\/2025\\\/04\\\/Altar-300x227-1.png\",\"datePublished\":\"2025-04-02T17:31:51+00:00\",\"dateModified\":\"2025-07-01T16:58:36+00:00\",\"inLanguage\":\"fr-FR\",\"potentialAction\":[{\"@type\":\"ReadAction\",\"target\":[\"https:\\\/\\\/cogop.org\\\/fowhistory\\\/\"]}]},{\"@type\":\"ImageObject\",\"inLanguage\":\"fr-FR\",\"@id\":\"https:\\\/\\\/cogop.org\\\/fowhistory\\\/#primaryimage\",\"url\":\"https:\\\/\\\/cogop.org\\\/wp-content\\\/uploads\\\/2025\\\/04\\\/Altar-300x227-1.png\",\"contentUrl\":\"https:\\\/\\\/cogop.org\\\/wp-content\\\/uploads\\\/2025\\\/04\\\/Altar-300x227-1.png\"},{\"@type\":\"BreadcrumbList\",\"@id\":\"https:\\\/\\\/cogop.org\\\/fowhistory\\\/#breadcrumb\",\"itemListElement\":[{\"@type\":\"ListItem\",\"position\":1,\"name\":\"Home\",\"item\":\"https:\\\/\\\/cogop.org\\\/\"},{\"@type\":\"ListItem\",\"position\":2,\"name\":\"Les tous d\u00e9buts de notre histoire\"}]},{\"@type\":\"WebSite\",\"@id\":\"https:\\\/\\\/cogop.org\\\/#website\",\"url\":\"https:\\\/\\\/cogop.org\\\/\",\"name\":\"Church of God of Prophecy\",\"description\":\"Reconciling the World to Christ\",\"publisher\":{\"@id\":\"https:\\\/\\\/cogop.org\\\/#organization\"},\"alternateName\":\"COGOP\",\"potentialAction\":[{\"@type\":\"SearchAction\",\"target\":{\"@type\":\"EntryPoint\",\"urlTemplate\":\"https:\\\/\\\/cogop.org\\\/?s={search_term_string}\"},\"query-input\":{\"@type\":\"PropertyValueSpecification\",\"valueRequired\":true,\"valueName\":\"search_term_string\"}}],\"inLanguage\":\"fr-FR\"},{\"@type\":\"Organization\",\"@id\":\"https:\\\/\\\/cogop.org\\\/#organization\",\"name\":\"Church of God of Prophecy\",\"alternateName\":\"COGOP\",\"url\":\"https:\\\/\\\/cogop.org\\\/\",\"logo\":{\"@type\":\"ImageObject\",\"inLanguage\":\"fr-FR\",\"@id\":\"https:\\\/\\\/cogop.org\\\/#\\\/schema\\\/logo\\\/image\\\/\",\"url\":\"https:\\\/\\\/cogop.org\\\/wp-content\\\/uploads\\\/2025\\\/01\\\/logo-cogop.webp\",\"contentUrl\":\"https:\\\/\\\/cogop.org\\\/wp-content\\\/uploads\\\/2025\\\/01\\\/logo-cogop.webp\",\"width\":500,\"height\":118,\"caption\":\"Church of God of Prophecy\"},\"image\":{\"@id\":\"https:\\\/\\\/cogop.org\\\/#\\\/schema\\\/logo\\\/image\\\/\"},\"sameAs\":[\"https:\\\/\\\/www.facebook.com\\\/cogop\",\"https:\\\/\\\/x.com\\\/cogop\",\"https:\\\/\\\/www.instagram.com\\\/cogoppics\\\/\",\"https:\\\/\\\/www.youtube.com\\\/@COGOPMedia\",\"https:\\\/\\\/open.spotify.com\\\/user\\\/g1d13yyaprw0wrr2woer8edyp?si=a32b364b555f4d4d\"]}]}<\/script>\n<!-- \/ Yoast SEO plugin. -->","yoast_head_json":{"title":"Les tous d\u00e9buts de notre histoire | COGOP","robots":{"index":"index","follow":"follow","max-snippet":"max-snippet:-1","max-image-preview":"max-image-preview:large","max-video-preview":"max-video-preview:-1"},"canonical":"https:\/\/cogop.org\/fowhistory\/","og_locale":"fr_FR","og_type":"article","og_title":"Les tous d\u00e9buts de notre histoire | COGOP","og_description":"L&rsquo;\u00c9glise de Dieu de la Proph\u00e9tieet les Champs de Jaar Les tous d\u00e9buts de notre histoire L\u2019Ancien Testament contient de nombreuses r\u00e9f\u00e9rences \u00e0 des autels \u00e9rig\u00e9s sur les lieux o\u00f9 Dieu a rencontr\u00e9 l\u2019homme, comme No\u00e9 dans Gen\u00e8se 8:20, Abraham dans Gen\u00e8se 27:9 et Mo\u00efse dans Exode 17:15. \u00c0 d\u2019autres moments, les hommes \u00e9rigeaient des [&hellip;]","og_url":"https:\/\/cogop.org\/fowhistory\/","og_site_name":"COGOP","article_publisher":"https:\/\/www.facebook.com\/cogop","article_modified_time":"2025-07-01T16:58:36+00:00","og_image":[{"width":300,"height":227,"url":"https:\/\/cogop.org\/wp-content\/uploads\/2025\/04\/Altar-300x227-1.png","type":"image\/png"}],"twitter_card":"summary_large_image","twitter_site":"@cogop","twitter_misc":{"Dur\u00e9e de lecture estim\u00e9e":"7 minutes"},"schema":{"@context":"https:\/\/schema.org","@graph":[{"@type":"WebPage","@id":"https:\/\/cogop.org\/fowhistory\/","url":"https:\/\/cogop.org\/fowhistory\/","name":"Les tous d\u00e9buts de notre histoire | COGOP","isPartOf":{"@id":"https:\/\/cogop.org\/#website"},"primaryImageOfPage":{"@id":"https:\/\/cogop.org\/fowhistory\/#primaryimage"},"image":{"@id":"https:\/\/cogop.org\/fowhistory\/#primaryimage"},"thumbnailUrl":"https:\/\/cogop.org\/wp-content\/uploads\/2025\/04\/Altar-300x227-1.png","datePublished":"2025-04-02T17:31:51+00:00","dateModified":"2025-07-01T16:58:36+00:00","inLanguage":"fr-FR","potentialAction":[{"@type":"ReadAction","target":["https:\/\/cogop.org\/fowhistory\/"]}]},{"@type":"ImageObject","inLanguage":"fr-FR","@id":"https:\/\/cogop.org\/fowhistory\/#primaryimage","url":"https:\/\/cogop.org\/wp-content\/uploads\/2025\/04\/Altar-300x227-1.png","contentUrl":"https:\/\/cogop.org\/wp-content\/uploads\/2025\/04\/Altar-300x227-1.png"},{"@type":"BreadcrumbList","@id":"https:\/\/cogop.org\/fowhistory\/#breadcrumb","itemListElement":[{"@type":"ListItem","position":1,"name":"Home","item":"https:\/\/cogop.org\/"},{"@type":"ListItem","position":2,"name":"Les tous d\u00e9buts de notre histoire"}]},{"@type":"WebSite","@id":"https:\/\/cogop.org\/#website","url":"https:\/\/cogop.org\/","name":"Church of God of Prophecy","description":"Reconciling the World to Christ","publisher":{"@id":"https:\/\/cogop.org\/#organization"},"alternateName":"COGOP","potentialAction":[{"@type":"SearchAction","target":{"@type":"EntryPoint","urlTemplate":"https:\/\/cogop.org\/?s={search_term_string}"},"query-input":{"@type":"PropertyValueSpecification","valueRequired":true,"valueName":"search_term_string"}}],"inLanguage":"fr-FR"},{"@type":"Organization","@id":"https:\/\/cogop.org\/#organization","name":"Church of God of Prophecy","alternateName":"COGOP","url":"https:\/\/cogop.org\/","logo":{"@type":"ImageObject","inLanguage":"fr-FR","@id":"https:\/\/cogop.org\/#\/schema\/logo\/image\/","url":"https:\/\/cogop.org\/wp-content\/uploads\/2025\/01\/logo-cogop.webp","contentUrl":"https:\/\/cogop.org\/wp-content\/uploads\/2025\/01\/logo-cogop.webp","width":500,"height":118,"caption":"Church of God of Prophecy"},"image":{"@id":"https:\/\/cogop.org\/#\/schema\/logo\/image\/"},"sameAs":["https:\/\/www.facebook.com\/cogop","https:\/\/x.com\/cogop","https:\/\/www.instagram.com\/cogoppics\/","https:\/\/www.youtube.com\/@COGOPMedia","https:\/\/open.spotify.com\/user\/g1d13yyaprw0wrr2woer8edyp?si=a32b364b555f4d4d"]}]}},"_links":{"self":[{"href":"https:\/\/cogop.org\/fr\/wp-json\/wp\/v2\/pages\/20901","targetHints":{"allow":["GET"]}}],"collection":[{"href":"https:\/\/cogop.org\/fr\/wp-json\/wp\/v2\/pages"}],"about":[{"href":"https:\/\/cogop.org\/fr\/wp-json\/wp\/v2\/types\/page"}],"author":[{"embeddable":true,"href":"https:\/\/cogop.org\/fr\/wp-json\/wp\/v2\/users\/3"}],"replies":[{"embeddable":true,"href":"https:\/\/cogop.org\/fr\/wp-json\/wp\/v2\/comments?post=20901"}],"version-history":[{"count":1,"href":"https:\/\/cogop.org\/fr\/wp-json\/wp\/v2\/pages\/20901\/revisions"}],"predecessor-version":[{"id":20902,"href":"https:\/\/cogop.org\/fr\/wp-json\/wp\/v2\/pages\/20901\/revisions\/20902"}],"wp:attachment":[{"href":"https:\/\/cogop.org\/fr\/wp-json\/wp\/v2\/media?parent=20901"}],"curies":[{"name":"wp","href":"https:\/\/api.w.org\/{rel}","templated":true}]}}