{"id":20293,"date":"2025-03-26T14:55:16","date_gmt":"2025-03-26T14:55:16","guid":{"rendered":"https:\/\/cogop.org\/bureau-de-leveque-general\/"},"modified":"2025-04-02T14:53:26","modified_gmt":"2025-04-02T14:53:26","slug":"bureau-de-leveque-general","status":"publish","type":"page","link":"https:\/\/cogop.org\/fr\/bureau-de-leveque-general\/","title":{"rendered":"Bureau de l&rsquo;\u00c9v\u00eaque g\u00e9n\u00e9ral"},"content":{"rendered":"\t\t<div data-elementor-type=\"wp-page\" data-elementor-id=\"20293\" class=\"elementor elementor-20293 elementor-18124\" data-elementor-post-type=\"page\">\n\t\t\t\t<div class=\"elementor-element elementor-element-1a55ddc e-con-full e-flex e-con e-parent\" data-id=\"1a55ddc\" data-element_type=\"container\" data-e-type=\"container\" data-settings=\"{&quot;background_background&quot;:&quot;classic&quot;}\">\n\t\t<div class=\"elementor-element elementor-element-8e49dee e-con-full e-flex e-con e-child\" data-id=\"8e49dee\" data-element_type=\"container\" data-e-type=\"container\">\n\t\t\t\t<div class=\"elementor-element elementor-element-e71d2db elementor-widget-mobile__width-initial elementor-widget elementor-widget-heading\" data-id=\"e71d2db\" data-element_type=\"widget\" data-e-type=\"widget\" data-widget_type=\"heading.default\">\n\t\t\t\t<div class=\"elementor-widget-container\">\n\t\t\t\t\t<h2 class=\"elementor-heading-title elementor-size-default\"><b>Bureau de l'\u00c9v\u00eaque g\u00e9n\u00e9ral<\/b><\/h2>\t\t\t\t<\/div>\n\t\t\t\t<\/div>\n\t\t\t\t<\/div>\n\t\t\t\t<\/div>\n\t\t<div class=\"elementor-element elementor-element-910d21e e-flex e-con-boxed e-con e-parent\" data-id=\"910d21e\" data-element_type=\"container\" data-e-type=\"container\" data-settings=\"{&quot;background_background&quot;:&quot;classic&quot;}\">\n\t\t\t\t\t<div class=\"e-con-inner\">\n\t\t<div class=\"elementor-element elementor-element-1ee0077 e-con-full elementor-hidden-mobile e-flex e-con e-child\" data-id=\"1ee0077\" data-element_type=\"container\" data-e-type=\"container\">\n\t\t\t\t<div class=\"elementor-element elementor-element-d8069db elementor-widget-mobile__width-inherit elementor-widget elementor-widget-image\" data-id=\"d8069db\" data-element_type=\"widget\" data-e-type=\"widget\" data-widget_type=\"image.default\">\n\t\t\t\t<div class=\"elementor-widget-container\">\n\t\t\t\t\t\t\t\t\t\t\t\t\t\t\t<img fetchpriority=\"high\" decoding=\"async\" width=\"8256\" height=\"5504\" src=\"https:\/\/cogop.org\/wp-content\/uploads\/2025\/03\/IZ9_6963-2.webp\" class=\"attachment-full size-full wp-image-18179\" alt=\"\" srcset=\"https:\/\/cogop.org\/wp-content\/uploads\/2025\/03\/IZ9_6963-2.webp 8256w, https:\/\/cogop.org\/wp-content\/uploads\/2025\/03\/IZ9_6963-2-300x200.webp 300w, https:\/\/cogop.org\/wp-content\/uploads\/2025\/03\/IZ9_6963-2-1024x683.webp 1024w, https:\/\/cogop.org\/wp-content\/uploads\/2025\/03\/IZ9_6963-2-768x512.webp 768w, https:\/\/cogop.org\/wp-content\/uploads\/2025\/03\/IZ9_6963-2-1536x1024.webp 1536w\" sizes=\"(max-width: 8256px) 100vw, 8256px\" \/>\t\t\t\t\t\t\t\t\t\t\t\t\t\t\t<\/div>\n\t\t\t\t<\/div>\n\t\t\t\t<\/div>\n\t\t<div class=\"elementor-element elementor-element-be34f3d e-con-full e-flex e-con e-child\" data-id=\"be34f3d\" data-element_type=\"container\" data-e-type=\"container\">\n\t\t\t\t<div class=\"elementor-element elementor-element-4c1d9d6 elementor-widget elementor-widget-heading\" data-id=\"4c1d9d6\" data-element_type=\"widget\" data-e-type=\"widget\" data-widget_type=\"heading.default\">\n\t\t\t\t<div class=\"elementor-widget-container\">\n\t\t\t\t\t<h2 class=\"elementor-heading-title elementor-size-default\">Nous conna\u00eetre<\/h2>\t\t\t\t<\/div>\n\t\t\t\t<\/div>\n\t\t\t\t<div class=\"elementor-element elementor-element-7b348cd elementor-widget elementor-widget-text-editor\" data-id=\"7b348cd\" data-element_type=\"widget\" data-e-type=\"widget\" data-widget_type=\"text-editor.default\">\n\t\t\t\t<div class=\"elementor-widget-container\">\n\t\t\t\t\t\t\t\t\t<p>L\u2019\u00c9glise de Dieu de la Proph\u00e9tie (EDP) est une d\u00e9nomination chr\u00e9tienne pentec\u00f4tiste bas\u00e9e \u00e0 Cleveland, dans le Tennessee. Fond\u00e9e en 1903, elle a \u00e9tendu ses minist\u00e8res \u00e0 135 nations, englobant plus de 12000 \u00e9glises et plus de 13000 lieux de pr\u00e9dication. Les membres de l\u2019\u00e9glise dans le monde entier d\u00e9passent un million, et pr\u00e8s de 90 % d\u2019entre eux r\u00e9sident en dehors de l\u2019Am\u00e9rique du Nord.  <\/p><p>Le bureau de l\u2019\u00e9v\u00eaque g\u00e9n\u00e9ral joue un r\u00f4le central dans la supervision spirituelle et administrative de ce mouvement mondial, fournissant une vision, un leadership et une coordination pour assurer l\u2019unit\u00e9 et l\u2019efficacit\u00e9 de la mission de l\u2019\u00e9glise \u00e0 travers divers contextes culturels et nationaux.<\/p>\t\t\t\t\t\t\t\t<\/div>\n\t\t\t\t<\/div>\n\t\t<div class=\"elementor-element elementor-element-7a3a68b e-con-full e-flex e-con e-child\" data-id=\"7a3a68b\" data-element_type=\"container\" data-e-type=\"container\" data-settings=\"{&quot;background_background&quot;:&quot;classic&quot;}\">\n\t\t<div class=\"elementor-element elementor-element-51701b8 e-con-full e-flex e-con e-child\" data-id=\"51701b8\" data-element_type=\"container\" data-e-type=\"container\">\n\t\t\t\t<div class=\"elementor-element elementor-element-fd34d68 elementor-widget elementor-widget-image\" data-id=\"fd34d68\" data-element_type=\"widget\" data-e-type=\"widget\" data-widget_type=\"image.default\">\n\t\t\t\t<div class=\"elementor-widget-container\">\n\t\t\t\t\t\t\t\t\t\t\t\t\t\t\t<img decoding=\"async\" width=\"330\" height=\"327\" src=\"https:\/\/cogop.org\/wp-content\/uploads\/2025\/03\/Coalter-2-1.png\" class=\"attachment-large size-large wp-image-12495\" alt=\"\" srcset=\"https:\/\/cogop.org\/wp-content\/uploads\/2025\/03\/Coalter-2-1.png 330w, https:\/\/cogop.org\/wp-content\/uploads\/2025\/03\/Coalter-2-1-300x297.png 300w, https:\/\/cogop.org\/wp-content\/uploads\/2025\/03\/Coalter-2-1-150x150.png 150w\" sizes=\"(max-width: 330px) 100vw, 330px\" \/>\t\t\t\t\t\t\t\t\t\t\t\t\t\t\t<\/div>\n\t\t\t\t<\/div>\n\t\t\t\t<\/div>\n\t\t<div class=\"elementor-element elementor-element-49176fb e-con-full e-flex e-con e-child\" data-id=\"49176fb\" data-element_type=\"container\" data-e-type=\"container\">\n\t\t\t\t<div class=\"elementor-element elementor-element-792fc93 elementor-widget elementor-widget-heading\" data-id=\"792fc93\" data-element_type=\"widget\" data-e-type=\"widget\" data-widget_type=\"heading.default\">\n\t\t\t\t<div class=\"elementor-widget-container\">\n\t\t\t\t\t<h2 class=\"elementor-heading-title elementor-size-default\">Tim Coalter<\/h2>\t\t\t\t<\/div>\n\t\t\t\t<\/div>\n\t\t\t\t<div class=\"elementor-element elementor-element-8b34285 elementor-widget elementor-widget-heading\" data-id=\"8b34285\" data-element_type=\"widget\" data-e-type=\"widget\" data-widget_type=\"heading.default\">\n\t\t\t\t<div class=\"elementor-widget-container\">\n\t\t\t\t\t<h5 class=\"elementor-heading-title elementor-size-default\">\u00c9v\u00eaque g\u00e9n\u00e9ral<\/h5>\t\t\t\t<\/div>\n\t\t\t\t<\/div>\n\t\t\t\t<\/div>\n\t\t<div class=\"elementor-element elementor-element-04689f3 e-con-full e-flex e-con e-child\" data-id=\"04689f3\" data-element_type=\"container\" data-e-type=\"container\">\n\t\t\t\t<div class=\"elementor-element elementor-element-b168b75 elementor-widget elementor-widget-button\" data-id=\"b168b75\" data-element_type=\"widget\" data-e-type=\"widget\" data-widget_type=\"button.default\">\n\t\t\t\t<div class=\"elementor-widget-container\">\n\t\t\t\t\t\t\t\t\t<div class=\"elementor-button-wrapper\">\n\t\t\t\t\t<a class=\"elementor-button elementor-button-link elementor-size-sm\" href=\"#elementor-action%3Aaction%3Dpopup%3Aopen%26settings%3DeyJpZCI6MjA1OTEsInRvZ2dsZSI6ZmFsc2V9\">\n\t\t\t\t\t\t<span class=\"elementor-button-content-wrapper\">\n\t\t\t\t\t\t\t\t\t<span class=\"elementor-button-text\">Voir biographie<\/span>\n\t\t\t\t\t<\/span>\n\t\t\t\t\t<\/a>\n\t\t\t\t<\/div>\n\t\t\t\t\t\t\t\t<\/div>\n\t\t\t\t<\/div>\n\t\t\t\t<\/div>\n\t\t\t\t<\/div>\n\t\t\t\t<\/div>\n\t\t\t\t\t<\/div>\n\t\t\t\t<\/div>\n\t\t<div class=\"elementor-element elementor-element-64a4e60 e-flex e-con-boxed e-con e-parent\" data-id=\"64a4e60\" data-element_type=\"container\" data-e-type=\"container\" data-settings=\"{&quot;background_background&quot;:&quot;classic&quot;}\">\n\t\t\t\t\t<div class=\"e-con-inner\">\n\t\t<div class=\"elementor-element elementor-element-48a9a83 e-con-full e-flex e-con e-child\" data-id=\"48a9a83\" data-element_type=\"container\" data-e-type=\"container\">\n\t\t\t\t<div class=\"elementor-element elementor-element-90028d3 elementor-widget elementor-widget-image\" data-id=\"90028d3\" data-element_type=\"widget\" data-e-type=\"widget\" data-widget_type=\"image.default\">\n\t\t\t\t<div class=\"elementor-widget-container\">\n\t\t\t\t\t\t\t\t\t\t\t\t\t\t\t<img decoding=\"async\" width=\"800\" height=\"600\" src=\"https:\/\/cogop.org\/wp-content\/uploads\/2025\/03\/IMG_1249-1024x768.webp\" class=\"attachment-large size-large wp-image-18175\" alt=\"\" srcset=\"https:\/\/cogop.org\/wp-content\/uploads\/2025\/03\/IMG_1249-1024x768.webp 1024w, https:\/\/cogop.org\/wp-content\/uploads\/2025\/03\/IMG_1249-300x225.webp 300w, https:\/\/cogop.org\/wp-content\/uploads\/2025\/03\/IMG_1249-768x576.webp 768w, https:\/\/cogop.org\/wp-content\/uploads\/2025\/03\/IMG_1249-1536x1152.webp 1536w, https:\/\/cogop.org\/wp-content\/uploads\/2025\/03\/IMG_1249-2048x1536.webp 2048w\" sizes=\"(max-width: 800px) 100vw, 800px\" \/>\t\t\t\t\t\t\t\t\t\t\t\t\t\t\t<\/div>\n\t\t\t\t<\/div>\n\t\t\t\t<\/div>\n\t\t<div class=\"elementor-element elementor-element-1fff919 e-con-full e-flex e-con e-child\" data-id=\"1fff919\" data-element_type=\"container\" data-e-type=\"container\">\n\t\t<div class=\"elementor-element elementor-element-0ebc8c1 e-con-full e-flex e-con e-child\" data-id=\"0ebc8c1\" data-element_type=\"container\" data-e-type=\"container\">\n\t\t\t\t<div class=\"elementor-element elementor-element-13076dd elementor-view-default elementor-widget elementor-widget-icon\" data-id=\"13076dd\" data-element_type=\"widget\" data-e-type=\"widget\" data-widget_type=\"icon.default\">\n\t\t\t\t<div class=\"elementor-widget-container\">\n\t\t\t\t\t\t\t<div class=\"elementor-icon-wrapper\">\n\t\t\t<div class=\"elementor-icon\">\n\t\t\t<svg aria-hidden=\"true\" class=\"e-font-icon-svg e-fas-quote-left\" viewBox=\"0 0 512 512\" xmlns=\"http:\/\/www.w3.org\/2000\/svg\"><path d=\"M464 256h-80v-64c0-35.3 28.7-64 64-64h8c13.3 0 24-10.7 24-24V56c0-13.3-10.7-24-24-24h-8c-88.4 0-160 71.6-160 160v240c0 26.5 21.5 48 48 48h128c26.5 0 48-21.5 48-48V304c0-26.5-21.5-48-48-48zm-288 0H96v-64c0-35.3 28.7-64 64-64h8c13.3 0 24-10.7 24-24V56c0-13.3-10.7-24-24-24h-8C71.6 32 0 103.6 0 192v240c0 26.5 21.5 48 48 48h128c26.5 0 48-21.5 48-48V304c0-26.5-21.5-48-48-48z\"><\/path><\/svg>\t\t\t<\/div>\n\t\t<\/div>\n\t\t\t\t\t\t<\/div>\n\t\t\t\t<\/div>\n\t\t\t\t<div class=\"elementor-element elementor-element-4549078 elementor-widget elementor-widget-heading\" data-id=\"4549078\" data-element_type=\"widget\" data-e-type=\"widget\" data-widget_type=\"heading.default\">\n\t\t\t\t<div class=\"elementor-widget-container\">\n\t\t\t\t\t<h2 class=\"elementor-heading-title elementor-size-default\">R\u00e9concilier le monde avec Christ par la puissance du Saint-Esprit.<\/h2>\t\t\t\t<\/div>\n\t\t\t\t<\/div>\n\t\t\t\t<div class=\"elementor-element elementor-element-b8789f0 elementor-widget elementor-widget-button\" data-id=\"b8789f0\" data-element_type=\"widget\" data-e-type=\"widget\" data-widget_type=\"button.default\">\n\t\t\t\t<div class=\"elementor-widget-container\">\n\t\t\t\t\t\t\t\t\t<div class=\"elementor-button-wrapper\">\n\t\t\t\t\t<a class=\"elementor-button elementor-button-link elementor-size-sm\" href=\"https:\/\/cogop.org\/fr\/nouvelles\/\">\n\t\t\t\t\t\t<span class=\"elementor-button-content-wrapper\">\n\t\t\t\t\t\t\t\t\t<span class=\"elementor-button-text\">Voir toutes les nouvelles <\/span>\n\t\t\t\t\t<\/span>\n\t\t\t\t\t<\/a>\n\t\t\t\t<\/div>\n\t\t\t\t\t\t\t\t<\/div>\n\t\t\t\t<\/div>\n\t\t\t\t<\/div>\n\t\t\t\t<\/div>\n\t\t\t\t\t<\/div>\n\t\t\t\t<\/div>\n\t\t<div class=\"elementor-element elementor-element-fa34690 e-flex e-con-boxed e-con e-parent\" data-id=\"fa34690\" data-element_type=\"container\" data-e-type=\"container\" data-settings=\"{&quot;background_background&quot;:&quot;classic&quot;}\">\n\t\t\t\t\t<div class=\"e-con-inner\">\n\t\t<div class=\"elementor-element elementor-element-0342be1 e-con-full e-flex e-con e-child\" data-id=\"0342be1\" data-element_type=\"container\" data-e-type=\"container\">\n\t\t\t\t<div class=\"elementor-element elementor-element-7d812b0 elementor-widget-mobile__width-initial elementor-widget elementor-widget-heading\" data-id=\"7d812b0\" data-element_type=\"widget\" data-e-type=\"widget\" data-widget_type=\"heading.default\">\n\t\t\t\t<div class=\"elementor-widget-container\">\n\t\t\t\t\t<h3 class=\"elementor-heading-title elementor-size-default\">Apprendre \u00e0 mieux nous conna\u00eetre <\/h3>\t\t\t\t<\/div>\n\t\t\t\t<\/div>\n\t\t\t\t<div class=\"elementor-element elementor-element-48aece6 elementor-widget-mobile__width-initial elementor-widget elementor-widget-text-editor\" data-id=\"48aece6\" data-element_type=\"widget\" data-e-type=\"widget\" data-widget_type=\"text-editor.default\">\n\t\t\t\t<div class=\"elementor-widget-container\">\n\t\t\t\t\t\t\t\t\tD\u00e9couvrir notre histoire, nos valeurs et notre passion \u2013 joignez-vous \u00e0 nous d\u00e8s aujourd\u2019hui!\t\t\t\t\t\t\t\t<\/div>\n\t\t\t\t<\/div>\n\t\t\t\t<\/div>\n\t\t<div class=\"elementor-element elementor-element-aef1e49 e-con-full e-flex e-con e-child\" data-id=\"aef1e49\" data-element_type=\"container\" data-e-type=\"container\">\n\t\t\t\t<div class=\"elementor-element elementor-element-a928d41 elementor-widget elementor-widget-button\" data-id=\"a928d41\" data-element_type=\"widget\" data-e-type=\"widget\" data-widget_type=\"button.default\">\n\t\t\t\t<div class=\"elementor-widget-container\">\n\t\t\t\t\t\t\t\t\t<div class=\"elementor-button-wrapper\">\n\t\t\t\t\t<a class=\"elementor-button elementor-button-link elementor-size-sm\" href=\"https:\/\/www.facebook.com\/cogop\/\" target=\"_blank\">\n\t\t\t\t\t\t<span class=\"elementor-button-content-wrapper\">\n\t\t\t\t\t\t\t\t\t<span class=\"elementor-button-text\">Visiter notre page Facebook<\/span>\n\t\t\t\t\t<\/span>\n\t\t\t\t\t<\/a>\n\t\t\t\t<\/div>\n\t\t\t\t\t\t\t\t<\/div>\n\t\t\t\t<\/div>\n\t\t\t\t<\/div>\n\t\t\t\t\t<\/div>\n\t\t\t\t<\/div>\n\t\t\t\t<\/div>\n\t\t","protected":false},"excerpt":{"rendered":"<p>Bureau de l&rsquo;\u00c9v\u00eaque g\u00e9n\u00e9ral Nous conna\u00eetre L\u2019\u00c9glise de Dieu de la Proph\u00e9tie (EDP) est une d\u00e9nomination chr\u00e9tienne pentec\u00f4tiste bas\u00e9e \u00e0 Cleveland, dans le Tennessee. Fond\u00e9e en 1903, elle a \u00e9tendu ses minist\u00e8res \u00e0 135 nations, englobant plus de 12000 \u00e9glises et plus de 13000 lieux de pr\u00e9dication. Les membres de l\u2019\u00e9glise dans le monde entier [&hellip;]<\/p>\n","protected":false},"author":4,"featured_media":0,"parent":0,"menu_order":0,"comment_status":"closed","ping_status":"closed","template":"","meta":{"_acf_changed":false,"_monsterinsights_skip_tracking":false,"_monsterinsights_sitenote_active":false,"_monsterinsights_sitenote_note":"","_monsterinsights_sitenote_category":0,"_uf_show_specific_survey":0,"_uf_disable_surveys":false,"footnotes":""},"class_list":["post-20293","page","type-page","status-publish","hentry"],"acf":[],"yoast_head":"<!-- This site is optimized with the Yoast SEO plugin v27.4 - https:\/\/yoast.com\/product\/yoast-seo-wordpress\/ -->\n<title>Bureau de l&#039;\u00c9v\u00eaque g\u00e9n\u00e9ral | COGOP<\/title>\n<meta name=\"robots\" content=\"index, follow, max-snippet:-1, max-image-preview:large, max-video-preview:-1\" \/>\n<link rel=\"canonical\" href=\"https:\/\/cogop.org\/fr\/bureau-de-leveque-general\/\" \/>\n<meta property=\"og:locale\" content=\"fr_FR\" \/>\n<meta property=\"og:type\" content=\"article\" \/>\n<meta property=\"og:title\" content=\"Bureau de l&#039;\u00c9v\u00eaque g\u00e9n\u00e9ral | COGOP\" \/>\n<meta property=\"og:description\" content=\"Bureau de l&rsquo;\u00c9v\u00eaque g\u00e9n\u00e9ral Nous conna\u00eetre L\u2019\u00c9glise de Dieu de la Proph\u00e9tie (EDP) est une d\u00e9nomination chr\u00e9tienne pentec\u00f4tiste bas\u00e9e \u00e0 Cleveland, dans le Tennessee. Fond\u00e9e en 1903, elle a \u00e9tendu ses minist\u00e8res \u00e0 135 nations, englobant plus de 12000 \u00e9glises et plus de 13000 lieux de pr\u00e9dication. Les membres de l\u2019\u00e9glise dans le monde entier [&hellip;]\" \/>\n<meta property=\"og:url\" content=\"https:\/\/cogop.org\/fr\/bureau-de-leveque-general\/\" \/>\n<meta property=\"og:site_name\" content=\"COGOP\" \/>\n<meta property=\"article:publisher\" content=\"https:\/\/www.facebook.com\/cogop\" \/>\n<meta property=\"article:modified_time\" content=\"2025-04-02T14:53:26+00:00\" \/>\n<meta property=\"og:image\" content=\"https:\/\/cogop.org\/wp-content\/uploads\/2025\/03\/IZ9_6963-2-1024x683.webp\" \/>\n\t<meta property=\"og:image:width\" content=\"1024\" \/>\n\t<meta property=\"og:image:height\" content=\"683\" \/>\n\t<meta property=\"og:image:type\" content=\"image\/webp\" \/>\n<meta name=\"twitter:card\" content=\"summary_large_image\" \/>\n<meta name=\"twitter:site\" content=\"@cogop\" \/>\n<meta name=\"twitter:label1\" content=\"Dur\u00e9e de lecture estim\u00e9e\" \/>\n\t<meta name=\"twitter:data1\" content=\"1 minute\" \/>\n<script type=\"application\/ld+json\" class=\"yoast-schema-graph\">{\"@context\":\"https:\\\/\\\/schema.org\",\"@graph\":[{\"@type\":\"WebPage\",\"@id\":\"https:\\\/\\\/cogop.org\\\/fr\\\/bureau-de-leveque-general\\\/\",\"url\":\"https:\\\/\\\/cogop.org\\\/fr\\\/bureau-de-leveque-general\\\/\",\"name\":\"Bureau de l'\u00c9v\u00eaque g\u00e9n\u00e9ral | COGOP\",\"isPartOf\":{\"@id\":\"https:\\\/\\\/cogop.org\\\/#website\"},\"primaryImageOfPage\":{\"@id\":\"https:\\\/\\\/cogop.org\\\/fr\\\/bureau-de-leveque-general\\\/#primaryimage\"},\"image\":{\"@id\":\"https:\\\/\\\/cogop.org\\\/fr\\\/bureau-de-leveque-general\\\/#primaryimage\"},\"thumbnailUrl\":\"https:\\\/\\\/cogop.org\\\/wp-content\\\/uploads\\\/2025\\\/03\\\/IZ9_6963-2.webp\",\"datePublished\":\"2025-03-26T14:55:16+00:00\",\"dateModified\":\"2025-04-02T14:53:26+00:00\",\"inLanguage\":\"fr-FR\",\"potentialAction\":[{\"@type\":\"ReadAction\",\"target\":[\"https:\\\/\\\/cogop.org\\\/fr\\\/bureau-de-leveque-general\\\/\"]}]},{\"@type\":\"ImageObject\",\"inLanguage\":\"fr-FR\",\"@id\":\"https:\\\/\\\/cogop.org\\\/fr\\\/bureau-de-leveque-general\\\/#primaryimage\",\"url\":\"https:\\\/\\\/cogop.org\\\/wp-content\\\/uploads\\\/2025\\\/03\\\/IZ9_6963-2.webp\",\"contentUrl\":\"https:\\\/\\\/cogop.org\\\/wp-content\\\/uploads\\\/2025\\\/03\\\/IZ9_6963-2.webp\"},{\"@type\":\"BreadcrumbList\",\"@id\":\"https:\\\/\\\/cogop.org\\\/fr\\\/bureau-de-leveque-general\\\/#breadcrumb\",\"itemListElement\":[{\"@type\":\"ListItem\",\"position\":1,\"name\":\"Home\",\"item\":\"https:\\\/\\\/cogop.org\\\/\"},{\"@type\":\"ListItem\",\"position\":2,\"name\":\"Bureau de l&rsquo;\u00c9v\u00eaque g\u00e9n\u00e9ral\"}]},{\"@type\":\"WebSite\",\"@id\":\"https:\\\/\\\/cogop.org\\\/#website\",\"url\":\"https:\\\/\\\/cogop.org\\\/\",\"name\":\"Church of God of Prophecy\",\"description\":\"Reconciling the World to Christ\",\"publisher\":{\"@id\":\"https:\\\/\\\/cogop.org\\\/#organization\"},\"alternateName\":\"COGOP\",\"potentialAction\":[{\"@type\":\"SearchAction\",\"target\":{\"@type\":\"EntryPoint\",\"urlTemplate\":\"https:\\\/\\\/cogop.org\\\/?s={search_term_string}\"},\"query-input\":{\"@type\":\"PropertyValueSpecification\",\"valueRequired\":true,\"valueName\":\"search_term_string\"}}],\"inLanguage\":\"fr-FR\"},{\"@type\":\"Organization\",\"@id\":\"https:\\\/\\\/cogop.org\\\/#organization\",\"name\":\"Church of God of Prophecy\",\"alternateName\":\"COGOP\",\"url\":\"https:\\\/\\\/cogop.org\\\/\",\"logo\":{\"@type\":\"ImageObject\",\"inLanguage\":\"fr-FR\",\"@id\":\"https:\\\/\\\/cogop.org\\\/#\\\/schema\\\/logo\\\/image\\\/\",\"url\":\"https:\\\/\\\/cogop.org\\\/wp-content\\\/uploads\\\/2025\\\/01\\\/logo-cogop.webp\",\"contentUrl\":\"https:\\\/\\\/cogop.org\\\/wp-content\\\/uploads\\\/2025\\\/01\\\/logo-cogop.webp\",\"width\":500,\"height\":118,\"caption\":\"Church of God of Prophecy\"},\"image\":{\"@id\":\"https:\\\/\\\/cogop.org\\\/#\\\/schema\\\/logo\\\/image\\\/\"},\"sameAs\":[\"https:\\\/\\\/www.facebook.com\\\/cogop\",\"https:\\\/\\\/x.com\\\/cogop\",\"https:\\\/\\\/www.instagram.com\\\/cogoppics\\\/\",\"https:\\\/\\\/www.youtube.com\\\/@COGOPMedia\",\"https:\\\/\\\/open.spotify.com\\\/user\\\/g1d13yyaprw0wrr2woer8edyp?si=a32b364b555f4d4d\"]}]}<\/script>\n<!-- \/ Yoast SEO plugin. -->","yoast_head_json":{"title":"Bureau de l'\u00c9v\u00eaque g\u00e9n\u00e9ral | COGOP","robots":{"index":"index","follow":"follow","max-snippet":"max-snippet:-1","max-image-preview":"max-image-preview:large","max-video-preview":"max-video-preview:-1"},"canonical":"https:\/\/cogop.org\/fr\/bureau-de-leveque-general\/","og_locale":"fr_FR","og_type":"article","og_title":"Bureau de l'\u00c9v\u00eaque g\u00e9n\u00e9ral | COGOP","og_description":"Bureau de l&rsquo;\u00c9v\u00eaque g\u00e9n\u00e9ral Nous conna\u00eetre L\u2019\u00c9glise de Dieu de la Proph\u00e9tie (EDP) est une d\u00e9nomination chr\u00e9tienne pentec\u00f4tiste bas\u00e9e \u00e0 Cleveland, dans le Tennessee. Fond\u00e9e en 1903, elle a \u00e9tendu ses minist\u00e8res \u00e0 135 nations, englobant plus de 12000 \u00e9glises et plus de 13000 lieux de pr\u00e9dication. Les membres de l\u2019\u00e9glise dans le monde entier [&hellip;]","og_url":"https:\/\/cogop.org\/fr\/bureau-de-leveque-general\/","og_site_name":"COGOP","article_publisher":"https:\/\/www.facebook.com\/cogop","article_modified_time":"2025-04-02T14:53:26+00:00","og_image":[{"width":1024,"height":683,"url":"https:\/\/cogop.org\/wp-content\/uploads\/2025\/03\/IZ9_6963-2-1024x683.webp","type":"image\/webp"}],"twitter_card":"summary_large_image","twitter_site":"@cogop","twitter_misc":{"Dur\u00e9e de lecture estim\u00e9e":"1 minute"},"schema":{"@context":"https:\/\/schema.org","@graph":[{"@type":"WebPage","@id":"https:\/\/cogop.org\/fr\/bureau-de-leveque-general\/","url":"https:\/\/cogop.org\/fr\/bureau-de-leveque-general\/","name":"Bureau de l'\u00c9v\u00eaque g\u00e9n\u00e9ral | COGOP","isPartOf":{"@id":"https:\/\/cogop.org\/#website"},"primaryImageOfPage":{"@id":"https:\/\/cogop.org\/fr\/bureau-de-leveque-general\/#primaryimage"},"image":{"@id":"https:\/\/cogop.org\/fr\/bureau-de-leveque-general\/#primaryimage"},"thumbnailUrl":"https:\/\/cogop.org\/wp-content\/uploads\/2025\/03\/IZ9_6963-2.webp","datePublished":"2025-03-26T14:55:16+00:00","dateModified":"2025-04-02T14:53:26+00:00","inLanguage":"fr-FR","potentialAction":[{"@type":"ReadAction","target":["https:\/\/cogop.org\/fr\/bureau-de-leveque-general\/"]}]},{"@type":"ImageObject","inLanguage":"fr-FR","@id":"https:\/\/cogop.org\/fr\/bureau-de-leveque-general\/#primaryimage","url":"https:\/\/cogop.org\/wp-content\/uploads\/2025\/03\/IZ9_6963-2.webp","contentUrl":"https:\/\/cogop.org\/wp-content\/uploads\/2025\/03\/IZ9_6963-2.webp"},{"@type":"BreadcrumbList","@id":"https:\/\/cogop.org\/fr\/bureau-de-leveque-general\/#breadcrumb","itemListElement":[{"@type":"ListItem","position":1,"name":"Home","item":"https:\/\/cogop.org\/"},{"@type":"ListItem","position":2,"name":"Bureau de l&rsquo;\u00c9v\u00eaque g\u00e9n\u00e9ral"}]},{"@type":"WebSite","@id":"https:\/\/cogop.org\/#website","url":"https:\/\/cogop.org\/","name":"Church of God of Prophecy","description":"Reconciling the World to Christ","publisher":{"@id":"https:\/\/cogop.org\/#organization"},"alternateName":"COGOP","potentialAction":[{"@type":"SearchAction","target":{"@type":"EntryPoint","urlTemplate":"https:\/\/cogop.org\/?s={search_term_string}"},"query-input":{"@type":"PropertyValueSpecification","valueRequired":true,"valueName":"search_term_string"}}],"inLanguage":"fr-FR"},{"@type":"Organization","@id":"https:\/\/cogop.org\/#organization","name":"Church of God of Prophecy","alternateName":"COGOP","url":"https:\/\/cogop.org\/","logo":{"@type":"ImageObject","inLanguage":"fr-FR","@id":"https:\/\/cogop.org\/#\/schema\/logo\/image\/","url":"https:\/\/cogop.org\/wp-content\/uploads\/2025\/01\/logo-cogop.webp","contentUrl":"https:\/\/cogop.org\/wp-content\/uploads\/2025\/01\/logo-cogop.webp","width":500,"height":118,"caption":"Church of God of Prophecy"},"image":{"@id":"https:\/\/cogop.org\/#\/schema\/logo\/image\/"},"sameAs":["https:\/\/www.facebook.com\/cogop","https:\/\/x.com\/cogop","https:\/\/www.instagram.com\/cogoppics\/","https:\/\/www.youtube.com\/@COGOPMedia","https:\/\/open.spotify.com\/user\/g1d13yyaprw0wrr2woer8edyp?si=a32b364b555f4d4d"]}]}},"_links":{"self":[{"href":"https:\/\/cogop.org\/fr\/wp-json\/wp\/v2\/pages\/20293","targetHints":{"allow":["GET"]}}],"collection":[{"href":"https:\/\/cogop.org\/fr\/wp-json\/wp\/v2\/pages"}],"about":[{"href":"https:\/\/cogop.org\/fr\/wp-json\/wp\/v2\/types\/page"}],"author":[{"embeddable":true,"href":"https:\/\/cogop.org\/fr\/wp-json\/wp\/v2\/users\/4"}],"replies":[{"embeddable":true,"href":"https:\/\/cogop.org\/fr\/wp-json\/wp\/v2\/comments?post=20293"}],"version-history":[{"count":4,"href":"https:\/\/cogop.org\/fr\/wp-json\/wp\/v2\/pages\/20293\/revisions"}],"predecessor-version":[{"id":20657,"href":"https:\/\/cogop.org\/fr\/wp-json\/wp\/v2\/pages\/20293\/revisions\/20657"}],"wp:attachment":[{"href":"https:\/\/cogop.org\/fr\/wp-json\/wp\/v2\/media?parent=20293"}],"curies":[{"name":"wp","href":"https:\/\/api.w.org\/{rel}","templated":true}]}}