{"id":19785,"date":"2025-02-21T20:14:05","date_gmt":"2025-02-21T20:14:05","guid":{"rendered":"https:\/\/cogop.org\/politique-de-confidentialite\/"},"modified":"2025-07-01T16:59:08","modified_gmt":"2025-07-01T16:59:08","slug":"politique-de-confidentialite","status":"publish","type":"page","link":"https:\/\/cogop.org\/fr\/politique-de-confidentialite\/","title":{"rendered":"Politique de confidentialit\u00e9"},"content":{"rendered":"\t\t<div data-elementor-type=\"wp-page\" data-elementor-id=\"19785\" class=\"elementor elementor-19785 elementor-5467\" data-elementor-post-type=\"page\">\n\t\t\t\t<div class=\"elementor-element elementor-element-15317831 e-flex e-con-boxed e-con e-parent\" data-id=\"15317831\" data-element_type=\"container\" data-e-type=\"container\" data-settings=\"{&quot;background_background&quot;:&quot;classic&quot;}\">\n\t\t\t\t\t<div class=\"e-con-inner\">\n\t\t<div class=\"elementor-element elementor-element-1a9ce9d0 e-flex e-con-boxed e-con e-child\" data-id=\"1a9ce9d0\" data-element_type=\"container\" data-e-type=\"container\" data-settings=\"{&quot;background_background&quot;:&quot;classic&quot;}\">\n\t\t\t\t\t<div class=\"e-con-inner\">\n\t\t\t\t<div class=\"elementor-element elementor-element-5bf2e8f8 elementor-widget-mobile__width-initial elementor-widget elementor-widget-heading\" data-id=\"5bf2e8f8\" data-element_type=\"widget\" data-e-type=\"widget\" data-widget_type=\"heading.default\">\n\t\t\t\t<div class=\"elementor-widget-container\">\n\t\t\t\t\t<h2 class=\"elementor-heading-title elementor-size-default\">Politique de confidentialit\u00e9<\/h2>\t\t\t\t<\/div>\n\t\t\t\t<\/div>\n\t\t\t\t\t<\/div>\n\t\t\t\t<\/div>\n\t\t\t\t\t<\/div>\n\t\t\t\t<\/div>\n\t\t<div class=\"elementor-element elementor-element-1981f01 e-flex e-con-boxed e-con e-parent\" data-id=\"1981f01\" data-element_type=\"container\" data-e-type=\"container\">\n\t\t\t\t\t<div class=\"e-con-inner\">\n\t\t<div class=\"elementor-element elementor-element-b67a505 e-con-full e-flex e-con e-child\" data-id=\"b67a505\" data-element_type=\"container\" data-e-type=\"container\">\n\t\t\t\t<div class=\"elementor-element elementor-element-24ef111 elementor-widget elementor-widget-text-editor\" data-id=\"24ef111\" data-element_type=\"widget\" data-e-type=\"widget\" data-widget_type=\"text-editor.default\">\n\t\t\t\t<div class=\"elementor-widget-container\">\n\t\t\t\t\t\t\t\t\t<h4><span style=\"color: #333399;\">Notre engagement en mati\u00e8re de confidentialit\u00e9<\/span><\/h4>\nVotre vie priv\u00e9e est importante pour nous. Pour mieux prot\u00e9ger votre vie priv\u00e9e, nous fournissons cet avis expliquant nos pratiques en mati\u00e8re d\u2019information en ligne et les choix que vous pouvez faire sur la fa\u00e7on dont vos informations sont collect\u00e9es et utilis\u00e9es. Pour rendre cet avis facile \u00e0 trouver, nous le rendons disponible sur notre page d\u2019accueil et \u00e0 chaque point o\u00f9 des informations personnellement identifiables peuvent \u00eatre demand\u00e9es.  \n<h4><span style=\"color: #333399;\">Les informations que nous collectons<\/span><\/h4>\nCet avis s\u2019applique \u00e0 tous les renseignements recueillis ou soumis sur le site de l\u2019\u00c9glise de Dieu de la Proph\u00e9tie. Sur certaines pages, vous pouvez commander des produits, faire des demandes et vous inscrire pour recevoir du mat\u00e9riel. Les types de renseignements personnels recueillis sur ces pages sont :  \n<p style=\"padding-left: 30px;\">Nom\nAdresse postale\nAdresse mail\nNum\u00e9ro de t\u00e9l\u00e9phone\nRenseignements sur la carte de cr\u00e9dit \/ d\u00e9bit<\/p>\nSur certaines pages, vous pouvez soumettre des informations d\u2019autres personnes. Par exemple, si vous commandez un cadeau en ligne et que vous voulez qu\u2019il soit envoy\u00e9 directement au destinataire, vous devrez fournir l\u2019adresse du destinataire. Dans ce cas, les types de renseignements personnels recueillis sont :  \n<p style=\"padding-left: 30px;\">Nom\nAdresse postale\nNum\u00e9ro de t\u00e9l\u00e9phone<\/p>\n\n<h4><span style=\"color: #333399;\">Notre engagement envers la s\u00e9curit\u00e9 des donn\u00e9es<\/span><\/h4>\nPour emp\u00eacher l\u2019acc\u00e8s non autoris\u00e9, maintenir l\u2019exactitude des donn\u00e9es et assurer l\u2019utilisation correcte des informations, nous avons mis en place des proc\u00e9dures physiques, \u00e9lectroniques et de gestion appropri\u00e9es pour prot\u00e9ger et s\u00e9curiser les informations que nous recueillons en ligne.\n<h4><span style=\"color: #333399;\">Comment nous utilisons les donn\u00e9es<\/span><\/h4>\n<ol style=\"margin-left: 40px;\">\n \t<li>Nous utilisons les donn\u00e9es que vous fournissez lorsque vous passez une commande uniquement pour compl\u00e9ter cette commande.<\/li>\n \t<li>Nous utilisons les donn\u00e9es que vous fournissez sur quelqu\u2019un d\u2019autre lorsque vous passez une commande pour exp\u00e9dier le produit et confirmer la livraison.<\/li>\n \t<li>Nous ne partageons pas ces informations avec des tiers, sauf dans la mesure n\u00e9cessaire pour compl\u00e9ter cette commande.<\/li>\n \t<li>Nous utilisons les adresses email pour r\u00e9pondre aux courriels que nous recevons. Ces renseignements ne sont pas utilis\u00e9s \u00e0 d\u2019autres fins et ils ne sont pas partag\u00e9s. <\/li>\n \t<li>Vous pouvez vous inscrire sur notre site Web si vous souhaitez recevoir nos bulletins d\u2019information ainsi que des mises \u00e0 jour sur les nouveaux produits et services. Les informations que vous soumettez sur notre site ne seront pas utilis\u00e9es \u00e0 cette fin, sauf si vous remplissez le formulaire d\u2019inscription. <\/li>\n \t<li>Nous utilisons des informations non identifiables et agr\u00e9g\u00e9es pour mieux concevoir notre site Web et les partager avec les annonceurs. Par exemple, nous pouvons dire \u00e0 un annonceur que X nombre de personnes ont visit\u00e9 une certaine zone sur notre site Web, ou que Y nombre d\u2019hommes et Z nombre de femmes ont rempli notre formulaire d\u2019inscription. Nous ne divulguerons rien qui pourrait \u00eatre utilis\u00e9 pour identifier ces personnes.  <\/li>\n \t<li>Enfin, nous n\u2019utilisons ni ne partageons jamais les renseignements personnels que vous nous fournissez en ligne d\u2019une mani\u00e8re non li\u00e9e \u00e0 celle d\u00e9crite ci-dessus sans vous donner \u00e9galement la possibilit\u00e9 de refuser ou d\u2019interdire ces utilisations non li\u00e9es.<\/li>\n<\/ol>\n<h4><span style=\"color: #333399;\">Comment acc\u00e9der \u00e0 vos renseignements ou les corriger<\/span><\/h4>\nVous pouvez acc\u00e9der \u00e0 tous les renseignements personnels que nous recueillons en ligne et que nous conservons en appelant le (+1) 423 559 5100 pour v\u00e9rifier votre identit\u00e9. Nous utilisons cette proc\u00e9dure pour mieux prot\u00e9ger vos informations. Vous pouvez corriger les erreurs factuelles dans vos renseignements personnels en nous envoyant une demande qui montre de mani\u00e8re cr\u00e9dible l\u2019erreur. Afin de prot\u00e9ger votre vie priv\u00e9e et votre s\u00e9curit\u00e9, nous prendrons \u00e9galement des mesures raisonnables pour v\u00e9rifier votre identit\u00e9 avant d\u2019accorder l\u2019acc\u00e8s ou d\u2019apporter des corrections.   \n<p style=\"text-align: center;\">Si vous avez d\u2019autres questions ou pr\u00e9occupations au sujet de ces politiques de confidentialit\u00e9,\nveuillez nous appeler au (+1) 423 559 5100 ou nous envoyer un mail \u00e0 <a href=\"mailto:info@cogop.org\">info@cogop.org<\/a>.<\/p>\t\t\t\t\t\t\t\t<\/div>\n\t\t\t\t<\/div>\n\t\t\t\t<\/div>\n\t\t\t\t\t<\/div>\n\t\t\t\t<\/div>\n\t\t\t\t<\/div>\n\t\t","protected":false},"excerpt":{"rendered":"<p>Politique de confidentialit\u00e9 Notre engagement en mati\u00e8re de confidentialit\u00e9 Votre vie priv\u00e9e est importante pour nous. Pour mieux prot\u00e9ger votre vie priv\u00e9e, nous fournissons cet avis expliquant nos pratiques en mati\u00e8re d\u2019information en ligne et les choix que vous pouvez faire sur la fa\u00e7on dont vos informations sont collect\u00e9es et utilis\u00e9es. Pour rendre cet avis [&hellip;]<\/p>\n","protected":false},"author":1,"featured_media":0,"parent":0,"menu_order":0,"comment_status":"closed","ping_status":"closed","template":"","meta":{"_acf_changed":false,"_monsterinsights_skip_tracking":false,"_monsterinsights_sitenote_active":false,"_monsterinsights_sitenote_note":"","_monsterinsights_sitenote_category":0,"_uf_show_specific_survey":0,"_uf_disable_surveys":false,"footnotes":""},"class_list":["post-19785","page","type-page","status-publish","hentry"],"acf":[],"yoast_head":"<!-- This site is optimized with the Yoast SEO plugin v27.4 - https:\/\/yoast.com\/product\/yoast-seo-wordpress\/ -->\n<title>Politique de confidentialit\u00e9 | COGOP<\/title>\n<meta name=\"robots\" content=\"index, follow, max-snippet:-1, max-image-preview:large, max-video-preview:-1\" \/>\n<link rel=\"canonical\" href=\"https:\/\/cogop.org\/privacy-policy\/\" \/>\n<meta property=\"og:locale\" content=\"fr_FR\" \/>\n<meta property=\"og:type\" content=\"article\" \/>\n<meta property=\"og:title\" content=\"Politique de confidentialit\u00e9 | COGOP\" \/>\n<meta property=\"og:description\" content=\"Politique de confidentialit\u00e9 Notre engagement en mati\u00e8re de confidentialit\u00e9 Votre vie priv\u00e9e est importante pour nous. Pour mieux prot\u00e9ger votre vie priv\u00e9e, nous fournissons cet avis expliquant nos pratiques en mati\u00e8re d\u2019information en ligne et les choix que vous pouvez faire sur la fa\u00e7on dont vos informations sont collect\u00e9es et utilis\u00e9es. Pour rendre cet avis [&hellip;]\" \/>\n<meta property=\"og:url\" content=\"https:\/\/cogop.org\/privacy-policy\/\" \/>\n<meta property=\"og:site_name\" content=\"COGOP\" \/>\n<meta property=\"article:publisher\" content=\"https:\/\/www.facebook.com\/cogop\" \/>\n<meta property=\"article:modified_time\" content=\"2025-07-01T16:59:08+00:00\" \/>\n<meta property=\"og:image\" content=\"https:\/\/cogop.org\/wp-content\/uploads\/2025\/03\/Open-graph.jpeg\" \/>\n\t<meta property=\"og:image:width\" content=\"1200\" \/>\n\t<meta property=\"og:image:height\" content=\"628\" \/>\n\t<meta property=\"og:image:type\" content=\"image\/jpeg\" \/>\n<meta name=\"twitter:card\" content=\"summary_large_image\" \/>\n<meta name=\"twitter:site\" content=\"@cogop\" \/>\n<meta name=\"twitter:label1\" content=\"Dur\u00e9e de lecture estim\u00e9e\" \/>\n\t<meta name=\"twitter:data1\" content=\"3 minutes\" \/>\n<script type=\"application\/ld+json\" class=\"yoast-schema-graph\">{\"@context\":\"https:\\\/\\\/schema.org\",\"@graph\":[{\"@type\":\"WebPage\",\"@id\":\"https:\\\/\\\/cogop.org\\\/privacy-policy\\\/\",\"url\":\"https:\\\/\\\/cogop.org\\\/privacy-policy\\\/\",\"name\":\"Politique de confidentialit\u00e9 | COGOP\",\"isPartOf\":{\"@id\":\"https:\\\/\\\/cogop.org\\\/#website\"},\"datePublished\":\"2025-02-21T20:14:05+00:00\",\"dateModified\":\"2025-07-01T16:59:08+00:00\",\"inLanguage\":\"fr-FR\",\"potentialAction\":[{\"@type\":\"ReadAction\",\"target\":[\"https:\\\/\\\/cogop.org\\\/privacy-policy\\\/\"]}]},{\"@type\":\"BreadcrumbList\",\"@id\":\"https:\\\/\\\/cogop.org\\\/privacy-policy\\\/#breadcrumb\",\"itemListElement\":[{\"@type\":\"ListItem\",\"position\":1,\"name\":\"Home\",\"item\":\"https:\\\/\\\/cogop.org\\\/\"},{\"@type\":\"ListItem\",\"position\":2,\"name\":\"Politique de confidentialit\u00e9\"}]},{\"@type\":\"WebSite\",\"@id\":\"https:\\\/\\\/cogop.org\\\/#website\",\"url\":\"https:\\\/\\\/cogop.org\\\/\",\"name\":\"Church of God of Prophecy\",\"description\":\"Reconciling the World to Christ\",\"publisher\":{\"@id\":\"https:\\\/\\\/cogop.org\\\/#organization\"},\"alternateName\":\"COGOP\",\"potentialAction\":[{\"@type\":\"SearchAction\",\"target\":{\"@type\":\"EntryPoint\",\"urlTemplate\":\"https:\\\/\\\/cogop.org\\\/?s={search_term_string}\"},\"query-input\":{\"@type\":\"PropertyValueSpecification\",\"valueRequired\":true,\"valueName\":\"search_term_string\"}}],\"inLanguage\":\"fr-FR\"},{\"@type\":\"Organization\",\"@id\":\"https:\\\/\\\/cogop.org\\\/#organization\",\"name\":\"Church of God of Prophecy\",\"alternateName\":\"COGOP\",\"url\":\"https:\\\/\\\/cogop.org\\\/\",\"logo\":{\"@type\":\"ImageObject\",\"inLanguage\":\"fr-FR\",\"@id\":\"https:\\\/\\\/cogop.org\\\/#\\\/schema\\\/logo\\\/image\\\/\",\"url\":\"https:\\\/\\\/cogop.org\\\/wp-content\\\/uploads\\\/2025\\\/01\\\/logo-cogop.webp\",\"contentUrl\":\"https:\\\/\\\/cogop.org\\\/wp-content\\\/uploads\\\/2025\\\/01\\\/logo-cogop.webp\",\"width\":500,\"height\":118,\"caption\":\"Church of God of Prophecy\"},\"image\":{\"@id\":\"https:\\\/\\\/cogop.org\\\/#\\\/schema\\\/logo\\\/image\\\/\"},\"sameAs\":[\"https:\\\/\\\/www.facebook.com\\\/cogop\",\"https:\\\/\\\/x.com\\\/cogop\",\"https:\\\/\\\/www.instagram.com\\\/cogoppics\\\/\",\"https:\\\/\\\/www.youtube.com\\\/@COGOPMedia\",\"https:\\\/\\\/open.spotify.com\\\/user\\\/g1d13yyaprw0wrr2woer8edyp?si=a32b364b555f4d4d\"]}]}<\/script>\n<!-- \/ Yoast SEO plugin. -->","yoast_head_json":{"title":"Politique de confidentialit\u00e9 | COGOP","robots":{"index":"index","follow":"follow","max-snippet":"max-snippet:-1","max-image-preview":"max-image-preview:large","max-video-preview":"max-video-preview:-1"},"canonical":"https:\/\/cogop.org\/privacy-policy\/","og_locale":"fr_FR","og_type":"article","og_title":"Politique de confidentialit\u00e9 | COGOP","og_description":"Politique de confidentialit\u00e9 Notre engagement en mati\u00e8re de confidentialit\u00e9 Votre vie priv\u00e9e est importante pour nous. Pour mieux prot\u00e9ger votre vie priv\u00e9e, nous fournissons cet avis expliquant nos pratiques en mati\u00e8re d\u2019information en ligne et les choix que vous pouvez faire sur la fa\u00e7on dont vos informations sont collect\u00e9es et utilis\u00e9es. Pour rendre cet avis [&hellip;]","og_url":"https:\/\/cogop.org\/privacy-policy\/","og_site_name":"COGOP","article_publisher":"https:\/\/www.facebook.com\/cogop","article_modified_time":"2025-07-01T16:59:08+00:00","og_image":[{"width":1200,"height":628,"url":"https:\/\/cogop.org\/wp-content\/uploads\/2025\/03\/Open-graph.jpeg","type":"image\/jpeg"}],"twitter_card":"summary_large_image","twitter_site":"@cogop","twitter_misc":{"Dur\u00e9e de lecture estim\u00e9e":"3 minutes"},"schema":{"@context":"https:\/\/schema.org","@graph":[{"@type":"WebPage","@id":"https:\/\/cogop.org\/privacy-policy\/","url":"https:\/\/cogop.org\/privacy-policy\/","name":"Politique de confidentialit\u00e9 | COGOP","isPartOf":{"@id":"https:\/\/cogop.org\/#website"},"datePublished":"2025-02-21T20:14:05+00:00","dateModified":"2025-07-01T16:59:08+00:00","inLanguage":"fr-FR","potentialAction":[{"@type":"ReadAction","target":["https:\/\/cogop.org\/privacy-policy\/"]}]},{"@type":"BreadcrumbList","@id":"https:\/\/cogop.org\/privacy-policy\/#breadcrumb","itemListElement":[{"@type":"ListItem","position":1,"name":"Home","item":"https:\/\/cogop.org\/"},{"@type":"ListItem","position":2,"name":"Politique de confidentialit\u00e9"}]},{"@type":"WebSite","@id":"https:\/\/cogop.org\/#website","url":"https:\/\/cogop.org\/","name":"Church of God of Prophecy","description":"Reconciling the World to Christ","publisher":{"@id":"https:\/\/cogop.org\/#organization"},"alternateName":"COGOP","potentialAction":[{"@type":"SearchAction","target":{"@type":"EntryPoint","urlTemplate":"https:\/\/cogop.org\/?s={search_term_string}"},"query-input":{"@type":"PropertyValueSpecification","valueRequired":true,"valueName":"search_term_string"}}],"inLanguage":"fr-FR"},{"@type":"Organization","@id":"https:\/\/cogop.org\/#organization","name":"Church of God of Prophecy","alternateName":"COGOP","url":"https:\/\/cogop.org\/","logo":{"@type":"ImageObject","inLanguage":"fr-FR","@id":"https:\/\/cogop.org\/#\/schema\/logo\/image\/","url":"https:\/\/cogop.org\/wp-content\/uploads\/2025\/01\/logo-cogop.webp","contentUrl":"https:\/\/cogop.org\/wp-content\/uploads\/2025\/01\/logo-cogop.webp","width":500,"height":118,"caption":"Church of God of Prophecy"},"image":{"@id":"https:\/\/cogop.org\/#\/schema\/logo\/image\/"},"sameAs":["https:\/\/www.facebook.com\/cogop","https:\/\/x.com\/cogop","https:\/\/www.instagram.com\/cogoppics\/","https:\/\/www.youtube.com\/@COGOPMedia","https:\/\/open.spotify.com\/user\/g1d13yyaprw0wrr2woer8edyp?si=a32b364b555f4d4d"]}]}},"_links":{"self":[{"href":"https:\/\/cogop.org\/fr\/wp-json\/wp\/v2\/pages\/19785","targetHints":{"allow":["GET"]}}],"collection":[{"href":"https:\/\/cogop.org\/fr\/wp-json\/wp\/v2\/pages"}],"about":[{"href":"https:\/\/cogop.org\/fr\/wp-json\/wp\/v2\/types\/page"}],"author":[{"embeddable":true,"href":"https:\/\/cogop.org\/fr\/wp-json\/wp\/v2\/users\/1"}],"replies":[{"embeddable":true,"href":"https:\/\/cogop.org\/fr\/wp-json\/wp\/v2\/comments?post=19785"}],"version-history":[{"count":1,"href":"https:\/\/cogop.org\/fr\/wp-json\/wp\/v2\/pages\/19785\/revisions"}],"predecessor-version":[{"id":19786,"href":"https:\/\/cogop.org\/fr\/wp-json\/wp\/v2\/pages\/19785\/revisions\/19786"}],"wp:attachment":[{"href":"https:\/\/cogop.org\/fr\/wp-json\/wp\/v2\/media?parent=19785"}],"curies":[{"name":"wp","href":"https:\/\/api.w.org\/{rel}","templated":true}]}}