{"id":19005,"date":"2025-03-28T18:00:52","date_gmt":"2025-03-28T18:00:52","guid":{"rendered":"https:\/\/cogop.org\/rejoignez-notre-liste-de-diffusion\/"},"modified":"2025-03-31T20:59:04","modified_gmt":"2025-03-31T20:59:04","slug":"rejoignez-notre-liste-de-diffusion","status":"publish","type":"page","link":"https:\/\/cogop.org\/fr\/rejoignez-notre-liste-de-diffusion\/","title":{"rendered":"Rejoignez notre liste de diffusion"},"content":{"rendered":"\t\t<div data-elementor-type=\"wp-page\" data-elementor-id=\"19005\" class=\"elementor elementor-19005 elementor-18931\" data-elementor-post-type=\"page\">\n\t\t\t\t<div class=\"elementor-element elementor-element-179f17ad e-flex e-con-boxed e-con e-parent\" data-id=\"179f17ad\" data-element_type=\"container\" data-e-type=\"container\">\n\t\t\t\t\t<div class=\"e-con-inner\">\n\t\t\t\t<div class=\"elementor-element elementor-element-7bd2f993 elementor-widget elementor-widget-text-editor\" data-id=\"7bd2f993\" data-element_type=\"widget\" data-e-type=\"widget\" data-widget_type=\"text-editor.default\">\n\t\t\t\t<div class=\"elementor-widget-container\">\n\t\t\t\t\t\t\t\t\t<form id=\"ctct-form-4236896183\" class=\"ctct-form ctct-form-18889 no-recaptcha\" style=\"padding-top: 160px;\" action=\"\" method=\"post\" data-doajax=\"off\">\n<p class=\"ctct-form-field ctct-form-field-email ctct-form-field-required\"><span class=\"ctct-label-top\"><label for=\"email___3c59495a3edf2d27cd20fc1987544522_0_2389387285\">Courriel (obligatoire <abbr title=\"requis\">) *<\/abbr><\/label><\/span><input id=\"email___3c59495a3edf2d27cd20fc1987544522_0_2389387285\" class=\"ctct-email ctct-label-top email___3c59495a3edf2d27cd20fc1987544522\" name=\"email___3c59495a3edf2d27cd20fc1987544522\" required=\"\" type=\"email\" value=\"\" placeholder=\"\"><\/p>\n<p class=\"ctct-form-field ctct-form-field-text ctct-form-field-required\"><span class=\"ctct-label-top\"><label for=\"first_name___ffcf9dae2d7517cb1e43fe590b22e63a_0_551139982\">Pr\u00e9nom (obligatoire <abbr title=\"requis\">) *<\/abbr><\/label><\/span><input id=\"first_name___ffcf9dae2d7517cb1e43fe590b22e63a_0_551139982\" class=\"ctct-text ctct-label-top first_name___ffcf9dae2d7517cb1e43fe590b22e63a\" maxlength=\"255\" name=\"first_name___ffcf9dae2d7517cb1e43fe590b22e63a\" required=\"\" type=\"text\" value=\"\" placeholder=\"\"><\/p>\n<p class=\"ctct-form-field ctct-form-field-text ctct-form-field-required\"><span class=\"ctct-label-top\"><label for=\"last_name___ffc471ee4d52707489f252fe394e57ac_0_3711851558\">Nom de famille (obligatoire <abbr title=\"requis\">) *<\/abbr><\/label><\/span><input id=\"last_name___ffc471ee4d52707489f252fe394e57ac_0_3711851558\" class=\"ctct-text ctct-label-top last_name___ffc471ee4d52707489f252fe394e57ac\" maxlength=\"255\" name=\"last_name___ffc471ee4d52707489f252fe394e57ac\" required=\"\" type=\"text\" value=\"\" placeholder=\"\"><\/p>\n\n<div class=\"ctct-list-selector\" style=\"display: none;\">\n<div class=\"ctct-form-field ctct-form-field-checkbox ctct-form-field-required\">\n<fieldset><legend class=\"ctct-label-top\">S\u00e9lectionnez la (les) liste(s) \u00e0 laquelle (auxquelles) vous souhaitez vous abonner<\/legend><input id=\"lists___4b75496c85b7811e5de31b0afbbb8075_0_0\" class=\"ctct-checkbox ctct-label-right\" checked name=\"lists___4b75496c85b7811e5de31b0afbbb8075[]\" type=\"checkbox\" value=\"060e693c-81b0-11ef-9475-fa163e4540a0\"><span class=\"ctct-label-right\"><label for=\"lists___4b75496c85b7811e5de31b0afbbb8075_0_0\">Liste principale<\/label><\/span><\/fieldset>\n<\/div>\n<\/div>\n<p class=\"ctct-form-field ctct-form-field-checkbox\"><span class=\"ctct-input-container\"><input id=\"ctct-opt-in_0\" class=\"ctct-checkbox ctct-opt-in\" name=\"ctct-opt-in\" type=\"checkbox\" value=\"1\"><label for=\"ctct-opt-in_0\"> Oui, je souhaite recevoir des courriels du COGOP. (Vous pouvez vous d\u00e9sinscrire \u00e0 tout moment) <\/label><\/span><\/p>\n<p class=\"ctct-form-field ctct-form-field-submit\"><input id=\"ctct-submitted_0_2740972903\" class=\"ctct-submit ctct-label-top ctct-submitted\" style=\"background-color: #239ddb;\" name=\"ctct-submitted\" type=\"submit\" value=\"S'inscrire\"><\/p>\n\n<div class=\"ctct_usage\" style=\"border: 0 none; clip: rect( 0, 0, 0, 0 ); height: 1px; margin: -1px; overflow: hidden; padding: 0; position: absolute; width: 1px;\"><label for=\"ctct_usage_field\">Utilisation de Constant Contact. Veuillez laisser ce champ vide. <\/label><input id=\"ctct_usage_field\" class=\"ctct_usage_field\" tabindex=\"-1\" name=\"ctct_usage_field\" type=\"text\" value=\"\"><\/div>\n<input name=\"ctct-id\" type=\"hidden\" value=\"18889\"><input name=\"ctct-verify\" type=\"hidden\" value=\"qSJKFK6aBRz1Z9PD341IH5RoD\"><input name=\"ctct-instance\" type=\"hidden\" value=\"0\"><input name=\"ctct_time\" type=\"hidden\" value=\"1743185221\"><input name=\"ctct_must_opt_in\" type=\"hidden\" value=\"oui\">\n\n<\/form>\n<div class=\"ctct-disclosure\">\n\n<hr>\n\n<small>En soumettant ce formulaire, vous acceptez de recevoir des courriels de marketing de la part de : Church of God of Prophecy. Vous pouvez r\u00e9voquer votre consentement \u00e0 recevoir des courriels \u00e0 tout moment. <\/small>\n\n<\/div>\t\t\t\t\t\t\t\t<\/div>\n\t\t\t\t<\/div>\n\t\t\t\t\t<\/div>\n\t\t\t\t<\/div>\n\t\t\t\t<\/div>\n\t\t","protected":false},"excerpt":{"rendered":"<p>Courriel (obligatoire ) * Pr\u00e9nom (obligatoire ) * Nom de famille (obligatoire ) * S\u00e9lectionnez la (les) liste(s) \u00e0 laquelle (auxquelles) vous souhaitez vous abonner Liste principale Oui, je souhaite recevoir des courriels du COGOP. (Vous pouvez vous d\u00e9sinscrire \u00e0 tout moment) Utilisation de Constant Contact. Veuillez laisser ce champ vide. En soumettant ce formulaire, [&hellip;]<\/p>\n","protected":false},"author":2,"featured_media":0,"parent":0,"menu_order":0,"comment_status":"closed","ping_status":"closed","template":"","meta":{"_acf_changed":false,"_monsterinsights_skip_tracking":false,"_monsterinsights_sitenote_active":false,"_monsterinsights_sitenote_note":"","_monsterinsights_sitenote_category":0,"_uf_show_specific_survey":0,"_uf_disable_surveys":false,"footnotes":""},"class_list":["post-19005","page","type-page","status-publish","hentry"],"acf":[],"yoast_head":"<!-- This site is optimized with the Yoast SEO plugin v27.4 - https:\/\/yoast.com\/product\/yoast-seo-wordpress\/ -->\n<title>Rejoignez notre liste de diffusion | COGOP<\/title>\n<meta name=\"robots\" content=\"index, follow, max-snippet:-1, max-image-preview:large, max-video-preview:-1\" \/>\n<link rel=\"canonical\" href=\"https:\/\/cogop.org\/emaillist\/\" \/>\n<meta property=\"og:locale\" content=\"fr_FR\" \/>\n<meta property=\"og:type\" content=\"article\" \/>\n<meta property=\"og:title\" content=\"Rejoignez notre liste de diffusion | COGOP\" \/>\n<meta property=\"og:description\" content=\"Courriel (obligatoire ) * Pr\u00e9nom (obligatoire ) * Nom de famille (obligatoire ) * S\u00e9lectionnez la (les) liste(s) \u00e0 laquelle (auxquelles) vous souhaitez vous abonner Liste principale Oui, je souhaite recevoir des courriels du COGOP. (Vous pouvez vous d\u00e9sinscrire \u00e0 tout moment) Utilisation de Constant Contact. Veuillez laisser ce champ vide. En soumettant ce formulaire, [&hellip;]\" \/>\n<meta property=\"og:url\" content=\"https:\/\/cogop.org\/emaillist\/\" \/>\n<meta property=\"og:site_name\" content=\"COGOP\" \/>\n<meta property=\"article:publisher\" content=\"https:\/\/www.facebook.com\/cogop\" \/>\n<meta property=\"article:modified_time\" content=\"2025-03-31T20:59:04+00:00\" \/>\n<meta property=\"og:image\" content=\"https:\/\/cogop.org\/wp-content\/uploads\/2025\/03\/Open-graph.jpeg\" \/>\n\t<meta property=\"og:image:width\" content=\"1200\" \/>\n\t<meta property=\"og:image:height\" content=\"628\" \/>\n\t<meta property=\"og:image:type\" content=\"image\/jpeg\" \/>\n<meta name=\"twitter:card\" content=\"summary_large_image\" \/>\n<meta name=\"twitter:site\" content=\"@cogop\" \/>\n<meta name=\"twitter:label1\" content=\"Dur\u00e9e de lecture estim\u00e9e\" \/>\n\t<meta name=\"twitter:data1\" content=\"1 minute\" \/>\n<script type=\"application\/ld+json\" class=\"yoast-schema-graph\">{\"@context\":\"https:\\\/\\\/schema.org\",\"@graph\":[{\"@type\":\"WebPage\",\"@id\":\"https:\\\/\\\/cogop.org\\\/emaillist\\\/\",\"url\":\"https:\\\/\\\/cogop.org\\\/emaillist\\\/\",\"name\":\"Rejoignez notre liste de diffusion | COGOP\",\"isPartOf\":{\"@id\":\"https:\\\/\\\/cogop.org\\\/#website\"},\"datePublished\":\"2025-03-28T18:00:52+00:00\",\"dateModified\":\"2025-03-31T20:59:04+00:00\",\"inLanguage\":\"fr-FR\",\"potentialAction\":[{\"@type\":\"ReadAction\",\"target\":[\"https:\\\/\\\/cogop.org\\\/emaillist\\\/\"]}]},{\"@type\":\"BreadcrumbList\",\"@id\":\"https:\\\/\\\/cogop.org\\\/emaillist\\\/#breadcrumb\",\"itemListElement\":[{\"@type\":\"ListItem\",\"position\":1,\"name\":\"Home\",\"item\":\"https:\\\/\\\/cogop.org\\\/\"},{\"@type\":\"ListItem\",\"position\":2,\"name\":\"Rejoignez notre liste de diffusion\"}]},{\"@type\":\"WebSite\",\"@id\":\"https:\\\/\\\/cogop.org\\\/#website\",\"url\":\"https:\\\/\\\/cogop.org\\\/\",\"name\":\"Church of God of Prophecy\",\"description\":\"Reconciling the World to Christ\",\"publisher\":{\"@id\":\"https:\\\/\\\/cogop.org\\\/#organization\"},\"alternateName\":\"COGOP\",\"potentialAction\":[{\"@type\":\"SearchAction\",\"target\":{\"@type\":\"EntryPoint\",\"urlTemplate\":\"https:\\\/\\\/cogop.org\\\/?s={search_term_string}\"},\"query-input\":{\"@type\":\"PropertyValueSpecification\",\"valueRequired\":true,\"valueName\":\"search_term_string\"}}],\"inLanguage\":\"fr-FR\"},{\"@type\":\"Organization\",\"@id\":\"https:\\\/\\\/cogop.org\\\/#organization\",\"name\":\"Church of God of Prophecy\",\"alternateName\":\"COGOP\",\"url\":\"https:\\\/\\\/cogop.org\\\/\",\"logo\":{\"@type\":\"ImageObject\",\"inLanguage\":\"fr-FR\",\"@id\":\"https:\\\/\\\/cogop.org\\\/#\\\/schema\\\/logo\\\/image\\\/\",\"url\":\"https:\\\/\\\/cogop.org\\\/wp-content\\\/uploads\\\/2025\\\/01\\\/logo-cogop.webp\",\"contentUrl\":\"https:\\\/\\\/cogop.org\\\/wp-content\\\/uploads\\\/2025\\\/01\\\/logo-cogop.webp\",\"width\":500,\"height\":118,\"caption\":\"Church of God of Prophecy\"},\"image\":{\"@id\":\"https:\\\/\\\/cogop.org\\\/#\\\/schema\\\/logo\\\/image\\\/\"},\"sameAs\":[\"https:\\\/\\\/www.facebook.com\\\/cogop\",\"https:\\\/\\\/x.com\\\/cogop\",\"https:\\\/\\\/www.instagram.com\\\/cogoppics\\\/\",\"https:\\\/\\\/www.youtube.com\\\/@COGOPMedia\",\"https:\\\/\\\/open.spotify.com\\\/user\\\/g1d13yyaprw0wrr2woer8edyp?si=a32b364b555f4d4d\"]}]}<\/script>\n<!-- \/ Yoast SEO plugin. -->","yoast_head_json":{"title":"Rejoignez notre liste de diffusion | COGOP","robots":{"index":"index","follow":"follow","max-snippet":"max-snippet:-1","max-image-preview":"max-image-preview:large","max-video-preview":"max-video-preview:-1"},"canonical":"https:\/\/cogop.org\/emaillist\/","og_locale":"fr_FR","og_type":"article","og_title":"Rejoignez notre liste de diffusion | COGOP","og_description":"Courriel (obligatoire ) * Pr\u00e9nom (obligatoire ) * Nom de famille (obligatoire ) * S\u00e9lectionnez la (les) liste(s) \u00e0 laquelle (auxquelles) vous souhaitez vous abonner Liste principale Oui, je souhaite recevoir des courriels du COGOP. (Vous pouvez vous d\u00e9sinscrire \u00e0 tout moment) Utilisation de Constant Contact. Veuillez laisser ce champ vide. En soumettant ce formulaire, [&hellip;]","og_url":"https:\/\/cogop.org\/emaillist\/","og_site_name":"COGOP","article_publisher":"https:\/\/www.facebook.com\/cogop","article_modified_time":"2025-03-31T20:59:04+00:00","og_image":[{"width":1200,"height":628,"url":"https:\/\/cogop.org\/wp-content\/uploads\/2025\/03\/Open-graph.jpeg","type":"image\/jpeg"}],"twitter_card":"summary_large_image","twitter_site":"@cogop","twitter_misc":{"Dur\u00e9e de lecture estim\u00e9e":"1 minute"},"schema":{"@context":"https:\/\/schema.org","@graph":[{"@type":"WebPage","@id":"https:\/\/cogop.org\/emaillist\/","url":"https:\/\/cogop.org\/emaillist\/","name":"Rejoignez notre liste de diffusion | COGOP","isPartOf":{"@id":"https:\/\/cogop.org\/#website"},"datePublished":"2025-03-28T18:00:52+00:00","dateModified":"2025-03-31T20:59:04+00:00","inLanguage":"fr-FR","potentialAction":[{"@type":"ReadAction","target":["https:\/\/cogop.org\/emaillist\/"]}]},{"@type":"BreadcrumbList","@id":"https:\/\/cogop.org\/emaillist\/#breadcrumb","itemListElement":[{"@type":"ListItem","position":1,"name":"Home","item":"https:\/\/cogop.org\/"},{"@type":"ListItem","position":2,"name":"Rejoignez notre liste de diffusion"}]},{"@type":"WebSite","@id":"https:\/\/cogop.org\/#website","url":"https:\/\/cogop.org\/","name":"Church of God of Prophecy","description":"Reconciling the World to Christ","publisher":{"@id":"https:\/\/cogop.org\/#organization"},"alternateName":"COGOP","potentialAction":[{"@type":"SearchAction","target":{"@type":"EntryPoint","urlTemplate":"https:\/\/cogop.org\/?s={search_term_string}"},"query-input":{"@type":"PropertyValueSpecification","valueRequired":true,"valueName":"search_term_string"}}],"inLanguage":"fr-FR"},{"@type":"Organization","@id":"https:\/\/cogop.org\/#organization","name":"Church of God of Prophecy","alternateName":"COGOP","url":"https:\/\/cogop.org\/","logo":{"@type":"ImageObject","inLanguage":"fr-FR","@id":"https:\/\/cogop.org\/#\/schema\/logo\/image\/","url":"https:\/\/cogop.org\/wp-content\/uploads\/2025\/01\/logo-cogop.webp","contentUrl":"https:\/\/cogop.org\/wp-content\/uploads\/2025\/01\/logo-cogop.webp","width":500,"height":118,"caption":"Church of God of Prophecy"},"image":{"@id":"https:\/\/cogop.org\/#\/schema\/logo\/image\/"},"sameAs":["https:\/\/www.facebook.com\/cogop","https:\/\/x.com\/cogop","https:\/\/www.instagram.com\/cogoppics\/","https:\/\/www.youtube.com\/@COGOPMedia","https:\/\/open.spotify.com\/user\/g1d13yyaprw0wrr2woer8edyp?si=a32b364b555f4d4d"]}]}},"_links":{"self":[{"href":"https:\/\/cogop.org\/fr\/wp-json\/wp\/v2\/pages\/19005","targetHints":{"allow":["GET"]}}],"collection":[{"href":"https:\/\/cogop.org\/fr\/wp-json\/wp\/v2\/pages"}],"about":[{"href":"https:\/\/cogop.org\/fr\/wp-json\/wp\/v2\/types\/page"}],"author":[{"embeddable":true,"href":"https:\/\/cogop.org\/fr\/wp-json\/wp\/v2\/users\/2"}],"replies":[{"embeddable":true,"href":"https:\/\/cogop.org\/fr\/wp-json\/wp\/v2\/comments?post=19005"}],"version-history":[{"count":5,"href":"https:\/\/cogop.org\/fr\/wp-json\/wp\/v2\/pages\/19005\/revisions"}],"predecessor-version":[{"id":20137,"href":"https:\/\/cogop.org\/fr\/wp-json\/wp\/v2\/pages\/19005\/revisions\/20137"}],"wp:attachment":[{"href":"https:\/\/cogop.org\/fr\/wp-json\/wp\/v2\/media?parent=19005"}],"curies":[{"name":"wp","href":"https:\/\/api.w.org\/{rel}","templated":true}]}}