{"id":18536,"date":"2025-02-21T20:29:19","date_gmt":"2025-02-21T20:29:19","guid":{"rendered":"https:\/\/cogop.org\/conditions-dutilisation\/"},"modified":"2025-07-01T16:59:07","modified_gmt":"2025-07-01T16:59:07","slug":"conditions-dutilisation","status":"publish","type":"page","link":"https:\/\/cogop.org\/fr\/conditions-dutilisation\/","title":{"rendered":"Conditions d&rsquo;utilisation"},"content":{"rendered":"\t\t<div data-elementor-type=\"wp-page\" data-elementor-id=\"18536\" class=\"elementor elementor-18536 elementor-5499\" data-elementor-post-type=\"page\">\n\t\t\t\t<div class=\"elementor-element elementor-element-15317831 e-flex e-con-boxed e-con e-parent\" data-id=\"15317831\" data-element_type=\"container\" data-e-type=\"container\" data-settings=\"{&quot;background_background&quot;:&quot;classic&quot;}\">\n\t\t\t\t\t<div class=\"e-con-inner\">\n\t\t<div class=\"elementor-element elementor-element-1a9ce9d0 e-flex e-con-boxed e-con e-child\" data-id=\"1a9ce9d0\" data-element_type=\"container\" data-e-type=\"container\" data-settings=\"{&quot;background_background&quot;:&quot;classic&quot;}\">\n\t\t\t\t\t<div class=\"e-con-inner\">\n\t\t\t\t<div class=\"elementor-element elementor-element-5bf2e8f8 elementor-widget-mobile__width-initial elementor-widget elementor-widget-heading\" data-id=\"5bf2e8f8\" data-element_type=\"widget\" data-e-type=\"widget\" data-widget_type=\"heading.default\">\n\t\t\t\t<div class=\"elementor-widget-container\">\n\t\t\t\t\t<h2 class=\"elementor-heading-title elementor-size-default\">Conditions d'utilisation<\/h2>\t\t\t\t<\/div>\n\t\t\t\t<\/div>\n\t\t\t\t\t<\/div>\n\t\t\t\t<\/div>\n\t\t\t\t\t<\/div>\n\t\t\t\t<\/div>\n\t\t<div class=\"elementor-element elementor-element-1981f01 e-flex e-con-boxed e-con e-parent\" data-id=\"1981f01\" data-element_type=\"container\" data-e-type=\"container\">\n\t\t\t\t\t<div class=\"e-con-inner\">\n\t\t<div class=\"elementor-element elementor-element-b67a505 e-con-full e-flex e-con e-child\" data-id=\"b67a505\" data-element_type=\"container\" data-e-type=\"container\">\n\t\t\t\t<div class=\"elementor-element elementor-element-24ef111 elementor-widget elementor-widget-text-editor\" data-id=\"24ef111\" data-element_type=\"widget\" data-e-type=\"widget\" data-widget_type=\"text-editor.default\">\n\t\t\t\t<div class=\"elementor-widget-container\">\n\t\t\t\t\t\t\t\t\t<p>Nous avons fait tous les efforts possibles pour concevoir nos sites Web de mani\u00e8re \u00e0 ce qu\u2019ils soient utiles et informatifs. Nous esp\u00e9rons avoir accompli cela &#8212; fa\u00eetes-nous le savoir si vous aimeriez voir des am\u00e9liorations ou des changements qui rendraient encore plus facile pour vous de trouver les informations dont vous avez besoin. <\/p><p>Tout ce que nous demandons, c\u2019est que vous acceptiez de respecter les conditions g\u00e9n\u00e9rales suivantes. Prenez quelques minutes pour les consulter car en utilisant nos sites, vous les acceptez automatiquement. Bien entendu, si vous n\u2019\u00eates pas d\u2019accord, veuillez ne pas utiliser les sites. Nous nous r\u00e9servons le droit de faire des modifications que nous jugeons n\u00e9cessaires \u00e0 tout moment. S\u2019il vous pla\u00eet continuer \u00e0 v\u00e9rifier ces termes pour voir quels changements ont pu \u00eatre fait ! Votre utilisation continue des sites web de l\u2019\u00c9glise de Dieu de la Proph\u00e9tie signifie que vous acceptez ces changements.     <\/p><h4>Restrictions sur l\u2019utilisation de nos documents en ligne<\/h4><p>Tous les mat\u00e9riaux contenus dans les sites web de l\u2019\u00c9glise de Dieu de la Proph\u00e9tie (\u00ab\u00a0Mat\u00e9riel en ligne\u00a0\u00bb) sont la propri\u00e9t\u00e9 prot\u00e9g\u00e9e par le droit d\u2019auteur de l\u2019\u00c9glise de Dieu de la Proph\u00e9tie. Toutes les marques de commerce, marques de service et noms commerciaux sont la propri\u00e9t\u00e9 de l\u2019\u00c9glise de Dieu de la Proph\u00e9tie. Aucun mat\u00e9riel en ligne provenant de nos sites Web ne peut \u00eatre copi\u00e9, reproduit, republi\u00e9, t\u00e9l\u00e9charg\u00e9, affich\u00e9, transmis ou distribu\u00e9 de quelque fa\u00e7on que ce soit, sauf que vous pouvez t\u00e9l\u00e9charger une copie du mat\u00e9riel sur un seul ordinateur pour votre usage personnel et non commercial \u00e0 la maison seulement, \u00e0 condition 1) que vous conserviez tous les avis de droit d\u2019auteur, de marque et de propri\u00e9t\u00e9, 2) que vous n\u2019apportiez aucune modification aux documents, 3) que vous ne les utilisiez pas d\u2019une mani\u00e8re qui sugg\u00e8re une association avec l\u2019un de nos produits, services, \u00e9v\u00e8nements ou marques, et 4) vous ne t\u00e9l\u00e9chargez pas des quantit\u00e9s de mat\u00e9riaux dans une base de donn\u00e9es, un serveur ou un ordinateur personnel pour les r\u00e9utiliser \u00e0 des fins commerciales. Vous ne pouvez cependant pas copier, reproduire, republier, t\u00e9l\u00e9charger, publier, transmettre ou distribuer notre mat\u00e9riel en ligne de quelque mani\u00e8re que ce soit ou \u00e0 toute autre fin, sauf si vous obtenez notre autorisation \u00e9crite au pr\u00e9alable. Vous ne pouvez pas non plus ajouter, supprimer, d\u00e9former ou fausser tout contenu sur les sites de l\u2019\u00c9glise de Dieu de la Proph\u00e9tie. Les tentatives de modification de tout Mat\u00e9riel en ligne, ou pour contourner nos fonctions de s\u00e9curit\u00e9 sont interdites.         <\/p><p>Tout ce que vous t\u00e9l\u00e9chargez, tout logiciel, ainsi que tous les fichiers, toutes les images incorpor\u00e9es ou g\u00e9n\u00e9r\u00e9es par le logiciel et toutes les donn\u00e9es qui l\u2019accompagnent, est consid\u00e9r\u00e9 comme \u00e9tant conc\u00e9d\u00e9 sous licence \u00e0 vous par l&rsquo;\u00c9glise de Dieu de la Proph\u00e9cie ou des tiers pour votre usage personnel et non commercial. Nous ne vous transf\u00e9rons pas le titre du logiciel. Cela signifie que nous conservons la pleine et enti\u00e8re propri\u00e9t\u00e9 du logiciel et de tous les droits de propri\u00e9t\u00e9 intellectuelle associ\u00e9s. Vous n\u2019\u00eates pas autoris\u00e9 \u00e0 redistribuer ou vendre le mat\u00e9riel, ni \u00e0 faire de la r\u00e9troing\u00e9nierie, du d\u00e9sassemblage ou \u00e0 le convertir sous une autre forme que les gens peuvent utiliser.   <\/p><h4>Nous soumettre votre mat\u00e9riel en ligne<\/h4><p>Toutes les remarques, suggestions, id\u00e9es, graphiques, commentaires ou autres informations que vous envoyez \u00e0 l\u2019\u00c9glise de Dieu de la Proph\u00e9tie par nos sites (autres que les informations que nous promettons de prot\u00e9ger en vertu de notre politique de confidentialit\u00e9), deviennent et demeurent notre propri\u00e9t\u00e9, m\u00eame si cet accord est r\u00e9sili\u00e9 ult\u00e9rieurement.<\/p><p>Cela signifie que ces soumissions ne sont pas trait\u00e9es comme confidentielles. Si nous les utilisons, ou quelque chose de nature similaire, nous ne sommes pas oblig\u00e9s de vous payer ou de payer quelqu\u2019un d\u2019autre pour elles. Nous aurons la propri\u00e9t\u00e9 exclusive de tous les droits pr\u00e9sents et futurs sur les soumissions de toute nature. Nous pouvons les utiliser pour n\u2019importe quel but que nous jugeons appropri\u00e9 \u00e0 notre mission de l\u2019\u00c9glise de Dieu de la Proph\u00e9tie, sans vous indemniser ni personne d\u2019autre pour eux.   <\/p><p>Vous reconnaissez que vous \u00eates responsable de toute soumission que vous faites. Cela signifie que vous (et non nous) avez la pleine responsabilit\u00e9 du message, y compris sa l\u00e9galit\u00e9, fiabilit\u00e9, pertinence, originalit\u00e9 et droit d\u2019auteur. <\/p><h4>Limitation de responsabilit\u00e9<\/h4><p>L&rsquo;\u00c9glise de Dieu de la Proph\u00e9tie ne sera pas responsable des dommages ou blessures qui accompagnent ou r\u00e9sultent de votre utilisation de l\u2019un de ses sites.<br>Ces dommages comprennent (sans s\u2019y limiter) les dommages ou blessures caus\u00e9s par :<\/p><p>Utilisation (ou incapacit\u00e9 d\u2019utiliser) les sites<br>Utilisation (ou impossibilit\u00e9 d\u2019utiliser) de tout site vers lequel vous avez un lien depuis nos sites<br>Le fait que nos sites ne fonctionnent pas de la mani\u00e8re que vous attendez ou souhaitez<br>Erreur ou omission sur nos sites<br>Interruption de la disponibilit\u00e9 de nos sites<br>D\u00e9faut sur nos sites<br>Retard dans l\u2019exploitation ou la transmission de nos sites<br>Virus informatique ou panne de ligne<br>Veuillez noter que nous ne sommes pas responsables des dommages, notamment :<br>Dommages-int\u00e9r\u00eats destin\u00e9s \u00e0 indemniser directement une personne pour une perte ou une blessure<br>Les dommages raisonnablement attendus \u00e0 la suite d\u2019une perte ou d\u2019un pr\u00e9judice (connus en termes juridiques comme \u00ab dommages indirects.\u00bb)<br>Autres dommages divers et d\u00e9penses r\u00e9sultant directement d\u2019une perte ou d\u2019un pr\u00e9judice (appel\u00e9s en termes juridiques \u00ab dommages accessoires \u00bb)<br>Nous ne sommes pas responsables m\u00eame si nous avons \u00e9t\u00e9 n\u00e9gligents ou si notre repr\u00e9sentant autoris\u00e9 a \u00e9t\u00e9 inform\u00e9 de la possibilit\u00e9 de tels dommages ou des deux.<br>Exception : Certaines lois d\u2019\u00c9tat peuvent ne pas nous permettre de limiter ou d\u2019exclure la responsabilit\u00e9 pour ces dommages \u00ab\u00a0accessoires\u00a0\u00bb ou \u00ab\u00a0indirects\u00a0\u00bb. Si vous vivez dans l\u2019un de ces \u00e9tats, la limitation ci-dessus ne s\u2019appliquerait pas, ce qui signifie que vous pourriez avoir le droit de recouvrer ces types de dommages. Cependant, dans tous les cas, notre responsabilit\u00e9 envers vous pour toutes pertes, dommages, blessures et r\u00e9clamations de toute nature (si les dommages sont r\u00e9clam\u00e9s en vertu des termes d\u2019un contrat, ou pr\u00e9tendus \u00eatre caus\u00e9s par n\u00e9gligence ou autre conduite fautive, ou ils sont r\u00e9clam\u00e9s en vertu de toute autre th\u00e9orie juridique) ne sera pas sup\u00e9rieure au montant que vous avez pay\u00e9 pour acc\u00e9der \u00e0 nos sites.  <\/p><h4>Liens vers d&rsquo;autres sites<\/h4><p>Nous fournissons parfois des r\u00e9f\u00e9rences et des liens vers d\u2019autres sites Internet \u00e0 partir de nos sites. Un tel lien ne doit pas \u00eatre consid\u00e9r\u00e9 comme une approbation ou un accord avec les informations ou les ressources offertes sur les sites auxquels vous pouvez acc\u00e9der par l\u2019interm\u00e9diaire de nos sites. En cas de doute, v\u00e9rifiez toujours l\u2019adresse URL fournie dans votre navigateur pour voir si vous \u00eates encore sur un site exploit\u00e9 par l\u2019\u00c9glise de Dieu de la Proph\u00e9tie ou si vous avez \u00e9t\u00e9 transf\u00e9r\u00e9 vers un autre site. L&rsquo;\u00c9glise de Dieu de la Proph\u00e9tie n\u2019est pas responsable du contenu ou des pratiques de sites tiers qui peuvent \u00eatre li\u00e9s \u00e0 nos sites. Lorsque l\u2019\u00c9glise de Dieu de la Proph\u00e9tie fournit des liens ou des r\u00e9f\u00e9rences \u00e0 d\u2019autres sites Web, aucune inf\u00e9rence ou hypoth\u00e8se ne doit \u00eatre faite et aucune repr\u00e9sentation ne doit \u00eatre d\u00e9duite que l\u2019\u00c9glise de Dieu de la Proph\u00e9tie est connect\u00e9e avec ces sites Web, les exploite ou les contr\u00f4le. Tout lien approuv\u00e9 ne doit en aucune fa\u00e7on repr\u00e9senter, explicitement ou implicitement, que vous avez re\u00e7u l\u2019approbation, le parrainage ou le soutien d\u2019un site de l\u2019\u00c9glise de Dieu de la Proph\u00e9tie ou l\u2019approbation, le parrainage ou le soutien du minist\u00e8re de l\u2019\u00c9glise de Dieu de la Proph\u00e9tie, y compris ses employ\u00e9s, agents ou administrateurs respectifs.     <\/p><h4>R\u00e9siliation du pr\u00e9sent contrat<\/h4><p>Le pr\u00e9sent contract est en vigueur jusqu\u2019\u00e0 ce qu\u2019il soit r\u00e9sili\u00e9 par l\u2019une ou l\u2019autre partie. Vous pouvez r\u00e9silier cet accord \u00e0 tout moment, en d\u00e9truisant tous les mat\u00e9riaux obtenus de tous les sites Web de l\u2019\u00c9glise de Dieu de la Proph\u00e9tie, ainsi que toute la documentation connexe et toutes les copies et installations. L&rsquo;\u00c9glise de Dieu de la Proph\u00e9tie peut r\u00e9silier le pr\u00e9sent accord \u00e0 tout moment et sans pr\u00e9avis, si, selon son seul jugement, vous violez une disposition ou une condition du pr\u00e9sent accord. Au moment de la r\u00e9siliation, vous devez d\u00e9truire tous les mat\u00e9riaux. De plus, en fournissant du mat\u00e9riel sur nos sites Web, nous ne promettons aucunement que le mat\u00e9riel restera disponible pour vous. Enfin, l\u2019\u00c9glise de Dieu de la Proph\u00e9tie a le droit de mettre fin \u00e0 tout ou une partie de ses sites Web sans pr\u00e9avis.     <\/p><h4>Juridiction et autres points \u00e0 consid\u00e9rer<\/h4><p>Sauf indication contraire, les documents en ligne sur nos sites sont pr\u00e9sent\u00e9s pour fournir des informations sur les ressources de l\u2019\u00c9glise de Dieu de la Proph\u00e9tie. Le minist\u00e8re de l\u2019\u00c9glise de Dieu de la Proph\u00e9tie a \u00e9t\u00e9 organis\u00e9 sous les lois du Tennessee, aux \u00c9tats-Unis d\u2019Am\u00e9rique. Si vous utilisez nos sites \u00e0 partir d\u2019endroits en dehors des \u00c9tats-Unis, vous \u00eates responsable de la conformit\u00e9 avec les lois applicables. Les pr\u00e9sentes conditions d\u2019utilisation et l\u2019entente qu\u2019elles cr\u00e9ent sont r\u00e9gies par et interpr\u00e9t\u00e9es conform\u00e9ment aux lois de l\u2019\u00c9tat du Tennessee (sans appliquer les principes de conflit de lois de l\u2019\u00c9tat) Si une disposition de la pr\u00e9sente entente est ill\u00e9gale, nulle ou inex\u00e9cutable, elle n\u2019affectera pas la validit\u00e9 et l\u2019applicabilit\u00e9 des dispositions restantes. L&rsquo;\u00c9glise de Dieu de la Proph\u00e9tie peut modifier ces conditions d\u2019utilisation, et l\u2019accord qu\u2019elles cr\u00e9ent, \u00e0 tout moment, simplement en mettant \u00e0 jour cette publication et sans pr\u00e9avis. Il s\u2019agit de l\u2019entente COMPL\u00c8TE concernant toutes les questions qui ont \u00e9t\u00e9 \u00e9num\u00e9r\u00e9es.     <\/p>\t\t\t\t\t\t\t\t<\/div>\n\t\t\t\t<\/div>\n\t\t\t\t<\/div>\n\t\t\t\t\t<\/div>\n\t\t\t\t<\/div>\n\t\t\t\t<\/div>\n\t\t","protected":false},"excerpt":{"rendered":"<p>Conditions d&rsquo;utilisation Nous avons fait tous les efforts possibles pour concevoir nos sites Web de mani\u00e8re \u00e0 ce qu\u2019ils soient utiles et informatifs. Nous esp\u00e9rons avoir accompli cela &#8212; fa\u00eetes-nous le savoir si vous aimeriez voir des am\u00e9liorations ou des changements qui rendraient encore plus facile pour vous de trouver les informations dont vous avez [&hellip;]<\/p>\n","protected":false},"author":1,"featured_media":0,"parent":0,"menu_order":0,"comment_status":"closed","ping_status":"closed","template":"","meta":{"_acf_changed":false,"_monsterinsights_skip_tracking":false,"_monsterinsights_sitenote_active":false,"_monsterinsights_sitenote_note":"","_monsterinsights_sitenote_category":0,"_uf_show_specific_survey":0,"_uf_disable_surveys":false,"footnotes":""},"class_list":["post-18536","page","type-page","status-publish","hentry"],"acf":[],"yoast_head":"<!-- This site is optimized with the Yoast SEO plugin v27.4 - https:\/\/yoast.com\/product\/yoast-seo-wordpress\/ -->\n<title>Conditions d&#039;utilisation | COGOP<\/title>\n<meta name=\"robots\" content=\"index, follow, max-snippet:-1, max-image-preview:large, max-video-preview:-1\" \/>\n<link rel=\"canonical\" href=\"https:\/\/cogop.org\/terms-of-use\/\" \/>\n<meta property=\"og:locale\" content=\"fr_FR\" \/>\n<meta property=\"og:type\" content=\"article\" \/>\n<meta property=\"og:title\" content=\"Conditions d&#039;utilisation | COGOP\" \/>\n<meta property=\"og:description\" content=\"Conditions d&rsquo;utilisation Nous avons fait tous les efforts possibles pour concevoir nos sites Web de mani\u00e8re \u00e0 ce qu\u2019ils soient utiles et informatifs. Nous esp\u00e9rons avoir accompli cela &#8212; fa\u00eetes-nous le savoir si vous aimeriez voir des am\u00e9liorations ou des changements qui rendraient encore plus facile pour vous de trouver les informations dont vous avez [&hellip;]\" \/>\n<meta property=\"og:url\" content=\"https:\/\/cogop.org\/terms-of-use\/\" \/>\n<meta property=\"og:site_name\" content=\"COGOP\" \/>\n<meta property=\"article:publisher\" content=\"https:\/\/www.facebook.com\/cogop\" \/>\n<meta property=\"article:modified_time\" content=\"2025-07-01T16:59:07+00:00\" \/>\n<meta property=\"og:image\" content=\"https:\/\/cogop.org\/wp-content\/uploads\/2025\/03\/Open-graph.jpeg\" \/>\n\t<meta property=\"og:image:width\" content=\"1200\" \/>\n\t<meta property=\"og:image:height\" content=\"628\" \/>\n\t<meta property=\"og:image:type\" content=\"image\/jpeg\" \/>\n<meta name=\"twitter:card\" content=\"summary_large_image\" \/>\n<meta name=\"twitter:site\" content=\"@cogop\" \/>\n<meta name=\"twitter:label1\" content=\"Dur\u00e9e de lecture estim\u00e9e\" \/>\n\t<meta name=\"twitter:data1\" content=\"9 minutes\" \/>\n<script type=\"application\/ld+json\" class=\"yoast-schema-graph\">{\"@context\":\"https:\\\/\\\/schema.org\",\"@graph\":[{\"@type\":\"WebPage\",\"@id\":\"https:\\\/\\\/cogop.org\\\/terms-of-use\\\/\",\"url\":\"https:\\\/\\\/cogop.org\\\/terms-of-use\\\/\",\"name\":\"Conditions d'utilisation | COGOP\",\"isPartOf\":{\"@id\":\"https:\\\/\\\/cogop.org\\\/#website\"},\"datePublished\":\"2025-02-21T20:29:19+00:00\",\"dateModified\":\"2025-07-01T16:59:07+00:00\",\"inLanguage\":\"fr-FR\",\"potentialAction\":[{\"@type\":\"ReadAction\",\"target\":[\"https:\\\/\\\/cogop.org\\\/terms-of-use\\\/\"]}]},{\"@type\":\"BreadcrumbList\",\"@id\":\"https:\\\/\\\/cogop.org\\\/terms-of-use\\\/#breadcrumb\",\"itemListElement\":[{\"@type\":\"ListItem\",\"position\":1,\"name\":\"Home\",\"item\":\"https:\\\/\\\/cogop.org\\\/\"},{\"@type\":\"ListItem\",\"position\":2,\"name\":\"Conditions d&#8217;utilisation\"}]},{\"@type\":\"WebSite\",\"@id\":\"https:\\\/\\\/cogop.org\\\/#website\",\"url\":\"https:\\\/\\\/cogop.org\\\/\",\"name\":\"Church of God of Prophecy\",\"description\":\"Reconciling the World to Christ\",\"publisher\":{\"@id\":\"https:\\\/\\\/cogop.org\\\/#organization\"},\"alternateName\":\"COGOP\",\"potentialAction\":[{\"@type\":\"SearchAction\",\"target\":{\"@type\":\"EntryPoint\",\"urlTemplate\":\"https:\\\/\\\/cogop.org\\\/?s={search_term_string}\"},\"query-input\":{\"@type\":\"PropertyValueSpecification\",\"valueRequired\":true,\"valueName\":\"search_term_string\"}}],\"inLanguage\":\"fr-FR\"},{\"@type\":\"Organization\",\"@id\":\"https:\\\/\\\/cogop.org\\\/#organization\",\"name\":\"Church of God of Prophecy\",\"alternateName\":\"COGOP\",\"url\":\"https:\\\/\\\/cogop.org\\\/\",\"logo\":{\"@type\":\"ImageObject\",\"inLanguage\":\"fr-FR\",\"@id\":\"https:\\\/\\\/cogop.org\\\/#\\\/schema\\\/logo\\\/image\\\/\",\"url\":\"https:\\\/\\\/cogop.org\\\/wp-content\\\/uploads\\\/2025\\\/01\\\/logo-cogop.webp\",\"contentUrl\":\"https:\\\/\\\/cogop.org\\\/wp-content\\\/uploads\\\/2025\\\/01\\\/logo-cogop.webp\",\"width\":500,\"height\":118,\"caption\":\"Church of God of Prophecy\"},\"image\":{\"@id\":\"https:\\\/\\\/cogop.org\\\/#\\\/schema\\\/logo\\\/image\\\/\"},\"sameAs\":[\"https:\\\/\\\/www.facebook.com\\\/cogop\",\"https:\\\/\\\/x.com\\\/cogop\",\"https:\\\/\\\/www.instagram.com\\\/cogoppics\\\/\",\"https:\\\/\\\/www.youtube.com\\\/@COGOPMedia\",\"https:\\\/\\\/open.spotify.com\\\/user\\\/g1d13yyaprw0wrr2woer8edyp?si=a32b364b555f4d4d\"]}]}<\/script>\n<!-- \/ Yoast SEO plugin. -->","yoast_head_json":{"title":"Conditions d'utilisation | COGOP","robots":{"index":"index","follow":"follow","max-snippet":"max-snippet:-1","max-image-preview":"max-image-preview:large","max-video-preview":"max-video-preview:-1"},"canonical":"https:\/\/cogop.org\/terms-of-use\/","og_locale":"fr_FR","og_type":"article","og_title":"Conditions d'utilisation | COGOP","og_description":"Conditions d&rsquo;utilisation Nous avons fait tous les efforts possibles pour concevoir nos sites Web de mani\u00e8re \u00e0 ce qu\u2019ils soient utiles et informatifs. Nous esp\u00e9rons avoir accompli cela &#8212; fa\u00eetes-nous le savoir si vous aimeriez voir des am\u00e9liorations ou des changements qui rendraient encore plus facile pour vous de trouver les informations dont vous avez [&hellip;]","og_url":"https:\/\/cogop.org\/terms-of-use\/","og_site_name":"COGOP","article_publisher":"https:\/\/www.facebook.com\/cogop","article_modified_time":"2025-07-01T16:59:07+00:00","og_image":[{"width":1200,"height":628,"url":"https:\/\/cogop.org\/wp-content\/uploads\/2025\/03\/Open-graph.jpeg","type":"image\/jpeg"}],"twitter_card":"summary_large_image","twitter_site":"@cogop","twitter_misc":{"Dur\u00e9e de lecture estim\u00e9e":"9 minutes"},"schema":{"@context":"https:\/\/schema.org","@graph":[{"@type":"WebPage","@id":"https:\/\/cogop.org\/terms-of-use\/","url":"https:\/\/cogop.org\/terms-of-use\/","name":"Conditions d'utilisation | COGOP","isPartOf":{"@id":"https:\/\/cogop.org\/#website"},"datePublished":"2025-02-21T20:29:19+00:00","dateModified":"2025-07-01T16:59:07+00:00","inLanguage":"fr-FR","potentialAction":[{"@type":"ReadAction","target":["https:\/\/cogop.org\/terms-of-use\/"]}]},{"@type":"BreadcrumbList","@id":"https:\/\/cogop.org\/terms-of-use\/#breadcrumb","itemListElement":[{"@type":"ListItem","position":1,"name":"Home","item":"https:\/\/cogop.org\/"},{"@type":"ListItem","position":2,"name":"Conditions d&#8217;utilisation"}]},{"@type":"WebSite","@id":"https:\/\/cogop.org\/#website","url":"https:\/\/cogop.org\/","name":"Church of God of Prophecy","description":"Reconciling the World to Christ","publisher":{"@id":"https:\/\/cogop.org\/#organization"},"alternateName":"COGOP","potentialAction":[{"@type":"SearchAction","target":{"@type":"EntryPoint","urlTemplate":"https:\/\/cogop.org\/?s={search_term_string}"},"query-input":{"@type":"PropertyValueSpecification","valueRequired":true,"valueName":"search_term_string"}}],"inLanguage":"fr-FR"},{"@type":"Organization","@id":"https:\/\/cogop.org\/#organization","name":"Church of God of Prophecy","alternateName":"COGOP","url":"https:\/\/cogop.org\/","logo":{"@type":"ImageObject","inLanguage":"fr-FR","@id":"https:\/\/cogop.org\/#\/schema\/logo\/image\/","url":"https:\/\/cogop.org\/wp-content\/uploads\/2025\/01\/logo-cogop.webp","contentUrl":"https:\/\/cogop.org\/wp-content\/uploads\/2025\/01\/logo-cogop.webp","width":500,"height":118,"caption":"Church of God of Prophecy"},"image":{"@id":"https:\/\/cogop.org\/#\/schema\/logo\/image\/"},"sameAs":["https:\/\/www.facebook.com\/cogop","https:\/\/x.com\/cogop","https:\/\/www.instagram.com\/cogoppics\/","https:\/\/www.youtube.com\/@COGOPMedia","https:\/\/open.spotify.com\/user\/g1d13yyaprw0wrr2woer8edyp?si=a32b364b555f4d4d"]}]}},"_links":{"self":[{"href":"https:\/\/cogop.org\/fr\/wp-json\/wp\/v2\/pages\/18536","targetHints":{"allow":["GET"]}}],"collection":[{"href":"https:\/\/cogop.org\/fr\/wp-json\/wp\/v2\/pages"}],"about":[{"href":"https:\/\/cogop.org\/fr\/wp-json\/wp\/v2\/types\/page"}],"author":[{"embeddable":true,"href":"https:\/\/cogop.org\/fr\/wp-json\/wp\/v2\/users\/1"}],"replies":[{"embeddable":true,"href":"https:\/\/cogop.org\/fr\/wp-json\/wp\/v2\/comments?post=18536"}],"version-history":[{"count":1,"href":"https:\/\/cogop.org\/fr\/wp-json\/wp\/v2\/pages\/18536\/revisions"}],"predecessor-version":[{"id":18537,"href":"https:\/\/cogop.org\/fr\/wp-json\/wp\/v2\/pages\/18536\/revisions\/18537"}],"wp:attachment":[{"href":"https:\/\/cogop.org\/fr\/wp-json\/wp\/v2\/media?parent=18536"}],"curies":[{"name":"wp","href":"https:\/\/api.w.org\/{rel}","templated":true}]}}