{"id":8490,"date":"2025-02-21T20:29:19","date_gmt":"2025-02-21T20:29:19","guid":{"rendered":"https:\/\/cogop.org\/condiciones-de-uso\/"},"modified":"2025-07-01T16:59:07","modified_gmt":"2025-07-01T16:59:07","slug":"condiciones-de-uso","status":"publish","type":"page","link":"https:\/\/cogop.org\/es\/condiciones-de-uso\/","title":{"rendered":"Condiciones de uso"},"content":{"rendered":"\t\t<div data-elementor-type=\"wp-page\" data-elementor-id=\"8490\" class=\"elementor elementor-8490 elementor-5499\" data-elementor-post-type=\"page\">\n\t\t\t\t<div class=\"elementor-element elementor-element-15317831 e-flex e-con-boxed e-con e-parent\" data-id=\"15317831\" data-element_type=\"container\" data-e-type=\"container\" data-settings=\"{&quot;background_background&quot;:&quot;classic&quot;}\">\n\t\t\t\t\t<div class=\"e-con-inner\">\n\t\t<div class=\"elementor-element elementor-element-1a9ce9d0 e-flex e-con-boxed e-con e-child\" data-id=\"1a9ce9d0\" data-element_type=\"container\" data-e-type=\"container\" data-settings=\"{&quot;background_background&quot;:&quot;classic&quot;}\">\n\t\t\t\t\t<div class=\"e-con-inner\">\n\t\t\t\t<div class=\"elementor-element elementor-element-5bf2e8f8 elementor-widget-mobile__width-initial elementor-widget elementor-widget-heading\" data-id=\"5bf2e8f8\" data-element_type=\"widget\" data-e-type=\"widget\" data-widget_type=\"heading.default\">\n\t\t\t\t<div class=\"elementor-widget-container\">\n\t\t\t\t\t<h2 class=\"elementor-heading-title elementor-size-default\">Condiciones de uso<\/h2>\t\t\t\t<\/div>\n\t\t\t\t<\/div>\n\t\t\t\t\t<\/div>\n\t\t\t\t<\/div>\n\t\t\t\t\t<\/div>\n\t\t\t\t<\/div>\n\t\t<div class=\"elementor-element elementor-element-1981f01 e-flex e-con-boxed e-con e-parent\" data-id=\"1981f01\" data-element_type=\"container\" data-e-type=\"container\">\n\t\t\t\t\t<div class=\"e-con-inner\">\n\t\t<div class=\"elementor-element elementor-element-b67a505 e-con-full e-flex e-con e-child\" data-id=\"b67a505\" data-element_type=\"container\" data-e-type=\"container\">\n\t\t\t\t<div class=\"elementor-element elementor-element-24ef111 elementor-widget elementor-widget-text-editor\" data-id=\"24ef111\" data-element_type=\"widget\" data-e-type=\"widget\" data-widget_type=\"text-editor.default\">\n\t\t\t\t<div class=\"elementor-widget-container\">\n\t\t\t\t\t\t\t\t\t<p>Hemos hecho todo lo posible para dise\u00f1ar nuestros sitios web para que sean \u00fatiles e informativos. Esperamos haberlo logrado, y le pedimos que nos haga saber si desea ver mejoras o cambios que le faciliten a\u00fan m\u00e1s la b\u00fasqueda de la informaci\u00f3n que necesita y desea. <\/p><p>Todo lo que le pedimos es que acepte cumplir con los siguientes T\u00e9rminos y condiciones. T\u00f3mese unos minutos para revisarlos porque al usar nuestros sitios, autom\u00e1ticamente los acepta. Naturalmente, si no est\u00e1 de acuerdo, no use los sitios. Nos reservamos el derecho de realizar cualquier modificaci\u00f3n que consideremos necesaria en cualquier momento. \u00a1Contin\u00fae consultando estos t\u00e9rminos para ver cu\u00e1les pueden ser esos cambios! Su uso continuo de los sitios web de la Iglesia de Dios de la Profec\u00eda significa que acepta esos cambios.     <\/p><h4>Restricciones en el uso de nuestros materiales en l\u00ednea<\/h4><p>Todos los materiales contenidos en los sitios web de la Iglesia de Dios de la Profec\u00eda (\u00abMaterial en l\u00ednea\u00bb) son propiedad de la Iglesia de Dios de la Profec\u00eda. Todas las marcas comerciales, marcas de servicio y nombres comerciales son propiedad de la Iglesia de Dios de la Profec\u00eda. No se puede copiar, reproducir, republicar, cargar, publicar, transmitir ni distribuir de ninguna manera el Material en l\u00ednea de nuestros sitios web, excepto que usted puede descargar una copia de los materiales en una sola computadora para su uso personal y no comercial en el hogar, siempre que 1) conserve todos los avisos de derechos de autor, marcas comerciales y propiedad, 2) no realice modificaciones a los materiales, 3) no utilice los materiales de una manera que sugiera una asociaci\u00f3n con cualquiera de nuestros productos, servicios, eventos o marcas, y 4) no descargue cantidades de materiales a una base de datos, servidor o computadora personal para reutilizarlos con fines comerciales. Sin embargo, no puede copiar, reproducir, republicar, cargar, publicar, transmitir ni distribuir nuestro Material en l\u00ednea de ninguna manera ni para ning\u00fan otro prop\u00f3sito a menos que obtenga primero nuestro permiso por escrito. Tampoco puede agregar, eliminar, distorsionar o tergiversar ning\u00fan contenido de los sitios de la Iglesia de Dios de la Profec\u00eda. Se proh\u00edben los intentos de modificar cualquier Material en l\u00ednea o de vencer o eludir nuestras funciones de seguridad.         <\/p><p>Todo lo que descargue, cualquier software, m\u00e1s todos los archivos, todas las im\u00e1genes incorporadas o generadas por el software, y todos los datos que lo acompa\u00f1an, se consideran licenciados a usted por la Iglesia de Dios de la Profec\u00eda o licenciantes externos para su uso personal, no comercial, en el hogar \u00fanicamente. No le transferimos el t\u00edtulo del software. Eso significa que conservamos el t\u00edtulo completo del software y de todos los derechos de propiedad intelectual asociados. No se le permite redistribuir o vender el material ni realizar ingenier\u00eda inversa, desensamblarlo o convertirlo de otro modo a cualquier otro formato que la gente pueda usar.   <\/p><h4>Env\u00edo de su material en l\u00ednea a nosotros<\/h4><p>Todos los comentarios, sugerencias, ideas, gr\u00e1ficos, comentarios u otra informaci\u00f3n que env\u00ede a la Iglesia de Dios de la Profec\u00eda a trav\u00e9s de nuestros sitios (excepto la informaci\u00f3n que prometemos proteger seg\u00fan nuestra Pol\u00edtica de privacidad) se convierten y siguen siendo de nuestra propiedad, incluso si este acuerdo se rescinde posteriormente.<\/p><p>Eso significa que dichos env\u00edos no se tratan como confidenciales. Si los usamos, o uno de naturaleza similar, no estamos obligados a pagarle a usted ni a ninguna otra persona por ellos. Tendremos la propiedad exclusiva de todos los derechos presentes y futuros sobre los env\u00edos de cualquier tipo. Podemos utilizarlos para cualquier prop\u00f3sito que consideremos apropiado para nuestra misi\u00f3n de la Iglesia de Dios de la Profec\u00eda, sin compensarlo a usted ni a ninguna otra persona por ellos.   <\/p><p>Usted reconoce que es responsable de cualquier env\u00edo que haga. Esto significa que usted (y no nosotros) tiene plena responsabilidad por el mensaje, incluyendo su legalidad, fiabilidad, idoneidad, originalidad y derechos de autor. <\/p><h4>Limitaci\u00f3n de responsabilidad<\/h4><p>La Iglesia de Dios de la Profec\u00eda no ser\u00e1 responsable de ning\u00fan da\u00f1o o lesi\u00f3n que acompa\u00f1e o resulte de su uso de cualquiera de sus sitios.<br>Estos incluyen (pero no se limitan a) da\u00f1os o lesiones causados \u200b\u200bpor:<\/p><p>Uso (o incapacidad de uso) de los sitios<br>Uso (o incapacidad de uso) de cualquier sitio al que acceda a trav\u00e9s de hiperv\u00ednculos desde nuestros sitios<br>Fallo de funcionamiento de nuestros sitios en la forma esperada o deseada<br>Error u omisi\u00f3n en nuestros sitios<br>Interrupci\u00f3n de la disponibilidad de nuestros sitios<br>Defecto en nuestros sitios<br>Retraso en el funcionamiento o transmisi\u00f3n de nuestros sitios<br>Virus inform\u00e1ticos o fallas en la l\u00ednea<br>Tenga en cuenta que no somos responsables de ning\u00fan da\u00f1o, incluidos, entre otros:<br>Da\u00f1os destinados a compensar a alguien directamente por una p\u00e9rdida o lesi\u00f3n<br>Da\u00f1os que se espera razonablemente que resulten de una p\u00e9rdida o lesi\u00f3n (conocidos en t\u00e9rminos legales como \u00abda\u00f1os consecuentes\u00bb)<br>Otros da\u00f1os y gastos diversos que resulten directamente de una p\u00e9rdida o lesi\u00f3n (conocidos en t\u00e9rminos legales como \u00abda\u00f1os incidentales\u00bb)<br>No somos responsables incluso si hemos sido negligentes o si nuestro representante autorizado ha sido informado de la posibilidad de dichos da\u00f1os o ambos.<br>Excepci\u00f3n: Es posible que ciertas leyes estatales no nos permitan limitar o excluir la responsabilidad por estos da\u00f1os \u201cincidentales\u201d o \u201cconsecuentes\u201d. Si usted vive en uno de esos estados, la limitaci\u00f3n anterior no se aplicar\u00eda  <\/p><h4>Enlaces a otros sitios<\/h4><p>En ocasiones, ofrecemos referencias y enlaces a otros sitios web de la World Wide Web desde nuestros sitios. Dicho enlace no debe considerarse como un respaldo, aprobaci\u00f3n o acuerdo con la informaci\u00f3n o los recursos ofrecidos en los sitios a los que puede acceder a trav\u00e9s de nuestros sitios. En caso de duda, siempre verifique la direcci\u00f3n URL (Uniform Resource Locator) que se proporciona en su navegador de la WWW para ver si todav\u00eda se encuentra en un sitio operado por la Iglesia de Dios de la Profec\u00eda o si se ha mudado a otro sitio. La Iglesia de Dios de la Profec\u00eda no es responsable del contenido o las pr\u00e1cticas de los sitios de terceros que puedan estar vinculados a nuestros sitios. Cuando la Iglesia de Dios de la Profec\u00eda proporciona enlaces o referencias a otros sitios web, no se debe hacer ninguna inferencia o suposici\u00f3n ni se debe inferir ninguna representaci\u00f3n de que la Iglesia de Dios de la Profec\u00eda est\u00e1 conectada con, opera o controla estos sitios web. Ning\u00fan enlace aprobado debe representar de ninguna manera, ya sea expl\u00edcita o impl\u00edcitamente, que usted ha recibido el respaldo, patrocinio o apoyo de ning\u00fan sitio de la Iglesia de Dios de la Profec\u00eda o el respaldo, patrocinio o apoyo del ministerio de la Iglesia de Dios de la Profec\u00eda, incluidos sus respectivos empleados, agentes o directores.     <\/p><h4>Terminaci\u00f3n de este acuerdo<\/h4><p>Este acuerdo es efectivo hasta que cualquiera de las partes lo rescinda. Usted puede rescindir este acuerdo en cualquier momento destruyendo todos los materiales obtenidos de todos los sitios web de la Iglesia de Dios de la Profec\u00eda, junto con toda la documentaci\u00f3n relacionada y todas las copias e instalaciones. La Iglesia de Dios de la Profec\u00eda puede rescindir este acuerdo en cualquier momento y sin previo aviso, si, a su exclusivo criterio, usted incumple alg\u00fan t\u00e9rmino o condici\u00f3n de este acuerdo. Tras la rescisi\u00f3n, debe destruir todos los materiales. Adem\u00e1s, al proporcionar material en nuestros sitios web, no prometemos de ninguna manera que los materiales permanecer\u00e1n disponibles para usted. Y la Iglesia de Dios de la Profec\u00eda tiene derecho a rescindir total o parcialmente cualquiera de sus sitios web sin notific\u00e1rselo.     <\/p><h4>Jurisdicci\u00f3n y otros puntos a tener en cuenta<\/h4><p>A menos que se especifique lo contrario, los materiales en l\u00ednea de nuestros sitios se presentan para brindar informaci\u00f3n sobre los recursos de la Iglesia de Dios de la Profec\u00eda. El ministerio de la Iglesia de Dios de la Profec\u00eda se organiz\u00f3 bajo las leyes de Tennessee, en los Estados Unidos de Am\u00e9rica. Si utiliza nuestros sitios desde ubicaciones fuera de los Estados Unidos, usted es responsable del cumplimiento de las leyes aplicables. Estos T\u00e9rminos de uso y el acuerdo que crean se regir\u00e1n e interpretar\u00e1n de acuerdo con las leyes del estado de Tennessee (sin aplicar los principios de conflicto de leyes del estado). Si alguna disposici\u00f3n de este acuerdo es ilegal, nula o inaplicable, no afectar\u00e1 la validez y aplicabilidad de las disposiciones restantes. La Iglesia de Dios de la Profec\u00eda puede modificar estos T\u00e9rminos de uso y el acuerdo que crean en cualquier momento, simplemente actualizando esta publicaci\u00f3n y sin notific\u00e1rselo. Este es el acuerdo COMPLETO con respecto a todos los asuntos que se han enumerado.     <\/p>\t\t\t\t\t\t\t\t<\/div>\n\t\t\t\t<\/div>\n\t\t\t\t<\/div>\n\t\t\t\t\t<\/div>\n\t\t\t\t<\/div>\n\t\t\t\t<\/div>\n\t\t","protected":false},"excerpt":{"rendered":"<p>Condiciones de uso Hemos hecho todo lo posible para dise\u00f1ar nuestros sitios web para que sean \u00fatiles e informativos. Esperamos haberlo logrado, y le pedimos que nos haga saber si desea ver mejoras o cambios que le faciliten a\u00fan m\u00e1s la b\u00fasqueda de la informaci\u00f3n que necesita y desea. Todo lo que le pedimos es [&hellip;]<\/p>\n","protected":false},"author":1,"featured_media":0,"parent":0,"menu_order":0,"comment_status":"closed","ping_status":"closed","template":"","meta":{"_acf_changed":false,"_monsterinsights_skip_tracking":false,"_monsterinsights_sitenote_active":false,"_monsterinsights_sitenote_note":"","_monsterinsights_sitenote_category":0,"_uf_show_specific_survey":0,"_uf_disable_surveys":false,"footnotes":""},"class_list":["post-8490","page","type-page","status-publish","hentry"],"acf":[],"yoast_head":"<!-- This site is optimized with the Yoast SEO plugin v27.4 - https:\/\/yoast.com\/product\/yoast-seo-wordpress\/ -->\n<title>Condiciones de uso | COGOP<\/title>\n<meta name=\"robots\" content=\"index, follow, max-snippet:-1, max-image-preview:large, max-video-preview:-1\" \/>\n<link rel=\"canonical\" href=\"https:\/\/cogop.org\/terms-of-use\/\" \/>\n<meta property=\"og:locale\" content=\"es_ES\" \/>\n<meta property=\"og:type\" content=\"article\" \/>\n<meta property=\"og:title\" content=\"Condiciones de uso | COGOP\" \/>\n<meta property=\"og:description\" content=\"Condiciones de uso Hemos hecho todo lo posible para dise\u00f1ar nuestros sitios web para que sean \u00fatiles e informativos. Esperamos haberlo logrado, y le pedimos que nos haga saber si desea ver mejoras o cambios que le faciliten a\u00fan m\u00e1s la b\u00fasqueda de la informaci\u00f3n que necesita y desea. Todo lo que le pedimos es [&hellip;]\" \/>\n<meta property=\"og:url\" content=\"https:\/\/cogop.org\/terms-of-use\/\" \/>\n<meta property=\"og:site_name\" content=\"COGOP\" \/>\n<meta property=\"article:publisher\" content=\"https:\/\/www.facebook.com\/cogop\" \/>\n<meta property=\"article:modified_time\" content=\"2025-07-01T16:59:07+00:00\" \/>\n<meta property=\"og:image\" content=\"https:\/\/cogop.org\/wp-content\/uploads\/2025\/03\/Open-graph.jpeg\" \/>\n\t<meta property=\"og:image:width\" content=\"1200\" \/>\n\t<meta property=\"og:image:height\" content=\"628\" \/>\n\t<meta property=\"og:image:type\" content=\"image\/jpeg\" \/>\n<meta name=\"twitter:card\" content=\"summary_large_image\" \/>\n<meta name=\"twitter:site\" content=\"@cogop\" \/>\n<meta name=\"twitter:label1\" content=\"Tiempo de lectura\" \/>\n\t<meta name=\"twitter:data1\" content=\"8 minutos\" \/>\n<script type=\"application\/ld+json\" class=\"yoast-schema-graph\">{\"@context\":\"https:\\\/\\\/schema.org\",\"@graph\":[{\"@type\":\"WebPage\",\"@id\":\"https:\\\/\\\/cogop.org\\\/terms-of-use\\\/\",\"url\":\"https:\\\/\\\/cogop.org\\\/terms-of-use\\\/\",\"name\":\"Condiciones de uso | COGOP\",\"isPartOf\":{\"@id\":\"https:\\\/\\\/cogop.org\\\/#website\"},\"datePublished\":\"2025-02-21T20:29:19+00:00\",\"dateModified\":\"2025-07-01T16:59:07+00:00\",\"inLanguage\":\"es\",\"potentialAction\":[{\"@type\":\"ReadAction\",\"target\":[\"https:\\\/\\\/cogop.org\\\/terms-of-use\\\/\"]}]},{\"@type\":\"BreadcrumbList\",\"@id\":\"https:\\\/\\\/cogop.org\\\/terms-of-use\\\/#breadcrumb\",\"itemListElement\":[{\"@type\":\"ListItem\",\"position\":1,\"name\":\"Home\",\"item\":\"https:\\\/\\\/cogop.org\\\/\"},{\"@type\":\"ListItem\",\"position\":2,\"name\":\"Condiciones de uso\"}]},{\"@type\":\"WebSite\",\"@id\":\"https:\\\/\\\/cogop.org\\\/#website\",\"url\":\"https:\\\/\\\/cogop.org\\\/\",\"name\":\"Church of God of Prophecy\",\"description\":\"Reconciling the World to Christ\",\"publisher\":{\"@id\":\"https:\\\/\\\/cogop.org\\\/#organization\"},\"alternateName\":\"COGOP\",\"potentialAction\":[{\"@type\":\"SearchAction\",\"target\":{\"@type\":\"EntryPoint\",\"urlTemplate\":\"https:\\\/\\\/cogop.org\\\/?s={search_term_string}\"},\"query-input\":{\"@type\":\"PropertyValueSpecification\",\"valueRequired\":true,\"valueName\":\"search_term_string\"}}],\"inLanguage\":\"es\"},{\"@type\":\"Organization\",\"@id\":\"https:\\\/\\\/cogop.org\\\/#organization\",\"name\":\"Church of God of Prophecy\",\"alternateName\":\"COGOP\",\"url\":\"https:\\\/\\\/cogop.org\\\/\",\"logo\":{\"@type\":\"ImageObject\",\"inLanguage\":\"es\",\"@id\":\"https:\\\/\\\/cogop.org\\\/#\\\/schema\\\/logo\\\/image\\\/\",\"url\":\"https:\\\/\\\/cogop.org\\\/wp-content\\\/uploads\\\/2025\\\/01\\\/logo-cogop.webp\",\"contentUrl\":\"https:\\\/\\\/cogop.org\\\/wp-content\\\/uploads\\\/2025\\\/01\\\/logo-cogop.webp\",\"width\":500,\"height\":118,\"caption\":\"Church of God of Prophecy\"},\"image\":{\"@id\":\"https:\\\/\\\/cogop.org\\\/#\\\/schema\\\/logo\\\/image\\\/\"},\"sameAs\":[\"https:\\\/\\\/www.facebook.com\\\/cogop\",\"https:\\\/\\\/x.com\\\/cogop\",\"https:\\\/\\\/www.instagram.com\\\/cogoppics\\\/\",\"https:\\\/\\\/www.youtube.com\\\/@COGOPMedia\",\"https:\\\/\\\/open.spotify.com\\\/user\\\/g1d13yyaprw0wrr2woer8edyp?si=a32b364b555f4d4d\"]}]}<\/script>\n<!-- \/ Yoast SEO plugin. -->","yoast_head_json":{"title":"Condiciones de uso | COGOP","robots":{"index":"index","follow":"follow","max-snippet":"max-snippet:-1","max-image-preview":"max-image-preview:large","max-video-preview":"max-video-preview:-1"},"canonical":"https:\/\/cogop.org\/terms-of-use\/","og_locale":"es_ES","og_type":"article","og_title":"Condiciones de uso | COGOP","og_description":"Condiciones de uso Hemos hecho todo lo posible para dise\u00f1ar nuestros sitios web para que sean \u00fatiles e informativos. Esperamos haberlo logrado, y le pedimos que nos haga saber si desea ver mejoras o cambios que le faciliten a\u00fan m\u00e1s la b\u00fasqueda de la informaci\u00f3n que necesita y desea. Todo lo que le pedimos es [&hellip;]","og_url":"https:\/\/cogop.org\/terms-of-use\/","og_site_name":"COGOP","article_publisher":"https:\/\/www.facebook.com\/cogop","article_modified_time":"2025-07-01T16:59:07+00:00","og_image":[{"width":1200,"height":628,"url":"https:\/\/cogop.org\/wp-content\/uploads\/2025\/03\/Open-graph.jpeg","type":"image\/jpeg"}],"twitter_card":"summary_large_image","twitter_site":"@cogop","twitter_misc":{"Tiempo de lectura":"8 minutos"},"schema":{"@context":"https:\/\/schema.org","@graph":[{"@type":"WebPage","@id":"https:\/\/cogop.org\/terms-of-use\/","url":"https:\/\/cogop.org\/terms-of-use\/","name":"Condiciones de uso | COGOP","isPartOf":{"@id":"https:\/\/cogop.org\/#website"},"datePublished":"2025-02-21T20:29:19+00:00","dateModified":"2025-07-01T16:59:07+00:00","inLanguage":"es","potentialAction":[{"@type":"ReadAction","target":["https:\/\/cogop.org\/terms-of-use\/"]}]},{"@type":"BreadcrumbList","@id":"https:\/\/cogop.org\/terms-of-use\/#breadcrumb","itemListElement":[{"@type":"ListItem","position":1,"name":"Home","item":"https:\/\/cogop.org\/"},{"@type":"ListItem","position":2,"name":"Condiciones de uso"}]},{"@type":"WebSite","@id":"https:\/\/cogop.org\/#website","url":"https:\/\/cogop.org\/","name":"Church of God of Prophecy","description":"Reconciling the World to Christ","publisher":{"@id":"https:\/\/cogop.org\/#organization"},"alternateName":"COGOP","potentialAction":[{"@type":"SearchAction","target":{"@type":"EntryPoint","urlTemplate":"https:\/\/cogop.org\/?s={search_term_string}"},"query-input":{"@type":"PropertyValueSpecification","valueRequired":true,"valueName":"search_term_string"}}],"inLanguage":"es"},{"@type":"Organization","@id":"https:\/\/cogop.org\/#organization","name":"Church of God of Prophecy","alternateName":"COGOP","url":"https:\/\/cogop.org\/","logo":{"@type":"ImageObject","inLanguage":"es","@id":"https:\/\/cogop.org\/#\/schema\/logo\/image\/","url":"https:\/\/cogop.org\/wp-content\/uploads\/2025\/01\/logo-cogop.webp","contentUrl":"https:\/\/cogop.org\/wp-content\/uploads\/2025\/01\/logo-cogop.webp","width":500,"height":118,"caption":"Church of God of Prophecy"},"image":{"@id":"https:\/\/cogop.org\/#\/schema\/logo\/image\/"},"sameAs":["https:\/\/www.facebook.com\/cogop","https:\/\/x.com\/cogop","https:\/\/www.instagram.com\/cogoppics\/","https:\/\/www.youtube.com\/@COGOPMedia","https:\/\/open.spotify.com\/user\/g1d13yyaprw0wrr2woer8edyp?si=a32b364b555f4d4d"]}]}},"_links":{"self":[{"href":"https:\/\/cogop.org\/es\/wp-json\/wp\/v2\/pages\/8490","targetHints":{"allow":["GET"]}}],"collection":[{"href":"https:\/\/cogop.org\/es\/wp-json\/wp\/v2\/pages"}],"about":[{"href":"https:\/\/cogop.org\/es\/wp-json\/wp\/v2\/types\/page"}],"author":[{"embeddable":true,"href":"https:\/\/cogop.org\/es\/wp-json\/wp\/v2\/users\/1"}],"replies":[{"embeddable":true,"href":"https:\/\/cogop.org\/es\/wp-json\/wp\/v2\/comments?post=8490"}],"version-history":[{"count":1,"href":"https:\/\/cogop.org\/es\/wp-json\/wp\/v2\/pages\/8490\/revisions"}],"predecessor-version":[{"id":8491,"href":"https:\/\/cogop.org\/es\/wp-json\/wp\/v2\/pages\/8490\/revisions\/8491"}],"wp:attachment":[{"href":"https:\/\/cogop.org\/es\/wp-json\/wp\/v2\/media?parent=8490"}],"curies":[{"name":"wp","href":"https:\/\/api.w.org\/{rel}","templated":true}]}}