{"id":24676,"date":"2025-05-27T15:09:33","date_gmt":"2025-05-27T15:09:33","guid":{"rendered":"https:\/\/cogop.org\/wwm-archive\/"},"modified":"2026-04-23T20:10:57","modified_gmt":"2026-04-23T20:10:57","slug":"wwm-archive","status":"publish","type":"page","link":"https:\/\/cogop.org\/es\/wwm-archive\/","title":{"rendered":"WWM Archive"},"content":{"rendered":"\t\t<div data-elementor-type=\"wp-page\" data-elementor-id=\"24676\" class=\"elementor elementor-24676 elementor-23770\" data-elementor-post-type=\"page\">\n\t\t\t\t<div class=\"elementor-element elementor-element-77e69f0 e-flex e-con-boxed e-con e-child\" data-id=\"77e69f0\" data-element_type=\"container\" data-e-type=\"container\" data-settings=\"{&quot;background_background&quot;:&quot;classic&quot;}\">\n\t\t\t\t\t<div class=\"e-con-inner\">\n\t\t\t\t<div class=\"elementor-element elementor-element-6905d53 elementor-widget__width-initial elementor-widget-mobile__width-inherit elementor-widget elementor-widget-heading\" data-id=\"6905d53\" data-element_type=\"widget\" data-e-type=\"widget\" data-widget_type=\"heading.default\">\n\t\t\t\t<div class=\"elementor-widget-container\">\n\t\t\t\t\t<h2 class=\"elementor-heading-title elementor-size-default\">Mensajero Ala Blanca<\/h2>\t\t\t\t<\/div>\n\t\t\t\t<\/div>\n\t\t\t\t<div class=\"elementor-element elementor-element-f15aadf elementor-widget__width-inherit elementor-widget-mobile__width-initial elementor-widget elementor-widget-heading\" data-id=\"f15aadf\" data-element_type=\"widget\" data-e-type=\"widget\" data-widget_type=\"heading.default\">\n\t\t\t\t<div class=\"elementor-widget-container\">\n\t\t\t\t\t<div class=\"elementor-heading-title elementor-size-default\">Estos son los art\u00edculos de la edici\u00f3n de abril\nde 2026<\/div>\t\t\t\t<\/div>\n\t\t\t\t<\/div>\n\t\t\t\t\t<\/div>\n\t\t\t\t<\/div>\n\t\t<div class=\"elementor-element elementor-element-48d46c5 panel e-flex e-con-boxed e-con e-parent\" data-id=\"48d46c5\" data-element_type=\"container\" data-e-type=\"container\" data-settings=\"{&quot;background_background&quot;:&quot;classic&quot;}\">\n\t\t\t\t\t<div class=\"e-con-inner\">\n\t\t\t\t<div class=\"elementor-element elementor-element-94b3edb elementor-grid-3 elementor-grid-tablet-2 elementor-grid-mobile-1 elementor-posts--thumbnail-top elementor-card-shadow-yes elementor-posts__hover-gradient elementor-widget elementor-widget-posts\" data-id=\"94b3edb\" data-element_type=\"widget\" data-e-type=\"widget\" data-settings=\"{&quot;pagination_type&quot;:&quot;numbers&quot;,&quot;cards_columns&quot;:&quot;3&quot;,&quot;cards_columns_tablet&quot;:&quot;2&quot;,&quot;cards_columns_mobile&quot;:&quot;1&quot;,&quot;cards_row_gap&quot;:{&quot;unit&quot;:&quot;px&quot;,&quot;size&quot;:35,&quot;sizes&quot;:[]},&quot;cards_row_gap_tablet&quot;:{&quot;unit&quot;:&quot;px&quot;,&quot;size&quot;:&quot;&quot;,&quot;sizes&quot;:[]},&quot;cards_row_gap_mobile&quot;:{&quot;unit&quot;:&quot;px&quot;,&quot;size&quot;:&quot;&quot;,&quot;sizes&quot;:[]}}\" data-widget_type=\"posts.cards\">\n\t\t\t\t<div class=\"elementor-widget-container\">\n\t\t\t\t\t\t\t<div class=\"elementor-posts-container elementor-posts elementor-posts--skin-cards elementor-grid\" role=\"list\">\n\t\t\t\t<article class=\"elementor-post elementor-grid-item post-33967 post type-post status-publish format-standard has-post-thumbnail hentry category-esta-es-mi-historia tag-mensajero-ala-blanca\" role=\"listitem\">\n\t\t\t<div class=\"elementor-post__card\">\n\t\t\t\t<a class=\"elementor-post__thumbnail__link\" href=\"https:\/\/cogop.org\/es\/una-leccion-de-mi-canina-consentida\/\" tabindex=\"-1\" ><div class=\"elementor-post__thumbnail\"><img fetchpriority=\"high\" decoding=\"async\" width=\"230\" height=\"300\" src=\"https:\/\/cogop.org\/wp-content\/uploads\/2026\/03\/TIMS.DeeHusbandDogs-230x300.jpeg\" class=\"attachment-medium size-medium wp-image-33966\" alt=\"\" srcset=\"https:\/\/cogop.org\/wp-content\/uploads\/2026\/03\/TIMS.DeeHusbandDogs-230x300.jpeg 230w, https:\/\/cogop.org\/wp-content\/uploads\/2026\/03\/TIMS.DeeHusbandDogs-785x1024.jpeg 785w, https:\/\/cogop.org\/wp-content\/uploads\/2026\/03\/TIMS.DeeHusbandDogs-768x1002.jpeg 768w, https:\/\/cogop.org\/wp-content\/uploads\/2026\/03\/TIMS.DeeHusbandDogs-1177x1536.jpeg 1177w, https:\/\/cogop.org\/wp-content\/uploads\/2026\/03\/TIMS.DeeHusbandDogs.jpeg 1284w\" sizes=\"(max-width: 230px) 100vw, 230px\" \/><\/div><\/a>\n\t\t\t\t<div class=\"elementor-post__badge\">Esta es mi historia<\/div>\n\t\t\t\t<div class=\"elementor-post__text\">\n\t\t\t\t<h3 class=\"elementor-post__title\">\n\t\t\t<a href=\"https:\/\/cogop.org\/es\/una-leccion-de-mi-canina-consentida\/\" >\n\t\t\t\tUna lecci\u00f3n de mi canina consentida\t\t\t<\/a>\n\t\t<\/h3>\n\t\t\t\t<div class=\"elementor-post__excerpt\">\n\t\t\t<p>Un domingo tranquilo por la tarde, me acost\u00e9 en la cama con mi canina de 17 kilos, color negro, llamada Mayflower. Mientras la abrazaba, la<\/p>\n\t\t<\/div>\n\t\t\t\t<\/div>\n\t\t\t\t<div class=\"elementor-post__meta-data\">\n\t\t\t\t\t<span class=\"elementor-post-date\">\n\t\t\t14 de abril de 2026\t\t<\/span>\n\t\t\t\t<\/div>\n\t\t\t\t\t<\/div>\n\t\t<\/article>\n\t\t\t\t<article class=\"elementor-post elementor-grid-item post-33969 post type-post status-publish format-standard has-post-thumbnail hentry category-la-mesa-del-pastor tag-mensajero-ala-blanca\" role=\"listitem\">\n\t\t\t<div class=\"elementor-post__card\">\n\t\t\t\t<a class=\"elementor-post__thumbnail__link\" href=\"https:\/\/cogop.org\/es\/difusion-digital-simplificada-para-las-iglesias-pequenas\/\" tabindex=\"-1\" ><div class=\"elementor-post__thumbnail\"><img decoding=\"async\" width=\"300\" height=\"300\" src=\"https:\/\/cogop.org\/wp-content\/uploads\/2026\/03\/an-indispensable-device-in-modern-times-2026-01-09-11-14-39-utc-300x300.jpg\" class=\"attachment-medium size-medium wp-image-33968\" alt=\"\" srcset=\"https:\/\/cogop.org\/wp-content\/uploads\/2026\/03\/an-indispensable-device-in-modern-times-2026-01-09-11-14-39-utc-300x300.jpg 300w, https:\/\/cogop.org\/wp-content\/uploads\/2026\/03\/an-indispensable-device-in-modern-times-2026-01-09-11-14-39-utc-1024x1024.jpg 1024w, https:\/\/cogop.org\/wp-content\/uploads\/2026\/03\/an-indispensable-device-in-modern-times-2026-01-09-11-14-39-utc-150x150.jpg 150w, https:\/\/cogop.org\/wp-content\/uploads\/2026\/03\/an-indispensable-device-in-modern-times-2026-01-09-11-14-39-utc-768x768.jpg 768w, https:\/\/cogop.org\/wp-content\/uploads\/2026\/03\/an-indispensable-device-in-modern-times-2026-01-09-11-14-39-utc-1536x1536.jpg 1536w, https:\/\/cogop.org\/wp-content\/uploads\/2026\/03\/an-indispensable-device-in-modern-times-2026-01-09-11-14-39-utc-2048x2048.jpg 2048w\" sizes=\"(max-width: 300px) 100vw, 300px\" \/><\/div><\/a>\n\t\t\t\t<div class=\"elementor-post__badge\">La mesa del pastor<\/div>\n\t\t\t\t<div class=\"elementor-post__text\">\n\t\t\t\t<h3 class=\"elementor-post__title\">\n\t\t\t<a href=\"https:\/\/cogop.org\/es\/difusion-digital-simplificada-para-las-iglesias-pequenas\/\" >\n\t\t\t\tDifusi\u00f3n digital simplificada para las iglesias peque\u00f1as\t\t\t<\/a>\n\t\t<\/h3>\n\t\t\t\t<div class=\"elementor-post__excerpt\">\n\t\t\t<p>La misi\u00f3n de los cristianos es siempre la misma: esforzarnos con pasi\u00f3n para expandir el reino de Dios a trav\u00e9s de la predicaci\u00f3n de las<\/p>\n\t\t<\/div>\n\t\t\t\t<\/div>\n\t\t\t\t<div class=\"elementor-post__meta-data\">\n\t\t\t\t\t<span class=\"elementor-post-date\">\n\t\t\t13 de abril de 2026\t\t<\/span>\n\t\t\t\t<\/div>\n\t\t\t\t\t<\/div>\n\t\t<\/article>\n\t\t\t\t<article class=\"elementor-post elementor-grid-item post-33971 post type-post status-publish format-standard has-post-thumbnail hentry category-conexiones tag-mensajero-ala-blanca\" role=\"listitem\">\n\t\t\t<div class=\"elementor-post__card\">\n\t\t\t\t<a class=\"elementor-post__thumbnail__link\" href=\"https:\/\/cogop.org\/es\/testimonio-de-eurasia-y-el-oriente-medio\/\" tabindex=\"-1\" ><div class=\"elementor-post__thumbnail\"><img decoding=\"async\" width=\"300\" height=\"200\" src=\"https:\/\/cogop.org\/wp-content\/uploads\/2026\/04\/DSC09473-300x200.jpg\" class=\"attachment-medium size-medium wp-image-33970\" alt=\"\" srcset=\"https:\/\/cogop.org\/wp-content\/uploads\/2026\/04\/DSC09473-300x200.jpg 300w, https:\/\/cogop.org\/wp-content\/uploads\/2026\/04\/DSC09473-1024x683.jpg 1024w, https:\/\/cogop.org\/wp-content\/uploads\/2026\/04\/DSC09473-768x512.jpg 768w, https:\/\/cogop.org\/wp-content\/uploads\/2026\/04\/DSC09473-1536x1024.jpg 1536w, https:\/\/cogop.org\/wp-content\/uploads\/2026\/04\/DSC09473.jpg 2048w\" sizes=\"(max-width: 300px) 100vw, 300px\" \/><\/div><\/a>\n\t\t\t\t<div class=\"elementor-post__badge\">Conexiones<\/div>\n\t\t\t\t<div class=\"elementor-post__text\">\n\t\t\t\t<h3 class=\"elementor-post__title\">\n\t\t\t<a href=\"https:\/\/cogop.org\/es\/testimonio-de-eurasia-y-el-oriente-medio\/\" >\n\t\t\t\tTestimonio de Eurasia y el Oriente Medio\t\t\t<\/a>\n\t\t<\/h3>\n\t\t\t\t<div class=\"elementor-post__excerpt\">\n\t\t\t<p>Mientras buscamos reconciliar al mundo con Cristo por medio el poder del Esp\u00edritu Santo, Dios se est\u00e1 moviendo en la regi\u00f3n de Eurasia y el<\/p>\n\t\t<\/div>\n\t\t\t\t<\/div>\n\t\t\t\t<div class=\"elementor-post__meta-data\">\n\t\t\t\t\t<span class=\"elementor-post-date\">\n\t\t\t10 de abril de 2026\t\t<\/span>\n\t\t\t\t<\/div>\n\t\t\t\t\t<\/div>\n\t\t<\/article>\n\t\t\t\t<article class=\"elementor-post elementor-grid-item post-33975 post type-post status-publish format-standard has-post-thumbnail hentry category-articulo tag-mensajero-ala-blanca\" role=\"listitem\">\n\t\t\t<div class=\"elementor-post__card\">\n\t\t\t\t<a class=\"elementor-post__thumbnail__link\" href=\"https:\/\/cogop.org\/es\/el-beso-divino-donde-el-cielo-y-la-tierra-se-abrazan\/\" tabindex=\"-1\" ><div class=\"elementor-post__thumbnail\"><img loading=\"lazy\" decoding=\"async\" width=\"300\" height=\"201\" src=\"https:\/\/cogop.org\/wp-content\/uploads\/2026\/03\/kaushik-panchal-0juC5JIhPks-unsplash-300x201.jpg\" class=\"attachment-medium size-medium wp-image-33974\" alt=\"\" srcset=\"https:\/\/cogop.org\/wp-content\/uploads\/2026\/03\/kaushik-panchal-0juC5JIhPks-unsplash-300x201.jpg 300w, https:\/\/cogop.org\/wp-content\/uploads\/2026\/03\/kaushik-panchal-0juC5JIhPks-unsplash-1024x686.jpg 1024w, https:\/\/cogop.org\/wp-content\/uploads\/2026\/03\/kaushik-panchal-0juC5JIhPks-unsplash-768x514.jpg 768w, https:\/\/cogop.org\/wp-content\/uploads\/2026\/03\/kaushik-panchal-0juC5JIhPks-unsplash-1536x1028.jpg 1536w, https:\/\/cogop.org\/wp-content\/uploads\/2026\/03\/kaushik-panchal-0juC5JIhPks-unsplash-2048x1371.jpg 2048w\" sizes=\"(max-width: 300px) 100vw, 300px\" \/><\/div><\/a>\n\t\t\t\t<div class=\"elementor-post__badge\">Art\u00edculo<\/div>\n\t\t\t\t<div class=\"elementor-post__text\">\n\t\t\t\t<h3 class=\"elementor-post__title\">\n\t\t\t<a href=\"https:\/\/cogop.org\/es\/el-beso-divino-donde-el-cielo-y-la-tierra-se-abrazan\/\" >\n\t\t\t\tEl beso divino: \u00abDonde el cielo y la tierra se abrazan\u00bb\t\t\t<\/a>\n\t\t<\/h3>\n\t\t\t\t<div class=\"elementor-post__excerpt\">\n\t\t\t<p>\u00abFuiste propicio a tu tierra, oh Jehov\u00e1; volviste la cautividad de Jacob. Perdonaste la iniquidad de tu pueblo; todos los pecados de ellos cubriste. SelahReprimiste<\/p>\n\t\t<\/div>\n\t\t\t\t<\/div>\n\t\t\t\t<div class=\"elementor-post__meta-data\">\n\t\t\t\t\t<span class=\"elementor-post-date\">\n\t\t\t9 de abril de 2026\t\t<\/span>\n\t\t\t\t<\/div>\n\t\t\t\t\t<\/div>\n\t\t<\/article>\n\t\t\t\t<article class=\"elementor-post elementor-grid-item post-33953 post type-post status-publish format-standard has-post-thumbnail hentry category-articulo tag-mensajero-ala-blanca\" role=\"listitem\">\n\t\t\t<div class=\"elementor-post__card\">\n\t\t\t\t<a class=\"elementor-post__thumbnail__link\" href=\"https:\/\/cogop.org\/es\/la-vida-resucitada\/\" tabindex=\"-1\" ><div class=\"elementor-post__thumbnail\"><img loading=\"lazy\" decoding=\"async\" width=\"300\" height=\"200\" src=\"https:\/\/cogop.org\/wp-content\/uploads\/2026\/03\/100-E6A94787-6178-411D-A0FE-67F5E684CA7F-300x200.jpg\" class=\"attachment-medium size-medium wp-image-33952\" alt=\"\" srcset=\"https:\/\/cogop.org\/wp-content\/uploads\/2026\/03\/100-E6A94787-6178-411D-A0FE-67F5E684CA7F-300x200.jpg 300w, https:\/\/cogop.org\/wp-content\/uploads\/2026\/03\/100-E6A94787-6178-411D-A0FE-67F5E684CA7F-1024x683.jpg 1024w, https:\/\/cogop.org\/wp-content\/uploads\/2026\/03\/100-E6A94787-6178-411D-A0FE-67F5E684CA7F-768x512.jpg 768w, https:\/\/cogop.org\/wp-content\/uploads\/2026\/03\/100-E6A94787-6178-411D-A0FE-67F5E684CA7F-1536x1024.jpg 1536w, https:\/\/cogop.org\/wp-content\/uploads\/2026\/03\/100-E6A94787-6178-411D-A0FE-67F5E684CA7F-2048x1365.jpg 2048w\" sizes=\"(max-width: 300px) 100vw, 300px\" \/><\/div><\/a>\n\t\t\t\t<div class=\"elementor-post__badge\">Art\u00edculo<\/div>\n\t\t\t\t<div class=\"elementor-post__text\">\n\t\t\t\t<h3 class=\"elementor-post__title\">\n\t\t\t<a href=\"https:\/\/cogop.org\/es\/la-vida-resucitada\/\" >\n\t\t\t\tLa vida resucitada\t\t\t<\/a>\n\t\t<\/h3>\n\t\t\t\t<div class=\"elementor-post__excerpt\">\n\t\t\t<p>Una generaci\u00f3n completa muri\u00f3 en el desierto. Cuarenta a\u00f1os caminando. Cuarenta a\u00f1os recogiendo man\u00e1. Cuarenta a\u00f1os de quejas. Cuarenta a\u00f1os en los que Dios les<\/p>\n\t\t<\/div>\n\t\t\t\t<\/div>\n\t\t\t\t<div class=\"elementor-post__meta-data\">\n\t\t\t\t\t<span class=\"elementor-post-date\">\n\t\t\t3 de abril de 2026\t\t<\/span>\n\t\t\t\t<\/div>\n\t\t\t\t\t<\/div>\n\t\t<\/article>\n\t\t\t\t<article class=\"elementor-post elementor-grid-item post-33949 post type-post status-publish format-standard has-post-thumbnail hentry category-articulo tag-mensajero-ala-blanca\" role=\"listitem\">\n\t\t\t<div class=\"elementor-post__card\">\n\t\t\t\t<a class=\"elementor-post__thumbnail__link\" href=\"https:\/\/cogop.org\/es\/la-belleza-de-la-cruz\/\" tabindex=\"-1\" ><div class=\"elementor-post__thumbnail\"><img loading=\"lazy\" decoding=\"async\" width=\"300\" height=\"256\" src=\"https:\/\/cogop.org\/wp-content\/uploads\/2026\/03\/il-vano-fH19M5gq0JY-unsplash-300x256.jpg\" class=\"attachment-medium size-medium wp-image-33948\" alt=\"\" srcset=\"https:\/\/cogop.org\/wp-content\/uploads\/2026\/03\/il-vano-fH19M5gq0JY-unsplash-300x256.jpg 300w, https:\/\/cogop.org\/wp-content\/uploads\/2026\/03\/il-vano-fH19M5gq0JY-unsplash-1024x873.jpg 1024w, https:\/\/cogop.org\/wp-content\/uploads\/2026\/03\/il-vano-fH19M5gq0JY-unsplash-768x655.jpg 768w, https:\/\/cogop.org\/wp-content\/uploads\/2026\/03\/il-vano-fH19M5gq0JY-unsplash-1536x1309.jpg 1536w, https:\/\/cogop.org\/wp-content\/uploads\/2026\/03\/il-vano-fH19M5gq0JY-unsplash-2048x1746.jpg 2048w\" sizes=\"(max-width: 300px) 100vw, 300px\" \/><\/div><\/a>\n\t\t\t\t<div class=\"elementor-post__badge\">Art\u00edculo<\/div>\n\t\t\t\t<div class=\"elementor-post__text\">\n\t\t\t\t<h3 class=\"elementor-post__title\">\n\t\t\t<a href=\"https:\/\/cogop.org\/es\/la-belleza-de-la-cruz\/\" >\n\t\t\t\tLa belleza de la cruz\t\t\t<\/a>\n\t\t<\/h3>\n\t\t\t\t<div class=\"elementor-post__excerpt\">\n\t\t\t<p>\u201cPorque la palabra de la cruz es locura a los que se pierden; pero a los que se salvan, esto es, a nosotros, es poder<\/p>\n\t\t<\/div>\n\t\t\t\t<\/div>\n\t\t\t\t<div class=\"elementor-post__meta-data\">\n\t\t\t\t\t<span class=\"elementor-post-date\">\n\t\t\t2 de abril de 2026\t\t<\/span>\n\t\t\t\t<\/div>\n\t\t\t\t\t<\/div>\n\t\t<\/article>\n\t\t\t\t<\/div>\n\t\t\n\t\t\t\t<div class=\"e-load-more-anchor\" data-page=\"1\" data-max-page=\"2\" data-next-page=\"https:\/\/cogop.org\/es\/wp-json\/wp\/v2\/pages\/24676\/page\/2\/\"><\/div>\n\t\t\t\t<nav class=\"elementor-pagination\" aria-label=\"Paginaci\u00f3n\">\n\t\t\t<span aria-current=\"page\" class=\"page-numbers current\"><span class=\"elementor-screen-only\">P\u00e1gina<\/span>1<\/span>\n<a class=\"page-numbers\" href=\"https:\/\/cogop.org\/es\/wp-json\/wp\/v2\/pages\/24676\/page\/2\/\"><span class=\"elementor-screen-only\">P\u00e1gina<\/span>2<\/a>\t\t<\/nav>\n\t\t\t\t\t\t<\/div>\n\t\t\t\t<\/div>\n\t\t\t\t\t<\/div>\n\t\t\t\t<\/div>\n\t\t\t\t<\/div>\n\t\t","protected":false},"excerpt":{"rendered":"<p>Mensajero Ala Blanca<\/p>\n","protected":false},"author":1,"featured_media":0,"parent":0,"menu_order":0,"comment_status":"closed","ping_status":"closed","template":"","meta":{"_acf_changed":false,"_monsterinsights_skip_tracking":false,"_monsterinsights_sitenote_active":false,"_monsterinsights_sitenote_note":"","_monsterinsights_sitenote_category":0,"_uf_show_specific_survey":0,"_uf_disable_surveys":false,"footnotes":""},"class_list":["post-24676","page","type-page","status-publish","hentry"],"acf":[],"yoast_head":"<!-- This site is optimized with the Yoast SEO plugin v27.4 - https:\/\/yoast.com\/product\/yoast-seo-wordpress\/ -->\n<title>WWM Archive | COGOP<\/title>\n<meta name=\"robots\" content=\"noindex, nofollow\" \/>\n<meta property=\"og:locale\" content=\"es_ES\" \/>\n<meta property=\"og:type\" content=\"article\" \/>\n<meta property=\"og:title\" content=\"WWM Archive | COGOP\" \/>\n<meta property=\"og:description\" content=\"Mensajero Ala Blanca\" \/>\n<meta property=\"og:url\" content=\"https:\/\/cogop.org\/wwm-archive\/\" \/>\n<meta property=\"og:site_name\" content=\"COGOP\" \/>\n<meta property=\"article:publisher\" content=\"https:\/\/www.facebook.com\/cogop\" \/>\n<meta property=\"article:modified_time\" content=\"2026-04-23T20:10:57+00:00\" \/>\n<meta property=\"og:image\" content=\"https:\/\/cogop.org\/wp-content\/uploads\/2025\/03\/Open-graph.jpeg\" \/>\n\t<meta property=\"og:image:width\" content=\"1200\" \/>\n\t<meta property=\"og:image:height\" content=\"628\" \/>\n\t<meta property=\"og:image:type\" content=\"image\/jpeg\" \/>\n<meta name=\"twitter:card\" content=\"summary_large_image\" \/>\n<meta name=\"twitter:site\" content=\"@cogop\" \/>\n<meta name=\"twitter:label1\" content=\"Tiempo de lectura\" \/>\n\t<meta name=\"twitter:data1\" content=\"5 minutos\" \/>\n<script type=\"application\/ld+json\" class=\"yoast-schema-graph\">{\"@context\":\"https:\\\/\\\/schema.org\",\"@graph\":[{\"@type\":\"WebPage\",\"@id\":\"https:\\\/\\\/cogop.org\\\/wwm-archive\\\/\",\"url\":\"https:\\\/\\\/cogop.org\\\/wwm-archive\\\/\",\"name\":\"WWM Archive | COGOP\",\"isPartOf\":{\"@id\":\"https:\\\/\\\/cogop.org\\\/#website\"},\"datePublished\":\"2025-05-27T15:09:33+00:00\",\"dateModified\":\"2026-04-23T20:10:57+00:00\",\"inLanguage\":\"es\",\"potentialAction\":[{\"@type\":\"ReadAction\",\"target\":[\"https:\\\/\\\/cogop.org\\\/wwm-archive\\\/\"]}]},{\"@type\":\"BreadcrumbList\",\"@id\":\"https:\\\/\\\/cogop.org\\\/wwm-archive\\\/#breadcrumb\",\"itemListElement\":[{\"@type\":\"ListItem\",\"position\":1,\"name\":\"Home\",\"item\":\"https:\\\/\\\/cogop.org\\\/\"},{\"@type\":\"ListItem\",\"position\":2,\"name\":\"WWM Archive\"}]},{\"@type\":\"WebSite\",\"@id\":\"https:\\\/\\\/cogop.org\\\/#website\",\"url\":\"https:\\\/\\\/cogop.org\\\/\",\"name\":\"Church of God of Prophecy\",\"description\":\"Reconciling the World to Christ\",\"publisher\":{\"@id\":\"https:\\\/\\\/cogop.org\\\/#organization\"},\"alternateName\":\"COGOP\",\"potentialAction\":[{\"@type\":\"SearchAction\",\"target\":{\"@type\":\"EntryPoint\",\"urlTemplate\":\"https:\\\/\\\/cogop.org\\\/?s={search_term_string}\"},\"query-input\":{\"@type\":\"PropertyValueSpecification\",\"valueRequired\":true,\"valueName\":\"search_term_string\"}}],\"inLanguage\":\"es\"},{\"@type\":\"Organization\",\"@id\":\"https:\\\/\\\/cogop.org\\\/#organization\",\"name\":\"Church of God of Prophecy\",\"alternateName\":\"COGOP\",\"url\":\"https:\\\/\\\/cogop.org\\\/\",\"logo\":{\"@type\":\"ImageObject\",\"inLanguage\":\"es\",\"@id\":\"https:\\\/\\\/cogop.org\\\/#\\\/schema\\\/logo\\\/image\\\/\",\"url\":\"https:\\\/\\\/cogop.org\\\/wp-content\\\/uploads\\\/2025\\\/01\\\/logo-cogop.webp\",\"contentUrl\":\"https:\\\/\\\/cogop.org\\\/wp-content\\\/uploads\\\/2025\\\/01\\\/logo-cogop.webp\",\"width\":500,\"height\":118,\"caption\":\"Church of God of Prophecy\"},\"image\":{\"@id\":\"https:\\\/\\\/cogop.org\\\/#\\\/schema\\\/logo\\\/image\\\/\"},\"sameAs\":[\"https:\\\/\\\/www.facebook.com\\\/cogop\",\"https:\\\/\\\/x.com\\\/cogop\",\"https:\\\/\\\/www.instagram.com\\\/cogoppics\\\/\",\"https:\\\/\\\/www.youtube.com\\\/@COGOPMedia\",\"https:\\\/\\\/open.spotify.com\\\/user\\\/g1d13yyaprw0wrr2woer8edyp?si=a32b364b555f4d4d\"]}]}<\/script>\n<!-- \/ Yoast SEO plugin. -->","yoast_head_json":{"title":"WWM Archive | COGOP","robots":{"index":"noindex","follow":"nofollow"},"og_locale":"es_ES","og_type":"article","og_title":"WWM Archive | COGOP","og_description":"Mensajero Ala Blanca","og_url":"https:\/\/cogop.org\/wwm-archive\/","og_site_name":"COGOP","article_publisher":"https:\/\/www.facebook.com\/cogop","article_modified_time":"2026-04-23T20:10:57+00:00","og_image":[{"width":1200,"height":628,"url":"https:\/\/cogop.org\/wp-content\/uploads\/2025\/03\/Open-graph.jpeg","type":"image\/jpeg"}],"twitter_card":"summary_large_image","twitter_site":"@cogop","twitter_misc":{"Tiempo de lectura":"5 minutos"},"schema":{"@context":"https:\/\/schema.org","@graph":[{"@type":"WebPage","@id":"https:\/\/cogop.org\/wwm-archive\/","url":"https:\/\/cogop.org\/wwm-archive\/","name":"WWM Archive | COGOP","isPartOf":{"@id":"https:\/\/cogop.org\/#website"},"datePublished":"2025-05-27T15:09:33+00:00","dateModified":"2026-04-23T20:10:57+00:00","inLanguage":"es","potentialAction":[{"@type":"ReadAction","target":["https:\/\/cogop.org\/wwm-archive\/"]}]},{"@type":"BreadcrumbList","@id":"https:\/\/cogop.org\/wwm-archive\/#breadcrumb","itemListElement":[{"@type":"ListItem","position":1,"name":"Home","item":"https:\/\/cogop.org\/"},{"@type":"ListItem","position":2,"name":"WWM Archive"}]},{"@type":"WebSite","@id":"https:\/\/cogop.org\/#website","url":"https:\/\/cogop.org\/","name":"Church of God of Prophecy","description":"Reconciling the World to Christ","publisher":{"@id":"https:\/\/cogop.org\/#organization"},"alternateName":"COGOP","potentialAction":[{"@type":"SearchAction","target":{"@type":"EntryPoint","urlTemplate":"https:\/\/cogop.org\/?s={search_term_string}"},"query-input":{"@type":"PropertyValueSpecification","valueRequired":true,"valueName":"search_term_string"}}],"inLanguage":"es"},{"@type":"Organization","@id":"https:\/\/cogop.org\/#organization","name":"Church of God of Prophecy","alternateName":"COGOP","url":"https:\/\/cogop.org\/","logo":{"@type":"ImageObject","inLanguage":"es","@id":"https:\/\/cogop.org\/#\/schema\/logo\/image\/","url":"https:\/\/cogop.org\/wp-content\/uploads\/2025\/01\/logo-cogop.webp","contentUrl":"https:\/\/cogop.org\/wp-content\/uploads\/2025\/01\/logo-cogop.webp","width":500,"height":118,"caption":"Church of God of Prophecy"},"image":{"@id":"https:\/\/cogop.org\/#\/schema\/logo\/image\/"},"sameAs":["https:\/\/www.facebook.com\/cogop","https:\/\/x.com\/cogop","https:\/\/www.instagram.com\/cogoppics\/","https:\/\/www.youtube.com\/@COGOPMedia","https:\/\/open.spotify.com\/user\/g1d13yyaprw0wrr2woer8edyp?si=a32b364b555f4d4d"]}]}},"_links":{"self":[{"href":"https:\/\/cogop.org\/es\/wp-json\/wp\/v2\/pages\/24676","targetHints":{"allow":["GET"]}}],"collection":[{"href":"https:\/\/cogop.org\/es\/wp-json\/wp\/v2\/pages"}],"about":[{"href":"https:\/\/cogop.org\/es\/wp-json\/wp\/v2\/types\/page"}],"author":[{"embeddable":true,"href":"https:\/\/cogop.org\/es\/wp-json\/wp\/v2\/users\/1"}],"replies":[{"embeddable":true,"href":"https:\/\/cogop.org\/es\/wp-json\/wp\/v2\/comments?post=24676"}],"version-history":[{"count":10,"href":"https:\/\/cogop.org\/es\/wp-json\/wp\/v2\/pages\/24676\/revisions"}],"predecessor-version":[{"id":34124,"href":"https:\/\/cogop.org\/es\/wp-json\/wp\/v2\/pages\/24676\/revisions\/34124"}],"wp:attachment":[{"href":"https:\/\/cogop.org\/es\/wp-json\/wp\/v2\/media?parent=24676"}],"curies":[{"name":"wp","href":"https:\/\/api.w.org\/{rel}","templated":true}]}}