{"id":20266,"date":"2025-03-26T14:55:16","date_gmt":"2025-03-26T14:55:16","guid":{"rendered":"https:\/\/cogop.org\/oficina-del-obispo-principal\/"},"modified":"2025-04-01T14:42:28","modified_gmt":"2025-04-01T14:42:28","slug":"oficina-del-obispo-principal","status":"publish","type":"page","link":"https:\/\/cogop.org\/es\/oficina-del-obispo-principal\/","title":{"rendered":"Oficina del obispo principal"},"content":{"rendered":"\t\t<div data-elementor-type=\"wp-page\" data-elementor-id=\"20266\" class=\"elementor elementor-20266 elementor-18124\" data-elementor-post-type=\"page\">\n\t\t\t\t<div class=\"elementor-element elementor-element-1a55ddc e-con-full e-flex e-con e-parent\" data-id=\"1a55ddc\" data-element_type=\"container\" data-e-type=\"container\" data-settings=\"{&quot;background_background&quot;:&quot;classic&quot;}\">\n\t\t<div class=\"elementor-element elementor-element-8e49dee e-con-full e-flex e-con e-child\" data-id=\"8e49dee\" data-element_type=\"container\" data-e-type=\"container\">\n\t\t\t\t<div class=\"elementor-element elementor-element-e71d2db elementor-widget-mobile__width-initial elementor-widget elementor-widget-heading\" data-id=\"e71d2db\" data-element_type=\"widget\" data-e-type=\"widget\" data-widget_type=\"heading.default\">\n\t\t\t\t<div class=\"elementor-widget-container\">\n\t\t\t\t\t<h2 class=\"elementor-heading-title elementor-size-default\"><b>Oficina del obispo principal<\/b><\/h2>\t\t\t\t<\/div>\n\t\t\t\t<\/div>\n\t\t\t\t<\/div>\n\t\t\t\t<\/div>\n\t\t<div class=\"elementor-element elementor-element-910d21e e-flex e-con-boxed e-con e-parent\" data-id=\"910d21e\" data-element_type=\"container\" data-e-type=\"container\" data-settings=\"{&quot;background_background&quot;:&quot;classic&quot;}\">\n\t\t\t\t\t<div class=\"e-con-inner\">\n\t\t<div class=\"elementor-element elementor-element-1ee0077 e-con-full elementor-hidden-mobile e-flex e-con e-child\" data-id=\"1ee0077\" data-element_type=\"container\" data-e-type=\"container\">\n\t\t\t\t<div class=\"elementor-element elementor-element-d8069db elementor-widget-mobile__width-inherit elementor-widget elementor-widget-image\" data-id=\"d8069db\" data-element_type=\"widget\" data-e-type=\"widget\" data-widget_type=\"image.default\">\n\t\t\t\t<div class=\"elementor-widget-container\">\n\t\t\t\t\t\t\t\t\t\t\t\t\t\t\t<img fetchpriority=\"high\" decoding=\"async\" width=\"8256\" height=\"5504\" src=\"https:\/\/cogop.org\/wp-content\/uploads\/2025\/03\/IZ9_6963-2.webp\" class=\"attachment-full size-full wp-image-18180\" alt=\"\" srcset=\"https:\/\/cogop.org\/wp-content\/uploads\/2025\/03\/IZ9_6963-2.webp 8256w, https:\/\/cogop.org\/wp-content\/uploads\/2025\/03\/IZ9_6963-2-300x200.webp 300w, https:\/\/cogop.org\/wp-content\/uploads\/2025\/03\/IZ9_6963-2-1024x683.webp 1024w, https:\/\/cogop.org\/wp-content\/uploads\/2025\/03\/IZ9_6963-2-768x512.webp 768w, https:\/\/cogop.org\/wp-content\/uploads\/2025\/03\/IZ9_6963-2-1536x1024.webp 1536w\" sizes=\"(max-width: 8256px) 100vw, 8256px\" \/>\t\t\t\t\t\t\t\t\t\t\t\t\t\t\t<\/div>\n\t\t\t\t<\/div>\n\t\t\t\t<\/div>\n\t\t<div class=\"elementor-element elementor-element-be34f3d e-con-full e-flex e-con e-child\" data-id=\"be34f3d\" data-element_type=\"container\" data-e-type=\"container\">\n\t\t\t\t<div class=\"elementor-element elementor-element-4c1d9d6 elementor-widget elementor-widget-heading\" data-id=\"4c1d9d6\" data-element_type=\"widget\" data-e-type=\"widget\" data-widget_type=\"heading.default\">\n\t\t\t\t<div class=\"elementor-widget-container\">\n\t\t\t\t\t<h2 class=\"elementor-heading-title elementor-size-default\">Con\u00f3zcanos<\/h2>\t\t\t\t<\/div>\n\t\t\t\t<\/div>\n\t\t\t\t<div class=\"elementor-element elementor-element-7b348cd elementor-widget elementor-widget-text-editor\" data-id=\"7b348cd\" data-element_type=\"widget\" data-e-type=\"widget\" data-widget_type=\"text-editor.default\">\n\t\t\t\t<div class=\"elementor-widget-container\">\n\t\t\t\t\t\t\t\t\t<p>La Iglesia de Dios de la Profec\u00eda (IDP) es una denominaci\u00f3n cristiana pentecostal de santidad con oficinas internacionales en Cleveland, Tennessee. Fundada en 1903, ha expandido sus ministerios a 135 naciones, abarcando m\u00e1s de 12,000 iglesias y m\u00e1s de 13,000 puntos de predicaci\u00f3n. La membres\u00eda mundial de la iglesia supera el mill\u00f3n, y casi el 90% reside fuera de Norteam\u00e9rica.  <\/p><p>La oficina del obispo principal desempe\u00f1a un papel central en la supervisi\u00f3n espiritual y administrativa de este movimiento mundial, proporcionando visi\u00f3n, liderazgo y coordinaci\u00f3n para garantizar la unidad y la eficacia de la misi\u00f3n de la iglesia en diversos contextos culturales y nacionales.<\/p>\t\t\t\t\t\t\t\t<\/div>\n\t\t\t\t<\/div>\n\t\t<div class=\"elementor-element elementor-element-7a3a68b e-con-full e-flex e-con e-child\" data-id=\"7a3a68b\" data-element_type=\"container\" data-e-type=\"container\" data-settings=\"{&quot;background_background&quot;:&quot;classic&quot;}\">\n\t\t<div class=\"elementor-element elementor-element-51701b8 e-con-full e-flex e-con e-child\" data-id=\"51701b8\" data-element_type=\"container\" data-e-type=\"container\">\n\t\t\t\t<div class=\"elementor-element elementor-element-fd34d68 elementor-widget elementor-widget-image\" data-id=\"fd34d68\" data-element_type=\"widget\" data-e-type=\"widget\" data-widget_type=\"image.default\">\n\t\t\t\t<div class=\"elementor-widget-container\">\n\t\t\t\t\t\t\t\t\t\t\t\t\t\t\t<img decoding=\"async\" width=\"330\" height=\"327\" src=\"https:\/\/cogop.org\/wp-content\/uploads\/2025\/03\/Coalter-2-1.png\" class=\"attachment-large size-large wp-image-12496\" alt=\"\" srcset=\"https:\/\/cogop.org\/wp-content\/uploads\/2025\/03\/Coalter-2-1.png 330w, https:\/\/cogop.org\/wp-content\/uploads\/2025\/03\/Coalter-2-1-300x297.png 300w, https:\/\/cogop.org\/wp-content\/uploads\/2025\/03\/Coalter-2-1-150x150.png 150w\" sizes=\"(max-width: 330px) 100vw, 330px\" \/>\t\t\t\t\t\t\t\t\t\t\t\t\t\t\t<\/div>\n\t\t\t\t<\/div>\n\t\t\t\t<\/div>\n\t\t<div class=\"elementor-element elementor-element-49176fb e-con-full e-flex e-con e-child\" data-id=\"49176fb\" data-element_type=\"container\" data-e-type=\"container\">\n\t\t\t\t<div class=\"elementor-element elementor-element-792fc93 elementor-widget elementor-widget-heading\" data-id=\"792fc93\" data-element_type=\"widget\" data-e-type=\"widget\" data-widget_type=\"heading.default\">\n\t\t\t\t<div class=\"elementor-widget-container\">\n\t\t\t\t\t<h2 class=\"elementor-heading-title elementor-size-default\">Tim Coalter<\/h2>\t\t\t\t<\/div>\n\t\t\t\t<\/div>\n\t\t\t\t<div class=\"elementor-element elementor-element-8b34285 elementor-widget elementor-widget-heading\" data-id=\"8b34285\" data-element_type=\"widget\" data-e-type=\"widget\" data-widget_type=\"heading.default\">\n\t\t\t\t<div class=\"elementor-widget-container\">\n\t\t\t\t\t<h5 class=\"elementor-heading-title elementor-size-default\">Obispo principal<\/h5>\t\t\t\t<\/div>\n\t\t\t\t<\/div>\n\t\t\t\t<\/div>\n\t\t<div class=\"elementor-element elementor-element-04689f3 e-con-full e-flex e-con e-child\" data-id=\"04689f3\" data-element_type=\"container\" data-e-type=\"container\">\n\t\t\t\t<div class=\"elementor-element elementor-element-b168b75 elementor-widget elementor-widget-button\" data-id=\"b168b75\" data-element_type=\"widget\" data-e-type=\"widget\" data-widget_type=\"button.default\">\n\t\t\t\t<div class=\"elementor-widget-container\">\n\t\t\t\t\t\t\t\t\t<div class=\"elementor-button-wrapper\">\n\t\t\t\t\t<a class=\"elementor-button elementor-button-link elementor-size-sm\" href=\"#elementor-action%3Aaction%3Dpopup%3Aopen%26settings%3DeyJpZCI6MTg5MzIsInRvZ2dsZSI6ZmFsc2V9\">\n\t\t\t\t\t\t<span class=\"elementor-button-content-wrapper\">\n\t\t\t\t\t\t\t\t\t<span class=\"elementor-button-text\">Ver biograf\u00eda<\/span>\n\t\t\t\t\t<\/span>\n\t\t\t\t\t<\/a>\n\t\t\t\t<\/div>\n\t\t\t\t\t\t\t\t<\/div>\n\t\t\t\t<\/div>\n\t\t\t\t<\/div>\n\t\t\t\t<\/div>\n\t\t\t\t<\/div>\n\t\t\t\t\t<\/div>\n\t\t\t\t<\/div>\n\t\t<div class=\"elementor-element elementor-element-64a4e60 e-flex e-con-boxed e-con e-parent\" data-id=\"64a4e60\" data-element_type=\"container\" data-e-type=\"container\" data-settings=\"{&quot;background_background&quot;:&quot;classic&quot;}\">\n\t\t\t\t\t<div class=\"e-con-inner\">\n\t\t<div class=\"elementor-element elementor-element-48a9a83 e-con-full e-flex e-con e-child\" data-id=\"48a9a83\" data-element_type=\"container\" data-e-type=\"container\">\n\t\t\t\t<div class=\"elementor-element elementor-element-90028d3 elementor-widget elementor-widget-image\" data-id=\"90028d3\" data-element_type=\"widget\" data-e-type=\"widget\" data-widget_type=\"image.default\">\n\t\t\t\t<div class=\"elementor-widget-container\">\n\t\t\t\t\t\t\t\t\t\t\t\t\t\t\t<img decoding=\"async\" width=\"800\" height=\"600\" src=\"https:\/\/cogop.org\/wp-content\/uploads\/2025\/03\/IMG_1249-1024x768.webp\" class=\"attachment-large size-large wp-image-18176\" alt=\"\" srcset=\"https:\/\/cogop.org\/wp-content\/uploads\/2025\/03\/IMG_1249-1024x768.webp 1024w, https:\/\/cogop.org\/wp-content\/uploads\/2025\/03\/IMG_1249-300x225.webp 300w, https:\/\/cogop.org\/wp-content\/uploads\/2025\/03\/IMG_1249-768x576.webp 768w, https:\/\/cogop.org\/wp-content\/uploads\/2025\/03\/IMG_1249-1536x1152.webp 1536w, https:\/\/cogop.org\/wp-content\/uploads\/2025\/03\/IMG_1249-2048x1536.webp 2048w\" sizes=\"(max-width: 800px) 100vw, 800px\" \/>\t\t\t\t\t\t\t\t\t\t\t\t\t\t\t<\/div>\n\t\t\t\t<\/div>\n\t\t\t\t<\/div>\n\t\t<div class=\"elementor-element elementor-element-1fff919 e-con-full e-flex e-con e-child\" data-id=\"1fff919\" data-element_type=\"container\" data-e-type=\"container\">\n\t\t<div class=\"elementor-element elementor-element-0ebc8c1 e-con-full e-flex e-con e-child\" data-id=\"0ebc8c1\" data-element_type=\"container\" data-e-type=\"container\">\n\t\t\t\t<div class=\"elementor-element elementor-element-13076dd elementor-view-default elementor-widget elementor-widget-icon\" data-id=\"13076dd\" data-element_type=\"widget\" data-e-type=\"widget\" data-widget_type=\"icon.default\">\n\t\t\t\t<div class=\"elementor-widget-container\">\n\t\t\t\t\t\t\t<div class=\"elementor-icon-wrapper\">\n\t\t\t<div class=\"elementor-icon\">\n\t\t\t<svg aria-hidden=\"true\" class=\"e-font-icon-svg e-fas-quote-left\" viewBox=\"0 0 512 512\" xmlns=\"http:\/\/www.w3.org\/2000\/svg\"><path d=\"M464 256h-80v-64c0-35.3 28.7-64 64-64h8c13.3 0 24-10.7 24-24V56c0-13.3-10.7-24-24-24h-8c-88.4 0-160 71.6-160 160v240c0 26.5 21.5 48 48 48h128c26.5 0 48-21.5 48-48V304c0-26.5-21.5-48-48-48zm-288 0H96v-64c0-35.3 28.7-64 64-64h8c13.3 0 24-10.7 24-24V56c0-13.3-10.7-24-24-24h-8C71.6 32 0 103.6 0 192v240c0 26.5 21.5 48 48 48h128c26.5 0 48-21.5 48-48V304c0-26.5-21.5-48-48-48z\"><\/path><\/svg>\t\t\t<\/div>\n\t\t<\/div>\n\t\t\t\t\t\t<\/div>\n\t\t\t\t<\/div>\n\t\t\t\t<div class=\"elementor-element elementor-element-4549078 elementor-widget elementor-widget-heading\" data-id=\"4549078\" data-element_type=\"widget\" data-e-type=\"widget\" data-widget_type=\"heading.default\">\n\t\t\t\t<div class=\"elementor-widget-container\">\n\t\t\t\t\t<h2 class=\"elementor-heading-title elementor-size-default\">Reconciliar al mundo con Cristo por medio del poder del Esp\u00edritu Santo.<\/h2>\t\t\t\t<\/div>\n\t\t\t\t<\/div>\n\t\t\t\t<div class=\"elementor-element elementor-element-b8789f0 elementor-widget elementor-widget-button\" data-id=\"b8789f0\" data-element_type=\"widget\" data-e-type=\"widget\" data-widget_type=\"button.default\">\n\t\t\t\t<div class=\"elementor-widget-container\">\n\t\t\t\t\t\t\t\t\t<div class=\"elementor-button-wrapper\">\n\t\t\t\t\t<a class=\"elementor-button elementor-button-link elementor-size-sm\" href=\"https:\/\/cogop.org\/es\/etiqueta\/africa-es\/\">\n\t\t\t\t\t\t<span class=\"elementor-button-content-wrapper\">\n\t\t\t\t\t\t\t\t\t<span class=\"elementor-button-text\">Vea las noticias m\u00e1s actuales<\/span>\n\t\t\t\t\t<\/span>\n\t\t\t\t\t<\/a>\n\t\t\t\t<\/div>\n\t\t\t\t\t\t\t\t<\/div>\n\t\t\t\t<\/div>\n\t\t\t\t<\/div>\n\t\t\t\t<\/div>\n\t\t\t\t\t<\/div>\n\t\t\t\t<\/div>\n\t\t<div class=\"elementor-element elementor-element-fa34690 e-flex e-con-boxed e-con e-parent\" data-id=\"fa34690\" data-element_type=\"container\" data-e-type=\"container\" data-settings=\"{&quot;background_background&quot;:&quot;classic&quot;}\">\n\t\t\t\t\t<div class=\"e-con-inner\">\n\t\t<div class=\"elementor-element elementor-element-0342be1 e-con-full e-flex e-con e-child\" data-id=\"0342be1\" data-element_type=\"container\" data-e-type=\"container\">\n\t\t\t\t<div class=\"elementor-element elementor-element-7d812b0 elementor-widget-mobile__width-initial elementor-widget elementor-widget-heading\" data-id=\"7d812b0\" data-element_type=\"widget\" data-e-type=\"widget\" data-widget_type=\"heading.default\">\n\t\t\t\t<div class=\"elementor-widget-container\">\n\t\t\t\t\t<h3 class=\"elementor-heading-title elementor-size-default\">Con\u00f3zcanos mejor<\/h3>\t\t\t\t<\/div>\n\t\t\t\t<\/div>\n\t\t\t\t<div class=\"elementor-element elementor-element-48aece6 elementor-widget-mobile__width-initial elementor-widget elementor-widget-text-editor\" data-id=\"48aece6\" data-element_type=\"widget\" data-e-type=\"widget\" data-widget_type=\"text-editor.default\">\n\t\t\t\t<div class=\"elementor-widget-container\">\n\t\t\t\t\t\t\t\t\tDescubra nuestra historia, valores y pasi\u00f3n. \u00a1Con\u00e9ctese con nosotros hoy!\t\t\t\t\t\t\t\t<\/div>\n\t\t\t\t<\/div>\n\t\t\t\t<\/div>\n\t\t<div class=\"elementor-element elementor-element-aef1e49 e-con-full e-flex e-con e-child\" data-id=\"aef1e49\" data-element_type=\"container\" data-e-type=\"container\">\n\t\t\t\t<div class=\"elementor-element elementor-element-a928d41 elementor-widget elementor-widget-button\" data-id=\"a928d41\" data-element_type=\"widget\" data-e-type=\"widget\" data-widget_type=\"button.default\">\n\t\t\t\t<div class=\"elementor-widget-container\">\n\t\t\t\t\t\t\t\t\t<div class=\"elementor-button-wrapper\">\n\t\t\t\t\t<a class=\"elementor-button elementor-button-link elementor-size-sm\" href=\"https:\/\/www.facebook.com\/cogop\/\" target=\"_blank\">\n\t\t\t\t\t\t<span class=\"elementor-button-content-wrapper\">\n\t\t\t\t\t\t\t\t\t<span class=\"elementor-button-text\">Vis\u00edtenos en Facebook<\/span>\n\t\t\t\t\t<\/span>\n\t\t\t\t\t<\/a>\n\t\t\t\t<\/div>\n\t\t\t\t\t\t\t\t<\/div>\n\t\t\t\t<\/div>\n\t\t\t\t<\/div>\n\t\t\t\t\t<\/div>\n\t\t\t\t<\/div>\n\t\t\t\t<\/div>\n\t\t","protected":false},"excerpt":{"rendered":"<p>Oficina del obispo principal Con\u00f3zcanos La Iglesia de Dios de la Profec\u00eda (IDP) es una denominaci\u00f3n cristiana pentecostal de santidad con oficinas internacionales en Cleveland, Tennessee. Fundada en 1903, ha expandido sus ministerios a 135 naciones, abarcando m\u00e1s de 12,000 iglesias y m\u00e1s de 13,000 puntos de predicaci\u00f3n. La membres\u00eda mundial de la iglesia supera [&hellip;]<\/p>\n","protected":false},"author":4,"featured_media":0,"parent":0,"menu_order":0,"comment_status":"closed","ping_status":"closed","template":"","meta":{"_acf_changed":false,"_monsterinsights_skip_tracking":false,"_monsterinsights_sitenote_active":false,"_monsterinsights_sitenote_note":"","_monsterinsights_sitenote_category":0,"_uf_show_specific_survey":0,"_uf_disable_surveys":false,"footnotes":""},"class_list":["post-20266","page","type-page","status-publish","hentry"],"acf":[],"yoast_head":"<!-- This site is optimized with the Yoast SEO plugin v27.4 - https:\/\/yoast.com\/product\/yoast-seo-wordpress\/ -->\n<title>Oficina del obispo principal | COGOP<\/title>\n<meta name=\"robots\" content=\"index, follow, max-snippet:-1, max-image-preview:large, max-video-preview:-1\" \/>\n<link rel=\"canonical\" href=\"https:\/\/cogop.org\/es\/oficina-del-obispo-principal\/\" \/>\n<meta property=\"og:locale\" content=\"es_ES\" \/>\n<meta property=\"og:type\" content=\"article\" \/>\n<meta property=\"og:title\" content=\"Oficina del obispo principal | COGOP\" \/>\n<meta property=\"og:description\" content=\"Oficina del obispo principal Con\u00f3zcanos La Iglesia de Dios de la Profec\u00eda (IDP) es una denominaci\u00f3n cristiana pentecostal de santidad con oficinas internacionales en Cleveland, Tennessee. Fundada en 1903, ha expandido sus ministerios a 135 naciones, abarcando m\u00e1s de 12,000 iglesias y m\u00e1s de 13,000 puntos de predicaci\u00f3n. La membres\u00eda mundial de la iglesia supera [&hellip;]\" \/>\n<meta property=\"og:url\" content=\"https:\/\/cogop.org\/es\/oficina-del-obispo-principal\/\" \/>\n<meta property=\"og:site_name\" content=\"COGOP\" \/>\n<meta property=\"article:publisher\" content=\"https:\/\/www.facebook.com\/cogop\" \/>\n<meta property=\"article:modified_time\" content=\"2025-04-01T14:42:28+00:00\" \/>\n<meta property=\"og:image\" content=\"https:\/\/cogop.org\/wp-content\/uploads\/2025\/03\/IZ9_6963-2-1024x683.webp\" \/>\n\t<meta property=\"og:image:width\" content=\"1024\" \/>\n\t<meta property=\"og:image:height\" content=\"683\" \/>\n\t<meta property=\"og:image:type\" content=\"image\/webp\" \/>\n<meta name=\"twitter:card\" content=\"summary_large_image\" \/>\n<meta name=\"twitter:site\" content=\"@cogop\" \/>\n<meta name=\"twitter:label1\" content=\"Tiempo de lectura\" \/>\n\t<meta name=\"twitter:data1\" content=\"1 minuto\" \/>\n<script type=\"application\/ld+json\" class=\"yoast-schema-graph\">{\"@context\":\"https:\\\/\\\/schema.org\",\"@graph\":[{\"@type\":\"WebPage\",\"@id\":\"https:\\\/\\\/cogop.org\\\/es\\\/oficina-del-obispo-principal\\\/\",\"url\":\"https:\\\/\\\/cogop.org\\\/es\\\/oficina-del-obispo-principal\\\/\",\"name\":\"Oficina del obispo principal | COGOP\",\"isPartOf\":{\"@id\":\"https:\\\/\\\/cogop.org\\\/#website\"},\"primaryImageOfPage\":{\"@id\":\"https:\\\/\\\/cogop.org\\\/es\\\/oficina-del-obispo-principal\\\/#primaryimage\"},\"image\":{\"@id\":\"https:\\\/\\\/cogop.org\\\/es\\\/oficina-del-obispo-principal\\\/#primaryimage\"},\"thumbnailUrl\":\"https:\\\/\\\/cogop.org\\\/wp-content\\\/uploads\\\/2025\\\/03\\\/IZ9_6963-2.webp\",\"datePublished\":\"2025-03-26T14:55:16+00:00\",\"dateModified\":\"2025-04-01T14:42:28+00:00\",\"inLanguage\":\"es\",\"potentialAction\":[{\"@type\":\"ReadAction\",\"target\":[\"https:\\\/\\\/cogop.org\\\/es\\\/oficina-del-obispo-principal\\\/\"]}]},{\"@type\":\"ImageObject\",\"inLanguage\":\"es\",\"@id\":\"https:\\\/\\\/cogop.org\\\/es\\\/oficina-del-obispo-principal\\\/#primaryimage\",\"url\":\"https:\\\/\\\/cogop.org\\\/wp-content\\\/uploads\\\/2025\\\/03\\\/IZ9_6963-2.webp\",\"contentUrl\":\"https:\\\/\\\/cogop.org\\\/wp-content\\\/uploads\\\/2025\\\/03\\\/IZ9_6963-2.webp\"},{\"@type\":\"BreadcrumbList\",\"@id\":\"https:\\\/\\\/cogop.org\\\/es\\\/oficina-del-obispo-principal\\\/#breadcrumb\",\"itemListElement\":[{\"@type\":\"ListItem\",\"position\":1,\"name\":\"Home\",\"item\":\"https:\\\/\\\/cogop.org\\\/\"},{\"@type\":\"ListItem\",\"position\":2,\"name\":\"Oficina del obispo principal\"}]},{\"@type\":\"WebSite\",\"@id\":\"https:\\\/\\\/cogop.org\\\/#website\",\"url\":\"https:\\\/\\\/cogop.org\\\/\",\"name\":\"Church of God of Prophecy\",\"description\":\"Reconciling the World to Christ\",\"publisher\":{\"@id\":\"https:\\\/\\\/cogop.org\\\/#organization\"},\"alternateName\":\"COGOP\",\"potentialAction\":[{\"@type\":\"SearchAction\",\"target\":{\"@type\":\"EntryPoint\",\"urlTemplate\":\"https:\\\/\\\/cogop.org\\\/?s={search_term_string}\"},\"query-input\":{\"@type\":\"PropertyValueSpecification\",\"valueRequired\":true,\"valueName\":\"search_term_string\"}}],\"inLanguage\":\"es\"},{\"@type\":\"Organization\",\"@id\":\"https:\\\/\\\/cogop.org\\\/#organization\",\"name\":\"Church of God of Prophecy\",\"alternateName\":\"COGOP\",\"url\":\"https:\\\/\\\/cogop.org\\\/\",\"logo\":{\"@type\":\"ImageObject\",\"inLanguage\":\"es\",\"@id\":\"https:\\\/\\\/cogop.org\\\/#\\\/schema\\\/logo\\\/image\\\/\",\"url\":\"https:\\\/\\\/cogop.org\\\/wp-content\\\/uploads\\\/2025\\\/01\\\/logo-cogop.webp\",\"contentUrl\":\"https:\\\/\\\/cogop.org\\\/wp-content\\\/uploads\\\/2025\\\/01\\\/logo-cogop.webp\",\"width\":500,\"height\":118,\"caption\":\"Church of God of Prophecy\"},\"image\":{\"@id\":\"https:\\\/\\\/cogop.org\\\/#\\\/schema\\\/logo\\\/image\\\/\"},\"sameAs\":[\"https:\\\/\\\/www.facebook.com\\\/cogop\",\"https:\\\/\\\/x.com\\\/cogop\",\"https:\\\/\\\/www.instagram.com\\\/cogoppics\\\/\",\"https:\\\/\\\/www.youtube.com\\\/@COGOPMedia\",\"https:\\\/\\\/open.spotify.com\\\/user\\\/g1d13yyaprw0wrr2woer8edyp?si=a32b364b555f4d4d\"]}]}<\/script>\n<!-- \/ Yoast SEO plugin. -->","yoast_head_json":{"title":"Oficina del obispo principal | COGOP","robots":{"index":"index","follow":"follow","max-snippet":"max-snippet:-1","max-image-preview":"max-image-preview:large","max-video-preview":"max-video-preview:-1"},"canonical":"https:\/\/cogop.org\/es\/oficina-del-obispo-principal\/","og_locale":"es_ES","og_type":"article","og_title":"Oficina del obispo principal | COGOP","og_description":"Oficina del obispo principal Con\u00f3zcanos La Iglesia de Dios de la Profec\u00eda (IDP) es una denominaci\u00f3n cristiana pentecostal de santidad con oficinas internacionales en Cleveland, Tennessee. Fundada en 1903, ha expandido sus ministerios a 135 naciones, abarcando m\u00e1s de 12,000 iglesias y m\u00e1s de 13,000 puntos de predicaci\u00f3n. La membres\u00eda mundial de la iglesia supera [&hellip;]","og_url":"https:\/\/cogop.org\/es\/oficina-del-obispo-principal\/","og_site_name":"COGOP","article_publisher":"https:\/\/www.facebook.com\/cogop","article_modified_time":"2025-04-01T14:42:28+00:00","og_image":[{"width":1024,"height":683,"url":"https:\/\/cogop.org\/wp-content\/uploads\/2025\/03\/IZ9_6963-2-1024x683.webp","type":"image\/webp"}],"twitter_card":"summary_large_image","twitter_site":"@cogop","twitter_misc":{"Tiempo de lectura":"1 minuto"},"schema":{"@context":"https:\/\/schema.org","@graph":[{"@type":"WebPage","@id":"https:\/\/cogop.org\/es\/oficina-del-obispo-principal\/","url":"https:\/\/cogop.org\/es\/oficina-del-obispo-principal\/","name":"Oficina del obispo principal | COGOP","isPartOf":{"@id":"https:\/\/cogop.org\/#website"},"primaryImageOfPage":{"@id":"https:\/\/cogop.org\/es\/oficina-del-obispo-principal\/#primaryimage"},"image":{"@id":"https:\/\/cogop.org\/es\/oficina-del-obispo-principal\/#primaryimage"},"thumbnailUrl":"https:\/\/cogop.org\/wp-content\/uploads\/2025\/03\/IZ9_6963-2.webp","datePublished":"2025-03-26T14:55:16+00:00","dateModified":"2025-04-01T14:42:28+00:00","inLanguage":"es","potentialAction":[{"@type":"ReadAction","target":["https:\/\/cogop.org\/es\/oficina-del-obispo-principal\/"]}]},{"@type":"ImageObject","inLanguage":"es","@id":"https:\/\/cogop.org\/es\/oficina-del-obispo-principal\/#primaryimage","url":"https:\/\/cogop.org\/wp-content\/uploads\/2025\/03\/IZ9_6963-2.webp","contentUrl":"https:\/\/cogop.org\/wp-content\/uploads\/2025\/03\/IZ9_6963-2.webp"},{"@type":"BreadcrumbList","@id":"https:\/\/cogop.org\/es\/oficina-del-obispo-principal\/#breadcrumb","itemListElement":[{"@type":"ListItem","position":1,"name":"Home","item":"https:\/\/cogop.org\/"},{"@type":"ListItem","position":2,"name":"Oficina del obispo principal"}]},{"@type":"WebSite","@id":"https:\/\/cogop.org\/#website","url":"https:\/\/cogop.org\/","name":"Church of God of Prophecy","description":"Reconciling the World to Christ","publisher":{"@id":"https:\/\/cogop.org\/#organization"},"alternateName":"COGOP","potentialAction":[{"@type":"SearchAction","target":{"@type":"EntryPoint","urlTemplate":"https:\/\/cogop.org\/?s={search_term_string}"},"query-input":{"@type":"PropertyValueSpecification","valueRequired":true,"valueName":"search_term_string"}}],"inLanguage":"es"},{"@type":"Organization","@id":"https:\/\/cogop.org\/#organization","name":"Church of God of Prophecy","alternateName":"COGOP","url":"https:\/\/cogop.org\/","logo":{"@type":"ImageObject","inLanguage":"es","@id":"https:\/\/cogop.org\/#\/schema\/logo\/image\/","url":"https:\/\/cogop.org\/wp-content\/uploads\/2025\/01\/logo-cogop.webp","contentUrl":"https:\/\/cogop.org\/wp-content\/uploads\/2025\/01\/logo-cogop.webp","width":500,"height":118,"caption":"Church of God of Prophecy"},"image":{"@id":"https:\/\/cogop.org\/#\/schema\/logo\/image\/"},"sameAs":["https:\/\/www.facebook.com\/cogop","https:\/\/x.com\/cogop","https:\/\/www.instagram.com\/cogoppics\/","https:\/\/www.youtube.com\/@COGOPMedia","https:\/\/open.spotify.com\/user\/g1d13yyaprw0wrr2woer8edyp?si=a32b364b555f4d4d"]}]}},"_links":{"self":[{"href":"https:\/\/cogop.org\/es\/wp-json\/wp\/v2\/pages\/20266","targetHints":{"allow":["GET"]}}],"collection":[{"href":"https:\/\/cogop.org\/es\/wp-json\/wp\/v2\/pages"}],"about":[{"href":"https:\/\/cogop.org\/es\/wp-json\/wp\/v2\/types\/page"}],"author":[{"embeddable":true,"href":"https:\/\/cogop.org\/es\/wp-json\/wp\/v2\/users\/4"}],"replies":[{"embeddable":true,"href":"https:\/\/cogop.org\/es\/wp-json\/wp\/v2\/comments?post=20266"}],"version-history":[{"count":4,"href":"https:\/\/cogop.org\/es\/wp-json\/wp\/v2\/pages\/20266\/revisions"}],"predecessor-version":[{"id":20271,"href":"https:\/\/cogop.org\/es\/wp-json\/wp\/v2\/pages\/20266\/revisions\/20271"}],"wp:attachment":[{"href":"https:\/\/cogop.org\/es\/wp-json\/wp\/v2\/media?parent=20266"}],"curies":[{"name":"wp","href":"https:\/\/api.w.org\/{rel}","templated":true}]}}