{"id":19887,"date":"2025-02-21T20:14:05","date_gmt":"2025-02-21T20:14:05","guid":{"rendered":"https:\/\/cogop.org\/politica-de-privacidad\/"},"modified":"2025-07-01T16:59:07","modified_gmt":"2025-07-01T16:59:07","slug":"politica-de-privacidad","status":"publish","type":"page","link":"https:\/\/cogop.org\/es\/politica-de-privacidad\/","title":{"rendered":"Pol\u00edtica de privacidad"},"content":{"rendered":"\t\t<div data-elementor-type=\"wp-page\" data-elementor-id=\"19887\" class=\"elementor elementor-19887 elementor-5467\" data-elementor-post-type=\"page\">\n\t\t\t\t<div class=\"elementor-element elementor-element-15317831 e-flex e-con-boxed e-con e-parent\" data-id=\"15317831\" data-element_type=\"container\" data-e-type=\"container\" data-settings=\"{&quot;background_background&quot;:&quot;classic&quot;}\">\n\t\t\t\t\t<div class=\"e-con-inner\">\n\t\t<div class=\"elementor-element elementor-element-1a9ce9d0 e-flex e-con-boxed e-con e-child\" data-id=\"1a9ce9d0\" data-element_type=\"container\" data-e-type=\"container\" data-settings=\"{&quot;background_background&quot;:&quot;classic&quot;}\">\n\t\t\t\t\t<div class=\"e-con-inner\">\n\t\t\t\t<div class=\"elementor-element elementor-element-5bf2e8f8 elementor-widget-mobile__width-initial elementor-widget elementor-widget-heading\" data-id=\"5bf2e8f8\" data-element_type=\"widget\" data-e-type=\"widget\" data-widget_type=\"heading.default\">\n\t\t\t\t<div class=\"elementor-widget-container\">\n\t\t\t\t\t<h2 class=\"elementor-heading-title elementor-size-default\">Pol\u00edtica de privacidad<\/h2>\t\t\t\t<\/div>\n\t\t\t\t<\/div>\n\t\t\t\t\t<\/div>\n\t\t\t\t<\/div>\n\t\t\t\t\t<\/div>\n\t\t\t\t<\/div>\n\t\t<div class=\"elementor-element elementor-element-1981f01 e-flex e-con-boxed e-con e-parent\" data-id=\"1981f01\" data-element_type=\"container\" data-e-type=\"container\">\n\t\t\t\t\t<div class=\"e-con-inner\">\n\t\t<div class=\"elementor-element elementor-element-b67a505 e-con-full e-flex e-con e-child\" data-id=\"b67a505\" data-element_type=\"container\" data-e-type=\"container\">\n\t\t\t\t<div class=\"elementor-element elementor-element-24ef111 elementor-widget elementor-widget-text-editor\" data-id=\"24ef111\" data-element_type=\"widget\" data-e-type=\"widget\" data-widget_type=\"text-editor.default\">\n\t\t\t\t<div class=\"elementor-widget-container\">\n\t\t\t\t\t\t\t\t\t<h4><span style=\"color: #333399;\">Nuestro compromiso con la privacidad<\/span><\/h4>\nSu privacidad es importante para nosotros. Para proteger mejor su privacidad, proporcionamos este aviso que explica nuestras pr\u00e1cticas de informaci\u00f3n en l\u00ednea y las opciones que puede elegir sobre la forma en que se recopila y utiliza su informaci\u00f3n. Para que este aviso sea f\u00e1cil de encontrar, lo ponemos a su disposici\u00f3n en nuestra p\u00e1gina principal y en cada punto en el que se pueda solicitar informaci\u00f3n de identificaci\u00f3n personal.  \n<h4><span style=\"color: #333399;\">La informaci\u00f3n que recopilamos<\/span><\/h4>\nEste aviso se aplica a toda la informaci\u00f3n recopilada o enviada en el sitio web de la Iglesia de Dios de la Profec\u00eda. En algunas p\u00e1ginas, puede solicitar productos, hacer peticiones y solicitar materiales. Los tipos de informaci\u00f3n personal recopilada en estas p\u00e1ginas son:  \n<p style=\"padding-left: 30px;\">Nombre\nDirecci\u00f3n\nCorreo electr\u00f3nico\nN\u00famero telef\u00f3nico\nInformaci\u00f3n de la tarjeta de cr\u00e9dito\/d\u00e9bito<\/p>\nEn algunas p\u00e1ginas, puede enviar informaci\u00f3n sobre otras personas. Por ejemplo, si pide un regalo en l\u00ednea y quiere que se lo env\u00eden directamente al destinatario, tendr\u00e1 que enviar la direcci\u00f3n del destinatario. En este caso, el tipo de informaci\u00f3n personal que se recopila es:  \n<p style=\"padding-left: 30px;\">Nombre\nDirecci\u00f3n\nN\u00famero telef\u00f3nico<\/p>\n\n<h4><span style=\"color: #333399;\">Nuestro compromiso con la seguridad de los datos<\/span><\/h4>\nPara evitar el acceso no autorizado, mantener la exactitud de los datos y garantizar el uso correcto de la informaci\u00f3n, hemos puesto en marcha procedimientos f\u00edsicos, electr\u00f3nicos y administrativos adecuados para salvaguardar y proteger la informaci\u00f3n que recopilamos en l\u00ednea.\n<h4><span style=\"color: #333399;\">C\u00f3mo utilizamos la informaci\u00f3n<\/span><\/h4>\n<ol style=\"margin-left: 40px;\">\n \t<li>Utilizamos la informaci\u00f3n que usted nos proporciona al realizar un pedido \u00fanicamente para completar ese pedido.<\/li>\n \t<li>Utilizamos la informaci\u00f3n que usted proporciona sobre otra persona al realizar un pedido para enviar el producto y confirmar la entrega.<\/li>\n \t<li>No compartimos esta informaci\u00f3n con terceros, excepto en la medida necesaria para completar ese pedido.<\/li>\n \t<li>Utilizamos las direcciones de correo electr\u00f3nico de retorno para responder a los correos electr\u00f3nicos que recibimos. No se utilizan para otros fines ni se comparten. <\/li>\n \t<li>Puede inscribirse en nuestro sitio web si desea recibir nuestros boletines informativos, as\u00ed como noticias sobre nuevos productos y servicios. La informaci\u00f3n que env\u00ede en nuestro sitio web no se utilizar\u00e1 para este fin a menos que llene el formulario de inscripci\u00f3n. <\/li>\n \t<li>Utilizamos informaci\u00f3n no identificativa y agregada para mejorar el dise\u00f1o de nuestro sitio web y compartirla con los anunciantes. Por ejemplo, podemos decirle a un anunciante que X n\u00famero de personas visitaron una determinada \u00e1rea de nuestro sitio web, o que Y n\u00famero de hombres y Z n\u00famero de mujeres llenaron nuestro formulario de inscripci\u00f3n. No revelaremos nada que pueda utilizarse para identificar a esas personas.  <\/li>\n \t<li>Por \u00faltimo, nunca utilizamos ni compartimos la informaci\u00f3n de identificaci\u00f3n personal que se nos proporciona en l\u00ednea de formas no relacionadas con las descritas anteriormente sin ofrecerle tambi\u00e9n la oportunidad de excluirse o prohibir de otro modo dichos usos no relacionados.<\/li>\n<\/ol>\n<h4><span style=\"color: #333399;\">C\u00f3mo acceder a su informaci\u00f3n o corregirla<\/span><\/h4>\nPuede acceder a toda su informaci\u00f3n de identificaci\u00f3n personal que recopilamos en l\u00ednea y mantenemos llamando y verificando su identidad al 423.559.5100. Utilizamos este procedimiento para proteger mejor su informaci\u00f3n. Puede corregir errores f\u00e1cticos en su informaci\u00f3n de identificaci\u00f3n personal al enviar una solicitud que muestre el error de manera verificable. Para proteger su privacidad y seguridad, tambi\u00e9n tomaremos medidas para verificar su identidad antes de otorgar acceso o realizar correcciones.   \n<p style=\"text-align: center;\">Si tiene otras preguntas o inquietudes sobre esta pol\u00edtica de privacidad, ll\u00e1menos al 423.559.5100 o env\u00edenos un correo electr\u00f3nico al <a href=\"mailto:info@cogop.org\">info@cogop.org<\/a>.<\/p>\t\t\t\t\t\t\t\t<\/div>\n\t\t\t\t<\/div>\n\t\t\t\t<\/div>\n\t\t\t\t\t<\/div>\n\t\t\t\t<\/div>\n\t\t\t\t<\/div>\n\t\t","protected":false},"excerpt":{"rendered":"<p>Pol\u00edtica de privacidad Nuestro compromiso con la privacidad Su privacidad es importante para nosotros. Para proteger mejor su privacidad, proporcionamos este aviso que explica nuestras pr\u00e1cticas de informaci\u00f3n en l\u00ednea y las opciones que puede elegir sobre la forma en que se recopila y utiliza su informaci\u00f3n. Para que este aviso sea f\u00e1cil de encontrar, [&hellip;]<\/p>\n","protected":false},"author":1,"featured_media":0,"parent":0,"menu_order":0,"comment_status":"closed","ping_status":"closed","template":"","meta":{"_acf_changed":false,"_monsterinsights_skip_tracking":false,"_monsterinsights_sitenote_active":false,"_monsterinsights_sitenote_note":"","_monsterinsights_sitenote_category":0,"_uf_show_specific_survey":0,"_uf_disable_surveys":false,"footnotes":""},"class_list":["post-19887","page","type-page","status-publish","hentry"],"acf":[],"yoast_head":"<!-- This site is optimized with the Yoast SEO plugin v27.4 - https:\/\/yoast.com\/product\/yoast-seo-wordpress\/ -->\n<title>Pol\u00edtica de privacidad | COGOP<\/title>\n<meta name=\"robots\" content=\"index, follow, max-snippet:-1, max-image-preview:large, max-video-preview:-1\" \/>\n<link rel=\"canonical\" href=\"https:\/\/cogop.org\/privacy-policy\/\" \/>\n<meta property=\"og:locale\" content=\"es_ES\" \/>\n<meta property=\"og:type\" content=\"article\" \/>\n<meta property=\"og:title\" content=\"Pol\u00edtica de privacidad | COGOP\" \/>\n<meta property=\"og:description\" content=\"Pol\u00edtica de privacidad Nuestro compromiso con la privacidad Su privacidad es importante para nosotros. Para proteger mejor su privacidad, proporcionamos este aviso que explica nuestras pr\u00e1cticas de informaci\u00f3n en l\u00ednea y las opciones que puede elegir sobre la forma en que se recopila y utiliza su informaci\u00f3n. Para que este aviso sea f\u00e1cil de encontrar, [&hellip;]\" \/>\n<meta property=\"og:url\" content=\"https:\/\/cogop.org\/privacy-policy\/\" \/>\n<meta property=\"og:site_name\" content=\"COGOP\" \/>\n<meta property=\"article:publisher\" content=\"https:\/\/www.facebook.com\/cogop\" \/>\n<meta property=\"article:modified_time\" content=\"2025-07-01T16:59:07+00:00\" \/>\n<meta property=\"og:image\" content=\"https:\/\/cogop.org\/wp-content\/uploads\/2025\/03\/Open-graph.jpeg\" \/>\n\t<meta property=\"og:image:width\" content=\"1200\" \/>\n\t<meta property=\"og:image:height\" content=\"628\" \/>\n\t<meta property=\"og:image:type\" content=\"image\/jpeg\" \/>\n<meta name=\"twitter:card\" content=\"summary_large_image\" \/>\n<meta name=\"twitter:site\" content=\"@cogop\" \/>\n<meta name=\"twitter:label1\" content=\"Tiempo de lectura\" \/>\n\t<meta name=\"twitter:data1\" content=\"3 minutos\" \/>\n<script type=\"application\/ld+json\" class=\"yoast-schema-graph\">{\"@context\":\"https:\\\/\\\/schema.org\",\"@graph\":[{\"@type\":\"WebPage\",\"@id\":\"https:\\\/\\\/cogop.org\\\/privacy-policy\\\/\",\"url\":\"https:\\\/\\\/cogop.org\\\/privacy-policy\\\/\",\"name\":\"Pol\u00edtica de privacidad | COGOP\",\"isPartOf\":{\"@id\":\"https:\\\/\\\/cogop.org\\\/#website\"},\"datePublished\":\"2025-02-21T20:14:05+00:00\",\"dateModified\":\"2025-07-01T16:59:07+00:00\",\"inLanguage\":\"es\",\"potentialAction\":[{\"@type\":\"ReadAction\",\"target\":[\"https:\\\/\\\/cogop.org\\\/privacy-policy\\\/\"]}]},{\"@type\":\"BreadcrumbList\",\"@id\":\"https:\\\/\\\/cogop.org\\\/privacy-policy\\\/#breadcrumb\",\"itemListElement\":[{\"@type\":\"ListItem\",\"position\":1,\"name\":\"Home\",\"item\":\"https:\\\/\\\/cogop.org\\\/\"},{\"@type\":\"ListItem\",\"position\":2,\"name\":\"Pol\u00edtica de privacidad\"}]},{\"@type\":\"WebSite\",\"@id\":\"https:\\\/\\\/cogop.org\\\/#website\",\"url\":\"https:\\\/\\\/cogop.org\\\/\",\"name\":\"Church of God of Prophecy\",\"description\":\"Reconciling the World to Christ\",\"publisher\":{\"@id\":\"https:\\\/\\\/cogop.org\\\/#organization\"},\"alternateName\":\"COGOP\",\"potentialAction\":[{\"@type\":\"SearchAction\",\"target\":{\"@type\":\"EntryPoint\",\"urlTemplate\":\"https:\\\/\\\/cogop.org\\\/?s={search_term_string}\"},\"query-input\":{\"@type\":\"PropertyValueSpecification\",\"valueRequired\":true,\"valueName\":\"search_term_string\"}}],\"inLanguage\":\"es\"},{\"@type\":\"Organization\",\"@id\":\"https:\\\/\\\/cogop.org\\\/#organization\",\"name\":\"Church of God of Prophecy\",\"alternateName\":\"COGOP\",\"url\":\"https:\\\/\\\/cogop.org\\\/\",\"logo\":{\"@type\":\"ImageObject\",\"inLanguage\":\"es\",\"@id\":\"https:\\\/\\\/cogop.org\\\/#\\\/schema\\\/logo\\\/image\\\/\",\"url\":\"https:\\\/\\\/cogop.org\\\/wp-content\\\/uploads\\\/2025\\\/01\\\/logo-cogop.webp\",\"contentUrl\":\"https:\\\/\\\/cogop.org\\\/wp-content\\\/uploads\\\/2025\\\/01\\\/logo-cogop.webp\",\"width\":500,\"height\":118,\"caption\":\"Church of God of Prophecy\"},\"image\":{\"@id\":\"https:\\\/\\\/cogop.org\\\/#\\\/schema\\\/logo\\\/image\\\/\"},\"sameAs\":[\"https:\\\/\\\/www.facebook.com\\\/cogop\",\"https:\\\/\\\/x.com\\\/cogop\",\"https:\\\/\\\/www.instagram.com\\\/cogoppics\\\/\",\"https:\\\/\\\/www.youtube.com\\\/@COGOPMedia\",\"https:\\\/\\\/open.spotify.com\\\/user\\\/g1d13yyaprw0wrr2woer8edyp?si=a32b364b555f4d4d\"]}]}<\/script>\n<!-- \/ Yoast SEO plugin. -->","yoast_head_json":{"title":"Pol\u00edtica de privacidad | COGOP","robots":{"index":"index","follow":"follow","max-snippet":"max-snippet:-1","max-image-preview":"max-image-preview:large","max-video-preview":"max-video-preview:-1"},"canonical":"https:\/\/cogop.org\/privacy-policy\/","og_locale":"es_ES","og_type":"article","og_title":"Pol\u00edtica de privacidad | COGOP","og_description":"Pol\u00edtica de privacidad Nuestro compromiso con la privacidad Su privacidad es importante para nosotros. Para proteger mejor su privacidad, proporcionamos este aviso que explica nuestras pr\u00e1cticas de informaci\u00f3n en l\u00ednea y las opciones que puede elegir sobre la forma en que se recopila y utiliza su informaci\u00f3n. Para que este aviso sea f\u00e1cil de encontrar, [&hellip;]","og_url":"https:\/\/cogop.org\/privacy-policy\/","og_site_name":"COGOP","article_publisher":"https:\/\/www.facebook.com\/cogop","article_modified_time":"2025-07-01T16:59:07+00:00","og_image":[{"width":1200,"height":628,"url":"https:\/\/cogop.org\/wp-content\/uploads\/2025\/03\/Open-graph.jpeg","type":"image\/jpeg"}],"twitter_card":"summary_large_image","twitter_site":"@cogop","twitter_misc":{"Tiempo de lectura":"3 minutos"},"schema":{"@context":"https:\/\/schema.org","@graph":[{"@type":"WebPage","@id":"https:\/\/cogop.org\/privacy-policy\/","url":"https:\/\/cogop.org\/privacy-policy\/","name":"Pol\u00edtica de privacidad | COGOP","isPartOf":{"@id":"https:\/\/cogop.org\/#website"},"datePublished":"2025-02-21T20:14:05+00:00","dateModified":"2025-07-01T16:59:07+00:00","inLanguage":"es","potentialAction":[{"@type":"ReadAction","target":["https:\/\/cogop.org\/privacy-policy\/"]}]},{"@type":"BreadcrumbList","@id":"https:\/\/cogop.org\/privacy-policy\/#breadcrumb","itemListElement":[{"@type":"ListItem","position":1,"name":"Home","item":"https:\/\/cogop.org\/"},{"@type":"ListItem","position":2,"name":"Pol\u00edtica de privacidad"}]},{"@type":"WebSite","@id":"https:\/\/cogop.org\/#website","url":"https:\/\/cogop.org\/","name":"Church of God of Prophecy","description":"Reconciling the World to Christ","publisher":{"@id":"https:\/\/cogop.org\/#organization"},"alternateName":"COGOP","potentialAction":[{"@type":"SearchAction","target":{"@type":"EntryPoint","urlTemplate":"https:\/\/cogop.org\/?s={search_term_string}"},"query-input":{"@type":"PropertyValueSpecification","valueRequired":true,"valueName":"search_term_string"}}],"inLanguage":"es"},{"@type":"Organization","@id":"https:\/\/cogop.org\/#organization","name":"Church of God of Prophecy","alternateName":"COGOP","url":"https:\/\/cogop.org\/","logo":{"@type":"ImageObject","inLanguage":"es","@id":"https:\/\/cogop.org\/#\/schema\/logo\/image\/","url":"https:\/\/cogop.org\/wp-content\/uploads\/2025\/01\/logo-cogop.webp","contentUrl":"https:\/\/cogop.org\/wp-content\/uploads\/2025\/01\/logo-cogop.webp","width":500,"height":118,"caption":"Church of God of Prophecy"},"image":{"@id":"https:\/\/cogop.org\/#\/schema\/logo\/image\/"},"sameAs":["https:\/\/www.facebook.com\/cogop","https:\/\/x.com\/cogop","https:\/\/www.instagram.com\/cogoppics\/","https:\/\/www.youtube.com\/@COGOPMedia","https:\/\/open.spotify.com\/user\/g1d13yyaprw0wrr2woer8edyp?si=a32b364b555f4d4d"]}]}},"_links":{"self":[{"href":"https:\/\/cogop.org\/es\/wp-json\/wp\/v2\/pages\/19887","targetHints":{"allow":["GET"]}}],"collection":[{"href":"https:\/\/cogop.org\/es\/wp-json\/wp\/v2\/pages"}],"about":[{"href":"https:\/\/cogop.org\/es\/wp-json\/wp\/v2\/types\/page"}],"author":[{"embeddable":true,"href":"https:\/\/cogop.org\/es\/wp-json\/wp\/v2\/users\/1"}],"replies":[{"embeddable":true,"href":"https:\/\/cogop.org\/es\/wp-json\/wp\/v2\/comments?post=19887"}],"version-history":[{"count":1,"href":"https:\/\/cogop.org\/es\/wp-json\/wp\/v2\/pages\/19887\/revisions"}],"predecessor-version":[{"id":19888,"href":"https:\/\/cogop.org\/es\/wp-json\/wp\/v2\/pages\/19887\/revisions\/19888"}],"wp:attachment":[{"href":"https:\/\/cogop.org\/es\/wp-json\/wp\/v2\/media?parent=19887"}],"curies":[{"name":"wp","href":"https:\/\/api.w.org\/{rel}","templated":true}]}}