{"id":18718,"date":"2025-02-17T19:40:16","date_gmt":"2025-02-17T19:40:16","guid":{"rendered":"https:\/\/cogop.org\/empleo\/"},"modified":"2025-05-14T13:10:20","modified_gmt":"2025-05-14T13:10:20","slug":"empleo","status":"publish","type":"page","link":"https:\/\/cogop.org\/es\/empleo\/","title":{"rendered":"Empleo"},"content":{"rendered":"\t\t<div data-elementor-type=\"wp-page\" data-elementor-id=\"18718\" class=\"elementor elementor-18718 elementor-4069\" data-elementor-post-type=\"page\">\n\t\t\t\t<div class=\"elementor-element elementor-element-b76dc30 panel e-flex e-con-boxed e-con e-parent\" data-id=\"b76dc30\" data-element_type=\"container\" data-e-type=\"container\" data-settings=\"{&quot;background_background&quot;:&quot;classic&quot;}\">\n\t\t\t\t\t<div class=\"e-con-inner\">\n\t\t<div class=\"elementor-element elementor-element-01d71b1 e-flex e-con-boxed e-con e-child\" data-id=\"01d71b1\" data-element_type=\"container\" data-e-type=\"container\">\n\t\t\t\t\t<div class=\"e-con-inner\">\n\t\t\t\t<div class=\"elementor-element elementor-element-0c68777 elementor-widget elementor-widget-heading\" data-id=\"0c68777\" data-element_type=\"widget\" data-e-type=\"widget\" data-widget_type=\"heading.default\">\n\t\t\t\t<div class=\"elementor-widget-container\">\n\t\t\t\t\t<h1 class=\"elementor-heading-title elementor-size-default\">Oportunidades de empleo<\/h1>\t\t\t\t<\/div>\n\t\t\t\t<\/div>\n\t\t\t\t<div class=\"elementor-element elementor-element-e3db2fd elementor-widget-mobile__width-initial elementor-widget__width-initial elementor-widget elementor-widget-text-editor\" data-id=\"e3db2fd\" data-element_type=\"widget\" data-e-type=\"widget\" data-widget_type=\"text-editor.default\">\n\t\t\t\t<div class=\"elementor-widget-container\">\n\t\t\t\t\t\t\t\t\t<p>La Iglesia de Dios de la Profec\u00eda le invita a visitar regularmente esta p\u00e1gina para recibir noticias e informaci\u00f3n sobre nuestro personal.<\/p>\t\t\t\t\t\t\t\t<\/div>\n\t\t\t\t<\/div>\n\t\t\t\t\t<\/div>\n\t\t\t\t<\/div>\n\t\t\t\t\t<\/div>\n\t\t\t\t<\/div>\n\t\t<div class=\"elementor-element elementor-element-0f97830 e-flex e-con-boxed e-con e-parent\" data-id=\"0f97830\" data-element_type=\"container\" data-e-type=\"container\" data-settings=\"{&quot;background_background&quot;:&quot;classic&quot;}\">\n\t\t\t\t\t<div class=\"e-con-inner\">\n\t\t<div class=\"elementor-element elementor-element-05192d6 e-con-full e-flex e-con e-child\" data-id=\"05192d6\" data-element_type=\"container\" data-e-type=\"container\">\n\t\t\t\t<div class=\"elementor-element elementor-element-0305cc7 elementor-widget elementor-widget-heading\" data-id=\"0305cc7\" data-element_type=\"widget\" data-e-type=\"widget\" data-widget_type=\"heading.default\">\n\t\t\t\t<div class=\"elementor-widget-container\">\n\t\t\t\t\t<h4 class=\"elementor-heading-title elementor-size-default\">El Departamento de Servicios Administrativos de las oficinas internacionales de la Iglesia de Dios de la Profec\u00eda le invita a visitar esta p\u00e1gina regularmente para informarse sobre las oportunidades de empleo disponibles y obtener informaci\u00f3n respecto a la administraci\u00f3n de nuestro m\u00e1s valioso recurso \u2014nuestro personal.<\/h4>\t\t\t\t<\/div>\n\t\t\t\t<\/div>\n\t\t<div class=\"elementor-element elementor-element-a58c1ae e-con-full e-flex e-con e-child\" data-id=\"a58c1ae\" data-element_type=\"container\" data-e-type=\"container\">\n\t\t\t\t<div class=\"elementor-element elementor-element-7a6433f elementor-align-center elementor-mobile-align-justify elementor-widget-mobile__width-inherit elementor-widget elementor-widget-button\" data-id=\"7a6433f\" data-element_type=\"widget\" data-e-type=\"widget\" data-widget_type=\"button.default\">\n\t\t\t\t<div class=\"elementor-widget-container\">\n\t\t\t\t\t\t\t\t\t<div class=\"elementor-button-wrapper\">\n\t\t\t\t\t<a class=\"elementor-button elementor-button-link elementor-size-sm\" href=\"https:\/\/cogopforms.formstack.com\/forms\/employment_application\" target=\"_blank\">\n\t\t\t\t\t\t<span class=\"elementor-button-content-wrapper\">\n\t\t\t\t\t\t\t\t\t<span class=\"elementor-button-text\">Solicitud<\/span>\n\t\t\t\t\t<\/span>\n\t\t\t\t\t<\/a>\n\t\t\t\t<\/div>\n\t\t\t\t\t\t\t\t<\/div>\n\t\t\t\t<\/div>\n\t\t\t\t<div class=\"elementor-element elementor-element-1584a96 elementor-align-center elementor-mobile-align-justify elementor-widget-mobile__width-inherit elementor-widget elementor-widget-button\" data-id=\"1584a96\" data-element_type=\"widget\" data-e-type=\"widget\" data-widget_type=\"button.default\">\n\t\t\t\t<div class=\"elementor-widget-container\">\n\t\t\t\t\t\t\t\t\t<div class=\"elementor-button-wrapper\">\n\t\t\t\t\t<a class=\"elementor-button elementor-button-link elementor-size-sm\" href=\"https:\/\/www.uscis.gov\/i-9\" target=\"_blank\">\n\t\t\t\t\t\t<span class=\"elementor-button-content-wrapper\">\n\t\t\t\t\t\t\t\t\t<span class=\"elementor-button-text\">Formulario I - 9<\/span>\n\t\t\t\t\t<\/span>\n\t\t\t\t\t<\/a>\n\t\t\t\t<\/div>\n\t\t\t\t\t\t\t\t<\/div>\n\t\t\t\t<\/div>\n\t\t\t\t<div class=\"elementor-element elementor-element-9c13fbe elementor-align-center elementor-mobile-align-justify elementor-widget-mobile__width-inherit elementor-widget elementor-widget-button\" data-id=\"9c13fbe\" data-element_type=\"widget\" data-e-type=\"widget\" data-widget_type=\"button.default\">\n\t\t\t\t<div class=\"elementor-widget-container\">\n\t\t\t\t\t\t\t\t\t<div class=\"elementor-button-wrapper\">\n\t\t\t\t\t<a class=\"elementor-button elementor-button-link elementor-size-sm\" href=\"https:\/\/cogopforms.formstack.com\/forms\/background_check\" target=\"_blank\">\n\t\t\t\t\t\t<span class=\"elementor-button-content-wrapper\">\n\t\t\t\t\t\t\t\t\t<span class=\"elementor-button-text\">Verificaci\u00f3n de antecedentes<\/span>\n\t\t\t\t\t<\/span>\n\t\t\t\t\t<\/a>\n\t\t\t\t<\/div>\n\t\t\t\t\t\t\t\t<\/div>\n\t\t\t\t<\/div>\n\t\t\t\t<div class=\"elementor-element elementor-element-e13a069 elementor-align-center elementor-mobile-align-justify elementor-widget-mobile__width-inherit elementor-widget elementor-widget-button\" data-id=\"e13a069\" data-element_type=\"widget\" data-e-type=\"widget\" data-widget_type=\"button.default\">\n\t\t\t\t<div class=\"elementor-widget-container\">\n\t\t\t\t\t\t\t\t\t<div class=\"elementor-button-wrapper\">\n\t\t\t\t\t<a class=\"elementor-button elementor-button-link elementor-size-sm\" href=\"mailto:hr@cogop.org?subject=Employment%20Inquiry\" target=\"_blank\">\n\t\t\t\t\t\t<span class=\"elementor-button-content-wrapper\">\n\t\t\t\t\t\t\t\t\t<span class=\"elementor-button-text\">Env\u00edenos un correo electr\u00f3nico<\/span>\n\t\t\t\t\t<\/span>\n\t\t\t\t\t<\/a>\n\t\t\t\t<\/div>\n\t\t\t\t\t\t\t\t<\/div>\n\t\t\t\t<\/div>\n\t\t\t\t<\/div>\n\t\t\t\t<\/div>\n\t\t<div class=\"elementor-element elementor-element-6c62213 e-con-full e-flex e-con e-child\" data-id=\"6c62213\" data-element_type=\"container\" data-e-type=\"container\" data-settings=\"{&quot;background_background&quot;:&quot;classic&quot;}\">\n\t\t\t\t<div class=\"elementor-element elementor-element-05ed53e elementor-widget elementor-widget-text-editor\" data-id=\"05ed53e\" data-element_type=\"widget\" data-e-type=\"widget\" data-widget_type=\"text-editor.default\">\n\t\t\t\t<div class=\"elementor-widget-container\">\n\t\t\t\t\t\t\t\t\t<p><strong>\u00bfLE INTERESA?<\/strong>\n<br>Cont\u00e1ctenos para programar una entrevista.<\/p>\n<p><strong>DIRECCI\u00d3N POSTAL<\/strong>\n<br>COGOP International Offices<br>\n<strong>ATTN<\/strong>: Human Resource Specialist<br>\nP.O. Box 2910<br>\nCleveland, TN 37320<\/p>\n<p>\n\n<strong>N\u00daMERO TELEF\u00d3NICO<\/strong><br>\n423-559-5100\t\t\t\t\t\t\t\t<\/div>\n\t\t\t\t<\/div>\n\t\t\t\t<\/div>\n\t\t\t\t\t<\/div>\n\t\t\t\t<\/div>\n\t\t<div class=\"elementor-element elementor-element-1487eab e-flex e-con-boxed e-con e-parent\" data-id=\"1487eab\" data-element_type=\"container\" data-e-type=\"container\">\n\t\t\t\t\t<div class=\"e-con-inner\">\n\t\t<div class=\"elementor-element elementor-element-cbd9208 e-con-full e-flex e-con e-child\" data-id=\"cbd9208\" data-element_type=\"container\" data-e-type=\"container\">\n\t\t<div class=\"elementor-element elementor-element-a328463 e-con-full elementor-hidden-desktop elementor-hidden-tablet elementor-hidden-mobile e-flex e-con e-child\" data-id=\"a328463\" data-element_type=\"container\" data-e-type=\"container\" data-settings=\"{&quot;background_background&quot;:&quot;classic&quot;}\">\n\t\t<div class=\"elementor-element elementor-element-302d0b5 e-con-full e-flex e-con e-child\" data-id=\"302d0b5\" data-element_type=\"container\" data-e-type=\"container\">\n\t\t\t\t<div class=\"elementor-element elementor-element-0a0fe56 elementor-widget elementor-widget-heading\" data-id=\"0a0fe56\" data-element_type=\"widget\" data-e-type=\"widget\" data-widget_type=\"heading.default\">\n\t\t\t\t<div class=\"elementor-widget-container\">\n\t\t\t\t\t<h2 class=\"elementor-heading-title elementor-size-default\">Dise\u00f1ador gr\u00e1fico<\/h2>\t\t\t\t<\/div>\n\t\t\t\t<\/div>\n\t\t\t\t<div class=\"elementor-element elementor-element-d30c9a5 elementor-widget elementor-widget-heading\" data-id=\"d30c9a5\" data-element_type=\"widget\" data-e-type=\"widget\" data-widget_type=\"heading.default\">\n\t\t\t\t<div class=\"elementor-widget-container\">\n\t\t\t\t\t<h2 class=\"elementor-heading-title elementor-size-default\">Tiempo completo \/ Fecha l\u00edmite para las solicitudes 1 de mayo de 2025<\/h2>\t\t\t\t<\/div>\n\t\t\t\t<\/div>\n\t\t\t\t<\/div>\n\t\t<div class=\"elementor-element elementor-element-783d7b5 e-con-full e-flex e-con e-child\" data-id=\"783d7b5\" data-element_type=\"container\" data-e-type=\"container\">\n\t\t\t\t<div class=\"elementor-element elementor-element-0d0499f elementor-tablet-align-justify elementor-widget-tablet__width-inherit elementor-widget elementor-widget-button\" data-id=\"0d0499f\" data-element_type=\"widget\" data-e-type=\"widget\" data-widget_type=\"button.default\">\n\t\t\t\t<div class=\"elementor-widget-container\">\n\t\t\t\t\t\t\t\t\t<div class=\"elementor-button-wrapper\">\n\t\t\t\t\t<a class=\"elementor-button elementor-button-link elementor-size-sm\" href=\"#elementor-action%3Aaction%3Dpopup%3Aopen%26settings%3DeyJpZCI6MTkyNjksInRvZ2dsZSI6ZmFsc2V9\">\n\t\t\t\t\t\t<span class=\"elementor-button-content-wrapper\">\n\t\t\t\t\t\t\t\t\t<span class=\"elementor-button-text\">Solicitar empleo<\/span>\n\t\t\t\t\t<\/span>\n\t\t\t\t\t<\/a>\n\t\t\t\t<\/div>\n\t\t\t\t\t\t\t\t<\/div>\n\t\t\t\t<\/div>\n\t\t\t\t<\/div>\n\t\t\t\t<\/div>\n\t\t\t\t<\/div>\n\t\t\t\t\t<\/div>\n\t\t\t\t<\/div>\n\t\t\t\t<\/div>\n\t\t","protected":false},"excerpt":{"rendered":"<p>Oportunidades de empleo La Iglesia de Dios de la Profec\u00eda le invita a visitar regularmente esta p\u00e1gina para recibir noticias e informaci\u00f3n sobre nuestro personal. El Departamento de Servicios Administrativos de las oficinas internacionales de la Iglesia de Dios de la Profec\u00eda le invita a visitar esta p\u00e1gina regularmente para informarse sobre las oportunidades de [&hellip;]<\/p>\n","protected":false},"author":1,"featured_media":0,"parent":0,"menu_order":0,"comment_status":"closed","ping_status":"closed","template":"","meta":{"_acf_changed":false,"_monsterinsights_skip_tracking":false,"_monsterinsights_sitenote_active":false,"_monsterinsights_sitenote_note":"","_monsterinsights_sitenote_category":0,"_uf_show_specific_survey":0,"_uf_disable_surveys":false,"footnotes":""},"class_list":["post-18718","page","type-page","status-publish","hentry"],"acf":[],"yoast_head":"<!-- This site is optimized with the Yoast SEO plugin v27.4 - https:\/\/yoast.com\/product\/yoast-seo-wordpress\/ -->\n<title>Empleo | COGOP<\/title>\n<meta name=\"robots\" content=\"index, follow, max-snippet:-1, max-image-preview:large, max-video-preview:-1\" \/>\n<link rel=\"canonical\" href=\"https:\/\/cogop.org\/employment\/\" \/>\n<meta property=\"og:locale\" content=\"es_ES\" \/>\n<meta property=\"og:type\" content=\"article\" \/>\n<meta property=\"og:title\" content=\"Empleo | COGOP\" \/>\n<meta property=\"og:description\" content=\"Oportunidades de empleo La Iglesia de Dios de la Profec\u00eda le invita a visitar regularmente esta p\u00e1gina para recibir noticias e informaci\u00f3n sobre nuestro personal. El Departamento de Servicios Administrativos de las oficinas internacionales de la Iglesia de Dios de la Profec\u00eda le invita a visitar esta p\u00e1gina regularmente para informarse sobre las oportunidades de [&hellip;]\" \/>\n<meta property=\"og:url\" content=\"https:\/\/cogop.org\/employment\/\" \/>\n<meta property=\"og:site_name\" content=\"COGOP\" \/>\n<meta property=\"article:publisher\" content=\"https:\/\/www.facebook.com\/cogop\" \/>\n<meta property=\"article:modified_time\" content=\"2025-05-14T13:10:20+00:00\" \/>\n<meta property=\"og:image\" content=\"https:\/\/cogop.org\/wp-content\/uploads\/2025\/03\/Open-graph.jpeg\" \/>\n\t<meta property=\"og:image:width\" content=\"1200\" \/>\n\t<meta property=\"og:image:height\" content=\"628\" \/>\n\t<meta property=\"og:image:type\" content=\"image\/jpeg\" \/>\n<meta name=\"twitter:card\" content=\"summary_large_image\" \/>\n<meta name=\"twitter:site\" content=\"@cogop\" \/>\n<meta name=\"twitter:label1\" content=\"Tiempo de lectura\" \/>\n\t<meta name=\"twitter:data1\" content=\"1 minuto\" \/>\n<script type=\"application\/ld+json\" class=\"yoast-schema-graph\">{\"@context\":\"https:\\\/\\\/schema.org\",\"@graph\":[{\"@type\":\"WebPage\",\"@id\":\"https:\\\/\\\/cogop.org\\\/employment\\\/\",\"url\":\"https:\\\/\\\/cogop.org\\\/employment\\\/\",\"name\":\"Empleo | COGOP\",\"isPartOf\":{\"@id\":\"https:\\\/\\\/cogop.org\\\/#website\"},\"datePublished\":\"2025-02-17T19:40:16+00:00\",\"dateModified\":\"2025-05-14T13:10:20+00:00\",\"inLanguage\":\"es\",\"potentialAction\":[{\"@type\":\"ReadAction\",\"target\":[\"https:\\\/\\\/cogop.org\\\/employment\\\/\"]}]},{\"@type\":\"BreadcrumbList\",\"@id\":\"https:\\\/\\\/cogop.org\\\/employment\\\/#breadcrumb\",\"itemListElement\":[{\"@type\":\"ListItem\",\"position\":1,\"name\":\"Home\",\"item\":\"https:\\\/\\\/cogop.org\\\/\"},{\"@type\":\"ListItem\",\"position\":2,\"name\":\"Empleo\"}]},{\"@type\":\"WebSite\",\"@id\":\"https:\\\/\\\/cogop.org\\\/#website\",\"url\":\"https:\\\/\\\/cogop.org\\\/\",\"name\":\"Church of God of Prophecy\",\"description\":\"Reconciling the World to Christ\",\"publisher\":{\"@id\":\"https:\\\/\\\/cogop.org\\\/#organization\"},\"alternateName\":\"COGOP\",\"potentialAction\":[{\"@type\":\"SearchAction\",\"target\":{\"@type\":\"EntryPoint\",\"urlTemplate\":\"https:\\\/\\\/cogop.org\\\/?s={search_term_string}\"},\"query-input\":{\"@type\":\"PropertyValueSpecification\",\"valueRequired\":true,\"valueName\":\"search_term_string\"}}],\"inLanguage\":\"es\"},{\"@type\":\"Organization\",\"@id\":\"https:\\\/\\\/cogop.org\\\/#organization\",\"name\":\"Church of God of Prophecy\",\"alternateName\":\"COGOP\",\"url\":\"https:\\\/\\\/cogop.org\\\/\",\"logo\":{\"@type\":\"ImageObject\",\"inLanguage\":\"es\",\"@id\":\"https:\\\/\\\/cogop.org\\\/#\\\/schema\\\/logo\\\/image\\\/\",\"url\":\"https:\\\/\\\/cogop.org\\\/wp-content\\\/uploads\\\/2025\\\/01\\\/logo-cogop.webp\",\"contentUrl\":\"https:\\\/\\\/cogop.org\\\/wp-content\\\/uploads\\\/2025\\\/01\\\/logo-cogop.webp\",\"width\":500,\"height\":118,\"caption\":\"Church of God of Prophecy\"},\"image\":{\"@id\":\"https:\\\/\\\/cogop.org\\\/#\\\/schema\\\/logo\\\/image\\\/\"},\"sameAs\":[\"https:\\\/\\\/www.facebook.com\\\/cogop\",\"https:\\\/\\\/x.com\\\/cogop\",\"https:\\\/\\\/www.instagram.com\\\/cogoppics\\\/\",\"https:\\\/\\\/www.youtube.com\\\/@COGOPMedia\",\"https:\\\/\\\/open.spotify.com\\\/user\\\/g1d13yyaprw0wrr2woer8edyp?si=a32b364b555f4d4d\"]}]}<\/script>\n<!-- \/ Yoast SEO plugin. -->","yoast_head_json":{"title":"Empleo | COGOP","robots":{"index":"index","follow":"follow","max-snippet":"max-snippet:-1","max-image-preview":"max-image-preview:large","max-video-preview":"max-video-preview:-1"},"canonical":"https:\/\/cogop.org\/employment\/","og_locale":"es_ES","og_type":"article","og_title":"Empleo | COGOP","og_description":"Oportunidades de empleo La Iglesia de Dios de la Profec\u00eda le invita a visitar regularmente esta p\u00e1gina para recibir noticias e informaci\u00f3n sobre nuestro personal. El Departamento de Servicios Administrativos de las oficinas internacionales de la Iglesia de Dios de la Profec\u00eda le invita a visitar esta p\u00e1gina regularmente para informarse sobre las oportunidades de [&hellip;]","og_url":"https:\/\/cogop.org\/employment\/","og_site_name":"COGOP","article_publisher":"https:\/\/www.facebook.com\/cogop","article_modified_time":"2025-05-14T13:10:20+00:00","og_image":[{"width":1200,"height":628,"url":"https:\/\/cogop.org\/wp-content\/uploads\/2025\/03\/Open-graph.jpeg","type":"image\/jpeg"}],"twitter_card":"summary_large_image","twitter_site":"@cogop","twitter_misc":{"Tiempo de lectura":"1 minuto"},"schema":{"@context":"https:\/\/schema.org","@graph":[{"@type":"WebPage","@id":"https:\/\/cogop.org\/employment\/","url":"https:\/\/cogop.org\/employment\/","name":"Empleo | COGOP","isPartOf":{"@id":"https:\/\/cogop.org\/#website"},"datePublished":"2025-02-17T19:40:16+00:00","dateModified":"2025-05-14T13:10:20+00:00","inLanguage":"es","potentialAction":[{"@type":"ReadAction","target":["https:\/\/cogop.org\/employment\/"]}]},{"@type":"BreadcrumbList","@id":"https:\/\/cogop.org\/employment\/#breadcrumb","itemListElement":[{"@type":"ListItem","position":1,"name":"Home","item":"https:\/\/cogop.org\/"},{"@type":"ListItem","position":2,"name":"Empleo"}]},{"@type":"WebSite","@id":"https:\/\/cogop.org\/#website","url":"https:\/\/cogop.org\/","name":"Church of God of Prophecy","description":"Reconciling the World to Christ","publisher":{"@id":"https:\/\/cogop.org\/#organization"},"alternateName":"COGOP","potentialAction":[{"@type":"SearchAction","target":{"@type":"EntryPoint","urlTemplate":"https:\/\/cogop.org\/?s={search_term_string}"},"query-input":{"@type":"PropertyValueSpecification","valueRequired":true,"valueName":"search_term_string"}}],"inLanguage":"es"},{"@type":"Organization","@id":"https:\/\/cogop.org\/#organization","name":"Church of God of Prophecy","alternateName":"COGOP","url":"https:\/\/cogop.org\/","logo":{"@type":"ImageObject","inLanguage":"es","@id":"https:\/\/cogop.org\/#\/schema\/logo\/image\/","url":"https:\/\/cogop.org\/wp-content\/uploads\/2025\/01\/logo-cogop.webp","contentUrl":"https:\/\/cogop.org\/wp-content\/uploads\/2025\/01\/logo-cogop.webp","width":500,"height":118,"caption":"Church of God of Prophecy"},"image":{"@id":"https:\/\/cogop.org\/#\/schema\/logo\/image\/"},"sameAs":["https:\/\/www.facebook.com\/cogop","https:\/\/x.com\/cogop","https:\/\/www.instagram.com\/cogoppics\/","https:\/\/www.youtube.com\/@COGOPMedia","https:\/\/open.spotify.com\/user\/g1d13yyaprw0wrr2woer8edyp?si=a32b364b555f4d4d"]}]}},"_links":{"self":[{"href":"https:\/\/cogop.org\/es\/wp-json\/wp\/v2\/pages\/18718","targetHints":{"allow":["GET"]}}],"collection":[{"href":"https:\/\/cogop.org\/es\/wp-json\/wp\/v2\/pages"}],"about":[{"href":"https:\/\/cogop.org\/es\/wp-json\/wp\/v2\/types\/page"}],"author":[{"embeddable":true,"href":"https:\/\/cogop.org\/es\/wp-json\/wp\/v2\/users\/1"}],"replies":[{"embeddable":true,"href":"https:\/\/cogop.org\/es\/wp-json\/wp\/v2\/comments?post=18718"}],"version-history":[{"count":27,"href":"https:\/\/cogop.org\/es\/wp-json\/wp\/v2\/pages\/18718\/revisions"}],"predecessor-version":[{"id":22473,"href":"https:\/\/cogop.org\/es\/wp-json\/wp\/v2\/pages\/18718\/revisions\/22473"}],"wp:attachment":[{"href":"https:\/\/cogop.org\/es\/wp-json\/wp\/v2\/media?parent=18718"}],"curies":[{"name":"wp","href":"https:\/\/api.w.org\/{rel}","templated":true}]}}