{"id":17524,"date":"2025-03-10T14:42:36","date_gmt":"2025-03-10T14:42:36","guid":{"rendered":"https:\/\/cogop.org\/nuestras-iglesias\/"},"modified":"2025-07-01T16:58:44","modified_gmt":"2025-07-01T16:58:44","slug":"nuestras-iglesias","status":"publish","type":"page","link":"https:\/\/cogop.org\/es\/nuestras-iglesias\/","title":{"rendered":"Nuestras Iglesias"},"content":{"rendered":"\t\t<div data-elementor-type=\"wp-page\" data-elementor-id=\"17524\" class=\"elementor elementor-17524 elementor-11083\" data-elementor-post-type=\"page\">\n\t\t\t\t<div class=\"elementor-element elementor-element-5bd46fa panel e-flex e-con-boxed e-con e-parent\" data-id=\"5bd46fa\" data-element_type=\"container\" data-e-type=\"container\" data-settings=\"{&quot;background_background&quot;:&quot;classic&quot;}\">\n\t\t\t\t\t<div class=\"e-con-inner\">\n\t\t<div class=\"elementor-element elementor-element-b1360c0 e-flex e-con-boxed e-con e-child\" data-id=\"b1360c0\" data-element_type=\"container\" data-e-type=\"container\">\n\t\t\t\t\t<div class=\"e-con-inner\">\n\t\t\t\t<div class=\"elementor-element elementor-element-d2d7fc7 elementor-widget elementor-widget-heading\" data-id=\"d2d7fc7\" data-element_type=\"widget\" data-e-type=\"widget\" data-widget_type=\"heading.default\">\n\t\t\t\t<div class=\"elementor-widget-container\">\n\t\t\t\t\t<h1 class=\"elementor-heading-title elementor-size-default\">Localizador de iglesias<\/h1>\t\t\t\t<\/div>\n\t\t\t\t<\/div>\n\t\t\t\t<div class=\"elementor-element elementor-element-dc13fb7 elementor-widget-mobile__width-initial elementor-widget elementor-widget-text-editor\" data-id=\"dc13fb7\" data-element_type=\"widget\" data-e-type=\"widget\" data-widget_type=\"text-editor.default\">\n\t\t\t\t<div class=\"elementor-widget-container\">\n\t\t\t\t\t\t\t\t\t<p>Encuentre su iglesia m\u00e1s cercana con nuestra sencilla herramienta de localizaci\u00f3n de iglesias<\/p>\t\t\t\t\t\t\t\t<\/div>\n\t\t\t\t<\/div>\n\t\t\t\t\t<\/div>\n\t\t\t\t<\/div>\n\t\t\t\t\t<\/div>\n\t\t\t\t<\/div>\n\t\t<div class=\"elementor-element elementor-element-dd1ba87 panel e-flex e-con-boxed e-con e-parent\" data-id=\"dd1ba87\" data-element_type=\"container\" data-e-type=\"container\" data-settings=\"{&quot;background_background&quot;:&quot;classic&quot;}\">\n\t\t\t\t\t<div class=\"e-con-inner\">\n\t\t\t\t<div class=\"elementor-element elementor-element-e69f143 elementor-widget__width-inherit elementor-widget elementor-widget-shortcode\" data-id=\"e69f143\" data-element_type=\"widget\" data-e-type=\"widget\" data-widget_type=\"shortcode.default\">\n\t\t\t\t<div class=\"elementor-widget-container\">\n\t\t\t\t\t\t\t<div class=\"elementor-shortcode\"><style>\r\n\t#wpsl-stores .wpsl-store-thumb {height:45px !important; width:45px !important;}\r\n\t#wpsl-stores, #wpsl-direction-details, #wpsl-gmap {height:500px !important;}\r\n\t#wpsl-gmap .wpsl-info-window {max-width:350px !important;}\r\n\t.wpsl-input label, #wpsl-radius label, #wpsl-category label {width:95px;}\r\n\t#wpsl-search-input ,#wpsl-category .wpsl-dropdown {width:179px;}\r\n<\/style>\r\n<div id=\"wpsl-wrap\">\r\n\t<div class=\"wpsl-search wpsl-clearfix wpsl-filter\">\r\n\t\t<div id=\"wpsl-search-wrap\">\r\n\t\t\t<form autocomplete=\"off\">\r\n\t\t\t<div class=\"wpsl-input\">\r\n\t\t\t\t<div><label for=\"wpsl-search-input\">Tu ubicaci\u00f3n<\/label><\/div>\r\n\t\t\t\t<input id=\"wpsl-search-input\" type=\"text\" value=\"\" name=\"wpsl-search-input\" placeholder=\"\" aria-required=\"true\" \/>\r\n\t\t\t<\/div>\r\n\t\t\t<div class=\"wpsl-select-wrap\">\r\n\t\t\t\t<div id=\"wpsl-radius\">\r\n\t\t\t\t\t<label for=\"wpsl-radius-dropdown\">Radio de b\u00fasqueda<\/label>\r\n\t\t\t\t\t<select id=\"wpsl-radius-dropdown\" class=\"wpsl-dropdown\" name=\"wpsl-radius\">\r\n\t\t\t\t\t\t<option value=\"10\">10 mi<\/option><option value=\"25\">25 mi<\/option><option selected=\"selected\" value=\"50\">50 mi<\/option><option value=\"100\">100 mi<\/option><option value=\"200\">200 mi<\/option><option value=\"500\">500 mi<\/option>\r\n\t\t\t\t\t<\/select>\r\n\t\t\t\t<\/div>\r\n\t\t\t\t<div id=\"wpsl-results\">\r\n\t\t\t\t\t<label for=\"wpsl-results-dropdown\">Resultados<\/label>\r\n\t\t\t\t\t<select id=\"wpsl-results-dropdown\" class=\"wpsl-dropdown\" name=\"wpsl-results\">\r\n\t\t\t\t\t\t<option value=\"25\">25<\/option><option selected=\"selected\" value=\"50\">50<\/option><option value=\"75\">75<\/option><option value=\"100\">100<\/option>\r\n\t\t\t\t\t<\/select>\r\n\t\t\t\t<\/div>\r\n\t\t\t<\/div>\r\n<div id=\"wpsl-category\">\r\n<label for=\"wpsl-category-list\">Categor\u00eda<\/label>\r\n<select  name='wpsl-category' id='wpsl-category-list' class='wpsl-dropdown'>\n\t<option value='0'>Cualquiera<\/option>\n\t<option class=\"level-0\" value=\"83\">English<\/option>\n\t<option class=\"level-0\" value=\"178\">Portuguese<\/option>\n\t<option class=\"level-0\" value=\"177\">German<\/option>\n\t<option class=\"level-0\" value=\"176\">Slovak<\/option>\n\t<option class=\"level-0\" value=\"88\">Russian<\/option>\n\t<option class=\"level-0\" value=\"87\">Swahili<\/option>\n\t<option class=\"level-0\" value=\"86\">French<\/option>\n\t<option class=\"level-0\" value=\"85\">Haitian<\/option>\n\t<option class=\"level-0\" value=\"84\">Spanish<\/option>\n\t<option class=\"level-0\" value=\"179\">Creole<\/option>\n<\/select>\n<\/div>\r\n\t\t\t\t<div class=\"wpsl-search-btn-wrap\"><input id=\"wpsl-search-btn\" type=\"submit\" value=\"Buscar\"><\/div>\r\n\t\t<\/form>\r\n\t\t<\/div>\r\n\t<\/div>\r\n\t<div id=\"wpsl-gmap\" class=\"wpsl-gmap-canvas\"><\/div>\r\n\t<div id=\"wpsl-result-list\">\r\n\t\t<div id=\"wpsl-stores\" >\r\n\t\t\t<ul><\/ul>\r\n\t\t<\/div>\r\n\t\t<div id=\"wpsl-direction-details\">\r\n\t\t\t<ul><\/ul>\r\n\t\t<\/div>\r\n\t<\/div>\r\n<\/div>\r\n<\/div>\n\t\t\t\t\t\t<\/div>\n\t\t\t\t<\/div>\n\t\t\t\t\t<\/div>\n\t\t\t\t<\/div>\n\t\t<div class=\"elementor-element elementor-element-d0f905e e-flex e-con-boxed e-con e-parent\" data-id=\"d0f905e\" data-element_type=\"container\" data-e-type=\"container\" id=\"EditForm\">\n\t\t\t\t\t<div class=\"e-con-inner\">\n\t\t<div class=\"elementor-element elementor-element-bf7071c e-con-full e-flex e-con e-child\" data-id=\"bf7071c\" data-element_type=\"container\" data-e-type=\"container\" data-settings=\"{&quot;background_background&quot;:&quot;classic&quot;}\">\n\t\t\t\t<div class=\"elementor-element elementor-element-d489b62 elementor-widget elementor-widget-heading\" data-id=\"d489b62\" data-element_type=\"widget\" data-e-type=\"widget\" data-widget_type=\"heading.default\">\n\t\t\t\t<div class=\"elementor-widget-container\">\n\t\t\t\t\t<h2 class=\"elementor-heading-title elementor-size-default\">Editar su anuncio<\/h2>\t\t\t\t<\/div>\n\t\t\t\t<\/div>\n\t\t\t\t<div class=\"elementor-element elementor-element-8c30a95 elementor-widget elementor-widget-spacer\" data-id=\"8c30a95\" data-element_type=\"widget\" data-e-type=\"widget\" data-widget_type=\"spacer.default\">\n\t\t\t\t<div class=\"elementor-widget-container\">\n\t\t\t\t\t\t\t<div class=\"elementor-spacer\">\n\t\t\t<div class=\"elementor-spacer-inner\"><\/div>\n\t\t<\/div>\n\t\t\t\t\t\t<\/div>\n\t\t\t\t<\/div>\n\t\t\t\t<div class=\"elementor-element elementor-element-a885e39 elementor-widget elementor-widget-text-editor\" data-id=\"a885e39\" data-element_type=\"widget\" data-e-type=\"widget\" data-widget_type=\"text-editor.default\">\n\t\t\t\t<div class=\"elementor-widget-container\">\n\t\t\t\t\t\t\t\t\tSi ha encontrado un error o desea enviar un cambio, rellene el formulario de la derecha con toda la informaci\u00f3n pertinente. Una vez confirmada y verificada la informaci\u00f3n, se realizar\u00e1n los cambios oportunos. \t\t\t\t\t\t\t\t<\/div>\n\t\t\t\t<\/div>\n\t\t\t\t<\/div>\n\t\t<div class=\"elementor-element elementor-element-2465b89 e-con-full e-flex e-con e-child\" data-id=\"2465b89\" data-element_type=\"container\" data-e-type=\"container\" data-settings=\"{&quot;background_background&quot;:&quot;classic&quot;}\">\n\t\t\t\t<div class=\"elementor-element elementor-element-542426c elementor-button-align-stretch elementor-widget elementor-widget-form\" data-id=\"542426c\" data-element_type=\"widget\" data-e-type=\"widget\" data-settings=\"{&quot;button_width&quot;:&quot;50&quot;,&quot;step_next_label&quot;:&quot;Siguiente&quot;,&quot;step_previous_label&quot;:&quot;Anterior&quot;,&quot;step_type&quot;:&quot;number_text&quot;,&quot;step_icon_shape&quot;:&quot;circle&quot;}\" data-widget_type=\"form.default\">\n\t\t\t\t<div class=\"elementor-widget-container\">\n\t\t\t\t\t\t\t<form class=\"elementor-form\" method=\"post\" name=\"Correcciones en la lista de iglesias\" aria-label=\"Correcciones en la lista de iglesias\">\n\t\t\t<input type=\"hidden\" name=\"post_id\" value=\"17524\"\/>\n\t\t\t<input type=\"hidden\" name=\"form_id\" value=\"542426c\"\/>\n\t\t\t<input type=\"hidden\" name=\"referer_title\" value=\"Nuestras Iglesias | COGOP\" \/>\n\n\t\t\t\t\t\t\t<input type=\"hidden\" name=\"queried_id\" value=\"17524\"\/>\n\t\t\t\n\t\t\t<div class=\"elementor-form-fields-wrapper elementor-labels-\">\n\t\t\t\t\t\t\t\t<div class=\"elementor-field-type-text elementor-field-group elementor-column elementor-field-group-name elementor-col-100 elementor-field-required\">\n\t\t\t\t\t\t\t\t\t\t\t\t<label for=\"form-field-name\" class=\"elementor-field-label elementor-screen-only\">\n\t\t\t\t\t\t\t\tNombre\t\t\t\t\t\t\t<\/label>\n\t\t\t\t\t\t\t\t\t\t\t\t\t\t<input size=\"1\" type=\"text\" name=\"form_fields[name]\" id=\"form-field-name\" class=\"elementor-field elementor-size-sm  elementor-field-textual\" placeholder=\"Nombre\" required=\"required\">\n\t\t\t\t\t\t\t\t\t\t\t<\/div>\n\t\t\t\t\t\t\t\t<div class=\"elementor-field-type-email elementor-field-group elementor-column elementor-field-group-email elementor-col-100 elementor-field-required\">\n\t\t\t\t\t\t\t\t\t\t\t\t<label for=\"form-field-email\" class=\"elementor-field-label elementor-screen-only\">\n\t\t\t\t\t\t\t\tCorreo electr\u00f3nico\t\t\t\t\t\t\t<\/label>\n\t\t\t\t\t\t\t\t\t\t\t\t\t\t<input size=\"1\" type=\"email\" name=\"form_fields[email]\" id=\"form-field-email\" class=\"elementor-field elementor-size-sm  elementor-field-textual\" placeholder=\"Correo electr\u00f3nico\" required=\"required\">\n\t\t\t\t\t\t\t\t\t\t\t<\/div>\n\t\t\t\t\t\t\t\t<div class=\"elementor-field-type-tel elementor-field-group elementor-column elementor-field-group-field_f3115fb elementor-col-100 elementor-field-required\">\n\t\t\t\t\t\t\t\t\t\t\t\t<label for=\"form-field-field_f3115fb\" class=\"elementor-field-label elementor-screen-only\">\n\t\t\t\t\t\t\t\tTel\u00e9fono\t\t\t\t\t\t\t<\/label>\n\t\t\t\t\t\t\t\t<input size=\"1\" type=\"tel\" name=\"form_fields[field_f3115fb]\" id=\"form-field-field_f3115fb\" class=\"elementor-field elementor-size-sm  elementor-field-textual\" placeholder=\"Tel\u00e9fono\" required=\"required\" pattern=\"[0-9()#&amp;+*-=.]+\" title=\"Solo se aceptan n\u00fameros y caracteres de tel\u00e9fono (#,-,*,etc).\">\n\n\t\t\t\t\t\t<\/div>\n\t\t\t\t\t\t\t\t<div class=\"elementor-field-type-text elementor-field-group elementor-column elementor-field-group-field_521407f elementor-col-100 elementor-field-required\">\n\t\t\t\t\t\t\t\t\t\t\t\t<label for=\"form-field-field_521407f\" class=\"elementor-field-label elementor-screen-only\">\n\t\t\t\t\t\t\t\tSu posici\u00f3n\t\t\t\t\t\t\t<\/label>\n\t\t\t\t\t\t\t\t\t\t\t\t\t\t<input size=\"1\" type=\"text\" name=\"form_fields[field_521407f]\" id=\"form-field-field_521407f\" class=\"elementor-field elementor-size-sm  elementor-field-textual\" placeholder=\"Pastor, obispo estatal, obispo nacional, etc.\" required=\"required\">\n\t\t\t\t\t\t\t\t\t\t\t<\/div>\n\t\t\t\t\t\t\t\t<div class=\"elementor-field-type-textarea elementor-field-group elementor-column elementor-field-group-field_d0c0a88 elementor-col-100 elementor-field-required\">\n\t\t\t\t\t\t\t\t\t\t\t\t<label for=\"form-field-field_d0c0a88\" class=\"elementor-field-label elementor-screen-only\">\n\t\t\t\t\t\t\t\tCorrecci\u00f3n necesaria\t\t\t\t\t\t\t<\/label>\n\t\t\t\t\t\t<textarea class=\"elementor-field-textual elementor-field  elementor-size-sm\" name=\"form_fields[field_d0c0a88]\" id=\"form-field-field_d0c0a88\" rows=\"4\" placeholder=\"Por favor, incluya el nombre y la direcci\u00f3n actuales, as\u00ed como el nombre y la direcci\u00f3n nuevos.\" required=\"required\"><\/textarea>\t\t\t\t<\/div>\n\t\t\t\t\t\t\t\t<div class=\"elementor-field-group elementor-column elementor-field-type-submit elementor-col-50 e-form__buttons\">\n\t\t\t\t\t<button class=\"elementor-button elementor-size-sm\" type=\"submit\">\n\t\t\t\t\t\t<span class=\"elementor-button-content-wrapper\">\n\t\t\t\t\t\t\t\t\t\t\t\t\t\t\t\t\t\t\t\t\t\t<span class=\"elementor-button-text\">Enviar<\/span>\n\t\t\t\t\t\t\t\t\t\t\t\t\t<\/span>\n\t\t\t\t\t<\/button>\n\t\t\t\t<\/div>\n\t\t\t<\/div>\n\t\t<\/form>\n\t\t\t\t\t\t<\/div>\n\t\t\t\t<\/div>\n\t\t\t\t<\/div>\n\t\t\t\t\t<\/div>\n\t\t\t\t<\/div>\n\t\t\t\t<\/div>\n\t\t","protected":false},"excerpt":{"rendered":"<p>Localizador de iglesias Encuentre su iglesia m\u00e1s cercana con nuestra sencilla herramienta de localizaci\u00f3n de iglesias Editar su anuncio Si ha encontrado un error o desea enviar un cambio, rellene el formulario de la derecha con toda la informaci\u00f3n pertinente. Una vez confirmada y verificada la informaci\u00f3n, se realizar\u00e1n los cambios oportunos.<\/p>\n","protected":false},"author":2,"featured_media":0,"parent":0,"menu_order":0,"comment_status":"closed","ping_status":"closed","template":"","meta":{"_acf_changed":false,"_monsterinsights_skip_tracking":false,"_monsterinsights_sitenote_active":false,"_monsterinsights_sitenote_note":"","_monsterinsights_sitenote_category":0,"_uf_show_specific_survey":0,"_uf_disable_surveys":false,"footnotes":""},"class_list":["post-17524","page","type-page","status-publish","hentry"],"acf":[],"yoast_head":"<!-- This site is optimized with the Yoast SEO plugin v27.4 - https:\/\/yoast.com\/product\/yoast-seo-wordpress\/ -->\n<title>Nuestras Iglesias | COGOP<\/title>\n<meta name=\"robots\" content=\"index, follow, max-snippet:-1, max-image-preview:large, max-video-preview:-1\" \/>\n<link rel=\"canonical\" href=\"https:\/\/cogop.org\/churchlocator\/\" \/>\n<meta property=\"og:locale\" content=\"es_ES\" \/>\n<meta property=\"og:type\" content=\"article\" \/>\n<meta property=\"og:title\" content=\"Nuestras Iglesias | COGOP\" \/>\n<meta property=\"og:description\" content=\"Localizador de iglesias Encuentre su iglesia m\u00e1s cercana con nuestra sencilla herramienta de localizaci\u00f3n de iglesias Editar su anuncio Si ha encontrado un error o desea enviar un cambio, rellene el formulario de la derecha con toda la informaci\u00f3n pertinente. Una vez confirmada y verificada la informaci\u00f3n, se realizar\u00e1n los cambios oportunos.\" \/>\n<meta property=\"og:url\" content=\"https:\/\/cogop.org\/churchlocator\/\" \/>\n<meta property=\"og:site_name\" content=\"COGOP\" \/>\n<meta property=\"article:publisher\" content=\"https:\/\/www.facebook.com\/cogop\" \/>\n<meta property=\"article:modified_time\" content=\"2025-07-01T16:58:44+00:00\" \/>\n<meta property=\"og:image\" content=\"https:\/\/cogop.org\/wp-content\/uploads\/2025\/03\/Open-graph.jpeg\" \/>\n\t<meta property=\"og:image:width\" content=\"1200\" \/>\n\t<meta property=\"og:image:height\" content=\"628\" \/>\n\t<meta property=\"og:image:type\" content=\"image\/jpeg\" \/>\n<meta name=\"twitter:card\" content=\"summary_large_image\" \/>\n<meta name=\"twitter:site\" content=\"@cogop\" \/>\n<script type=\"application\/ld+json\" class=\"yoast-schema-graph\">{\"@context\":\"https:\\\/\\\/schema.org\",\"@graph\":[{\"@type\":\"WebPage\",\"@id\":\"https:\\\/\\\/cogop.org\\\/churchlocator\\\/\",\"url\":\"https:\\\/\\\/cogop.org\\\/churchlocator\\\/\",\"name\":\"Nuestras Iglesias | COGOP\",\"isPartOf\":{\"@id\":\"https:\\\/\\\/cogop.org\\\/#website\"},\"datePublished\":\"2025-03-10T14:42:36+00:00\",\"dateModified\":\"2025-07-01T16:58:44+00:00\",\"inLanguage\":\"es\",\"potentialAction\":[{\"@type\":\"ReadAction\",\"target\":[\"https:\\\/\\\/cogop.org\\\/churchlocator\\\/\"]}]},{\"@type\":\"BreadcrumbList\",\"@id\":\"https:\\\/\\\/cogop.org\\\/churchlocator\\\/#breadcrumb\",\"itemListElement\":[{\"@type\":\"ListItem\",\"position\":1,\"name\":\"Home\",\"item\":\"https:\\\/\\\/cogop.org\\\/\"},{\"@type\":\"ListItem\",\"position\":2,\"name\":\"Nuestras Iglesias\"}]},{\"@type\":\"WebSite\",\"@id\":\"https:\\\/\\\/cogop.org\\\/#website\",\"url\":\"https:\\\/\\\/cogop.org\\\/\",\"name\":\"Church of God of Prophecy\",\"description\":\"Reconciling the World to Christ\",\"publisher\":{\"@id\":\"https:\\\/\\\/cogop.org\\\/#organization\"},\"alternateName\":\"COGOP\",\"potentialAction\":[{\"@type\":\"SearchAction\",\"target\":{\"@type\":\"EntryPoint\",\"urlTemplate\":\"https:\\\/\\\/cogop.org\\\/?s={search_term_string}\"},\"query-input\":{\"@type\":\"PropertyValueSpecification\",\"valueRequired\":true,\"valueName\":\"search_term_string\"}}],\"inLanguage\":\"es\"},{\"@type\":\"Organization\",\"@id\":\"https:\\\/\\\/cogop.org\\\/#organization\",\"name\":\"Church of God of Prophecy\",\"alternateName\":\"COGOP\",\"url\":\"https:\\\/\\\/cogop.org\\\/\",\"logo\":{\"@type\":\"ImageObject\",\"inLanguage\":\"es\",\"@id\":\"https:\\\/\\\/cogop.org\\\/#\\\/schema\\\/logo\\\/image\\\/\",\"url\":\"https:\\\/\\\/cogop.org\\\/wp-content\\\/uploads\\\/2025\\\/01\\\/logo-cogop.webp\",\"contentUrl\":\"https:\\\/\\\/cogop.org\\\/wp-content\\\/uploads\\\/2025\\\/01\\\/logo-cogop.webp\",\"width\":500,\"height\":118,\"caption\":\"Church of God of Prophecy\"},\"image\":{\"@id\":\"https:\\\/\\\/cogop.org\\\/#\\\/schema\\\/logo\\\/image\\\/\"},\"sameAs\":[\"https:\\\/\\\/www.facebook.com\\\/cogop\",\"https:\\\/\\\/x.com\\\/cogop\",\"https:\\\/\\\/www.instagram.com\\\/cogoppics\\\/\",\"https:\\\/\\\/www.youtube.com\\\/@COGOPMedia\",\"https:\\\/\\\/open.spotify.com\\\/user\\\/g1d13yyaprw0wrr2woer8edyp?si=a32b364b555f4d4d\"]}]}<\/script>\n<!-- \/ Yoast SEO plugin. -->","yoast_head_json":{"title":"Nuestras Iglesias | COGOP","robots":{"index":"index","follow":"follow","max-snippet":"max-snippet:-1","max-image-preview":"max-image-preview:large","max-video-preview":"max-video-preview:-1"},"canonical":"https:\/\/cogop.org\/churchlocator\/","og_locale":"es_ES","og_type":"article","og_title":"Nuestras Iglesias | COGOP","og_description":"Localizador de iglesias Encuentre su iglesia m\u00e1s cercana con nuestra sencilla herramienta de localizaci\u00f3n de iglesias Editar su anuncio Si ha encontrado un error o desea enviar un cambio, rellene el formulario de la derecha con toda la informaci\u00f3n pertinente. Una vez confirmada y verificada la informaci\u00f3n, se realizar\u00e1n los cambios oportunos.","og_url":"https:\/\/cogop.org\/churchlocator\/","og_site_name":"COGOP","article_publisher":"https:\/\/www.facebook.com\/cogop","article_modified_time":"2025-07-01T16:58:44+00:00","og_image":[{"width":1200,"height":628,"url":"https:\/\/cogop.org\/wp-content\/uploads\/2025\/03\/Open-graph.jpeg","type":"image\/jpeg"}],"twitter_card":"summary_large_image","twitter_site":"@cogop","schema":{"@context":"https:\/\/schema.org","@graph":[{"@type":"WebPage","@id":"https:\/\/cogop.org\/churchlocator\/","url":"https:\/\/cogop.org\/churchlocator\/","name":"Nuestras Iglesias | COGOP","isPartOf":{"@id":"https:\/\/cogop.org\/#website"},"datePublished":"2025-03-10T14:42:36+00:00","dateModified":"2025-07-01T16:58:44+00:00","inLanguage":"es","potentialAction":[{"@type":"ReadAction","target":["https:\/\/cogop.org\/churchlocator\/"]}]},{"@type":"BreadcrumbList","@id":"https:\/\/cogop.org\/churchlocator\/#breadcrumb","itemListElement":[{"@type":"ListItem","position":1,"name":"Home","item":"https:\/\/cogop.org\/"},{"@type":"ListItem","position":2,"name":"Nuestras Iglesias"}]},{"@type":"WebSite","@id":"https:\/\/cogop.org\/#website","url":"https:\/\/cogop.org\/","name":"Church of God of Prophecy","description":"Reconciling the World to Christ","publisher":{"@id":"https:\/\/cogop.org\/#organization"},"alternateName":"COGOP","potentialAction":[{"@type":"SearchAction","target":{"@type":"EntryPoint","urlTemplate":"https:\/\/cogop.org\/?s={search_term_string}"},"query-input":{"@type":"PropertyValueSpecification","valueRequired":true,"valueName":"search_term_string"}}],"inLanguage":"es"},{"@type":"Organization","@id":"https:\/\/cogop.org\/#organization","name":"Church of God of Prophecy","alternateName":"COGOP","url":"https:\/\/cogop.org\/","logo":{"@type":"ImageObject","inLanguage":"es","@id":"https:\/\/cogop.org\/#\/schema\/logo\/image\/","url":"https:\/\/cogop.org\/wp-content\/uploads\/2025\/01\/logo-cogop.webp","contentUrl":"https:\/\/cogop.org\/wp-content\/uploads\/2025\/01\/logo-cogop.webp","width":500,"height":118,"caption":"Church of God of Prophecy"},"image":{"@id":"https:\/\/cogop.org\/#\/schema\/logo\/image\/"},"sameAs":["https:\/\/www.facebook.com\/cogop","https:\/\/x.com\/cogop","https:\/\/www.instagram.com\/cogoppics\/","https:\/\/www.youtube.com\/@COGOPMedia","https:\/\/open.spotify.com\/user\/g1d13yyaprw0wrr2woer8edyp?si=a32b364b555f4d4d"]}]}},"_links":{"self":[{"href":"https:\/\/cogop.org\/es\/wp-json\/wp\/v2\/pages\/17524","targetHints":{"allow":["GET"]}}],"collection":[{"href":"https:\/\/cogop.org\/es\/wp-json\/wp\/v2\/pages"}],"about":[{"href":"https:\/\/cogop.org\/es\/wp-json\/wp\/v2\/types\/page"}],"author":[{"embeddable":true,"href":"https:\/\/cogop.org\/es\/wp-json\/wp\/v2\/users\/2"}],"replies":[{"embeddable":true,"href":"https:\/\/cogop.org\/es\/wp-json\/wp\/v2\/comments?post=17524"}],"version-history":[{"count":1,"href":"https:\/\/cogop.org\/es\/wp-json\/wp\/v2\/pages\/17524\/revisions"}],"predecessor-version":[{"id":17525,"href":"https:\/\/cogop.org\/es\/wp-json\/wp\/v2\/pages\/17524\/revisions\/17525"}],"wp:attachment":[{"href":"https:\/\/cogop.org\/es\/wp-json\/wp\/v2\/media?parent=17524"}],"curies":[{"name":"wp","href":"https:\/\/api.w.org\/{rel}","templated":true}]}}